{"id":871,"date":"2026-03-03T08:51:53","date_gmt":"2026-03-03T08:51:53","guid":{"rendered":"https:\/\/www.chicasafurniture.com\/?post_type=product&#038;p=871"},"modified":"2026-03-10T03:20:12","modified_gmt":"2026-03-10T03:20:12","slug":"custom-accent-chair","status":"publish","type":"product","link":"https:\/\/www.chicasafurniture.com\/es\/product\/custom-accent-chair\/","title":{"rendered":"Refinada silla acentuada a medida con moderno dise\u00f1o de listones de madera"},"content":{"rendered":"<h2 class=\"wp-block-heading\">Especificaciones de producto de la silla Custom Accent<\/h2>\n\n\n\n<figure class=\"wp-block-table\"><table class=\"has-fixed-layout\"><tbody><tr><td>Marco<\/td><td>Material de cubierta<\/td><td>Material de relleno<\/td><td>Piernas<\/td><td>Color<\/td><td>Talla<\/td><td>Peso<\/td><\/tr><tr><td>Madera maciza<\/td><td>Tejido<\/td><td>Esponja de alta densidad<\/td><td>Madera maciza<\/td><td>Personalizado<\/td><td>Talla normal<\/td><td>35-50kg<\/td><\/tr><\/tbody><\/table><\/figure>\n\n\n\n<div class=\"wp-block-columns is-layout-flex wp-container-core-columns-is-layout-9d6595d7 wp-block-columns-is-layout-flex\">\n<div class=\"wp-block-column is-layout-flow wp-block-column-is-layout-flow\">\n<h2 class=\"wp-block-heading\">Premium Custom Accent Chair Caracter\u00edsticas:<\/h2>\n\n\n\n<ul class=\"wp-block-list\">\n<li><strong>Rejilla Art\u00edstica Respaldo:<\/strong> Esta silla de acento personalizada presenta un exclusivo dise\u00f1o de rejilla de madera cerrada que crea una rica sensaci\u00f3n de estratificaci\u00f3n espacial a trav\u00e9s del juego de luces y sombras.<\/li>\n\n\n\n<li><strong>Base redondeada cerrada: <\/strong>La elegante base de madera maciza en forma de herradura de este sill\u00f3n hecho a medida rompe con la monoton\u00eda del mobiliario tradicional, aportando al espacio una est\u00e9tica m\u00e1s din\u00e1mica y bella.<\/li>\n\n\n\n<li><strong>Cojines de confort multicapa:<\/strong> Esta silla de acento personalizada viene con varios tama\u00f1os de respaldos de alta elasticidad que pueden ajustarse libremente a diferentes posturas de asiento, proporcionando un apoyo integral desde la cintura hasta el cuello.<\/li>\n\n\n\n<li><strong>Madera maciza natural seleccionada: <\/strong>Nuestro sill\u00f3n a medida est\u00e1 fabricado con maderas nobles de alta calidad cuidadosamente seleccionadas, estriadas con precisi\u00f3n y pulidas a mano, lo que preserva el veteado natural al tiempo que garantiza una resistencia estructural extremadamente alta.<\/li>\n\n\n\n<li><strong>Tejido personalizado de alta gama: <\/strong>Nuestra silla acentuada a medida utiliza un tejido de mezcla de primera calidad, duradero y resistente a las arrugas, de color c\u00e1lido y tacto delicado, que combina durabilidad y comodidad agradable a la piel.<\/li>\n<\/ul>\n<\/div>\n\n\n\n<div class=\"wp-block-column is-layout-flow wp-block-column-is-layout-flow\">\n<figure class=\"wp-block-image size-full\"><img decoding=\"async\" width=\"1210\" height=\"1440\" src=\"https:\/\/www.chicasafurniture.com\/wp-content\/uploads\/2026\/03\/Refined-Custom-Accent-Chair-with-Modern-Slatted-Wood-Design-1.webp\" alt=\"Refinada silla acentuada a medida con moderno dise\u00f1o de listones de madera-1\" class=\"wp-image-872\" srcset=\"https:\/\/www.chicasafurniture.com\/wp-content\/uploads\/2026\/03\/Refined-Custom-Accent-Chair-with-Modern-Slatted-Wood-Design-1.webp 1210w, https:\/\/www.chicasafurniture.com\/wp-content\/uploads\/2026\/03\/Refined-Custom-Accent-Chair-with-Modern-Slatted-Wood-Design-1-252x300.webp 252w, https:\/\/www.chicasafurniture.com\/wp-content\/uploads\/2026\/03\/Refined-Custom-Accent-Chair-with-Modern-Slatted-Wood-Design-1-768x914.webp 768w, https:\/\/www.chicasafurniture.com\/wp-content\/uploads\/2026\/03\/Refined-Custom-Accent-Chair-with-Modern-Slatted-Wood-Design-1-1200x1428.webp 1200w, https:\/\/www.chicasafurniture.com\/wp-content\/uploads\/2026\/03\/Refined-Custom-Accent-Chair-with-Modern-Slatted-Wood-Design-1-600x714.webp 600w\" sizes=\"(max-width: 1210px) 100vw, 1210px\" \/><\/figure>\n<\/div>\n<\/div>\n\n\n\n<div class=\"wp-block-columns is-layout-flex wp-container-core-columns-is-layout-9d6595d7 wp-block-columns-is-layout-flex\">\n<div class=\"wp-block-column is-layout-flow wp-block-column-is-layout-flow\">\n<figure class=\"wp-block-image size-full\"><img decoding=\"async\" width=\"1500\" height=\"1063\" src=\"https:\/\/www.chicasafurniture.com\/wp-content\/uploads\/2026\/03\/Refined-Custom-Accent-Chair-with-Modern-Slatted-Wood-Design-3.webp\" alt=\"Refinada silla acentuada a medida con moderno dise\u00f1o de listones de madera-3\" class=\"wp-image-874\" srcset=\"https:\/\/www.chicasafurniture.com\/wp-content\/uploads\/2026\/03\/Refined-Custom-Accent-Chair-with-Modern-Slatted-Wood-Design-3.webp 1500w, https:\/\/www.chicasafurniture.com\/wp-content\/uploads\/2026\/03\/Refined-Custom-Accent-Chair-with-Modern-Slatted-Wood-Design-3-300x213.webp 300w, https:\/\/www.chicasafurniture.com\/wp-content\/uploads\/2026\/03\/Refined-Custom-Accent-Chair-with-Modern-Slatted-Wood-Design-3-768x544.webp 768w, https:\/\/www.chicasafurniture.com\/wp-content\/uploads\/2026\/03\/Refined-Custom-Accent-Chair-with-Modern-Slatted-Wood-Design-3-1200x850.webp 1200w, https:\/\/www.chicasafurniture.com\/wp-content\/uploads\/2026\/03\/Refined-Custom-Accent-Chair-with-Modern-Slatted-Wood-Design-3-600x425.webp 600w\" sizes=\"(max-width: 1500px) 100vw, 1500px\" \/><\/figure>\n<\/div>\n\n\n\n<div class=\"wp-block-column is-layout-flow wp-block-column-is-layout-flow\">\n<figure class=\"wp-block-image size-full\"><img decoding=\"async\" width=\"1500\" height=\"1181\" src=\"https:\/\/www.chicasafurniture.com\/wp-content\/uploads\/2026\/03\/Refined-Custom-Accent-Chair-with-Modern-Slatted-Wood-Design-4.webp\" alt=\"Refinada silla acentuada a medida con moderno dise\u00f1o de listones de madera-4\" class=\"wp-image-875\" srcset=\"https:\/\/www.chicasafurniture.com\/wp-content\/uploads\/2026\/03\/Refined-Custom-Accent-Chair-with-Modern-Slatted-Wood-Design-4.webp 1500w, https:\/\/www.chicasafurniture.com\/wp-content\/uploads\/2026\/03\/Refined-Custom-Accent-Chair-with-Modern-Slatted-Wood-Design-4-300x236.webp 300w, https:\/\/www.chicasafurniture.com\/wp-content\/uploads\/2026\/03\/Refined-Custom-Accent-Chair-with-Modern-Slatted-Wood-Design-4-768x605.webp 768w, https:\/\/www.chicasafurniture.com\/wp-content\/uploads\/2026\/03\/Refined-Custom-Accent-Chair-with-Modern-Slatted-Wood-Design-4-1200x945.webp 1200w, https:\/\/www.chicasafurniture.com\/wp-content\/uploads\/2026\/03\/Refined-Custom-Accent-Chair-with-Modern-Slatted-Wood-Design-4-600x472.webp 600w\" sizes=\"(max-width: 1500px) 100vw, 1500px\" \/><\/figure>\n<\/div>\n<\/div>","protected":false},"excerpt":{"rendered":"<p>Descubra el lujo con nuestro sill\u00f3n personalizado. Este sill\u00f3n a medida cuenta con un exclusivo respaldo curvado de listones de madera, cojines de tela de primera calidad y una s\u00f3lida estructura en tono nogal. En cualquier espacio, su distintiva silueta art\u00edstica define la sofisticaci\u00f3n de la decoraci\u00f3n moderna del hogar.<\/p>\n<table style=\"border-collapse: collapse; width: 222.03pt;\" border=\"0\" width=\"222\" cellspacing=\"0\" cellpadding=\"0\">\n<tbody>\n<tr style=\"height: 15.20pt;\">\n<td class=\"et2\" style=\"height: 15.20pt; width: 81.65pt;\" width=\"81\" height=\"15\">Fabricante<\/td>\n<td class=\"et2\" style=\"width: 140.80pt;\" width=\"140\">ChiCasa<\/td>\n<\/tr>\n<tr style=\"height: 15.20pt;\">\n<td class=\"et2\" style=\"height: 15.20pt;\" height=\"15\">Categor\u00eda<\/td>\n<td class=\"et2\">Sill\u00f3n<\/td>\n<\/tr>\n<tr style=\"height: 15.20pt;\">\n<td class=\"et2\" style=\"height: 15.20pt;\" height=\"15\">Aplicaci\u00f3n<\/td>\n<td class=\"et2\">Sala de estar<\/td>\n<\/tr>\n<tr style=\"height: 15.20pt;\">\n<td class=\"et2\" style=\"height: 15.20pt;\" height=\"15\">Estilo<\/td>\n<td class=\"et2\">Minimalista<\/td>\n<\/tr>\n<tr style=\"height: 15.20pt;\">\n<td class=\"et2\" style=\"height: 15.20pt;\" height=\"15\">Modelo<\/td>\n<td class=\"et2\">QMY-LC003<\/td>\n<\/tr>\n<tr style=\"height: 15.20pt;\">\n<td class=\"et2\" style=\"height: 15.20pt;\" height=\"15\">Personalizaci\u00f3n<\/td>\n<td class=\"et2\">Color, tama\u00f1o, material<\/td>\n<\/tr>\n<tr style=\"height: 15.20pt;\">\n<td class=\"et2\" style=\"height: 15.20pt;\" height=\"15\">MOQ<\/td>\n<td class=\"et2\">1 unidad<\/td>\n<\/tr>\n<\/tbody>\n<\/table>","protected":false},"featured_media":873,"comment_status":"closed","ping_status":"closed","template":"","meta":{"_acf_changed":false},"product_brand":[],"product_cat":[16,25],"product_tag":[],"class_list":{"0":"post-871","1":"product","2":"type-product","3":"status-publish","4":"has-post-thumbnail","6":"product_cat-bespoke-living-room-furniture","7":"product_cat-bespoke-armchairs","9":"first","10":"instock","11":"shipping-taxable","12":"product-type-simple"},"acf":[],"_links":{"self":[{"href":"https:\/\/www.chicasafurniture.com\/es\/wp-json\/wp\/v2\/product\/871","targetHints":{"allow":["GET"]}}],"collection":[{"href":"https:\/\/www.chicasafurniture.com\/es\/wp-json\/wp\/v2\/product"}],"about":[{"href":"https:\/\/www.chicasafurniture.com\/es\/wp-json\/wp\/v2\/types\/product"}],"replies":[{"embeddable":true,"href":"https:\/\/www.chicasafurniture.com\/es\/wp-json\/wp\/v2\/comments?post=871"}],"wp:featuredmedia":[{"embeddable":true,"href":"https:\/\/www.chicasafurniture.com\/es\/wp-json\/wp\/v2\/media\/873"}],"wp:attachment":[{"href":"https:\/\/www.chicasafurniture.com\/es\/wp-json\/wp\/v2\/media?parent=871"}],"wp:term":[{"taxonomy":"product_brand","embeddable":true,"href":"https:\/\/www.chicasafurniture.com\/es\/wp-json\/wp\/v2\/product_brand?post=871"},{"taxonomy":"product_cat","embeddable":true,"href":"https:\/\/www.chicasafurniture.com\/es\/wp-json\/wp\/v2\/product_cat?post=871"},{"taxonomy":"product_tag","embeddable":true,"href":"https:\/\/www.chicasafurniture.com\/es\/wp-json\/wp\/v2\/product_tag?post=871"}],"curies":[{"name":"wp","href":"https:\/\/api.w.org\/{rel}","templated":true}]}}