{"id":920,"date":"2026-03-04T08:47:20","date_gmt":"2026-03-04T08:47:20","guid":{"rendered":"https:\/\/www.chicasafurniture.com\/?post_type=product&#038;p=920"},"modified":"2026-03-04T10:00:42","modified_gmt":"2026-03-04T10:00:42","slug":"custom-sectional-sofa","status":"publish","type":"product","link":"https:\/\/www.chicasafurniture.com\/es\/product\/custom-sectional-sofa\/","title":{"rendered":"Sof\u00e1 seccional moderno tejido a medida, varias distribuciones espaciales"},"content":{"rendered":"<h2 class=\"wp-block-heading\">Especificaciones de producto del sof\u00e1 seccional a medida<\/h2>\n\n\n\n<figure class=\"wp-block-table\"><table class=\"has-fixed-layout\"><tbody><tr><td>Marco<\/td><td>Material de cubierta<\/td><td>Material de relleno<\/td><td>Piernas<\/td><td>Color<\/td><td>Talla<\/td><td>Peso<\/td><\/tr><tr><td>Madera maciza<\/td><td>Tejido<\/td><td>Esponja de alta densidad<\/td><td>Madera<\/td><td>Personalizado<\/td><td>Personalizado<\/td><td>90-240 kg<\/td><\/tr><\/tbody><\/table><\/figure>\n\n\n\n<div class=\"wp-block-columns is-layout-flex wp-container-core-columns-is-layout-9d6595d7 wp-block-columns-is-layout-flex\">\n<div class=\"wp-block-column is-layout-flow wp-block-column-is-layout-flow\">\n<h2 class=\"wp-block-heading\">Premium Custom Sof\u00e1 Seccional Caracter\u00edsticas:<\/h2>\n\n\n\n<ul class=\"wp-block-list\">\n<li><strong>Tejido de cuero artesanal: <\/strong>El respaldo y los reposabrazos de este sof\u00e1 seccional a medida est\u00e1n fabricados en piel de alta calidad tejida con una textura tridimensional \u00fanica, que hace gala de un meticuloso trabajo artesanal.<\/li>\n\n\n\n<li><strong>Dise\u00f1o modular totalmente personalizable: <\/strong>Este moderno sof\u00e1 a medida presenta un dise\u00f1o modular flexible, que se adapta f\u00e1cilmente a distintas distribuciones del sal\u00f3n, como recto, en L o en U.<\/li>\n\n\n\n<li><strong>Estructura met\u00e1lica italiana de lujo:<\/strong> La base y el armaz\u00f3n de metal pulido del sof\u00e1 seccional a medida no s\u00f3lo proporcionan un soporte resistente, sino tambi\u00e9n una sensaci\u00f3n moderna, minimalista y lujosa.<\/li>\n\n\n\n<li><strong>Experiencia de asiento c\u00f3moda como una nube: <\/strong>Nuestro moderno sof\u00e1 a medida utiliza espuma el\u00e1stica de alta densidad combinada con tejidos transpirables y respetuosos con la piel, junto con una variedad de mullidos cojines, que proporcionan el m\u00e1ximo confort y apoyo.<\/li>\n\n\n\n<li><strong>Dise\u00f1o visual de 360 grados:<\/strong> Este sof\u00e1 seccional a medida rompe con la limitaci\u00f3n tradicional de colocar sof\u00e1s contra una pared; su caracter\u00edstico respaldo tejido se convierte en una obra de arte incluso cuando se coloca en el centro de un espacio.<\/li>\n<\/ul>\n<\/div>\n\n\n\n<div class=\"wp-block-column is-layout-flow wp-block-column-is-layout-flow\">\n<figure class=\"wp-block-image size-full\"><img decoding=\"async\" width=\"1680\" height=\"1680\" src=\"https:\/\/www.chicasafurniture.com\/wp-content\/uploads\/2026\/03\/Modern-Woven-Custom-Sectional-Sofa-Various-Spatial-Layouts-2.webp\" alt=\"Sof\u00e1 seccional moderno tejido a medida, varias distribuciones espaciales-3\" class=\"wp-image-922\" srcset=\"https:\/\/www.chicasafurniture.com\/wp-content\/uploads\/2026\/03\/Modern-Woven-Custom-Sectional-Sofa-Various-Spatial-Layouts-2.webp 1680w, https:\/\/www.chicasafurniture.com\/wp-content\/uploads\/2026\/03\/Modern-Woven-Custom-Sectional-Sofa-Various-Spatial-Layouts-2-300x300.webp 300w, https:\/\/www.chicasafurniture.com\/wp-content\/uploads\/2026\/03\/Modern-Woven-Custom-Sectional-Sofa-Various-Spatial-Layouts-2-150x150.webp 150w, https:\/\/www.chicasafurniture.com\/wp-content\/uploads\/2026\/03\/Modern-Woven-Custom-Sectional-Sofa-Various-Spatial-Layouts-2-768x768.webp 768w, https:\/\/www.chicasafurniture.com\/wp-content\/uploads\/2026\/03\/Modern-Woven-Custom-Sectional-Sofa-Various-Spatial-Layouts-2-1200x1200.webp 1200w, https:\/\/www.chicasafurniture.com\/wp-content\/uploads\/2026\/03\/Modern-Woven-Custom-Sectional-Sofa-Various-Spatial-Layouts-2-600x600.webp 600w, https:\/\/www.chicasafurniture.com\/wp-content\/uploads\/2026\/03\/Modern-Woven-Custom-Sectional-Sofa-Various-Spatial-Layouts-2-100x100.webp 100w\" sizes=\"(max-width: 1680px) 100vw, 1680px\" \/><\/figure>\n<\/div>\n<\/div>\n\n\n\n<div class=\"wp-block-columns is-layout-flex wp-container-core-columns-is-layout-9d6595d7 wp-block-columns-is-layout-flex\">\n<div class=\"wp-block-column is-layout-flow wp-block-column-is-layout-flow\">\n<figure class=\"wp-block-image size-full\"><img decoding=\"async\" width=\"1080\" height=\"1080\" src=\"https:\/\/www.chicasafurniture.com\/wp-content\/uploads\/2026\/03\/Modern-Woven-Custom-Sectional-Sofa-Various-Spatial-Layouts-5.webp\" alt=\"Sof\u00e1 seccional moderno tejido a medida, varias distribuciones espaciales-5\" class=\"wp-image-925\" srcset=\"https:\/\/www.chicasafurniture.com\/wp-content\/uploads\/2026\/03\/Modern-Woven-Custom-Sectional-Sofa-Various-Spatial-Layouts-5.webp 1080w, https:\/\/www.chicasafurniture.com\/wp-content\/uploads\/2026\/03\/Modern-Woven-Custom-Sectional-Sofa-Various-Spatial-Layouts-5-300x300.webp 300w, https:\/\/www.chicasafurniture.com\/wp-content\/uploads\/2026\/03\/Modern-Woven-Custom-Sectional-Sofa-Various-Spatial-Layouts-5-150x150.webp 150w, https:\/\/www.chicasafurniture.com\/wp-content\/uploads\/2026\/03\/Modern-Woven-Custom-Sectional-Sofa-Various-Spatial-Layouts-5-768x768.webp 768w, https:\/\/www.chicasafurniture.com\/wp-content\/uploads\/2026\/03\/Modern-Woven-Custom-Sectional-Sofa-Various-Spatial-Layouts-5-600x600.webp 600w, https:\/\/www.chicasafurniture.com\/wp-content\/uploads\/2026\/03\/Modern-Woven-Custom-Sectional-Sofa-Various-Spatial-Layouts-5-100x100.webp 100w\" sizes=\"(max-width: 1080px) 100vw, 1080px\" \/><\/figure>\n<\/div>\n\n\n\n<div class=\"wp-block-column is-layout-flow wp-block-column-is-layout-flow\">\n<figure class=\"wp-block-image size-full\"><img decoding=\"async\" width=\"1080\" height=\"1080\" src=\"https:\/\/www.chicasafurniture.com\/wp-content\/uploads\/2026\/03\/Modern-Woven-Custom-Sectional-Sofa-Various-Spatial-Layouts-4.webp\" alt=\"Sof\u00e1 seccional moderno tejido a medida, varias distribuciones espaciales-4\" class=\"wp-image-924\" srcset=\"https:\/\/www.chicasafurniture.com\/wp-content\/uploads\/2026\/03\/Modern-Woven-Custom-Sectional-Sofa-Various-Spatial-Layouts-4.webp 1080w, https:\/\/www.chicasafurniture.com\/wp-content\/uploads\/2026\/03\/Modern-Woven-Custom-Sectional-Sofa-Various-Spatial-Layouts-4-300x300.webp 300w, https:\/\/www.chicasafurniture.com\/wp-content\/uploads\/2026\/03\/Modern-Woven-Custom-Sectional-Sofa-Various-Spatial-Layouts-4-150x150.webp 150w, https:\/\/www.chicasafurniture.com\/wp-content\/uploads\/2026\/03\/Modern-Woven-Custom-Sectional-Sofa-Various-Spatial-Layouts-4-768x768.webp 768w, https:\/\/www.chicasafurniture.com\/wp-content\/uploads\/2026\/03\/Modern-Woven-Custom-Sectional-Sofa-Various-Spatial-Layouts-4-600x600.webp 600w, https:\/\/www.chicasafurniture.com\/wp-content\/uploads\/2026\/03\/Modern-Woven-Custom-Sectional-Sofa-Various-Spatial-Layouts-4-100x100.webp 100w\" sizes=\"(max-width: 1080px) 100vw, 1080px\" \/><\/figure>\n<\/div>\n<\/div>","protected":false},"excerpt":{"rendered":"<p>Eleve su espacio vital con este sof\u00e1 seccional a medida. Con una tapicer\u00eda de primera calidad, elegantes detalles en piel tejida y una estructura met\u00e1lica elegante y duradera, su dise\u00f1o modular admite varias distribuciones espaciales, por lo que resulta ideal para crear un lujoso centro de atenci\u00f3n en el sal\u00f3n.<\/p>\n<table style=\"border-collapse: collapse; width: 222.03pt;\" border=\"0\" width=\"222\" cellspacing=\"0\" cellpadding=\"0\">\n<tbody>\n<tr style=\"height: 15.20pt;\">\n<td class=\"et2\" style=\"height: 15.20pt; width: 81.65pt;\" width=\"81\" height=\"15\">Fabricante<\/td>\n<td class=\"et2\" style=\"width: 140.80pt;\" width=\"140\">ChiCasa<\/td>\n<\/tr>\n<tr style=\"height: 15.20pt;\">\n<td class=\"et2\" style=\"height: 15.20pt;\" height=\"15\">Categor\u00eda<\/td>\n<td class=\"et2\">Sof\u00e1<\/td>\n<\/tr>\n<tr style=\"height: 15.20pt;\">\n<td class=\"et2\" style=\"height: 15.20pt;\" height=\"15\">Aplicaci\u00f3n<\/td>\n<td class=\"et2\">Sala de estar<\/td>\n<\/tr>\n<tr style=\"height: 15.20pt;\">\n<td class=\"et2\" style=\"height: 15.20pt;\" height=\"15\">Estilo<\/td>\n<td class=\"et2\">Minimalista<\/td>\n<\/tr>\n<tr style=\"height: 15.20pt;\">\n<td class=\"et2\" style=\"height: 15.20pt;\" height=\"15\">Modelo<\/td>\n<td class=\"et2\">QMY-SF003<\/td>\n<\/tr>\n<tr style=\"height: 15.20pt;\">\n<td class=\"et2\" style=\"height: 15.20pt;\" height=\"15\">Personalizaci\u00f3n<\/td>\n<td class=\"et2\">Color, tama\u00f1o, material<\/td>\n<\/tr>\n<tr style=\"height: 15.20pt;\">\n<td class=\"et2\" style=\"height: 15.20pt;\" height=\"15\">MOQ<\/td>\n<td class=\"et2\">1 unidad<\/td>\n<\/tr>\n<\/tbody>\n<\/table>","protected":false},"featured_media":923,"comment_status":"closed","ping_status":"closed","template":"","meta":{"_acf_changed":false},"product_brand":[],"product_cat":[16,23],"product_tag":[],"class_list":{"0":"post-920","1":"product","2":"type-product","3":"status-publish","4":"has-post-thumbnail","6":"product_cat-bespoke-living-room-furniture","7":"product_cat-bespoke-sofas-manufacturer","9":"first","10":"instock","11":"shipping-taxable","12":"product-type-simple"},"acf":[],"_links":{"self":[{"href":"https:\/\/www.chicasafurniture.com\/es\/wp-json\/wp\/v2\/product\/920","targetHints":{"allow":["GET"]}}],"collection":[{"href":"https:\/\/www.chicasafurniture.com\/es\/wp-json\/wp\/v2\/product"}],"about":[{"href":"https:\/\/www.chicasafurniture.com\/es\/wp-json\/wp\/v2\/types\/product"}],"replies":[{"embeddable":true,"href":"https:\/\/www.chicasafurniture.com\/es\/wp-json\/wp\/v2\/comments?post=920"}],"wp:featuredmedia":[{"embeddable":true,"href":"https:\/\/www.chicasafurniture.com\/es\/wp-json\/wp\/v2\/media\/923"}],"wp:attachment":[{"href":"https:\/\/www.chicasafurniture.com\/es\/wp-json\/wp\/v2\/media?parent=920"}],"wp:term":[{"taxonomy":"product_brand","embeddable":true,"href":"https:\/\/www.chicasafurniture.com\/es\/wp-json\/wp\/v2\/product_brand?post=920"},{"taxonomy":"product_cat","embeddable":true,"href":"https:\/\/www.chicasafurniture.com\/es\/wp-json\/wp\/v2\/product_cat?post=920"},{"taxonomy":"product_tag","embeddable":true,"href":"https:\/\/www.chicasafurniture.com\/es\/wp-json\/wp\/v2\/product_tag?post=920"}],"curies":[{"name":"wp","href":"https:\/\/api.w.org\/{rel}","templated":true}]}}