{"id":997,"date":"2026-03-14T06:28:46","date_gmt":"2026-03-14T06:28:46","guid":{"rendered":"https:\/\/www.chicasafurniture.com\/?post_type=product&#038;p=997"},"modified":"2026-03-14T07:55:07","modified_gmt":"2026-03-14T07:55:07","slug":"factory-direct-couches","status":"publish","type":"product","link":"https:\/\/www.chicasafurniture.com\/es\/product\/factory-direct-couches\/","title":{"rendered":"Factory Direct Sof\u00e1s, Sof\u00e1s seccionales en L a medida"},"content":{"rendered":"<h2 class=\"wp-block-heading\">Especificaciones de los sof\u00e1s Factory Direct<\/h2>\n\n\n\n<figure class=\"wp-block-table\"><table class=\"has-fixed-layout\"><tbody><tr><td>Marco<\/td><td>Material de cubierta<\/td><td>Material de relleno<\/td><td>Piernas<\/td><td>Color<\/td><td>Talla<\/td><td>Peso<\/td><\/tr><tr><td>Madera maciza<\/td><td>Tejido<\/td><td>Esponja de alta densidad<\/td><td>Madera<\/td><td>Personalizado<\/td><td>Personalizado<\/td><td>90-240 kg<\/td><\/tr><\/tbody><\/table><\/figure>\n\n\n\n<div class=\"wp-block-columns is-layout-flex wp-container-core-columns-is-layout-9d6595d7 wp-block-columns-is-layout-flex\">\n<div class=\"wp-block-column is-layout-flow wp-block-column-is-layout-flow\">\n<h2 class=\"wp-block-heading\">Premium Factory Direct Sof\u00e1s Caracter\u00edsticas:<\/h2>\n\n\n\n<ul class=\"wp-block-list\">\n<li><strong>Suministro directo de f\u00e1brica, valor excepcional:<\/strong> Al eliminar al intermediario, nuestros sof\u00e1s directos de f\u00e1brica ofrecen a los compradores internacionales precios muy competitivos y opciones flexibles para pedidos personalizados.<\/li>\n\n\n\n<li><strong>Dise\u00f1os modulares flexibles:<\/strong> El dise\u00f1o modular de este sof\u00e1 personalizado permite distribuciones de forma libre -combinando elementos de chaise lounge con secciones de asientos principales-, lo que facilita su adaptaci\u00f3n a una gran variedad de espacios, desde salas de estar compactas hasta amplios espacios comerciales.<\/li>\n\n\n\n<li><strong>Materiales y artesan\u00eda de alta calidad:<\/strong> Nuestros sof\u00e1s directos de f\u00e1brica est\u00e1n fabricados para durar con inserciones de espuma de alta densidad y tejidos resistentes a las arrugas para garantizar que mantengan su forma firme y no se hundan incluso en entornos comerciales de mucho tr\u00e1fico.<\/li>\n\n\n\n<li><strong>\u201cDise\u00f1o industrial \u201dflotante\":<\/strong> Este sof\u00e1 a medida presenta patas de aluminio fundido a presi\u00f3n de precisi\u00f3n combinadas con un perfil de base delgado; este dise\u00f1o no s\u00f3lo proporciona una capacidad de carga superior, sino que tambi\u00e9n confiere al mueble una est\u00e9tica visualmente ligera y moderna.<\/li>\n\n\n\n<li><strong>Servicios integrales de personalizaci\u00f3n:<\/strong> Nuestros sof\u00e1s directos de f\u00e1brica tambi\u00e9n ofrecen una amplia gama de opciones de personalizaci\u00f3n en cuanto a materiales (piel aut\u00e9ntica, mezclas de algod\u00f3n y lino, tejidos t\u00e9cnicos), tama\u00f1o y acabados de base para adaptarse a la personalidad de marca \u00fanica de cualquier cliente.<\/li>\n<\/ul>\n<\/div>\n\n\n\n<div class=\"wp-block-column is-layout-flow wp-block-column-is-layout-flow\">\n<figure class=\"wp-block-image size-full\"><img decoding=\"async\" width=\"1900\" height=\"1425\" src=\"https:\/\/www.chicasafurniture.com\/wp-content\/uploads\/2026\/03\/Factory-Direct-Couches-Bespoke-L-Shaped-Sectional-Sofas-3.webp\" alt=\"Factory Direct Sof\u00e1s, Sof\u00e1s seccionales en L a medida-3\" class=\"wp-image-1000\" srcset=\"https:\/\/www.chicasafurniture.com\/wp-content\/uploads\/2026\/03\/Factory-Direct-Couches-Bespoke-L-Shaped-Sectional-Sofas-3.webp 1900w, https:\/\/www.chicasafurniture.com\/wp-content\/uploads\/2026\/03\/Factory-Direct-Couches-Bespoke-L-Shaped-Sectional-Sofas-3-300x225.webp 300w, https:\/\/www.chicasafurniture.com\/wp-content\/uploads\/2026\/03\/Factory-Direct-Couches-Bespoke-L-Shaped-Sectional-Sofas-3-768x576.webp 768w, https:\/\/www.chicasafurniture.com\/wp-content\/uploads\/2026\/03\/Factory-Direct-Couches-Bespoke-L-Shaped-Sectional-Sofas-3-16x12.webp 16w, https:\/\/www.chicasafurniture.com\/wp-content\/uploads\/2026\/03\/Factory-Direct-Couches-Bespoke-L-Shaped-Sectional-Sofas-3-1200x900.webp 1200w, https:\/\/www.chicasafurniture.com\/wp-content\/uploads\/2026\/03\/Factory-Direct-Couches-Bespoke-L-Shaped-Sectional-Sofas-3-600x450.webp 600w\" sizes=\"(max-width: 1900px) 100vw, 1900px\" \/><\/figure>\n<\/div>\n<\/div>\n\n\n\n<div class=\"wp-block-columns is-layout-flex wp-container-core-columns-is-layout-9d6595d7 wp-block-columns-is-layout-flex\">\n<div class=\"wp-block-column is-layout-flow wp-block-column-is-layout-flow\">\n<figure class=\"wp-block-image size-full\"><img decoding=\"async\" width=\"1680\" height=\"1680\" src=\"https:\/\/www.chicasafurniture.com\/wp-content\/uploads\/2026\/03\/Factory-Direct-Couches-Bespoke-L-Shaped-Sectional-Sofas-5.webp\" alt=\"Factory Direct Sof\u00e1s, Sof\u00e1s seccionales en L a medida-5\" class=\"wp-image-1002\" srcset=\"https:\/\/www.chicasafurniture.com\/wp-content\/uploads\/2026\/03\/Factory-Direct-Couches-Bespoke-L-Shaped-Sectional-Sofas-5.webp 1680w, https:\/\/www.chicasafurniture.com\/wp-content\/uploads\/2026\/03\/Factory-Direct-Couches-Bespoke-L-Shaped-Sectional-Sofas-5-300x300.webp 300w, https:\/\/www.chicasafurniture.com\/wp-content\/uploads\/2026\/03\/Factory-Direct-Couches-Bespoke-L-Shaped-Sectional-Sofas-5-150x150.webp 150w, https:\/\/www.chicasafurniture.com\/wp-content\/uploads\/2026\/03\/Factory-Direct-Couches-Bespoke-L-Shaped-Sectional-Sofas-5-768x768.webp 768w, https:\/\/www.chicasafurniture.com\/wp-content\/uploads\/2026\/03\/Factory-Direct-Couches-Bespoke-L-Shaped-Sectional-Sofas-5-12x12.webp 12w, https:\/\/www.chicasafurniture.com\/wp-content\/uploads\/2026\/03\/Factory-Direct-Couches-Bespoke-L-Shaped-Sectional-Sofas-5-1200x1200.webp 1200w, https:\/\/www.chicasafurniture.com\/wp-content\/uploads\/2026\/03\/Factory-Direct-Couches-Bespoke-L-Shaped-Sectional-Sofas-5-600x600.webp 600w, https:\/\/www.chicasafurniture.com\/wp-content\/uploads\/2026\/03\/Factory-Direct-Couches-Bespoke-L-Shaped-Sectional-Sofas-5-100x100.webp 100w\" sizes=\"(max-width: 1680px) 100vw, 1680px\" \/><\/figure>\n<\/div>\n\n\n\n<div class=\"wp-block-column is-layout-flow wp-block-column-is-layout-flow\">\n<figure class=\"wp-block-image size-full\"><img decoding=\"async\" width=\"1080\" height=\"1080\" src=\"https:\/\/www.chicasafurniture.com\/wp-content\/uploads\/2026\/03\/Factory-Direct-Couches-Bespoke-L-Shaped-Sectional-Sofas-4.webp\" alt=\"Factory Direct Sof\u00e1s, Sof\u00e1s seccionales en L a medida-4\" class=\"wp-image-1001\" srcset=\"https:\/\/www.chicasafurniture.com\/wp-content\/uploads\/2026\/03\/Factory-Direct-Couches-Bespoke-L-Shaped-Sectional-Sofas-4.webp 1080w, https:\/\/www.chicasafurniture.com\/wp-content\/uploads\/2026\/03\/Factory-Direct-Couches-Bespoke-L-Shaped-Sectional-Sofas-4-300x300.webp 300w, https:\/\/www.chicasafurniture.com\/wp-content\/uploads\/2026\/03\/Factory-Direct-Couches-Bespoke-L-Shaped-Sectional-Sofas-4-150x150.webp 150w, https:\/\/www.chicasafurniture.com\/wp-content\/uploads\/2026\/03\/Factory-Direct-Couches-Bespoke-L-Shaped-Sectional-Sofas-4-768x768.webp 768w, https:\/\/www.chicasafurniture.com\/wp-content\/uploads\/2026\/03\/Factory-Direct-Couches-Bespoke-L-Shaped-Sectional-Sofas-4-12x12.webp 12w, https:\/\/www.chicasafurniture.com\/wp-content\/uploads\/2026\/03\/Factory-Direct-Couches-Bespoke-L-Shaped-Sectional-Sofas-4-600x600.webp 600w, https:\/\/www.chicasafurniture.com\/wp-content\/uploads\/2026\/03\/Factory-Direct-Couches-Bespoke-L-Shaped-Sectional-Sofas-4-100x100.webp 100w\" sizes=\"(max-width: 1080px) 100vw, 1080px\" \/><\/figure>\n<\/div>\n<\/div>","protected":false},"excerpt":{"rendered":"<p>Obtenga sof\u00e1s premium directos de f\u00e1brica con opciones de personalizaci\u00f3n a medida. Este moderno y minimalista sof\u00e1 modular a medida en forma de L combina una est\u00e9tica de inspiraci\u00f3n italiana con un confort incomparable. Su dise\u00f1o de asiento extraprofundo y de perfil bajo crea un sorprendente efecto visual \u201cflotante\u201d.<\/p>\n<table style=\"border-collapse: collapse; width: 222.03pt;\" border=\"0\" width=\"222\" cellspacing=\"0\" cellpadding=\"0\">\n<tbody>\n<tr style=\"height: 15.20pt;\">\n<td class=\"et2\" style=\"height: 15.20pt; width: 81.65pt;\" width=\"81\" height=\"15\">Fabricante<\/td>\n<td class=\"et2\" style=\"width: 140.80pt;\" width=\"140\">ChiCasa<\/td>\n<\/tr>\n<tr style=\"height: 15.20pt;\">\n<td class=\"et2\" style=\"height: 15.20pt;\" height=\"15\">Categor\u00eda<\/td>\n<td class=\"et2\">Sof\u00e1<\/td>\n<\/tr>\n<tr style=\"height: 15.20pt;\">\n<td class=\"et2\" style=\"height: 15.20pt;\" height=\"15\">Aplicaci\u00f3n<\/td>\n<td class=\"et2\">Sala de estar<\/td>\n<\/tr>\n<tr style=\"height: 15.20pt;\">\n<td class=\"et2\" style=\"height: 15.20pt;\" height=\"15\">Estilo<\/td>\n<td class=\"et2\">Minimalista<\/td>\n<\/tr>\n<tr style=\"height: 15.20pt;\">\n<td class=\"et2\" style=\"height: 15.20pt;\" height=\"15\">Modelo<\/td>\n<td class=\"et2\">QMY-SF004<\/td>\n<\/tr>\n<tr style=\"height: 15.20pt;\">\n<td class=\"et2\" style=\"height: 15.20pt;\" height=\"15\">Personalizaci\u00f3n<\/td>\n<td class=\"et2\">Color, tama\u00f1o, material<\/td>\n<\/tr>\n<tr style=\"height: 15.20pt;\">\n<td class=\"et2\" style=\"height: 15.20pt;\" height=\"15\">MOQ<\/td>\n<td class=\"et2\">1 unidad<\/td>\n<\/tr>\n<\/tbody>\n<\/table>","protected":false},"featured_media":998,"comment_status":"closed","ping_status":"closed","template":"","meta":{"_acf_changed":false},"product_brand":[],"product_cat":[23,16],"product_tag":[],"class_list":{"0":"post-997","1":"product","2":"type-product","3":"status-publish","4":"has-post-thumbnail","6":"product_cat-bespoke-sofas-manufacturer","7":"product_cat-bespoke-living-room-furniture","9":"first","10":"instock","11":"shipping-taxable","12":"product-type-simple"},"acf":[],"_links":{"self":[{"href":"https:\/\/www.chicasafurniture.com\/es\/wp-json\/wp\/v2\/product\/997","targetHints":{"allow":["GET"]}}],"collection":[{"href":"https:\/\/www.chicasafurniture.com\/es\/wp-json\/wp\/v2\/product"}],"about":[{"href":"https:\/\/www.chicasafurniture.com\/es\/wp-json\/wp\/v2\/types\/product"}],"replies":[{"embeddable":true,"href":"https:\/\/www.chicasafurniture.com\/es\/wp-json\/wp\/v2\/comments?post=997"}],"wp:featuredmedia":[{"embeddable":true,"href":"https:\/\/www.chicasafurniture.com\/es\/wp-json\/wp\/v2\/media\/998"}],"wp:attachment":[{"href":"https:\/\/www.chicasafurniture.com\/es\/wp-json\/wp\/v2\/media?parent=997"}],"wp:term":[{"taxonomy":"product_brand","embeddable":true,"href":"https:\/\/www.chicasafurniture.com\/es\/wp-json\/wp\/v2\/product_brand?post=997"},{"taxonomy":"product_cat","embeddable":true,"href":"https:\/\/www.chicasafurniture.com\/es\/wp-json\/wp\/v2\/product_cat?post=997"},{"taxonomy":"product_tag","embeddable":true,"href":"https:\/\/www.chicasafurniture.com\/es\/wp-json\/wp\/v2\/product_tag?post=997"}],"curies":[{"name":"wp","href":"https:\/\/api.w.org\/{rel}","templated":true}]}}