{"id":1003,"date":"2026-03-14T06:48:20","date_gmt":"2026-03-14T06:48:20","guid":{"rendered":"https:\/\/www.chicasafurniture.com\/?post_type=product&#038;p=1003"},"modified":"2026-03-14T07:54:45","modified_gmt":"2026-03-14T07:54:45","slug":"custom-sofa-couch","status":"publish","type":"product","link":"https:\/\/www.chicasafurniture.com\/fr\/product\/custom-sofa-couch\/","title":{"rendered":"Premium Custom Sofa Couch, Curved Modular Boucl\u00e9 Sectional"},"content":{"rendered":"<h2 class=\"wp-block-heading\">Sp\u00e9cifications produit du canap\u00e9 sur mesure<\/h2>\n\n\n\n<figure class=\"wp-block-table\"><table class=\"has-fixed-layout\"><tbody><tr><td>Cadre<\/td><td>Mat\u00e9riau de couverture<\/td><td>Mat\u00e9riau de remplissage<\/td><td>Jambes<\/td><td>Couleur<\/td><td>Taille<\/td><td>Poids<\/td><\/tr><tr><td>Bois massif<\/td><td>Tissu<\/td><td>\u00c9ponge haute densit\u00e9<\/td><td>\/<\/td><td>Sur mesure<\/td><td>Sur mesure<\/td><td>90-240kg<\/td><\/tr><\/tbody><\/table><\/figure>\n\n\n\n<div class=\"wp-block-columns is-layout-flex wp-container-core-columns-is-layout-9d6595d7 wp-block-columns-is-layout-flex\">\n<div class=\"wp-block-column is-layout-flow wp-block-column-is-layout-flow\">\n<h2 class=\"wp-block-heading\">Premium Custom Sofa Couch Caract\u00e9ristiques :<\/h2>\n\n\n\n<ul class=\"wp-block-list\">\n<li><strong>Esth\u00e9tique organique :<\/strong> La forme arrondie de ce canap\u00e9 sur mesure s'harmonise parfaitement avec les tendances actuelles du \u201cCream Style\u201d, du minimalisme et du luxe moderne. Avec ce mod\u00e8le, le quotient de sophistication sera port\u00e9 \u00e0 un niveau sup\u00e9rieur.<\/li>\n\n\n\n<li><strong>Conception multifonctionnelle int\u00e9gr\u00e9e :<\/strong> Les \u00e9l\u00e9ments de conception modulaire de ce canap\u00e9 sur mesure int\u00e8grent des plateformes en bois massif de haute qualit\u00e9. Ces plates-formes en bois sont utilis\u00e9es pour pr\u00e9senter joliment des livres et des boissons, supprimant ainsi le besoin de tables d'appoint et optimisant l'utilisation de l'espace.<\/li>\n\n\n\n<li><strong>Tissu Boucl\u00e9 Premium :<\/strong> Notre canap\u00e9 sur mesure est rev\u00eatu d'un tissu Boucl\u00e9 de haute qualit\u00e9, soigneusement s\u00e9lectionn\u00e9, qui est \u00e0 la fois durable et doux pour la peau. R\u00e9put\u00e9 pour sa texture unique et sa facilit\u00e9 d'entretien, ce tissu est tr\u00e8s appr\u00e9ci\u00e9 des projets r\u00e9sidentiels haut de gamme et des h\u00f4tels de charme.<\/li>\n\n\n\n<li><strong>Une flexibilit\u00e9 exceptionnelle :<\/strong> Ce canap\u00e9 sur mesure offre une large gamme de combinaisons modulaires - des deux places compactes aux grands sectionnels en forme de L - pour r\u00e9pondre aux besoins uniques de personnalisation des espaces allant des appartements douillets aux villas luxueuses.<\/li>\n\n\n\n<li><strong>Support ergonomique :<\/strong> Con\u00e7u avec un centre de gravit\u00e9 bas scientifiquement \u00e9quilibr\u00e9 et un rembourrage en mousse multi-densit\u00e9, ce canap\u00e9 sur mesure offre un m\u00e9lange parfait de confort enveloppant et de soutien structurel, garantissant une exp\u00e9rience d'assise et de d\u00e9tente in\u00e9gal\u00e9e.<\/li>\n<\/ul>\n<\/div>\n\n\n\n<div class=\"wp-block-column is-layout-flow wp-block-column-is-layout-flow\">\n<figure class=\"wp-block-image size-full\"><img decoding=\"async\" width=\"1024\" height=\"1024\" src=\"https:\/\/www.chicasafurniture.com\/wp-content\/uploads\/2026\/03\/Premium-Custom-Sofa-Couch-Curved-Modular-Boucle-Sectional-3.webp\" alt=\"Premium Custom Sofa Couch, Curved Modular Boucl\u00e9 Sectional-3\" class=\"wp-image-1006\" srcset=\"https:\/\/www.chicasafurniture.com\/wp-content\/uploads\/2026\/03\/Premium-Custom-Sofa-Couch-Curved-Modular-Boucle-Sectional-3.webp 1024w, https:\/\/www.chicasafurniture.com\/wp-content\/uploads\/2026\/03\/Premium-Custom-Sofa-Couch-Curved-Modular-Boucle-Sectional-3-300x300.webp 300w, https:\/\/www.chicasafurniture.com\/wp-content\/uploads\/2026\/03\/Premium-Custom-Sofa-Couch-Curved-Modular-Boucle-Sectional-3-150x150.webp 150w, https:\/\/www.chicasafurniture.com\/wp-content\/uploads\/2026\/03\/Premium-Custom-Sofa-Couch-Curved-Modular-Boucle-Sectional-3-768x768.webp 768w, https:\/\/www.chicasafurniture.com\/wp-content\/uploads\/2026\/03\/Premium-Custom-Sofa-Couch-Curved-Modular-Boucle-Sectional-3-12x12.webp 12w, https:\/\/www.chicasafurniture.com\/wp-content\/uploads\/2026\/03\/Premium-Custom-Sofa-Couch-Curved-Modular-Boucle-Sectional-3-600x600.webp 600w, https:\/\/www.chicasafurniture.com\/wp-content\/uploads\/2026\/03\/Premium-Custom-Sofa-Couch-Curved-Modular-Boucle-Sectional-3-100x100.webp 100w\" sizes=\"(max-width: 1024px) 100vw, 1024px\" \/><\/figure>\n<\/div>\n<\/div>\n\n\n\n<div class=\"wp-block-columns is-layout-flex wp-container-core-columns-is-layout-9d6595d7 wp-block-columns-is-layout-flex\">\n<div class=\"wp-block-column is-layout-flow wp-block-column-is-layout-flow\">\n<figure class=\"wp-block-image size-full\"><img decoding=\"async\" width=\"2000\" height=\"1154\" src=\"https:\/\/www.chicasafurniture.com\/wp-content\/uploads\/2026\/03\/Premium-Custom-Sofa-Couch-Curved-Modular-Boucle-Sectional-5.webp\" alt=\"Premium Custom Sofa Couch, Curved Modular Boucl\u00e9 Sectional-5\" class=\"wp-image-1008\" srcset=\"https:\/\/www.chicasafurniture.com\/wp-content\/uploads\/2026\/03\/Premium-Custom-Sofa-Couch-Curved-Modular-Boucle-Sectional-5.webp 2000w, https:\/\/www.chicasafurniture.com\/wp-content\/uploads\/2026\/03\/Premium-Custom-Sofa-Couch-Curved-Modular-Boucle-Sectional-5-300x173.webp 300w, https:\/\/www.chicasafurniture.com\/wp-content\/uploads\/2026\/03\/Premium-Custom-Sofa-Couch-Curved-Modular-Boucle-Sectional-5-768x443.webp 768w, https:\/\/www.chicasafurniture.com\/wp-content\/uploads\/2026\/03\/Premium-Custom-Sofa-Couch-Curved-Modular-Boucle-Sectional-5-18x10.webp 18w, https:\/\/www.chicasafurniture.com\/wp-content\/uploads\/2026\/03\/Premium-Custom-Sofa-Couch-Curved-Modular-Boucle-Sectional-5-1200x692.webp 1200w, https:\/\/www.chicasafurniture.com\/wp-content\/uploads\/2026\/03\/Premium-Custom-Sofa-Couch-Curved-Modular-Boucle-Sectional-5-600x346.webp 600w\" sizes=\"(max-width: 2000px) 100vw, 2000px\" \/><\/figure>\n<\/div>\n<\/div>\n\n\n\n<div class=\"wp-block-columns is-layout-flex wp-container-core-columns-is-layout-9d6595d7 wp-block-columns-is-layout-flex\">\n<div class=\"wp-block-column is-layout-flow wp-block-column-is-layout-flow\">\n<figure class=\"wp-block-image size-full\"><img decoding=\"async\" width=\"1920\" height=\"1292\" src=\"https:\/\/www.chicasafurniture.com\/wp-content\/uploads\/2026\/03\/Premium-Custom-Sofa-Couch-Curved-Modular-Boucle-Sectional-4.webp\" alt=\"Premium Custom Sofa Couch, Curved Modular Boucl\u00e9 Sectional-4\" class=\"wp-image-1007\" srcset=\"https:\/\/www.chicasafurniture.com\/wp-content\/uploads\/2026\/03\/Premium-Custom-Sofa-Couch-Curved-Modular-Boucle-Sectional-4.webp 1920w, https:\/\/www.chicasafurniture.com\/wp-content\/uploads\/2026\/03\/Premium-Custom-Sofa-Couch-Curved-Modular-Boucle-Sectional-4-300x202.webp 300w, https:\/\/www.chicasafurniture.com\/wp-content\/uploads\/2026\/03\/Premium-Custom-Sofa-Couch-Curved-Modular-Boucle-Sectional-4-768x517.webp 768w, https:\/\/www.chicasafurniture.com\/wp-content\/uploads\/2026\/03\/Premium-Custom-Sofa-Couch-Curved-Modular-Boucle-Sectional-4-18x12.webp 18w, https:\/\/www.chicasafurniture.com\/wp-content\/uploads\/2026\/03\/Premium-Custom-Sofa-Couch-Curved-Modular-Boucle-Sectional-4-1200x808.webp 1200w, https:\/\/www.chicasafurniture.com\/wp-content\/uploads\/2026\/03\/Premium-Custom-Sofa-Couch-Curved-Modular-Boucle-Sectional-4-600x404.webp 600w\" sizes=\"(max-width: 1920px) 100vw, 1920px\" \/><\/figure>\n<\/div>\n<\/div>","protected":false},"excerpt":{"rendered":"<p>\u00c9levez votre int\u00e9rieur avec notre canap\u00e9 sur mesure. Ce canap\u00e9 incurv\u00e9 sur mesure s'affranchit des angles rigides des meubles traditionnels et utilise des lignes fluides et organiques pour cr\u00e9er un rythme spatial \u00e9l\u00e9gant. Il s'agit d'une pi\u00e8ce essentielle pour tous ceux qui recherchent un mobilier distinctif et unique.<\/p>\n<table style=\"border-collapse: collapse; width: 222.03pt;\" border=\"0\" width=\"222\" cellspacing=\"0\" cellpadding=\"0\">\n<tbody>\n<tr style=\"height: 15.20pt;\">\n<td class=\"et2\" style=\"height: 15.20pt; width: 81.65pt;\" width=\"81\" height=\"15\">Fabricant<\/td>\n<td class=\"et2\" style=\"width: 140.80pt;\" width=\"140\">ChiCasa<\/td>\n<\/tr>\n<tr style=\"height: 15.20pt;\">\n<td class=\"et2\" style=\"height: 15.20pt;\" height=\"15\">Cat\u00e9gorie<\/td>\n<td class=\"et2\">Canap\u00e9<\/td>\n<\/tr>\n<tr style=\"height: 15.20pt;\">\n<td class=\"et2\" style=\"height: 15.20pt;\" height=\"15\">Application<\/td>\n<td class=\"et2\">Salle de s\u00e9jour<\/td>\n<\/tr>\n<tr style=\"height: 15.20pt;\">\n<td class=\"et2\" style=\"height: 15.20pt;\" height=\"15\">Style<\/td>\n<td class=\"et2\">Minimaliste<\/td>\n<\/tr>\n<tr style=\"height: 15.20pt;\">\n<td class=\"et2\" style=\"height: 15.20pt;\" height=\"15\">Mod\u00e8le<\/td>\n<td class=\"et2\">QMY-SF005<\/td>\n<\/tr>\n<tr style=\"height: 15.20pt;\">\n<td class=\"et2\" style=\"height: 15.20pt;\" height=\"15\">Personnalisation<\/td>\n<td class=\"et2\">Couleur, taille, mat\u00e9riau<\/td>\n<\/tr>\n<tr style=\"height: 15.20pt;\">\n<td class=\"et2\" style=\"height: 15.20pt;\" height=\"15\">MOQ<\/td>\n<td class=\"et2\">1pcs<\/td>\n<\/tr>\n<\/tbody>\n<\/table>","protected":false},"featured_media":1004,"comment_status":"closed","ping_status":"closed","template":"","meta":{"_acf_changed":false},"product_brand":[],"product_cat":[23,16],"product_tag":[],"class_list":{"0":"post-1003","1":"product","2":"type-product","3":"status-publish","4":"has-post-thumbnail","6":"product_cat-bespoke-sofas-manufacturer","7":"product_cat-bespoke-living-room-furniture","9":"first","10":"instock","11":"shipping-taxable","12":"product-type-simple"},"acf":[],"_links":{"self":[{"href":"https:\/\/www.chicasafurniture.com\/fr\/wp-json\/wp\/v2\/product\/1003","targetHints":{"allow":["GET"]}}],"collection":[{"href":"https:\/\/www.chicasafurniture.com\/fr\/wp-json\/wp\/v2\/product"}],"about":[{"href":"https:\/\/www.chicasafurniture.com\/fr\/wp-json\/wp\/v2\/types\/product"}],"replies":[{"embeddable":true,"href":"https:\/\/www.chicasafurniture.com\/fr\/wp-json\/wp\/v2\/comments?post=1003"}],"wp:featuredmedia":[{"embeddable":true,"href":"https:\/\/www.chicasafurniture.com\/fr\/wp-json\/wp\/v2\/media\/1004"}],"wp:attachment":[{"href":"https:\/\/www.chicasafurniture.com\/fr\/wp-json\/wp\/v2\/media?parent=1003"}],"wp:term":[{"taxonomy":"product_brand","embeddable":true,"href":"https:\/\/www.chicasafurniture.com\/fr\/wp-json\/wp\/v2\/product_brand?post=1003"},{"taxonomy":"product_cat","embeddable":true,"href":"https:\/\/www.chicasafurniture.com\/fr\/wp-json\/wp\/v2\/product_cat?post=1003"},{"taxonomy":"product_tag","embeddable":true,"href":"https:\/\/www.chicasafurniture.com\/fr\/wp-json\/wp\/v2\/product_tag?post=1003"}],"curies":[{"name":"wp","href":"https:\/\/api.w.org\/{rel}","templated":true}]}}