{"id":1009,"date":"2026-03-14T06:59:55","date_gmt":"2026-03-14T06:59:55","guid":{"rendered":"https:\/\/www.chicasafurniture.com\/?post_type=product&#038;p=1009"},"modified":"2026-03-14T07:53:57","modified_gmt":"2026-03-14T07:53:57","slug":"custom-made-sofas","status":"publish","type":"product","link":"https:\/\/www.chicasafurniture.com\/fr\/product\/custom-made-sofas\/","title":{"rendered":"Canap\u00e9s de luxe sur mesure, canap\u00e9s modulaires en cuir design"},"content":{"rendered":"<h2 class=\"wp-block-heading\">Sp\u00e9cifications produit des canap\u00e9s sur mesure<\/h2>\n\n\n\n<figure class=\"wp-block-table\"><table class=\"has-fixed-layout\"><tbody><tr><td>Cadre<\/td><td>Mat\u00e9riau de couverture<\/td><td>Mat\u00e9riau de remplissage<\/td><td>Jambes<\/td><td>Couleur<\/td><td>Taille<\/td><td>Poids<\/td><\/tr><tr><td>Bois massif<\/td><td>Tissu<\/td><td>\u00c9ponge haute densit\u00e9<\/td><td>M\u00e9tal<\/td><td>Sur mesure<\/td><td>Sur mesure<\/td><td>90-240kg<\/td><\/tr><\/tbody><\/table><\/figure>\n\n\n\n<div class=\"wp-block-columns is-layout-flex wp-container-core-columns-is-layout-9d6595d7 wp-block-columns-is-layout-flex\">\n<div class=\"wp-block-column is-layout-flow wp-block-column-is-layout-flow\">\n<h2 class=\"wp-block-heading\">Canap\u00e9s haut de gamme sur mesure Caract\u00e9ristiques :<\/h2>\n\n\n\n<ul class=\"wp-block-list\">\n<li><strong>Marqueterie de cuir d'une qualit\u00e9 exceptionnelle :<\/strong> Le dossier de nos canap\u00e9s sur mesure pr\u00e9sente une g\u00e9om\u00e9trie complexe et un cuir tiss\u00e9, ce qui garantit une esth\u00e9tique parfaite \u00e0 360 degr\u00e9s, sans angle mort, parfaitement adapt\u00e9e aux int\u00e9rieurs spacieux o\u00f9 les personnes sont dos \u00e0 dos.<\/li>\n\n\n\n<li><strong>Architecture multifonctionnelle int\u00e9gr\u00e9e :<\/strong> Les c\u00f4t\u00e9s et le dos de ces canap\u00e9s de luxe sur mesure int\u00e8grent des \u00e9tag\u00e8res aux finitions raffin\u00e9es et haut de gamme, qui servent de biblioth\u00e8ques \u00e9l\u00e9gantes ou de plates-formes d'exposition pour les \u0153uvres d'art, r\u00e9alisant ainsi une fusion transparente entre meubles et espaces de rangement.<\/li>\n\n\n\n<li><strong>Personnalisation modulaire :<\/strong> Nos canap\u00e9s sur mesure offrent des configurations modulaires polyvalentes - allant d'unit\u00e9s de si\u00e8ges standard \u00e0 de vastes agencements en forme de L - pr\u00e9cis\u00e9ment adapt\u00e9es pour r\u00e9pondre aux exigences spatiales sp\u00e9cifiques et aux demandes d'agencement de divers environnements architecturaux.<\/li>\n\n\n\n<li><strong>Quincaillerie de qualit\u00e9 Haute Couture :<\/strong> Les cadres de nos canap\u00e9s de luxe sur mesure sont bord\u00e9s d'une garniture en m\u00e9tal poli fabriqu\u00e9e sur mesure ; ce mat\u00e9riau contrastant avec le rev\u00eatement en cuir rehausse l'ensemble du design, renfor\u00e7ant son attrait contemporain et son identit\u00e9 visuelle luxueuse.<\/li>\n\n\n\n<li><strong>Premium Business-Class Confort :<\/strong> Dot\u00e9s d'une assise tr\u00e8s profonde et d'un rembourrage multicouche en mousse de latex haute densit\u00e9, ces canap\u00e9s sur mesure offrent un soutien exceptionnel et durable, garantissant une exp\u00e9rience d'assise sup\u00e9rieure, id\u00e9ale pour les n\u00e9gociations d'affaires haut de gamme.<\/li>\n<\/ul>\n<\/div>\n\n\n\n<div class=\"wp-block-column is-layout-flow wp-block-column-is-layout-flow\">\n<figure class=\"wp-block-image size-full\"><img decoding=\"async\" width=\"1132\" height=\"1326\" src=\"https:\/\/www.chicasafurniture.com\/wp-content\/uploads\/2026\/03\/Luxury-Custom-Made-Sofas-Designer-Leather-Modular-Sectional-3.webp\" alt=\"Canap\u00e9s de luxe sur mesure, canap\u00e9s modulaires en cuir de designer-3\" class=\"wp-image-1013\" srcset=\"https:\/\/www.chicasafurniture.com\/wp-content\/uploads\/2026\/03\/Luxury-Custom-Made-Sofas-Designer-Leather-Modular-Sectional-3.webp 1132w, https:\/\/www.chicasafurniture.com\/wp-content\/uploads\/2026\/03\/Luxury-Custom-Made-Sofas-Designer-Leather-Modular-Sectional-3-256x300.webp 256w, https:\/\/www.chicasafurniture.com\/wp-content\/uploads\/2026\/03\/Luxury-Custom-Made-Sofas-Designer-Leather-Modular-Sectional-3-768x900.webp 768w, https:\/\/www.chicasafurniture.com\/wp-content\/uploads\/2026\/03\/Luxury-Custom-Made-Sofas-Designer-Leather-Modular-Sectional-3-10x12.webp 10w, https:\/\/www.chicasafurniture.com\/wp-content\/uploads\/2026\/03\/Luxury-Custom-Made-Sofas-Designer-Leather-Modular-Sectional-3-600x703.webp 600w\" sizes=\"(max-width: 1132px) 100vw, 1132px\" \/><\/figure>\n<\/div>\n<\/div>\n\n\n\n<div class=\"wp-block-columns is-layout-flex wp-container-core-columns-is-layout-9d6595d7 wp-block-columns-is-layout-flex\">\n<div class=\"wp-block-column is-layout-flow wp-block-column-is-layout-flow\">\n<figure class=\"wp-block-image size-full\"><img decoding=\"async\" width=\"1132\" height=\"1326\" src=\"https:\/\/www.chicasafurniture.com\/wp-content\/uploads\/2026\/03\/Luxury-Custom-Made-Sofas-Designer-Leather-Modular-Sectional-4.webp\" alt=\"Canap\u00e9s de luxe sur mesure, canap\u00e9s modulaires en cuir de designer-4\" class=\"wp-image-1014\" srcset=\"https:\/\/www.chicasafurniture.com\/wp-content\/uploads\/2026\/03\/Luxury-Custom-Made-Sofas-Designer-Leather-Modular-Sectional-4.webp 1132w, https:\/\/www.chicasafurniture.com\/wp-content\/uploads\/2026\/03\/Luxury-Custom-Made-Sofas-Designer-Leather-Modular-Sectional-4-256x300.webp 256w, https:\/\/www.chicasafurniture.com\/wp-content\/uploads\/2026\/03\/Luxury-Custom-Made-Sofas-Designer-Leather-Modular-Sectional-4-768x900.webp 768w, https:\/\/www.chicasafurniture.com\/wp-content\/uploads\/2026\/03\/Luxury-Custom-Made-Sofas-Designer-Leather-Modular-Sectional-4-10x12.webp 10w, https:\/\/www.chicasafurniture.com\/wp-content\/uploads\/2026\/03\/Luxury-Custom-Made-Sofas-Designer-Leather-Modular-Sectional-4-600x703.webp 600w\" sizes=\"(max-width: 1132px) 100vw, 1132px\" \/><\/figure>\n<\/div>\n\n\n\n<div class=\"wp-block-column is-layout-flow wp-block-column-is-layout-flow\">\n<figure class=\"wp-block-image size-full\"><img decoding=\"async\" width=\"1132\" height=\"1326\" src=\"https:\/\/www.chicasafurniture.com\/wp-content\/uploads\/2026\/03\/Luxury-Custom-Made-Sofas-Designer-Leather-Modular-Sectional-2.webp\" alt=\"Canap\u00e9s de luxe sur mesure, canap\u00e9s modulaires en cuir de designer-2\" class=\"wp-image-1012\" srcset=\"https:\/\/www.chicasafurniture.com\/wp-content\/uploads\/2026\/03\/Luxury-Custom-Made-Sofas-Designer-Leather-Modular-Sectional-2.webp 1132w, https:\/\/www.chicasafurniture.com\/wp-content\/uploads\/2026\/03\/Luxury-Custom-Made-Sofas-Designer-Leather-Modular-Sectional-2-256x300.webp 256w, https:\/\/www.chicasafurniture.com\/wp-content\/uploads\/2026\/03\/Luxury-Custom-Made-Sofas-Designer-Leather-Modular-Sectional-2-768x900.webp 768w, https:\/\/www.chicasafurniture.com\/wp-content\/uploads\/2026\/03\/Luxury-Custom-Made-Sofas-Designer-Leather-Modular-Sectional-2-10x12.webp 10w, https:\/\/www.chicasafurniture.com\/wp-content\/uploads\/2026\/03\/Luxury-Custom-Made-Sofas-Designer-Leather-Modular-Sectional-2-600x703.webp 600w\" sizes=\"(max-width: 1132px) 100vw, 1132px\" \/><\/figure>\n<\/div>\n<\/div>\n\n\n\n<div class=\"wp-block-columns is-layout-flex wp-container-core-columns-is-layout-9d6595d7 wp-block-columns-is-layout-flex\">\n<div class=\"wp-block-column is-layout-flow wp-block-column-is-layout-flow\">\n<figure class=\"wp-block-image size-full\"><img decoding=\"async\" width=\"2048\" height=\"1173\" src=\"https:\/\/www.chicasafurniture.com\/wp-content\/uploads\/2026\/03\/Luxury-Custom-Made-Sofas-Designer-Leather-Modular-Sectional-5.webp\" alt=\"Canap\u00e9s de luxe sur mesure, canap\u00e9s modulaires en cuir de designer-5\" class=\"wp-image-1015\" srcset=\"https:\/\/www.chicasafurniture.com\/wp-content\/uploads\/2026\/03\/Luxury-Custom-Made-Sofas-Designer-Leather-Modular-Sectional-5.webp 2048w, https:\/\/www.chicasafurniture.com\/wp-content\/uploads\/2026\/03\/Luxury-Custom-Made-Sofas-Designer-Leather-Modular-Sectional-5-300x172.webp 300w, https:\/\/www.chicasafurniture.com\/wp-content\/uploads\/2026\/03\/Luxury-Custom-Made-Sofas-Designer-Leather-Modular-Sectional-5-768x440.webp 768w, https:\/\/www.chicasafurniture.com\/wp-content\/uploads\/2026\/03\/Luxury-Custom-Made-Sofas-Designer-Leather-Modular-Sectional-5-18x10.webp 18w, https:\/\/www.chicasafurniture.com\/wp-content\/uploads\/2026\/03\/Luxury-Custom-Made-Sofas-Designer-Leather-Modular-Sectional-5-1200x687.webp 1200w, https:\/\/www.chicasafurniture.com\/wp-content\/uploads\/2026\/03\/Luxury-Custom-Made-Sofas-Designer-Leather-Modular-Sectional-5-600x344.webp 600w\" sizes=\"(max-width: 2048px) 100vw, 2048px\" \/><\/figure>\n<\/div>\n<\/div>","protected":false},"excerpt":{"rendered":"<p>Source : canap\u00e9s haut de gamme fabriqu\u00e9s sur mesure et dot\u00e9s d'un tissage de cuir complexe. Ces canap\u00e9s de luxe sur mesure, tr\u00e8s architecturaux, utilisent des techniques complexes de marqueterie g\u00e9om\u00e9trique de cuir et de rembourrage. Agr\u00e9ment\u00e9s de lignes m\u00e9talliques brillantes le long de leur base et de leur cadre, ils incarnent parfaitement l'essence de l'esth\u00e9tique italienne \u201cLight Luxury\u201d.<\/p>\n<table style=\"border-collapse: collapse; width: 222.03pt;\" border=\"0\" width=\"222\" cellspacing=\"0\" cellpadding=\"0\">\n<tbody>\n<tr style=\"height: 15.20pt;\">\n<td class=\"et2\" style=\"height: 15.20pt; width: 81.65pt;\" width=\"81\" height=\"15\">Fabricant<\/td>\n<td class=\"et2\" style=\"width: 140.80pt;\" width=\"140\">ChiCasa<\/td>\n<\/tr>\n<tr style=\"height: 15.20pt;\">\n<td class=\"et2\" style=\"height: 15.20pt;\" height=\"15\">Cat\u00e9gorie<\/td>\n<td class=\"et2\">Canap\u00e9<\/td>\n<\/tr>\n<tr style=\"height: 15.20pt;\">\n<td class=\"et2\" style=\"height: 15.20pt;\" height=\"15\">Application<\/td>\n<td class=\"et2\">Salle de s\u00e9jour<\/td>\n<\/tr>\n<tr style=\"height: 15.20pt;\">\n<td class=\"et2\" style=\"height: 15.20pt;\" height=\"15\">Style<\/td>\n<td class=\"et2\">Luxe raffin\u00e9<\/td>\n<\/tr>\n<tr style=\"height: 15.20pt;\">\n<td class=\"et2\" style=\"height: 15.20pt;\" height=\"15\">Mod\u00e8le<\/td>\n<td class=\"et2\">QMY-SF006<\/td>\n<\/tr>\n<tr style=\"height: 15.20pt;\">\n<td class=\"et2\" style=\"height: 15.20pt;\" height=\"15\">Personnalisation<\/td>\n<td class=\"et2\">Couleur, taille, mat\u00e9riau<\/td>\n<\/tr>\n<tr style=\"height: 15.20pt;\">\n<td class=\"et2\" style=\"height: 15.20pt;\" height=\"15\">MOQ<\/td>\n<td class=\"et2\">1pcs<\/td>\n<\/tr>\n<\/tbody>\n<\/table>","protected":false},"featured_media":1011,"comment_status":"closed","ping_status":"closed","template":"","meta":{"_acf_changed":false},"product_brand":[],"product_cat":[23,16],"product_tag":[],"class_list":{"0":"post-1009","1":"product","2":"type-product","3":"status-publish","4":"has-post-thumbnail","6":"product_cat-bespoke-sofas-manufacturer","7":"product_cat-bespoke-living-room-furniture","9":"first","10":"instock","11":"shipping-taxable","12":"product-type-simple"},"acf":[],"_links":{"self":[{"href":"https:\/\/www.chicasafurniture.com\/fr\/wp-json\/wp\/v2\/product\/1009","targetHints":{"allow":["GET"]}}],"collection":[{"href":"https:\/\/www.chicasafurniture.com\/fr\/wp-json\/wp\/v2\/product"}],"about":[{"href":"https:\/\/www.chicasafurniture.com\/fr\/wp-json\/wp\/v2\/types\/product"}],"replies":[{"embeddable":true,"href":"https:\/\/www.chicasafurniture.com\/fr\/wp-json\/wp\/v2\/comments?post=1009"}],"wp:featuredmedia":[{"embeddable":true,"href":"https:\/\/www.chicasafurniture.com\/fr\/wp-json\/wp\/v2\/media\/1011"}],"wp:attachment":[{"href":"https:\/\/www.chicasafurniture.com\/fr\/wp-json\/wp\/v2\/media?parent=1009"}],"wp:term":[{"taxonomy":"product_brand","embeddable":true,"href":"https:\/\/www.chicasafurniture.com\/fr\/wp-json\/wp\/v2\/product_brand?post=1009"},{"taxonomy":"product_cat","embeddable":true,"href":"https:\/\/www.chicasafurniture.com\/fr\/wp-json\/wp\/v2\/product_cat?post=1009"},{"taxonomy":"product_tag","embeddable":true,"href":"https:\/\/www.chicasafurniture.com\/fr\/wp-json\/wp\/v2\/product_tag?post=1009"}],"curies":[{"name":"wp","href":"https:\/\/api.w.org\/{rel}","templated":true}]}}