{"id":1010,"date":"2026-03-14T07:00:19","date_gmt":"2026-03-14T07:00:19","guid":{"rendered":"https:\/\/www.chicasafurniture.com\/?post_type=product&#038;p=1010"},"modified":"2026-03-14T07:53:09","modified_gmt":"2026-03-14T07:53:09","slug":"luxury-bespoke-sofa","status":"publish","type":"product","link":"https:\/\/www.chicasafurniture.com\/fr\/product\/luxury-bespoke-sofa\/","title":{"rendered":"Aesthetics Canap\u00e9 de luxe sur mesure avec base m\u00e9tallique \u00e9l\u00e9gante"},"content":{"rendered":"<h2 class=\"wp-block-heading\">Sp\u00e9cifications produit du canap\u00e9 de luxe sur mesure<\/h2>\n\n\n\n<figure class=\"wp-block-table\"><table class=\"has-fixed-layout\"><tbody><tr><td>Cadre<\/td><td>Mat\u00e9riau de couverture<\/td><td>Mat\u00e9riau de remplissage<\/td><td>Jambes<\/td><td>Couleur<\/td><td>Taille<\/td><td>Poids<\/td><\/tr><tr><td>Bois massif<\/td><td>Tissu<\/td><td>\u00c9ponge haute densit\u00e9<\/td><td>M\u00e9tal<\/td><td>Sur mesure<\/td><td>Sur mesure<\/td><td>90-240kg<\/td><\/tr><\/tbody><\/table><\/figure>\n\n\n\n<div class=\"wp-block-columns is-layout-flex wp-container-core-columns-is-layout-9d6595d7 wp-block-columns-is-layout-flex\">\n<div class=\"wp-block-column is-layout-flow wp-block-column-is-layout-flow\">\n<h2 class=\"wp-block-heading\">Canap\u00e9 de luxe sur mesure Premium Caract\u00e9ristiques :<\/h2>\n\n\n\n<ul class=\"wp-block-list\">\n<li><strong>Cadre flottant en m\u00e9tal Base :<\/strong> Fabriqu\u00e9 en acier de pr\u00e9cision \u00e0 haute r\u00e9sistance, ce canap\u00e9 de luxe sur mesure est dot\u00e9 d'une structure encastr\u00e9e unique qui lui conf\u00e8re une esth\u00e9tique de science-fiction \u201cflottant au-dessus du sol\u201d et constitue l'\u00e2me visuelle de l'ensemble de la pi\u00e8ce.<\/li>\n\n\n\n<li><strong>Fabrication minimaliste sans couture :<\/strong> La conception int\u00e9gr\u00e9e de l'assise de ce canap\u00e9 sur mesure exige un degr\u00e9 exceptionnellement \u00e9lev\u00e9 de pr\u00e9cision et de plan\u00e9it\u00e9 dans l'armature m\u00e9tallique, ce qui t\u00e9moigne de normes de fabrication du plus haut niveau.<\/li>\n\n\n\n<li><strong>La fusion du m\u00e9tal et de la mati\u00e8re :<\/strong> Notre canap\u00e9 de luxe sur mesure offre des options de personnalisation \u00e9tendues, vous permettant de combiner librement diff\u00e9rentes finitions m\u00e9talliques (telles que bross\u00e9e, mate ou galvanis\u00e9e) avec une s\u00e9lection de cuirs et de tissus luxueux pour r\u00e9pondre \u00e0 vos pr\u00e9f\u00e9rences esth\u00e9tiques distinctes.<\/li>\n\n\n\n<li><strong>Stabilit\u00e9 architecturale :<\/strong> Dot\u00e9 d'une structure de support m\u00e9tallique renforc\u00e9e, ce canap\u00e9 sur mesure renforce non seulement l'attrait contemporain du produit, mais offre \u00e9galement une dur\u00e9e de vie bien sup\u00e9rieure \u00e0 celle des cadres en bois traditionnels, ce qui en fait un produit id\u00e9al pour les environnements commerciaux \u00e0 forte fr\u00e9quentation.<\/li>\n\n\n\n<li><strong>Centre de gravit\u00e9 bas, vues panoramiques \u00e9tendues :<\/strong> Gr\u00e2ce \u00e0 son pi\u00e8tement en m\u00e9tal, ce canap\u00e9 de luxe sur mesure pr\u00e9sente un profil bas qui rehausse efficacement la hauteur de plafond per\u00e7ue dans une pi\u00e8ce. Associ\u00e9 \u00e0 une assise tr\u00e8s profonde, il cr\u00e9e une exp\u00e9rience de d\u00e9tente vraiment sans stress.<\/li>\n<\/ul>\n<\/div>\n\n\n\n<div class=\"wp-block-column is-layout-flow wp-block-column-is-layout-flow\">\n<figure class=\"wp-block-image size-full\"><img decoding=\"async\" width=\"1000\" height=\"876\" src=\"https:\/\/www.chicasafurniture.com\/wp-content\/uploads\/2026\/03\/Aesthetics-Luxury-Bespoke-Sofa-with-Sleek-Metal-Base-1.webp\" alt=\"Aesthetics Canap\u00e9 de luxe sur mesure avec pi\u00e8tement m\u00e9tallique \u00e9pur\u00e9-1\" class=\"wp-image-1019\" srcset=\"https:\/\/www.chicasafurniture.com\/wp-content\/uploads\/2026\/03\/Aesthetics-Luxury-Bespoke-Sofa-with-Sleek-Metal-Base-1.webp 1000w, https:\/\/www.chicasafurniture.com\/wp-content\/uploads\/2026\/03\/Aesthetics-Luxury-Bespoke-Sofa-with-Sleek-Metal-Base-1-300x263.webp 300w, https:\/\/www.chicasafurniture.com\/wp-content\/uploads\/2026\/03\/Aesthetics-Luxury-Bespoke-Sofa-with-Sleek-Metal-Base-1-768x673.webp 768w, https:\/\/www.chicasafurniture.com\/wp-content\/uploads\/2026\/03\/Aesthetics-Luxury-Bespoke-Sofa-with-Sleek-Metal-Base-1-14x12.webp 14w, https:\/\/www.chicasafurniture.com\/wp-content\/uploads\/2026\/03\/Aesthetics-Luxury-Bespoke-Sofa-with-Sleek-Metal-Base-1-600x526.webp 600w\" sizes=\"(max-width: 1000px) 100vw, 1000px\" \/><\/figure>\n<\/div>\n<\/div>\n\n\n\n<figure class=\"wp-block-gallery has-nested-images columns-default is-cropped wp-block-gallery-1 is-layout-flex wp-block-gallery-is-layout-flex\">\n<figure class=\"wp-block-image size-large\"><img decoding=\"async\" width=\"1000\" height=\"1267\" data-id=\"1022\" src=\"https:\/\/www.chicasafurniture.com\/wp-content\/uploads\/2026\/03\/Aesthetics-Luxury-Bespoke-Sofa-with-Sleek-Metal-Base-4.webp\" alt=\"Aesthetics Canap\u00e9 de luxe sur mesure avec pi\u00e8tement m\u00e9tallique \u00e9pur\u00e9-4\" class=\"wp-image-1022\" srcset=\"https:\/\/www.chicasafurniture.com\/wp-content\/uploads\/2026\/03\/Aesthetics-Luxury-Bespoke-Sofa-with-Sleek-Metal-Base-4.webp 1000w, https:\/\/www.chicasafurniture.com\/wp-content\/uploads\/2026\/03\/Aesthetics-Luxury-Bespoke-Sofa-with-Sleek-Metal-Base-4-237x300.webp 237w, https:\/\/www.chicasafurniture.com\/wp-content\/uploads\/2026\/03\/Aesthetics-Luxury-Bespoke-Sofa-with-Sleek-Metal-Base-4-768x973.webp 768w, https:\/\/www.chicasafurniture.com\/wp-content\/uploads\/2026\/03\/Aesthetics-Luxury-Bespoke-Sofa-with-Sleek-Metal-Base-4-9x12.webp 9w, https:\/\/www.chicasafurniture.com\/wp-content\/uploads\/2026\/03\/Aesthetics-Luxury-Bespoke-Sofa-with-Sleek-Metal-Base-4-600x760.webp 600w\" sizes=\"(max-width: 1000px) 100vw, 1000px\" \/><\/figure>\n\n\n\n<figure class=\"wp-block-image size-large\"><img decoding=\"async\" width=\"1000\" height=\"1419\" data-id=\"1021\" src=\"https:\/\/www.chicasafurniture.com\/wp-content\/uploads\/2026\/03\/Aesthetics-Luxury-Bespoke-Sofa-with-Sleek-Metal-Base-3.webp\" alt=\"Aesthetics Canap\u00e9 de luxe sur mesure avec pi\u00e8tement m\u00e9tallique \u00e9pur\u00e9-3\" class=\"wp-image-1021\" srcset=\"https:\/\/www.chicasafurniture.com\/wp-content\/uploads\/2026\/03\/Aesthetics-Luxury-Bespoke-Sofa-with-Sleek-Metal-Base-3.webp 1000w, https:\/\/www.chicasafurniture.com\/wp-content\/uploads\/2026\/03\/Aesthetics-Luxury-Bespoke-Sofa-with-Sleek-Metal-Base-3-211x300.webp 211w, https:\/\/www.chicasafurniture.com\/wp-content\/uploads\/2026\/03\/Aesthetics-Luxury-Bespoke-Sofa-with-Sleek-Metal-Base-3-768x1090.webp 768w, https:\/\/www.chicasafurniture.com\/wp-content\/uploads\/2026\/03\/Aesthetics-Luxury-Bespoke-Sofa-with-Sleek-Metal-Base-3-8x12.webp 8w, https:\/\/www.chicasafurniture.com\/wp-content\/uploads\/2026\/03\/Aesthetics-Luxury-Bespoke-Sofa-with-Sleek-Metal-Base-3-600x851.webp 600w\" sizes=\"(max-width: 1000px) 100vw, 1000px\" \/><\/figure>\n<\/figure>","protected":false},"excerpt":{"rendered":"<p>Canap\u00e9 de luxe exquis, sur mesure, au design homog\u00e8ne. La caract\u00e9ristique principale de ce canap\u00e9 est sa base \u201cflottante\u201d en acier \u00e0 haute tension, fabriqu\u00e9e avec pr\u00e9cision ; cet \u00e9l\u00e9ment rompt avec la lourdeur visuelle des meubles traditionnels, cr\u00e9ant une impression frappante de l\u00e9g\u00e8ret\u00e9 visuelle.<\/p>\n<table style=\"border-collapse: collapse; width: 222.03pt;\" border=\"0\" width=\"222\" cellspacing=\"0\" cellpadding=\"0\">\n<tbody>\n<tr style=\"height: 15.20pt;\">\n<td class=\"et2\" style=\"height: 15.20pt; width: 81.65pt;\" width=\"81\" height=\"15\">Fabricant<\/td>\n<td class=\"et2\" style=\"width: 140.80pt;\" width=\"140\">ChiCasa<\/td>\n<\/tr>\n<tr style=\"height: 15.20pt;\">\n<td class=\"et2\" style=\"height: 15.20pt;\" height=\"15\">Cat\u00e9gorie<\/td>\n<td class=\"et2\">Canap\u00e9<\/td>\n<\/tr>\n<tr style=\"height: 15.20pt;\">\n<td class=\"et2\" style=\"height: 15.20pt;\" height=\"15\">Application<\/td>\n<td class=\"et2\">Salle de s\u00e9jour<\/td>\n<\/tr>\n<tr style=\"height: 15.20pt;\">\n<td class=\"et2\" style=\"height: 15.20pt;\" height=\"15\">Style<\/td>\n<td class=\"et2\">Luxe raffin\u00e9<\/td>\n<\/tr>\n<tr style=\"height: 15.20pt;\">\n<td class=\"et2\" style=\"height: 15.20pt;\" height=\"15\">Mod\u00e8le<\/td>\n<td class=\"et2\">QMY-SF013<\/td>\n<\/tr>\n<tr style=\"height: 15.20pt;\">\n<td class=\"et2\" style=\"height: 15.20pt;\" height=\"15\">Personnalisation<\/td>\n<td class=\"et2\">Couleur, taille, mat\u00e9riau<\/td>\n<\/tr>\n<tr style=\"height: 15.20pt;\">\n<td class=\"et2\" style=\"height: 15.20pt;\" height=\"15\">MOQ<\/td>\n<td class=\"et2\">1pcs<\/td>\n<\/tr>\n<\/tbody>\n<\/table>","protected":false},"featured_media":1020,"comment_status":"closed","ping_status":"closed","template":"","meta":{"_acf_changed":false},"product_brand":[],"product_cat":[23,16],"product_tag":[],"class_list":{"0":"post-1010","1":"product","2":"type-product","3":"status-publish","4":"has-post-thumbnail","6":"product_cat-bespoke-sofas-manufacturer","7":"product_cat-bespoke-living-room-furniture","9":"first","10":"instock","11":"shipping-taxable","12":"product-type-simple"},"acf":[],"_links":{"self":[{"href":"https:\/\/www.chicasafurniture.com\/fr\/wp-json\/wp\/v2\/product\/1010","targetHints":{"allow":["GET"]}}],"collection":[{"href":"https:\/\/www.chicasafurniture.com\/fr\/wp-json\/wp\/v2\/product"}],"about":[{"href":"https:\/\/www.chicasafurniture.com\/fr\/wp-json\/wp\/v2\/types\/product"}],"replies":[{"embeddable":true,"href":"https:\/\/www.chicasafurniture.com\/fr\/wp-json\/wp\/v2\/comments?post=1010"}],"wp:featuredmedia":[{"embeddable":true,"href":"https:\/\/www.chicasafurniture.com\/fr\/wp-json\/wp\/v2\/media\/1020"}],"wp:attachment":[{"href":"https:\/\/www.chicasafurniture.com\/fr\/wp-json\/wp\/v2\/media?parent=1010"}],"wp:term":[{"taxonomy":"product_brand","embeddable":true,"href":"https:\/\/www.chicasafurniture.com\/fr\/wp-json\/wp\/v2\/product_brand?post=1010"},{"taxonomy":"product_cat","embeddable":true,"href":"https:\/\/www.chicasafurniture.com\/fr\/wp-json\/wp\/v2\/product_cat?post=1010"},{"taxonomy":"product_tag","embeddable":true,"href":"https:\/\/www.chicasafurniture.com\/fr\/wp-json\/wp\/v2\/product_tag?post=1010"}],"curies":[{"name":"wp","href":"https:\/\/api.w.org\/{rel}","templated":true}]}}