{"id":1023,"date":"2026-03-14T07:55:38","date_gmt":"2026-03-14T07:55:38","guid":{"rendered":"https:\/\/www.chicasafurniture.com\/?post_type=product&#038;p=1023"},"modified":"2026-03-14T08:17:51","modified_gmt":"2026-03-14T08:17:51","slug":"custom-upholstered-sofa","status":"publish","type":"product","link":"https:\/\/www.chicasafurniture.com\/fr\/product\/custom-upholstered-sofa\/","title":{"rendered":"Canap\u00e9 moderne raffin\u00e9 et sur mesure, avec coussins en gradins"},"content":{"rendered":"<h2 class=\"wp-block-heading\">Sp\u00e9cifications produit du canap\u00e9 rembourr\u00e9 sur mesure<\/h2>\n\n\n\n<figure class=\"wp-block-table\"><table class=\"has-fixed-layout\"><tbody><tr><td>Cadre<\/td><td>Mat\u00e9riau de couverture<\/td><td>Mat\u00e9riau de remplissage<\/td><td>Jambes<\/td><td>Couleur<\/td><td>Taille<\/td><td>Poids<\/td><\/tr><tr><td>Bois massif<\/td><td>Tissu<\/td><td>\u00c9ponge haute densit\u00e9<\/td><td>M\u00e9tal<\/td><td>Sur mesure<\/td><td>Sur mesure<\/td><td>90-240kg<\/td><\/tr><\/tbody><\/table><\/figure>\n\n\n\n<div class=\"wp-block-columns is-layout-flex wp-container-core-columns-is-layout-9d6595d7 wp-block-columns-is-layout-flex\">\n<div class=\"wp-block-column is-layout-flow wp-block-column-is-layout-flow\">\n<h2 class=\"wp-block-heading\">Canap\u00e9 Premium Custom Upholstered Sofa Caract\u00e9ristiques :<\/h2>\n\n\n\n<ul class=\"wp-block-list\">\n<li><strong>Conception visuelle originale en couches :<\/strong> Ce canap\u00e9 rembourr\u00e9 personnalis\u00e9 pr\u00e9sente une structure de coussin en cascade, qui conf\u00e8re \u00e0 la pi\u00e8ce une riche profondeur g\u00e9om\u00e9trique et une tension architecturale, servant d'\u00e2me visuelle \u00e0 l'ensemble du design.<\/li>\n\n\n\n<li><strong>Unibody sans couture Fabrication :<\/strong> La conception int\u00e9gr\u00e9e de l'assise de nos canap\u00e9s de luxe sur mesure exige une rigidit\u00e9 exceptionnelle de la structure sous-jacente et une douceur impeccable du tissu d'ameublement, ce qui t\u00e9moigne de normes de fabrication du plus haut niveau.<\/li>\n\n\n\n<li><strong>Syst\u00e8me de soutien confortable \u00e0 plusieurs niveaux :<\/strong> Notre canap\u00e9 rembourr\u00e9 sur mesure utilise une combinaison de couches de mousses de diff\u00e9rentes densit\u00e9s pour fournir un soutien segment\u00e9 et une sensation de berceau, garantissant une exp\u00e9rience d'assise exceptionnelle, m\u00eame sous les rigueurs d'une utilisation commerciale \u00e0 long terme.<\/li>\n\n\n\n<li><strong>Base m\u00e9tallique flottante sur\u00e9lev\u00e9e :<\/strong> Nos canap\u00e9s de luxe sur mesure sont soutenus par des pieds m\u00e9talliques fins et r\u00e9sistants qui soul\u00e8vent \u00e9l\u00e9gamment le corps substantiel du canap\u00e9, conf\u00e9rant une sensation de l\u00e9g\u00e8ret\u00e9 a\u00e9rienne \u00e0 sa forme imposante tout en facilitant le nettoyage quotidien.<\/li>\n\n\n\n<li><strong>Personnalisation sur mesure :<\/strong> Nous proposons un large \u00e9ventail de finitions m\u00e9talliques (telles que le nickel bross\u00e9 et le gris gunmetal) et d'options de tissus de qualit\u00e9 sup\u00e9rieure pour nos canap\u00e9s rembourr\u00e9s sur mesure, afin de garantir que le produit final s'int\u00e8gre parfaitement \u00e0 votre sch\u00e9ma de d\u00e9coration int\u00e9rieure sp\u00e9cifique.<\/li>\n<\/ul>\n<\/div>\n\n\n\n<div class=\"wp-block-column is-layout-flow wp-block-column-is-layout-flow\">\n<figure class=\"wp-block-image size-full\"><img decoding=\"async\" width=\"1200\" height=\"900\" src=\"https:\/\/www.chicasafurniture.com\/wp-content\/uploads\/2026\/03\/Refined-Custom-Upholstered-Sofa-Tiered-Cushion-Modern-Couch-2.webp\" alt=\"Canap\u00e9 raffin\u00e9 sur mesure, avec coussins en gradins Canap\u00e9 moderne-2\" class=\"wp-image-1025\" srcset=\"https:\/\/www.chicasafurniture.com\/wp-content\/uploads\/2026\/03\/Refined-Custom-Upholstered-Sofa-Tiered-Cushion-Modern-Couch-2.webp 1200w, https:\/\/www.chicasafurniture.com\/wp-content\/uploads\/2026\/03\/Refined-Custom-Upholstered-Sofa-Tiered-Cushion-Modern-Couch-2-300x225.webp 300w, https:\/\/www.chicasafurniture.com\/wp-content\/uploads\/2026\/03\/Refined-Custom-Upholstered-Sofa-Tiered-Cushion-Modern-Couch-2-768x576.webp 768w, https:\/\/www.chicasafurniture.com\/wp-content\/uploads\/2026\/03\/Refined-Custom-Upholstered-Sofa-Tiered-Cushion-Modern-Couch-2-16x12.webp 16w, https:\/\/www.chicasafurniture.com\/wp-content\/uploads\/2026\/03\/Refined-Custom-Upholstered-Sofa-Tiered-Cushion-Modern-Couch-2-600x450.webp 600w\" sizes=\"(max-width: 1200px) 100vw, 1200px\" \/><\/figure>\n<\/div>\n<\/div>\n\n\n\n<figure class=\"wp-block-gallery has-nested-images columns-default is-cropped wp-block-gallery-1 is-layout-flex wp-block-gallery-is-layout-flex\">\n<figure class=\"wp-block-image size-full\"><img decoding=\"async\" width=\"800\" height=\"1066\" data-id=\"1027\" src=\"https:\/\/www.chicasafurniture.com\/wp-content\/uploads\/2026\/03\/Refined-Custom-Upholstered-Sofa-Tiered-Cushion-Modern-Couch-4.webp\" alt=\"Canap\u00e9 raffin\u00e9 sur mesure, avec coussins en gradins Canap\u00e9 moderne-4\" class=\"wp-image-1027\" srcset=\"https:\/\/www.chicasafurniture.com\/wp-content\/uploads\/2026\/03\/Refined-Custom-Upholstered-Sofa-Tiered-Cushion-Modern-Couch-4.webp 800w, https:\/\/www.chicasafurniture.com\/wp-content\/uploads\/2026\/03\/Refined-Custom-Upholstered-Sofa-Tiered-Cushion-Modern-Couch-4-225x300.webp 225w, https:\/\/www.chicasafurniture.com\/wp-content\/uploads\/2026\/03\/Refined-Custom-Upholstered-Sofa-Tiered-Cushion-Modern-Couch-4-768x1023.webp 768w, https:\/\/www.chicasafurniture.com\/wp-content\/uploads\/2026\/03\/Refined-Custom-Upholstered-Sofa-Tiered-Cushion-Modern-Couch-4-9x12.webp 9w, https:\/\/www.chicasafurniture.com\/wp-content\/uploads\/2026\/03\/Refined-Custom-Upholstered-Sofa-Tiered-Cushion-Modern-Couch-4-600x800.webp 600w\" sizes=\"(max-width: 800px) 100vw, 800px\" \/><\/figure>\n\n\n\n<figure class=\"wp-block-image size-full\"><img decoding=\"async\" width=\"900\" height=\"1200\" data-id=\"1028\" src=\"https:\/\/www.chicasafurniture.com\/wp-content\/uploads\/2026\/03\/Refined-Custom-Upholstered-Sofa-Tiered-Cushion-Modern-Couch-5.webp\" alt=\"Canap\u00e9 raffin\u00e9 sur mesure, avec coussins en gradins Canap\u00e9 moderne-5\" class=\"wp-image-1028\" srcset=\"https:\/\/www.chicasafurniture.com\/wp-content\/uploads\/2026\/03\/Refined-Custom-Upholstered-Sofa-Tiered-Cushion-Modern-Couch-5.webp 900w, https:\/\/www.chicasafurniture.com\/wp-content\/uploads\/2026\/03\/Refined-Custom-Upholstered-Sofa-Tiered-Cushion-Modern-Couch-5-225x300.webp 225w, https:\/\/www.chicasafurniture.com\/wp-content\/uploads\/2026\/03\/Refined-Custom-Upholstered-Sofa-Tiered-Cushion-Modern-Couch-5-768x1024.webp 768w, https:\/\/www.chicasafurniture.com\/wp-content\/uploads\/2026\/03\/Refined-Custom-Upholstered-Sofa-Tiered-Cushion-Modern-Couch-5-9x12.webp 9w, https:\/\/www.chicasafurniture.com\/wp-content\/uploads\/2026\/03\/Refined-Custom-Upholstered-Sofa-Tiered-Cushion-Modern-Couch-5-600x800.webp 600w\" sizes=\"(max-width: 900px) 100vw, 900px\" \/><\/figure>\n<\/figure>\n\n\n\n<figure class=\"wp-block-image size-full\"><img decoding=\"async\" width=\"1200\" height=\"800\" src=\"https:\/\/www.chicasafurniture.com\/wp-content\/uploads\/2026\/03\/Refined-Custom-Upholstered-Sofa-Tiered-Cushion-Modern-Couch-6.webp\" alt=\"Canap\u00e9 raffin\u00e9 sur mesure, avec coussins en gradins Canap\u00e9 moderne-6\" class=\"wp-image-1029\" srcset=\"https:\/\/www.chicasafurniture.com\/wp-content\/uploads\/2026\/03\/Refined-Custom-Upholstered-Sofa-Tiered-Cushion-Modern-Couch-6.webp 1200w, https:\/\/www.chicasafurniture.com\/wp-content\/uploads\/2026\/03\/Refined-Custom-Upholstered-Sofa-Tiered-Cushion-Modern-Couch-6-300x200.webp 300w, https:\/\/www.chicasafurniture.com\/wp-content\/uploads\/2026\/03\/Refined-Custom-Upholstered-Sofa-Tiered-Cushion-Modern-Couch-6-768x512.webp 768w, https:\/\/www.chicasafurniture.com\/wp-content\/uploads\/2026\/03\/Refined-Custom-Upholstered-Sofa-Tiered-Cushion-Modern-Couch-6-18x12.webp 18w, https:\/\/www.chicasafurniture.com\/wp-content\/uploads\/2026\/03\/Refined-Custom-Upholstered-Sofa-Tiered-Cushion-Modern-Couch-6-600x400.webp 600w\" sizes=\"(max-width: 1200px) 100vw, 1200px\" \/><\/figure>","protected":false},"excerpt":{"rendered":"<p>Source est un canap\u00e9 rembourr\u00e9 haut de gamme personnalis\u00e9, dot\u00e9 d'un coussin en gradins d'inspiration architecturale et d'\u00e9l\u00e9gants pieds en m\u00e9tal. Cette pi\u00e8ce rompt avec la monotonie des meubles traditionnels, cr\u00e9ant une pr\u00e9sence sculpturale riche en profondeur g\u00e9om\u00e9trique et en superposition.<\/p>\n<table style=\"border-collapse: collapse; width: 222.03pt;\" border=\"0\" width=\"222\" cellspacing=\"0\" cellpadding=\"0\">\n<tbody>\n<tr style=\"height: 15.20pt;\">\n<td class=\"et2\" style=\"height: 15.20pt; width: 81.65pt;\" width=\"81\" height=\"15\">Fabricant<\/td>\n<td class=\"et2\" style=\"width: 140.80pt;\" width=\"140\">ChiCasa<\/td>\n<\/tr>\n<tr style=\"height: 15.20pt;\">\n<td class=\"et2\" style=\"height: 15.20pt;\" height=\"15\">Cat\u00e9gorie<\/td>\n<td class=\"et2\">Canap\u00e9<\/td>\n<\/tr>\n<tr style=\"height: 15.20pt;\">\n<td class=\"et2\" style=\"height: 15.20pt;\" height=\"15\">Application<\/td>\n<td class=\"et2\">Salle de s\u00e9jour<\/td>\n<\/tr>\n<tr style=\"height: 15.20pt;\">\n<td class=\"et2\" style=\"height: 15.20pt;\" height=\"15\">Style<\/td>\n<td class=\"et2\">Luxe raffin\u00e9<\/td>\n<\/tr>\n<tr style=\"height: 15.20pt;\">\n<td class=\"et2\" style=\"height: 15.20pt;\" height=\"15\">Mod\u00e8le<\/td>\n<td class=\"et2\">QMY-SF018<\/td>\n<\/tr>\n<tr style=\"height: 15.20pt;\">\n<td class=\"et2\" style=\"height: 15.20pt;\" height=\"15\">Personnalisation<\/td>\n<td class=\"et2\">Couleur, taille, mat\u00e9riau<\/td>\n<\/tr>\n<tr style=\"height: 15.20pt;\">\n<td class=\"et2\" style=\"height: 15.20pt;\" height=\"15\">MOQ<\/td>\n<td class=\"et2\">1pcs<\/td>\n<\/tr>\n<\/tbody>\n<\/table>","protected":false},"featured_media":1024,"comment_status":"closed","ping_status":"closed","template":"","meta":{"_acf_changed":false},"product_brand":[],"product_cat":[23,16],"product_tag":[],"class_list":{"0":"post-1023","1":"product","2":"type-product","3":"status-publish","4":"has-post-thumbnail","6":"product_cat-bespoke-sofas-manufacturer","7":"product_cat-bespoke-living-room-furniture","9":"first","10":"instock","11":"shipping-taxable","12":"product-type-simple"},"acf":[],"_links":{"self":[{"href":"https:\/\/www.chicasafurniture.com\/fr\/wp-json\/wp\/v2\/product\/1023","targetHints":{"allow":["GET"]}}],"collection":[{"href":"https:\/\/www.chicasafurniture.com\/fr\/wp-json\/wp\/v2\/product"}],"about":[{"href":"https:\/\/www.chicasafurniture.com\/fr\/wp-json\/wp\/v2\/types\/product"}],"replies":[{"embeddable":true,"href":"https:\/\/www.chicasafurniture.com\/fr\/wp-json\/wp\/v2\/comments?post=1023"}],"wp:featuredmedia":[{"embeddable":true,"href":"https:\/\/www.chicasafurniture.com\/fr\/wp-json\/wp\/v2\/media\/1024"}],"wp:attachment":[{"href":"https:\/\/www.chicasafurniture.com\/fr\/wp-json\/wp\/v2\/media?parent=1023"}],"wp:term":[{"taxonomy":"product_brand","embeddable":true,"href":"https:\/\/www.chicasafurniture.com\/fr\/wp-json\/wp\/v2\/product_brand?post=1023"},{"taxonomy":"product_cat","embeddable":true,"href":"https:\/\/www.chicasafurniture.com\/fr\/wp-json\/wp\/v2\/product_cat?post=1023"},{"taxonomy":"product_tag","embeddable":true,"href":"https:\/\/www.chicasafurniture.com\/fr\/wp-json\/wp\/v2\/product_tag?post=1023"}],"curies":[{"name":"wp","href":"https:\/\/api.w.org\/{rel}","templated":true}]}}