{"id":1030,"date":"2026-03-14T08:35:30","date_gmt":"2026-03-14T08:35:30","guid":{"rendered":"https:\/\/www.chicasafurniture.com\/?post_type=product&#038;p=1030"},"modified":"2026-03-14T08:55:29","modified_gmt":"2026-03-14T08:55:29","slug":"custom-made-upholstered-beds","status":"publish","type":"product","link":"https:\/\/www.chicasafurniture.com\/fr\/product\/custom-made-upholstered-beds\/","title":{"rendered":"Lits rembourr\u00e9s sur mesure, lit de luxe minimaliste en tissu"},"content":{"rendered":"<h2 class=\"wp-block-heading\">Sp\u00e9cifications des produits pour les lits rembourr\u00e9s sur mesure<\/h2>\n\n\n\n<figure class=\"wp-block-table\"><table class=\"has-fixed-layout\"><tbody><tr><td>Cadre<\/td><td>Mat\u00e9riau de couverture<\/td><td>Mat\u00e9riau de remplissage<\/td><td>Jambes<\/td><td>Couleur<\/td><td>Taille<\/td><td>Poids<\/td><\/tr><tr><td>Bois massif<\/td><td>Tissu<\/td><td>\u00c9ponge haute densit\u00e9<\/td><td>M\u00e9tal<\/td><td>Sur mesure<\/td><td>TAILLE KING<\/td><td>90-120kg<\/td><\/tr><\/tbody><\/table><\/figure>\n\n\n\n<div class=\"wp-block-columns is-layout-flex wp-container-core-columns-is-layout-9d6595d7 wp-block-columns-is-layout-flex\">\n<div class=\"wp-block-column is-layout-flow wp-block-column-is-layout-flow\">\n<h2 class=\"wp-block-heading\">Premium Custom Made Upholstered Beds Caract\u00e9ristiques :<\/h2>\n\n\n\n<ul class=\"wp-block-list\">\n<li><strong>Dossier immersif, semblable \u00e0 un nuage :<\/strong> Nos lits rembourr\u00e9s sur mesure sont dot\u00e9s d'une t\u00eate de lit remplie de mousse r\u00e9siliente de haute densit\u00e9. La conception unique, l\u00e9g\u00e8rement incurv\u00e9e et substantielle offre un soutien complet et enveloppant pour votre dos, transformant la t\u00eate de lit en un sanctuaire parfait pour la lecture et la relaxation.<\/li>\n\n\n\n<li><strong>Profil bas, flottant Esth\u00e9tique :<\/strong> Ce lit sur mesure est dot\u00e9 d'un pi\u00e8tement robuste et dissimul\u00e9 qui cr\u00e9e un effet visuel \u00e9l\u00e9gant et discret. Cela renforce non seulement l'impression d'espace dans la chambre \u00e0 coucher, mais garantit \u00e9galement une s\u00e9curit\u00e9 et une stabilit\u00e9 sup\u00e9rieures.<\/li>\n\n\n\n<li><strong>Haute-Couture Fabrication du tissu :<\/strong> Nos lits rembourr\u00e9s sur mesure offrent un large \u00e9ventail d'options de personnalisation des tissus - des m\u00e9langes coton-linium doux pour la peau aux tissus techniques r\u00e9sistants aux taches, en passant par la luxueuse chenille. Les coutures sont m\u00e9ticuleusement fines et r\u00e9guli\u00e8res, ce qui t\u00e9moigne d'une grande pr\u00e9cision de fabrication.<\/li>\n\n\n\n<li><strong>Syst\u00e8me de support de lattes renforc\u00e9 :<\/strong> \u00c0 l'int\u00e9rieur, ce lit sur mesure est \u00e9quip\u00e9 d'un syst\u00e8me de lattes \u00e9paisses et silencieuses. Il offre une capacit\u00e9 de charge exceptionnelle et r\u00e9partit uniform\u00e9ment la pression, prolongeant ainsi la dur\u00e9e de vie de votre matelas tout en vous garantissant un sommeil totalement silencieux.<\/li>\n\n\n\n<li><strong>Personnalisation flexible :<\/strong> Nos lits rembourr\u00e9s sur mesure offrent une personnalisation 1:1 des dimensions, des mat\u00e9riaux des tissus et de la hauteur des dossiers, ce qui permet une int\u00e9gration pr\u00e9cise et transparente dans n'importe quel sch\u00e9ma de d\u00e9coration d'int\u00e9rieur.<\/li>\n<\/ul>\n<\/div>\n\n\n\n<div class=\"wp-block-column is-layout-flow wp-block-column-is-layout-flow\">\n<figure class=\"wp-block-image size-full\"><img decoding=\"async\" width=\"900\" height=\"1200\" src=\"https:\/\/www.chicasafurniture.com\/wp-content\/uploads\/2026\/03\/Custom-Made-Upholstered-Beds-Minimalist-Luxury-Fabric-Bed-4.webp\" alt=\"Lits rembourr\u00e9s sur mesure, Lit Minimaliste de Luxe en Tissu-4\" class=\"wp-image-1034\" srcset=\"https:\/\/www.chicasafurniture.com\/wp-content\/uploads\/2026\/03\/Custom-Made-Upholstered-Beds-Minimalist-Luxury-Fabric-Bed-4.webp 900w, https:\/\/www.chicasafurniture.com\/wp-content\/uploads\/2026\/03\/Custom-Made-Upholstered-Beds-Minimalist-Luxury-Fabric-Bed-4-225x300.webp 225w, https:\/\/www.chicasafurniture.com\/wp-content\/uploads\/2026\/03\/Custom-Made-Upholstered-Beds-Minimalist-Luxury-Fabric-Bed-4-768x1024.webp 768w, https:\/\/www.chicasafurniture.com\/wp-content\/uploads\/2026\/03\/Custom-Made-Upholstered-Beds-Minimalist-Luxury-Fabric-Bed-4-9x12.webp 9w, https:\/\/www.chicasafurniture.com\/wp-content\/uploads\/2026\/03\/Custom-Made-Upholstered-Beds-Minimalist-Luxury-Fabric-Bed-4-600x800.webp 600w\" sizes=\"(max-width: 900px) 100vw, 900px\" \/><\/figure>\n<\/div>\n<\/div>\n\n\n\n<figure class=\"wp-block-image size-full\"><img decoding=\"async\" width=\"1200\" height=\"842\" src=\"https:\/\/www.chicasafurniture.com\/wp-content\/uploads\/2026\/03\/Custom-Made-Upholstered-Beds-Minimalist-Luxury-Fabric-Bed-3.webp\" alt=\"Lits rembourr\u00e9s sur mesure, Lit de luxe minimaliste en tissu-3\" class=\"wp-image-1033\" srcset=\"https:\/\/www.chicasafurniture.com\/wp-content\/uploads\/2026\/03\/Custom-Made-Upholstered-Beds-Minimalist-Luxury-Fabric-Bed-3.webp 1200w, https:\/\/www.chicasafurniture.com\/wp-content\/uploads\/2026\/03\/Custom-Made-Upholstered-Beds-Minimalist-Luxury-Fabric-Bed-3-300x211.webp 300w, https:\/\/www.chicasafurniture.com\/wp-content\/uploads\/2026\/03\/Custom-Made-Upholstered-Beds-Minimalist-Luxury-Fabric-Bed-3-768x539.webp 768w, https:\/\/www.chicasafurniture.com\/wp-content\/uploads\/2026\/03\/Custom-Made-Upholstered-Beds-Minimalist-Luxury-Fabric-Bed-3-18x12.webp 18w, https:\/\/www.chicasafurniture.com\/wp-content\/uploads\/2026\/03\/Custom-Made-Upholstered-Beds-Minimalist-Luxury-Fabric-Bed-3-600x421.webp 600w\" sizes=\"(max-width: 1200px) 100vw, 1200px\" \/><\/figure>\n\n\n\n<figure class=\"wp-block-image size-full\"><img decoding=\"async\" width=\"1920\" height=\"1080\" src=\"https:\/\/www.chicasafurniture.com\/wp-content\/uploads\/2026\/02\/Modern-Custom-Fabric-Bed-Slim-Frame-Upholstered-Platform-3.webp\" alt=\"Lit moderne en tissu sur mesure, cadre mince plate-forme rembourr\u00e9e-3\" class=\"wp-image-597\" srcset=\"https:\/\/www.chicasafurniture.com\/wp-content\/uploads\/2026\/02\/Modern-Custom-Fabric-Bed-Slim-Frame-Upholstered-Platform-3.webp 1920w, https:\/\/www.chicasafurniture.com\/wp-content\/uploads\/2026\/02\/Modern-Custom-Fabric-Bed-Slim-Frame-Upholstered-Platform-3-300x169.webp 300w, https:\/\/www.chicasafurniture.com\/wp-content\/uploads\/2026\/02\/Modern-Custom-Fabric-Bed-Slim-Frame-Upholstered-Platform-3-768x432.webp 768w, https:\/\/www.chicasafurniture.com\/wp-content\/uploads\/2026\/02\/Modern-Custom-Fabric-Bed-Slim-Frame-Upholstered-Platform-3-1200x675.webp 1200w, https:\/\/www.chicasafurniture.com\/wp-content\/uploads\/2026\/02\/Modern-Custom-Fabric-Bed-Slim-Frame-Upholstered-Platform-3-600x338.webp 600w\" sizes=\"(max-width: 1920px) 100vw, 1920px\" \/><\/figure>","protected":false},"excerpt":{"rendered":"<p>\u00c9levez votre chambre \u00e0 coucher principale avec nos lits rembourr\u00e9s sur mesure. Ce lit sur mesure, moderne et minimaliste, est dot\u00e9 d'une t\u00eate de lit rembourr\u00e9e tr\u00e8s large et tr\u00e8s \u00e9paisse, con\u00e7ue selon des principes ergonomiques, offrant une exp\u00e9rience de d\u00e9tente semblable \u00e0 celle d'un canap\u00e9. Il s'agit du choix id\u00e9al pour les r\u00e9sidences de luxe modernes et les h\u00f4tels de charme.<\/p>\n<table style=\"border-collapse: collapse; width: 222.03pt;\" border=\"0\" width=\"222\" cellspacing=\"0\" cellpadding=\"0\">\n<tbody>\n<tr style=\"height: 15.20pt;\">\n<td class=\"et2\" style=\"height: 15.20pt; width: 81.65pt;\" width=\"81\" height=\"15\">Fabricant<\/td>\n<td class=\"et2\" style=\"width: 140.80pt;\" width=\"140\">ChiCasa<\/td>\n<\/tr>\n<tr style=\"height: 15.20pt;\">\n<td class=\"et2\" style=\"height: 15.20pt;\" height=\"15\">Cat\u00e9gorie<\/td>\n<td>Lit<\/td>\n<\/tr>\n<tr style=\"height: 15.20pt;\">\n<td class=\"et2\" style=\"height: 15.20pt;\" height=\"15\">Application<\/td>\n<td class=\"et2\">Chambre \u00e0 coucher<\/td>\n<\/tr>\n<tr style=\"height: 15.20pt;\">\n<td class=\"et2\" style=\"height: 15.20pt;\" height=\"15\">Style<\/td>\n<td class=\"et2\">Minimaliste<\/td>\n<\/tr>\n<tr style=\"height: 15.20pt;\">\n<td class=\"et2\" style=\"height: 15.20pt;\" height=\"15\">Mod\u00e8le<\/td>\n<td class=\"et2\">QMY-BE005<\/td>\n<\/tr>\n<tr style=\"height: 15.20pt;\">\n<td class=\"et2\" style=\"height: 15.20pt;\" height=\"15\">Personnalisation<\/td>\n<td class=\"et2\">Couleur, taille, mat\u00e9riau<\/td>\n<\/tr>\n<tr style=\"height: 15.20pt;\">\n<td class=\"et2\" style=\"height: 15.20pt;\" height=\"15\">MOQ<\/td>\n<td class=\"et2\">1pcs<\/td>\n<\/tr>\n<\/tbody>\n<\/table>","protected":false},"featured_media":1031,"comment_status":"closed","ping_status":"closed","template":"","meta":{"_acf_changed":false},"product_brand":[],"product_cat":[33,18],"product_tag":[],"class_list":{"0":"post-1030","1":"product","2":"type-product","3":"status-publish","4":"has-post-thumbnail","6":"product_cat-custom-beds-manufacturer","7":"product_cat-bespoke-bedroom-furniture","9":"first","10":"instock","11":"shipping-taxable","12":"product-type-simple"},"acf":[],"_links":{"self":[{"href":"https:\/\/www.chicasafurniture.com\/fr\/wp-json\/wp\/v2\/product\/1030","targetHints":{"allow":["GET"]}}],"collection":[{"href":"https:\/\/www.chicasafurniture.com\/fr\/wp-json\/wp\/v2\/product"}],"about":[{"href":"https:\/\/www.chicasafurniture.com\/fr\/wp-json\/wp\/v2\/types\/product"}],"replies":[{"embeddable":true,"href":"https:\/\/www.chicasafurniture.com\/fr\/wp-json\/wp\/v2\/comments?post=1030"}],"wp:featuredmedia":[{"embeddable":true,"href":"https:\/\/www.chicasafurniture.com\/fr\/wp-json\/wp\/v2\/media\/1031"}],"wp:attachment":[{"href":"https:\/\/www.chicasafurniture.com\/fr\/wp-json\/wp\/v2\/media?parent=1030"}],"wp:term":[{"taxonomy":"product_brand","embeddable":true,"href":"https:\/\/www.chicasafurniture.com\/fr\/wp-json\/wp\/v2\/product_brand?post=1030"},{"taxonomy":"product_cat","embeddable":true,"href":"https:\/\/www.chicasafurniture.com\/fr\/wp-json\/wp\/v2\/product_cat?post=1030"},{"taxonomy":"product_tag","embeddable":true,"href":"https:\/\/www.chicasafurniture.com\/fr\/wp-json\/wp\/v2\/product_tag?post=1030"}],"curies":[{"name":"wp","href":"https:\/\/api.w.org\/{rel}","templated":true}]}}