{"id":1035,"date":"2026-03-14T08:57:55","date_gmt":"2026-03-14T08:57:55","guid":{"rendered":"https:\/\/www.chicasafurniture.com\/?post_type=product&#038;p=1035"},"modified":"2026-03-14T09:16:26","modified_gmt":"2026-03-14T09:16:26","slug":"custom-furniture-bed","status":"publish","type":"product","link":"https:\/\/www.chicasafurniture.com\/fr\/product\/custom-furniture-bed\/","title":{"rendered":"Lit Custom Furniture, Lit de luxe moderne cannel\u00e9 et rembourr\u00e9"},"content":{"rendered":"<h2 class=\"wp-block-heading\">Sp\u00e9cifications des produits de Custom Furniture Bed<\/h2>\n\n\n\n<figure class=\"wp-block-table\"><table class=\"has-fixed-layout\"><tbody><tr><td>Cadre<\/td><td>Mat\u00e9riau de couverture<\/td><td>Mat\u00e9riau de remplissage<\/td><td>Jambes<\/td><td>Couleur<\/td><td>Taille<\/td><td>Poids<\/td><\/tr><tr><td>Bois massif<\/td><td>Tissu<\/td><td>\u00c9ponge haute densit\u00e9<\/td><td>\/<\/td><td>Sur mesure<\/td><td>TAILLE KING<\/td><td>90-120kg<\/td><\/tr><\/tbody><\/table><\/figure>\n\n\n\n<div class=\"wp-block-columns is-layout-flex wp-container-core-columns-is-layout-9d6595d7 wp-block-columns-is-layout-flex\">\n<div class=\"wp-block-column is-layout-flow wp-block-column-is-layout-flow\">\n<h2 class=\"wp-block-heading\">Premium Custom Furniture Bed Features :<\/h2>\n\n\n\n<ul class=\"wp-block-list\">\n<li><strong>Dossier g\u00e9om\u00e9trique vertical :<\/strong> Ce lit sur mesure pr\u00e9sente une esth\u00e9tique lin\u00e9aire distinctive cr\u00e9\u00e9e gr\u00e2ce \u00e0 une technique unique de moulage en trois dimensions. Non seulement ce design poss\u00e8de un flair moderne tr\u00e8s reconnaissable, mais il rehausse aussi visuellement la hauteur de plafond per\u00e7ue dans la chambre \u00e0 coucher.<\/li>\n\n\n\n<li><strong>D\u00e9tente par zones : <\/strong>La t\u00eate de lit de ce lit sur mesure incorpore plusieurs couches de mousse \u00e0 haute r\u00e9silience de diff\u00e9rentes densit\u00e9s. Cette conception offre un soutien diff\u00e9renci\u00e9 adapt\u00e9 sp\u00e9cifiquement \u00e0 la nuque, aux \u00e9paules et au dos, offrant une exp\u00e9rience de couchage rappelant celle d'un h\u00f4tel de luxe cinq \u00e9toiles.<\/li>\n\n\n\n<li><strong>Structure int\u00e9gr\u00e9e sans couture : <\/strong>Le cadre et la t\u00eate de lit de ce meuble personnalis\u00e9 sont assembl\u00e9s \u00e0 l'aide d'un syst\u00e8me de connexion int\u00e9gr\u00e9 tr\u00e8s stable. Cela garantit une apparence visuellement unifi\u00e9e et une int\u00e9grit\u00e9 structurelle robuste, emp\u00eachant efficacement les craquements ou les bruits qui peuvent souvent se d\u00e9velopper apr\u00e8s une utilisation prolong\u00e9e.<\/li>\n\n\n\n<li><strong>Flexibilit\u00e9 de personnalisation ultime : <\/strong>Nos meubles-lits sur mesure offrent des options de personnalisation \u00e9tendues en ce qui concerne les mat\u00e9riaux d'ameublement, y compris les velours de qualit\u00e9 sup\u00e9rieure, les tissus de haute technologie et les cuirs microfibres. En outre, les dimensions du cadre de lit peuvent \u00eatre enti\u00e8rement ajust\u00e9es pour r\u00e9pondre aux exigences sp\u00e9cifiques du march\u00e9 de diff\u00e9rentes r\u00e9gions et de diff\u00e9rents pays.<\/li>\n<\/ul>\n<\/div>\n\n\n\n<div class=\"wp-block-column is-layout-flow wp-block-column-is-layout-flow\">\n<figure class=\"wp-block-image size-full\"><img decoding=\"async\" width=\"720\" height=\"960\" src=\"https:\/\/www.chicasafurniture.com\/wp-content\/uploads\/2026\/03\/Custom-Furniture-Bed-Modern-Fluted-Upholstered-Luxury-Bed-4.webp\" alt=\"Custom Furniture Bed, lit de luxe moderne \u00e0 cannelures et \u00e0 capitons - 4\" class=\"wp-image-1039\" srcset=\"https:\/\/www.chicasafurniture.com\/wp-content\/uploads\/2026\/03\/Custom-Furniture-Bed-Modern-Fluted-Upholstered-Luxury-Bed-4.webp 720w, https:\/\/www.chicasafurniture.com\/wp-content\/uploads\/2026\/03\/Custom-Furniture-Bed-Modern-Fluted-Upholstered-Luxury-Bed-4-225x300.webp 225w, https:\/\/www.chicasafurniture.com\/wp-content\/uploads\/2026\/03\/Custom-Furniture-Bed-Modern-Fluted-Upholstered-Luxury-Bed-4-9x12.webp 9w, https:\/\/www.chicasafurniture.com\/wp-content\/uploads\/2026\/03\/Custom-Furniture-Bed-Modern-Fluted-Upholstered-Luxury-Bed-4-600x800.webp 600w\" sizes=\"(max-width: 720px) 100vw, 720px\" \/><\/figure>\n<\/div>\n<\/div>\n\n\n\n<div class=\"wp-block-columns is-layout-flex wp-container-core-columns-is-layout-9d6595d7 wp-block-columns-is-layout-flex\">\n<div class=\"wp-block-column is-layout-flow wp-block-column-is-layout-flow\">\n<figure class=\"wp-block-image size-full\"><img decoding=\"async\" width=\"1200\" height=\"800\" src=\"https:\/\/www.chicasafurniture.com\/wp-content\/uploads\/2026\/03\/Custom-Furniture-Bed-Modern-Fluted-Upholstered-Luxury-Bed-3.webp\" alt=\"Custom Furniture Bed, lit de luxe moderne \u00e0 cannelures 3\" class=\"wp-image-1038\" srcset=\"https:\/\/www.chicasafurniture.com\/wp-content\/uploads\/2026\/03\/Custom-Furniture-Bed-Modern-Fluted-Upholstered-Luxury-Bed-3.webp 1200w, https:\/\/www.chicasafurniture.com\/wp-content\/uploads\/2026\/03\/Custom-Furniture-Bed-Modern-Fluted-Upholstered-Luxury-Bed-3-300x200.webp 300w, https:\/\/www.chicasafurniture.com\/wp-content\/uploads\/2026\/03\/Custom-Furniture-Bed-Modern-Fluted-Upholstered-Luxury-Bed-3-768x512.webp 768w, https:\/\/www.chicasafurniture.com\/wp-content\/uploads\/2026\/03\/Custom-Furniture-Bed-Modern-Fluted-Upholstered-Luxury-Bed-3-18x12.webp 18w, https:\/\/www.chicasafurniture.com\/wp-content\/uploads\/2026\/03\/Custom-Furniture-Bed-Modern-Fluted-Upholstered-Luxury-Bed-3-600x400.webp 600w\" sizes=\"(max-width: 1200px) 100vw, 1200px\" \/><\/figure>\n<\/div>\n\n\n\n<div class=\"wp-block-column is-layout-flow wp-block-column-is-layout-flow\">\n<figure class=\"wp-block-image size-full\"><img decoding=\"async\" width=\"1200\" height=\"800\" src=\"https:\/\/www.chicasafurniture.com\/wp-content\/uploads\/2026\/03\/Custom-Furniture-Bed-Modern-Fluted-Upholstered-Luxury-Bed-2.webp\" alt=\"Custom Furniture Bed, lit de luxe moderne \u00e0 cannelures 2\" class=\"wp-image-1037\" srcset=\"https:\/\/www.chicasafurniture.com\/wp-content\/uploads\/2026\/03\/Custom-Furniture-Bed-Modern-Fluted-Upholstered-Luxury-Bed-2.webp 1200w, https:\/\/www.chicasafurniture.com\/wp-content\/uploads\/2026\/03\/Custom-Furniture-Bed-Modern-Fluted-Upholstered-Luxury-Bed-2-300x200.webp 300w, https:\/\/www.chicasafurniture.com\/wp-content\/uploads\/2026\/03\/Custom-Furniture-Bed-Modern-Fluted-Upholstered-Luxury-Bed-2-768x512.webp 768w, https:\/\/www.chicasafurniture.com\/wp-content\/uploads\/2026\/03\/Custom-Furniture-Bed-Modern-Fluted-Upholstered-Luxury-Bed-2-18x12.webp 18w, https:\/\/www.chicasafurniture.com\/wp-content\/uploads\/2026\/03\/Custom-Furniture-Bed-Modern-Fluted-Upholstered-Luxury-Bed-2-600x400.webp 600w\" sizes=\"(max-width: 1200px) 100vw, 1200px\" \/><\/figure>\n<\/div>\n<\/div>","protected":false},"excerpt":{"rendered":"<p>Am\u00e9liorez l'ambiance de votre chambre \u00e0 coucher avec notre lit sur mesure. Ce lit beapoke est dot\u00e9 d'une t\u00eate de lit cannel\u00e9e \u00e0 profil haut. Cadre minimaliste int\u00e9gr\u00e9 avec options de tissu sur mesure pour les chambres \u00e0 coucher de luxe.<\/p>\n<table style=\"border-collapse: collapse; width: 222.03pt;\" border=\"0\" width=\"222\" cellspacing=\"0\" cellpadding=\"0\">\n<tbody>\n<tr style=\"height: 15.20pt;\">\n<td class=\"et2\" style=\"height: 15.20pt; width: 81.65pt;\" width=\"81\" height=\"15\">Fabricant<\/td>\n<td class=\"et2\" style=\"width: 140.80pt;\" width=\"140\">Chicasa<\/td>\n<\/tr>\n<tr style=\"height: 15.20pt;\">\n<td class=\"et2\" style=\"height: 15.20pt;\" height=\"15\">Cat\u00e9gorie<\/td>\n<td class=\"et2\">Lit<\/td>\n<\/tr>\n<tr style=\"height: 15.20pt;\">\n<td class=\"et2\" style=\"height: 15.20pt;\" height=\"15\">Application<\/td>\n<td class=\"et2\">Chambre \u00e0 coucher<\/td>\n<\/tr>\n<tr style=\"height: 15.20pt;\">\n<td class=\"et2\" style=\"height: 15.20pt;\" height=\"15\">Style<\/td>\n<td class=\"et2\">Luxe raffin\u00e9<\/td>\n<\/tr>\n<tr style=\"height: 15.20pt;\">\n<td class=\"et2\" style=\"height: 15.20pt;\" height=\"15\">Mod\u00e8le<\/td>\n<td class=\"et2\">QMY-BE010<\/td>\n<\/tr>\n<tr style=\"height: 15.20pt;\">\n<td class=\"et2\" style=\"height: 15.20pt;\" height=\"15\">Personnalisation<\/td>\n<td class=\"et2\">Couleur, taille, mat\u00e9riau<\/td>\n<\/tr>\n<tr style=\"height: 15.20pt;\">\n<td class=\"et2\" style=\"height: 15.20pt;\" height=\"15\">MOQ<\/td>\n<td class=\"et2\">1pcs<\/td>\n<\/tr>\n<\/tbody>\n<\/table>","protected":false},"featured_media":1036,"comment_status":"closed","ping_status":"closed","template":"","meta":{"_acf_changed":false},"product_brand":[],"product_cat":[33,18],"product_tag":[],"class_list":{"0":"post-1035","1":"product","2":"type-product","3":"status-publish","4":"has-post-thumbnail","6":"product_cat-custom-beds-manufacturer","7":"product_cat-bespoke-bedroom-furniture","9":"first","10":"instock","11":"shipping-taxable","12":"product-type-simple"},"acf":[],"_links":{"self":[{"href":"https:\/\/www.chicasafurniture.com\/fr\/wp-json\/wp\/v2\/product\/1035","targetHints":{"allow":["GET"]}}],"collection":[{"href":"https:\/\/www.chicasafurniture.com\/fr\/wp-json\/wp\/v2\/product"}],"about":[{"href":"https:\/\/www.chicasafurniture.com\/fr\/wp-json\/wp\/v2\/types\/product"}],"replies":[{"embeddable":true,"href":"https:\/\/www.chicasafurniture.com\/fr\/wp-json\/wp\/v2\/comments?post=1035"}],"wp:featuredmedia":[{"embeddable":true,"href":"https:\/\/www.chicasafurniture.com\/fr\/wp-json\/wp\/v2\/media\/1036"}],"wp:attachment":[{"href":"https:\/\/www.chicasafurniture.com\/fr\/wp-json\/wp\/v2\/media?parent=1035"}],"wp:term":[{"taxonomy":"product_brand","embeddable":true,"href":"https:\/\/www.chicasafurniture.com\/fr\/wp-json\/wp\/v2\/product_brand?post=1035"},{"taxonomy":"product_cat","embeddable":true,"href":"https:\/\/www.chicasafurniture.com\/fr\/wp-json\/wp\/v2\/product_cat?post=1035"},{"taxonomy":"product_tag","embeddable":true,"href":"https:\/\/www.chicasafurniture.com\/fr\/wp-json\/wp\/v2\/product_tag?post=1035"}],"curies":[{"name":"wp","href":"https:\/\/api.w.org\/{rel}","templated":true}]}}