{"id":1040,"date":"2026-03-14T09:18:54","date_gmt":"2026-03-14T09:18:54","guid":{"rendered":"https:\/\/www.chicasafurniture.com\/?post_type=product&#038;p=1040"},"modified":"2026-03-14T09:25:11","modified_gmt":"2026-03-14T09:25:11","slug":"custom-modern-beds","status":"publish","type":"product","link":"https:\/\/www.chicasafurniture.com\/fr\/product\/custom-modern-beds\/","title":{"rendered":"Lits modernes de luxe sur mesure avec cadre rembourr\u00e9 Wingback"},"content":{"rendered":"<h2 class=\"wp-block-heading\">Sp\u00e9cifications des produits des lits modernes sur mesure<\/h2>\n\n\n\n<figure class=\"wp-block-table\"><table class=\"has-fixed-layout\"><tbody><tr><td>Cadre<\/td><td>Mat\u00e9riau de couverture<\/td><td>Mat\u00e9riau de remplissage<\/td><td>Jambes<\/td><td>Couleur<\/td><td>Taille<\/td><td>Poids<\/td><\/tr><tr><td>Bois massif<\/td><td>Tissu<\/td><td>\u00c9ponge haute densit\u00e9<\/td><td>M\u00e9tal<\/td><td>Sur mesure<\/td><td>TAILLE KING<\/td><td>90-120kg<\/td><\/tr><\/tbody><\/table><\/figure>\n\n\n\n<div class=\"wp-block-columns is-layout-flex wp-container-core-columns-is-layout-9d6595d7 wp-block-columns-is-layout-flex\">\n<div class=\"wp-block-column is-layout-flow wp-block-column-is-layout-flow\">\n<h2 class=\"wp-block-heading\">Premium Custom Modern Beds Caract\u00e9ristiques :<\/h2>\n\n\n\n<ul class=\"wp-block-list\">\n<li><strong>T\u00eate de lit \u00e0 dossier enveloppant :<\/strong> Ces lits modernes sur mesure sont dot\u00e9s d'un dossier enveloppant unique qui non seulement am\u00e9liore la stabilit\u00e9 visuelle, mais sert \u00e9galement \u00e0 amortir le son et \u00e0 cr\u00e9er un sentiment d'enfermement, \u00e9levant ainsi le confort psychologique de votre exp\u00e9rience de sommeil.<\/li>\n\n\n\n<li><strong>Touffes verticales dimensionnelles :<\/strong> Ce lit rembourr\u00e9 sur mesure utilise une technique de couture verticale pr\u00e9cise pour cr\u00e9er des contours distincts et nets. Le rembourrage conserve sa forme et sa structure impeccables, comme s'il \u00e9tait neuf, m\u00eame apr\u00e8s de longues p\u00e9riodes de repos ou d'inclinaison.<\/li>\n\n\n\n<li><strong>Tissu de qualit\u00e9 Haute Couture Toucher :<\/strong> Nos lits modernes sur mesure offrent un large \u00e9ventail d'options de personnalisation des tissus, notamment le cuir mat, les m\u00e9langes coton-linium respectueux de la peau et les tissus techniques r\u00e9sistants aux taches, garantissant une exp\u00e9rience luxueuse qui ravit \u00e0 la fois le sens du toucher et l'\u0153il.<\/li>\n\n\n\n<li><strong>Base int\u00e9gr\u00e9e et stable :<\/strong> Nos lits rembourr\u00e9s sur mesure sont construits sur une structure portante renforc\u00e9e et dissimul\u00e9e. Cette conception \u00e9limine tout grincement ou bruit potentiel tout en conservant une esth\u00e9tique propre, cr\u00e9ant un effet visuel minimaliste \u201cserrant le sol\u201d.<\/li>\n\n\n\n<li><strong>Taille universelle Adaptabilit\u00e9 :<\/strong> Nous proposons des services flexibles de personnalisation de la taille de nos lits modernes - des lits doubles standard aux lits King surdimensionn\u00e9s - afin de r\u00e9pondre pr\u00e9cis\u00e9ment aux exigences spatiales sp\u00e9cifiques et aux dispositions architecturales que l'on trouve dans diff\u00e9rentes r\u00e9gions et diff\u00e9rents types d'habitations dans le monde entier.<\/li>\n<\/ul>\n<\/div>\n\n\n\n<div class=\"wp-block-column is-layout-flow wp-block-column-is-layout-flow\">\n<figure class=\"wp-block-image size-full\"><img decoding=\"async\" width=\"848\" height=\"989\" src=\"https:\/\/www.chicasafurniture.com\/wp-content\/uploads\/2026\/03\/Luxury-Custom-Modern-Beds-with-Wingback-Upholstered-Frame-3.webp\" alt=\"Lits modernes de luxe sur mesure avec cadre rembourr\u00e9 Wingback-3\" class=\"wp-image-1043\" srcset=\"https:\/\/www.chicasafurniture.com\/wp-content\/uploads\/2026\/03\/Luxury-Custom-Modern-Beds-with-Wingback-Upholstered-Frame-3.webp 848w, https:\/\/www.chicasafurniture.com\/wp-content\/uploads\/2026\/03\/Luxury-Custom-Modern-Beds-with-Wingback-Upholstered-Frame-3-257x300.webp 257w, https:\/\/www.chicasafurniture.com\/wp-content\/uploads\/2026\/03\/Luxury-Custom-Modern-Beds-with-Wingback-Upholstered-Frame-3-768x896.webp 768w, https:\/\/www.chicasafurniture.com\/wp-content\/uploads\/2026\/03\/Luxury-Custom-Modern-Beds-with-Wingback-Upholstered-Frame-3-10x12.webp 10w, https:\/\/www.chicasafurniture.com\/wp-content\/uploads\/2026\/03\/Luxury-Custom-Modern-Beds-with-Wingback-Upholstered-Frame-3-600x700.webp 600w\" sizes=\"(max-width: 848px) 100vw, 848px\" \/><\/figure>\n<\/div>\n<\/div>\n\n\n\n<figure class=\"wp-block-image size-full\"><img decoding=\"async\" width=\"1200\" height=\"765\" src=\"https:\/\/www.chicasafurniture.com\/wp-content\/uploads\/2026\/03\/Luxury-Custom-Modern-Beds-with-Wingback-Upholstered-Frame-1.webp\" alt=\"Lits modernes de luxe sur mesure avec cadre rembourr\u00e9 Wingback-1\" class=\"wp-image-1041\" srcset=\"https:\/\/www.chicasafurniture.com\/wp-content\/uploads\/2026\/03\/Luxury-Custom-Modern-Beds-with-Wingback-Upholstered-Frame-1.webp 1200w, https:\/\/www.chicasafurniture.com\/wp-content\/uploads\/2026\/03\/Luxury-Custom-Modern-Beds-with-Wingback-Upholstered-Frame-1-300x191.webp 300w, https:\/\/www.chicasafurniture.com\/wp-content\/uploads\/2026\/03\/Luxury-Custom-Modern-Beds-with-Wingback-Upholstered-Frame-1-768x490.webp 768w, https:\/\/www.chicasafurniture.com\/wp-content\/uploads\/2026\/03\/Luxury-Custom-Modern-Beds-with-Wingback-Upholstered-Frame-1-18x12.webp 18w, https:\/\/www.chicasafurniture.com\/wp-content\/uploads\/2026\/03\/Luxury-Custom-Modern-Beds-with-Wingback-Upholstered-Frame-1-600x383.webp 600w\" sizes=\"(max-width: 1200px) 100vw, 1200px\" \/><\/figure>","protected":false},"excerpt":{"rendered":"<p>\u00c9levez votre chambre \u00e0 coucher avec nos lits modernes sur mesure. Ce lit rembourr\u00e9 sur mesure red\u00e9finit l'esth\u00e9tique sensorielle de la chambre \u00e0 coucher gr\u00e2ce \u00e0 sa t\u00eate de lit enveloppante en forme d'aile, ce qui en fait un choix de premier ordre pour l'am\u00e9nagement int\u00e9rieur des suites d'h\u00f4tels haut de gamme et des r\u00e9sidences de luxe modernes.<\/p>\n<table style=\"border-collapse: collapse; width: 222.03pt;\" border=\"0\" width=\"222\" cellspacing=\"0\" cellpadding=\"0\">\n<tbody>\n<tr style=\"height: 15.20pt;\">\n<td class=\"et2\" style=\"height: 15.20pt; width: 81.65pt;\" width=\"81\" height=\"15\">Fabricant<\/td>\n<td class=\"et2\" style=\"width: 140.80pt;\" width=\"140\">Chicasa<\/td>\n<\/tr>\n<tr style=\"height: 15.20pt;\">\n<td class=\"et2\" style=\"height: 15.20pt;\" height=\"15\">Cat\u00e9gorie<\/td>\n<td class=\"et2\">Lit<\/td>\n<\/tr>\n<tr style=\"height: 15.20pt;\">\n<td class=\"et2\" style=\"height: 15.20pt;\" height=\"15\">Application<\/td>\n<td class=\"et2\">Chambre \u00e0 coucher<\/td>\n<\/tr>\n<tr style=\"height: 15.20pt;\">\n<td class=\"et2\" style=\"height: 15.20pt;\" height=\"15\">Style<\/td>\n<td class=\"et2\">Minimaliste<\/td>\n<\/tr>\n<tr style=\"height: 15.20pt;\">\n<td class=\"et2\" style=\"height: 15.20pt;\" height=\"15\">Mod\u00e8le<\/td>\n<td class=\"et2\">QMY-BE007<\/td>\n<\/tr>\n<tr style=\"height: 15.20pt;\">\n<td class=\"et2\" style=\"height: 15.20pt;\" height=\"15\">Personnalisation<\/td>\n<td class=\"et2\">Couleur, taille, mat\u00e9riau<\/td>\n<\/tr>\n<tr style=\"height: 15.20pt;\">\n<td class=\"et2\" style=\"height: 15.20pt;\" height=\"15\">MOQ<\/td>\n<td class=\"et2\">1pcs<\/td>\n<\/tr>\n<\/tbody>\n<\/table>","protected":false},"featured_media":1042,"comment_status":"closed","ping_status":"closed","template":"","meta":{"_acf_changed":false},"product_brand":[],"product_cat":[33,18],"product_tag":[],"class_list":{"0":"post-1040","1":"product","2":"type-product","3":"status-publish","4":"has-post-thumbnail","6":"product_cat-custom-beds-manufacturer","7":"product_cat-bespoke-bedroom-furniture","9":"first","10":"instock","11":"shipping-taxable","12":"product-type-simple"},"acf":[],"_links":{"self":[{"href":"https:\/\/www.chicasafurniture.com\/fr\/wp-json\/wp\/v2\/product\/1040","targetHints":{"allow":["GET"]}}],"collection":[{"href":"https:\/\/www.chicasafurniture.com\/fr\/wp-json\/wp\/v2\/product"}],"about":[{"href":"https:\/\/www.chicasafurniture.com\/fr\/wp-json\/wp\/v2\/types\/product"}],"replies":[{"embeddable":true,"href":"https:\/\/www.chicasafurniture.com\/fr\/wp-json\/wp\/v2\/comments?post=1040"}],"wp:featuredmedia":[{"embeddable":true,"href":"https:\/\/www.chicasafurniture.com\/fr\/wp-json\/wp\/v2\/media\/1042"}],"wp:attachment":[{"href":"https:\/\/www.chicasafurniture.com\/fr\/wp-json\/wp\/v2\/media?parent=1040"}],"wp:term":[{"taxonomy":"product_brand","embeddable":true,"href":"https:\/\/www.chicasafurniture.com\/fr\/wp-json\/wp\/v2\/product_brand?post=1040"},{"taxonomy":"product_cat","embeddable":true,"href":"https:\/\/www.chicasafurniture.com\/fr\/wp-json\/wp\/v2\/product_cat?post=1040"},{"taxonomy":"product_tag","embeddable":true,"href":"https:\/\/www.chicasafurniture.com\/fr\/wp-json\/wp\/v2\/product_tag?post=1040"}],"curies":[{"name":"wp","href":"https:\/\/api.w.org\/{rel}","templated":true}]}}