{"id":1045,"date":"2026-03-14T09:25:44","date_gmt":"2026-03-14T09:25:44","guid":{"rendered":"https:\/\/www.chicasafurniture.com\/?post_type=product&#038;p=1045"},"modified":"2026-03-14T09:35:41","modified_gmt":"2026-03-14T09:35:41","slug":"factory-direct-beds","status":"publish","type":"product","link":"https:\/\/www.chicasafurniture.com\/fr\/product\/factory-direct-beds\/","title":{"rendered":"Lits de luxe Factory Direct avec t\u00eate de lit fronc\u00e9e"},"content":{"rendered":"<h2 class=\"wp-block-heading\">Sp\u00e9cifications des produits de Factory Direct Beds<\/h2>\n\n\n\n<figure class=\"wp-block-table\"><table class=\"has-fixed-layout\"><tbody><tr><td>Cadre<\/td><td>Mat\u00e9riau de couverture<\/td><td>Mat\u00e9riau de remplissage<\/td><td>Jambes<\/td><td>Couleur<\/td><td>Taille<\/td><td>Poids<\/td><\/tr><tr><td>Bois massif<\/td><td>Tissu<\/td><td>\u00c9ponge haute densit\u00e9<\/td><td>Bois massif<\/td><td>Sur mesure<\/td><td>TAILLE KING<\/td><td>90-120kg<\/td><\/tr><\/tbody><\/table><\/figure>\n\n\n\n<div class=\"wp-block-columns is-layout-flex wp-container-core-columns-is-layout-9d6595d7 wp-block-columns-is-layout-flex\">\n<div class=\"wp-block-column is-layout-flow wp-block-column-is-layout-flow\">\n<h2 class=\"wp-block-heading\">Premium Factory Direct Beds Caract\u00e9ristiques :<\/h2>\n\n\n\n<ul class=\"wp-block-list\">\n<li><strong>Plis naturels faits \u00e0 la main :<\/strong> Chaque pli des t\u00eates de lit de ces lits fabriqu\u00e9s directement en usine est m\u00e9ticuleusement ajust\u00e9 par des artisans chevronn\u00e9s, cr\u00e9ant une texture naturelle unique qui met en valeur la ma\u00eetrise de notre usine en mati\u00e8re d'artisanat du cuir et du tissu de premi\u00e8re qualit\u00e9.<\/li>\n\n\n\n<li><strong>Coussins de confort :<\/strong> La t\u00eate de lit de ce lit sur mesure comporte deux coussins pelucheux de taille g\u00e9n\u00e9reuse. Remplis d'un m\u00e9lange haute densit\u00e9 de plumes de duvet et de mousse \u00e0 haute r\u00e9silience, ils offrent une exp\u00e9rience de d\u00e9tente profonde, semblable \u00e0 celle d'un canap\u00e9 luxueux.<\/li>\n\n\n\n<li><strong>Conception sans coutures, couvrant la totalit\u00e9 du corps :<\/strong> Nos lits fabriqu\u00e9s directement en usine sont dot\u00e9s d'un rembourrage \u00e9pais sur l'ensemble du cadre, y compris la t\u00eate de lit, les barri\u00e8res lat\u00e9rales et le pied de lit. Cette conception permet non seulement de cr\u00e9er une esth\u00e9tique plus riche et de meilleure qualit\u00e9, mais aussi de pr\u00e9venir efficacement les chocs et les blessures accidentels.<\/li>\n\n\n\n<li><strong>Approvisionnement direct de l'usine : Une valeur exceptionnelle :<\/strong> En tant que produit provenant directement de l'usine, nous \u00e9liminons tous les canaux interm\u00e9diaires, ce qui vous permet d'acqu\u00e9rir un lit sur mesure de qualit\u00e9 sup\u00e9rieure \u00e0 un prix tr\u00e8s comp\u00e9titif.<\/li>\n\n\n\n<li><strong>Personnalisation sur mesure :<\/strong> Nous offrons des options de personnalisation \u00e9tendues pour nos lits fabriqu\u00e9s en usine, y compris une large s\u00e9lection de mat\u00e9riaux de luxe (tels que le cuir v\u00e9ritable mat, le velours italien, etc.) et une palette de couleurs vari\u00e9e. En outre, nous pouvons adapter les dimensions et les hauteurs pour r\u00e9pondre aux exigences sp\u00e9cifiques d'un projet.<\/li>\n<\/ul>\n<\/div>\n\n\n\n<div class=\"wp-block-column is-layout-flow wp-block-column-is-layout-flow\">\n<figure class=\"wp-block-image size-full\"><img decoding=\"async\" width=\"2000\" height=\"2001\" src=\"https:\/\/www.chicasafurniture.com\/wp-content\/uploads\/2026\/03\/Luxury-Upholstered-Factory-Direct-Beds-with-Ruched-Headboard-4.webp\" alt=\"Lits de luxe rembourr\u00e9s Factory Direct avec t\u00eate de lit fronc\u00e9e-4\" class=\"wp-image-1049\" srcset=\"https:\/\/www.chicasafurniture.com\/wp-content\/uploads\/2026\/03\/Luxury-Upholstered-Factory-Direct-Beds-with-Ruched-Headboard-4.webp 2000w, https:\/\/www.chicasafurniture.com\/wp-content\/uploads\/2026\/03\/Luxury-Upholstered-Factory-Direct-Beds-with-Ruched-Headboard-4-300x300.webp 300w, https:\/\/www.chicasafurniture.com\/wp-content\/uploads\/2026\/03\/Luxury-Upholstered-Factory-Direct-Beds-with-Ruched-Headboard-4-150x150.webp 150w, https:\/\/www.chicasafurniture.com\/wp-content\/uploads\/2026\/03\/Luxury-Upholstered-Factory-Direct-Beds-with-Ruched-Headboard-4-768x768.webp 768w, https:\/\/www.chicasafurniture.com\/wp-content\/uploads\/2026\/03\/Luxury-Upholstered-Factory-Direct-Beds-with-Ruched-Headboard-4-12x12.webp 12w, https:\/\/www.chicasafurniture.com\/wp-content\/uploads\/2026\/03\/Luxury-Upholstered-Factory-Direct-Beds-with-Ruched-Headboard-4-1200x1200.webp 1200w, https:\/\/www.chicasafurniture.com\/wp-content\/uploads\/2026\/03\/Luxury-Upholstered-Factory-Direct-Beds-with-Ruched-Headboard-4-600x600.webp 600w, https:\/\/www.chicasafurniture.com\/wp-content\/uploads\/2026\/03\/Luxury-Upholstered-Factory-Direct-Beds-with-Ruched-Headboard-4-100x100.webp 100w\" sizes=\"(max-width: 2000px) 100vw, 2000px\" \/><\/figure>\n<\/div>\n<\/div>\n\n\n\n<figure class=\"wp-block-image size-full\"><img decoding=\"async\" width=\"2000\" height=\"1271\" src=\"https:\/\/www.chicasafurniture.com\/wp-content\/uploads\/2026\/03\/Luxury-Upholstered-Factory-Direct-Beds-with-Ruched-Headboard-6.webp\" alt=\"Lits de luxe rembourr\u00e9s Factory Direct avec t\u00eate de lit fronc\u00e9e-6\" class=\"wp-image-1051\" srcset=\"https:\/\/www.chicasafurniture.com\/wp-content\/uploads\/2026\/03\/Luxury-Upholstered-Factory-Direct-Beds-with-Ruched-Headboard-6.webp 2000w, https:\/\/www.chicasafurniture.com\/wp-content\/uploads\/2026\/03\/Luxury-Upholstered-Factory-Direct-Beds-with-Ruched-Headboard-6-300x191.webp 300w, https:\/\/www.chicasafurniture.com\/wp-content\/uploads\/2026\/03\/Luxury-Upholstered-Factory-Direct-Beds-with-Ruched-Headboard-6-768x488.webp 768w, https:\/\/www.chicasafurniture.com\/wp-content\/uploads\/2026\/03\/Luxury-Upholstered-Factory-Direct-Beds-with-Ruched-Headboard-6-18x12.webp 18w, https:\/\/www.chicasafurniture.com\/wp-content\/uploads\/2026\/03\/Luxury-Upholstered-Factory-Direct-Beds-with-Ruched-Headboard-6-1200x763.webp 1200w, https:\/\/www.chicasafurniture.com\/wp-content\/uploads\/2026\/03\/Luxury-Upholstered-Factory-Direct-Beds-with-Ruched-Headboard-6-600x381.webp 600w\" sizes=\"(max-width: 2000px) 100vw, 2000px\" \/><\/figure>","protected":false},"excerpt":{"rendered":"<p>Les lits de qualit\u00e9 sup\u00e9rieure proviennent directement de l'usine. Ce lit sur mesure pr\u00e9sente des contours doux et arrondis et utilise une technique de finition douce enti\u00e8rement rembourr\u00e9e pour cr\u00e9er une ambiance de chambre \u00e0 coucher profond\u00e9ment relaxante, s\u00fbre et impr\u00e9gn\u00e9e d'un flair artistique.<\/p>\n<table style=\"border-collapse: collapse; width: 222.03pt;\" border=\"0\" width=\"222\" cellspacing=\"0\" cellpadding=\"0\">\n<tbody>\n<tr style=\"height: 15.20pt;\">\n<td class=\"et2\" style=\"height: 15.20pt; width: 81.65pt;\" width=\"81\" height=\"15\">Fabricant<\/td>\n<td class=\"et2\" style=\"width: 140.80pt;\" width=\"140\">Chicasa<\/td>\n<\/tr>\n<tr style=\"height: 15.20pt;\">\n<td class=\"et2\" style=\"height: 15.20pt;\" height=\"15\">Cat\u00e9gorie<\/td>\n<td class=\"et2\">Lit<\/td>\n<\/tr>\n<tr style=\"height: 15.20pt;\">\n<td class=\"et2\" style=\"height: 15.20pt;\" height=\"15\">Application<\/td>\n<td class=\"et2\">Chambre \u00e0 coucher<\/td>\n<\/tr>\n<tr style=\"height: 15.20pt;\">\n<td class=\"et2\" style=\"height: 15.20pt;\" height=\"15\">Style<\/td>\n<td class=\"et2\">Minimaliste<\/td>\n<\/tr>\n<tr style=\"height: 15.20pt;\">\n<td class=\"et2\" style=\"height: 15.20pt;\" height=\"15\">Mod\u00e8le<\/td>\n<td class=\"et2\">QMY-BE008<\/td>\n<\/tr>\n<tr style=\"height: 15.20pt;\">\n<td class=\"et2\" style=\"height: 15.20pt;\" height=\"15\">Personnalisation<\/td>\n<td class=\"et2\">Couleur, taille, mat\u00e9riau<\/td>\n<\/tr>\n<tr style=\"height: 15.20pt;\">\n<td class=\"et2\" style=\"height: 15.20pt;\" height=\"15\">MOQ<\/td>\n<td class=\"et2\">1pcs<\/td>\n<\/tr>\n<\/tbody>\n<\/table>","protected":false},"featured_media":1046,"comment_status":"closed","ping_status":"closed","template":"","meta":{"_acf_changed":false},"product_brand":[],"product_cat":[33,18],"product_tag":[],"class_list":{"0":"post-1045","1":"product","2":"type-product","3":"status-publish","4":"has-post-thumbnail","6":"product_cat-custom-beds-manufacturer","7":"product_cat-bespoke-bedroom-furniture","9":"first","10":"instock","11":"shipping-taxable","12":"product-type-simple"},"acf":[],"_links":{"self":[{"href":"https:\/\/www.chicasafurniture.com\/fr\/wp-json\/wp\/v2\/product\/1045","targetHints":{"allow":["GET"]}}],"collection":[{"href":"https:\/\/www.chicasafurniture.com\/fr\/wp-json\/wp\/v2\/product"}],"about":[{"href":"https:\/\/www.chicasafurniture.com\/fr\/wp-json\/wp\/v2\/types\/product"}],"replies":[{"embeddable":true,"href":"https:\/\/www.chicasafurniture.com\/fr\/wp-json\/wp\/v2\/comments?post=1045"}],"wp:featuredmedia":[{"embeddable":true,"href":"https:\/\/www.chicasafurniture.com\/fr\/wp-json\/wp\/v2\/media\/1046"}],"wp:attachment":[{"href":"https:\/\/www.chicasafurniture.com\/fr\/wp-json\/wp\/v2\/media?parent=1045"}],"wp:term":[{"taxonomy":"product_brand","embeddable":true,"href":"https:\/\/www.chicasafurniture.com\/fr\/wp-json\/wp\/v2\/product_brand?post=1045"},{"taxonomy":"product_cat","embeddable":true,"href":"https:\/\/www.chicasafurniture.com\/fr\/wp-json\/wp\/v2\/product_cat?post=1045"},{"taxonomy":"product_tag","embeddable":true,"href":"https:\/\/www.chicasafurniture.com\/fr\/wp-json\/wp\/v2\/product_tag?post=1045"}],"curies":[{"name":"wp","href":"https:\/\/api.w.org\/{rel}","templated":true}]}}