{"id":1052,"date":"2026-03-14T09:38:00","date_gmt":"2026-03-14T09:38:00","guid":{"rendered":"https:\/\/www.chicasafurniture.com\/?post_type=product&#038;p=1052"},"modified":"2026-03-14T09:45:58","modified_gmt":"2026-03-14T09:45:58","slug":"custom-design-bed","status":"publish","type":"product","link":"https:\/\/www.chicasafurniture.com\/fr\/product\/custom-design-bed\/","title":{"rendered":"Lit moderne sur mesure, lit capitonn\u00e9 \u00e0 grille g\u00e9om\u00e9trique"},"content":{"rendered":"<h2 class=\"wp-block-heading\">Sp\u00e9cifications des produits du lit design sur mesure<\/h2>\n\n\n\n<figure class=\"wp-block-table\"><table class=\"has-fixed-layout\"><tbody><tr><td>Cadre<\/td><td>Mat\u00e9riau de couverture<\/td><td>Mat\u00e9riau de remplissage<\/td><td>Jambes<\/td><td>Couleur<\/td><td>Taille<\/td><td>Poids<\/td><\/tr><tr><td>Bois massif<\/td><td>Tissu<\/td><td>\u00c9ponge haute densit\u00e9<\/td><td>\/<\/td><td>Sur mesure<\/td><td>TAILLE KING<\/td><td>90-120kg<\/td><\/tr><\/tbody><\/table><\/figure>\n\n\n\n<div class=\"wp-block-columns is-layout-flex wp-container-core-columns-is-layout-9d6595d7 wp-block-columns-is-layout-flex\">\n<div class=\"wp-block-column is-layout-flow wp-block-column-is-layout-flow\">\n<h2 class=\"wp-block-heading\">Premium Custom Design Bed Features :<\/h2>\n\n\n\n<ul class=\"wp-block-list\">\n<li><strong>Motif g\u00e9om\u00e9trique matelass\u00e9 :<\/strong> Ce lit sur mesure est dot\u00e9 d'une t\u00eate de lit unique en forme de grille, qui conf\u00e8re \u00e0 l'espace de la chambre \u00e0 coucher un sens aigu de la d\u00e9finition structurelle et une touche d\u00e9corative moderne - un v\u00e9ritable chef-d'\u0153uvre de mobilier contemporain sur mesure.<\/li>\n\n\n\n<li><strong>Une \u00e9treinte profonde, semblable \u00e0 celle d'un nuage :<\/strong> Chaque module g\u00e9om\u00e9trique de la t\u00eate de lit de ce lit de luxe sur mesure est rempli ind\u00e9pendamment de mousse \u00e0 haute r\u00e9silience, offrant un soutien \u00e0 la fois doux et r\u00e9silient semblable \u00e0 un dossier de canap\u00e9, transformant ainsi la t\u00eate de lit en une zone parfaite pour se d\u00e9tendre.<\/li>\n\n\n\n<li><strong>Silencieux, Architecture int\u00e9gr\u00e9e :<\/strong> Le cadre interne de ce lit au design personnalis\u00e9 associe du bois massif \u00e0 des renforts m\u00e9talliques afin d'\u00e9liminer compl\u00e8tement les bruits induits par le frottement, ce qui garantit un sommeil stable et silencieux dans toutes les conditions d'utilisation.<\/li>\n\n\n\n<li><strong>Personnalisation compl\u00e8te du tissu :<\/strong> Notre lit de luxe sur mesure offre des options de personnalisation \u00e9tendues \u00e0 travers une gamme de mat\u00e9riaux luxueux - des cuirs italiens import\u00e9s et des cuirs microfibres de premi\u00e8re qualit\u00e9 aux tissus chenille haute densit\u00e9 - avec des choix de couleurs qui peuvent \u00eatre assortis avec pr\u00e9cision pour compl\u00e9ter la palette de couleurs de votre int\u00e9rieur.<\/li>\n\n\n\n<li><strong>Durabilit\u00e9 de niveau ing\u00e9nieur :<\/strong> Les tissus utilis\u00e9s dans ce lit sur mesure sont infroissables et tr\u00e8s r\u00e9sistants \u00e0 l'abrasion, tandis que la structure de soutien de la base a subi des tests de charge rigoureux (des dizaines de milliers de cycles) pour garantir une long\u00e9vit\u00e9 et une r\u00e9sistance \u00e0 la d\u00e9formation exceptionnelles au fil des ann\u00e9es d'utilisation.<\/li>\n<\/ul>\n<\/div>\n\n\n\n<div class=\"wp-block-column is-layout-flow wp-block-column-is-layout-flow\">\n<figure class=\"wp-block-image size-full\"><img decoding=\"async\" width=\"1280\" height=\"1280\" src=\"https:\/\/www.chicasafurniture.com\/wp-content\/uploads\/2026\/03\/Modern-Custom-Design-Bed-Geometric-Grid-Upholstered-Bed-3-edited.webp\" alt=\"Lit moderne sur mesure, lit capitonn\u00e9 \u00e0 grille g\u00e9om\u00e9trique-3\" class=\"wp-image-1058\" srcset=\"https:\/\/www.chicasafurniture.com\/wp-content\/uploads\/2026\/03\/Modern-Custom-Design-Bed-Geometric-Grid-Upholstered-Bed-3-edited.webp 1280w, https:\/\/www.chicasafurniture.com\/wp-content\/uploads\/2026\/03\/Modern-Custom-Design-Bed-Geometric-Grid-Upholstered-Bed-3-edited-300x300.webp 300w, https:\/\/www.chicasafurniture.com\/wp-content\/uploads\/2026\/03\/Modern-Custom-Design-Bed-Geometric-Grid-Upholstered-Bed-3-edited-150x150.webp 150w, https:\/\/www.chicasafurniture.com\/wp-content\/uploads\/2026\/03\/Modern-Custom-Design-Bed-Geometric-Grid-Upholstered-Bed-3-edited-768x768.webp 768w, https:\/\/www.chicasafurniture.com\/wp-content\/uploads\/2026\/03\/Modern-Custom-Design-Bed-Geometric-Grid-Upholstered-Bed-3-edited-12x12.webp 12w, https:\/\/www.chicasafurniture.com\/wp-content\/uploads\/2026\/03\/Modern-Custom-Design-Bed-Geometric-Grid-Upholstered-Bed-3-edited-1200x1200.webp 1200w, https:\/\/www.chicasafurniture.com\/wp-content\/uploads\/2026\/03\/Modern-Custom-Design-Bed-Geometric-Grid-Upholstered-Bed-3-edited-600x600.webp 600w, https:\/\/www.chicasafurniture.com\/wp-content\/uploads\/2026\/03\/Modern-Custom-Design-Bed-Geometric-Grid-Upholstered-Bed-3-edited-100x100.webp 100w\" sizes=\"(max-width: 1280px) 100vw, 1280px\" \/><\/figure>\n<\/div>\n<\/div>\n\n\n\n<figure class=\"wp-block-image size-full\"><img decoding=\"async\" width=\"1920\" height=\"1280\" src=\"https:\/\/www.chicasafurniture.com\/wp-content\/uploads\/2026\/03\/Modern-Custom-Design-Bed-Geometric-Grid-Upholstered-Bed-2.webp\" alt=\"Lit moderne sur mesure, lit capitonn\u00e9 \u00e0 grille g\u00e9om\u00e9trique-2\" class=\"wp-image-1054\" srcset=\"https:\/\/www.chicasafurniture.com\/wp-content\/uploads\/2026\/03\/Modern-Custom-Design-Bed-Geometric-Grid-Upholstered-Bed-2.webp 1920w, https:\/\/www.chicasafurniture.com\/wp-content\/uploads\/2026\/03\/Modern-Custom-Design-Bed-Geometric-Grid-Upholstered-Bed-2-300x200.webp 300w, https:\/\/www.chicasafurniture.com\/wp-content\/uploads\/2026\/03\/Modern-Custom-Design-Bed-Geometric-Grid-Upholstered-Bed-2-768x512.webp 768w, https:\/\/www.chicasafurniture.com\/wp-content\/uploads\/2026\/03\/Modern-Custom-Design-Bed-Geometric-Grid-Upholstered-Bed-2-18x12.webp 18w, https:\/\/www.chicasafurniture.com\/wp-content\/uploads\/2026\/03\/Modern-Custom-Design-Bed-Geometric-Grid-Upholstered-Bed-2-1200x800.webp 1200w, https:\/\/www.chicasafurniture.com\/wp-content\/uploads\/2026\/03\/Modern-Custom-Design-Bed-Geometric-Grid-Upholstered-Bed-2-600x400.webp 600w\" sizes=\"(max-width: 1920px) 100vw, 1920px\" \/><\/figure>","protected":false},"excerpt":{"rendered":"<p>Rehaussez votre chambre \u00e0 coucher avec un lit au design personnalis\u00e9. Ce lit capitonn\u00e9 moderne et luxueux est d\u00e9fini par l\u201c\u201dart g\u00e9om\u00e9trique\" comme philosophie de base du design ; sa t\u00eate de lit pr\u00e9sente un motif de touffes carr\u00e9es \u00e0 grande \u00e9chelle, cr\u00e9ant un effet visuel qui est \u00e0 la fois substantiel et rythmiquement dynamique.<\/p>\n<table style=\"border-collapse: collapse; width: 222.03pt;\" border=\"0\" width=\"222\" cellspacing=\"0\" cellpadding=\"0\">\n<tbody>\n<tr style=\"height: 15.20pt;\">\n<td class=\"et2\" style=\"height: 15.20pt; width: 81.65pt;\" width=\"81\" height=\"15\">Fabricant<\/td>\n<td class=\"et2\" style=\"width: 140.80pt;\" width=\"140\">Chicasa<\/td>\n<\/tr>\n<tr style=\"height: 15.20pt;\">\n<td class=\"et2\" style=\"height: 15.20pt;\" height=\"15\">Cat\u00e9gorie<\/td>\n<td class=\"et2\">Lit<\/td>\n<\/tr>\n<tr style=\"height: 15.20pt;\">\n<td class=\"et2\" style=\"height: 15.20pt;\" height=\"15\">Application<\/td>\n<td class=\"et2\">Chambre \u00e0 coucher<\/td>\n<\/tr>\n<tr style=\"height: 15.20pt;\">\n<td class=\"et2\" style=\"height: 15.20pt;\" height=\"15\">Style<\/td>\n<td class=\"et2\">Luxe raffin\u00e9<\/td>\n<\/tr>\n<tr style=\"height: 15.20pt;\">\n<td class=\"et2\" style=\"height: 15.20pt;\" height=\"15\">Mod\u00e8le<\/td>\n<td class=\"et2\">QMY-BE009<\/td>\n<\/tr>\n<tr style=\"height: 15.20pt;\">\n<td class=\"et2\" style=\"height: 15.20pt;\" height=\"15\">Personnalisation<\/td>\n<td class=\"et2\">Couleur, taille, mat\u00e9riau<\/td>\n<\/tr>\n<tr style=\"height: 15.20pt;\">\n<td class=\"et2\" style=\"height: 15.20pt;\" height=\"15\">MOQ<\/td>\n<td class=\"et2\">1pcs<\/td>\n<\/tr>\n<\/tbody>\n<\/table>","protected":false},"featured_media":1053,"comment_status":"closed","ping_status":"closed","template":"","meta":{"_acf_changed":false},"product_brand":[],"product_cat":[33,18],"product_tag":[],"class_list":{"0":"post-1052","1":"product","2":"type-product","3":"status-publish","4":"has-post-thumbnail","6":"product_cat-custom-beds-manufacturer","7":"product_cat-bespoke-bedroom-furniture","9":"first","10":"instock","11":"shipping-taxable","12":"product-type-simple"},"acf":[],"_links":{"self":[{"href":"https:\/\/www.chicasafurniture.com\/fr\/wp-json\/wp\/v2\/product\/1052","targetHints":{"allow":["GET"]}}],"collection":[{"href":"https:\/\/www.chicasafurniture.com\/fr\/wp-json\/wp\/v2\/product"}],"about":[{"href":"https:\/\/www.chicasafurniture.com\/fr\/wp-json\/wp\/v2\/types\/product"}],"replies":[{"embeddable":true,"href":"https:\/\/www.chicasafurniture.com\/fr\/wp-json\/wp\/v2\/comments?post=1052"}],"wp:featuredmedia":[{"embeddable":true,"href":"https:\/\/www.chicasafurniture.com\/fr\/wp-json\/wp\/v2\/media\/1053"}],"wp:attachment":[{"href":"https:\/\/www.chicasafurniture.com\/fr\/wp-json\/wp\/v2\/media?parent=1052"}],"wp:term":[{"taxonomy":"product_brand","embeddable":true,"href":"https:\/\/www.chicasafurniture.com\/fr\/wp-json\/wp\/v2\/product_brand?post=1052"},{"taxonomy":"product_cat","embeddable":true,"href":"https:\/\/www.chicasafurniture.com\/fr\/wp-json\/wp\/v2\/product_cat?post=1052"},{"taxonomy":"product_tag","embeddable":true,"href":"https:\/\/www.chicasafurniture.com\/fr\/wp-json\/wp\/v2\/product_tag?post=1052"}],"curies":[{"name":"wp","href":"https:\/\/api.w.org\/{rel}","templated":true}]}}