{"id":1072,"date":"2026-03-16T06:44:27","date_gmt":"2026-03-16T06:44:27","guid":{"rendered":"https:\/\/www.chicasafurniture.com\/?post_type=product&#038;p=1072"},"modified":"2026-03-16T06:59:43","modified_gmt":"2026-03-16T06:59:43","slug":"bespoke-luxury-beds","status":"publish","type":"product","link":"https:\/\/www.chicasafurniture.com\/fr\/product\/bespoke-luxury-beds\/","title":{"rendered":"Lits de luxe sur mesure avec t\u00eate touffue Wingback moderne"},"content":{"rendered":"<h2 class=\"wp-block-heading\">Sp\u00e9cifications des produits des lits de luxe Bespoke<\/h2>\n\n\n\n<figure class=\"wp-block-table\"><table class=\"has-fixed-layout\"><tbody><tr><td>Cadre<\/td><td>Mat\u00e9riau de couverture<\/td><td>Mat\u00e9riau de remplissage<\/td><td>Jambes<\/td><td>Couleur<\/td><td>Taille<\/td><td>Poids<\/td><\/tr><tr><td>Bois massif<\/td><td>Tissu<\/td><td>\u00c9ponge haute densit\u00e9<\/td><td>M\u00e9tal<\/td><td>Sur mesure<\/td><td>TAILLE KING<\/td><td>90-120kg<\/td><\/tr><\/tbody><\/table><\/figure>\n\n\n\n<div class=\"wp-block-columns is-layout-flex wp-container-core-columns-is-layout-9d6595d7 wp-block-columns-is-layout-flex\">\n<div class=\"wp-block-column is-layout-flow wp-block-column-is-layout-flow\">\n<h2 class=\"wp-block-heading\">Premium Bespoke Luxury Beds Caract\u00e9ristiques :<\/h2>\n\n\n\n<ul class=\"wp-block-list\">\n<li><strong>T\u00eate de lit en forme d'aile Design :<\/strong> Nos lits de luxe sur mesure sont dot\u00e9s d'une t\u00eate de lit enveloppante unique en son genre, qui renforce non seulement votre sentiment de s\u00e9curit\u00e9 psychologique pendant votre sommeil, mais aussi l'intimit\u00e9 de votre espace personnel.<\/li>\n\n\n\n<li><strong>Le quilting sur grille dimensionnelle :<\/strong> Le matelassage en grille complexe de ce lit sur mesure a une double fonction : il emp\u00eache le remplissage interne de se d\u00e9placer tout en cr\u00e9ant une esth\u00e9tique rythm\u00e9e et tridimensionnelle qui incarne les sensibilit\u00e9s du design moderne.<\/li>\n\n\n\n<li><strong>Visuels minimalistes et esth\u00e9tique flottante :<\/strong> Nos lits de luxe sur mesure sont soutenus par des pieds m\u00e9talliques minces et tr\u00e8s r\u00e9sistants ; ce choix de conception donne \u00e0 l'imposant cadre de lit une apparence l\u00e9g\u00e8re et a\u00e9r\u00e9e, tout en permettant aux aspirateurs robotis\u00e9s de nettoyer chaque coin sans obstruction.<\/li>\n\n\n\n<li><strong>Protection compl\u00e8te par rembourrage souple :<\/strong> De la t\u00eate de lit aux barri\u00e8res lat\u00e9rales, ce lit sur mesure est dot\u00e9 d'un rembourrage \u00e9pais et moelleux. La surface offre une exp\u00e9rience tactile chaude et agr\u00e9able tout en pr\u00e9venant efficacement les chocs et les blessures caus\u00e9s par les mouvements quotidiens autour du lit.<\/li>\n\n\n\n<li><strong>S\u00e9lection de mat\u00e9riaux sur mesure :<\/strong> Nos lits de luxe sur mesure offrent un choix de mat\u00e9riaux de premi\u00e8re qualit\u00e9 - notamment du lin de haute qualit\u00e9, du tissu textur\u00e9 ou du cuir v\u00e9ritable respectueux de la peau - qui peuvent \u00eatre associ\u00e9s \u00e0 des pieds en m\u00e9tal dans diff\u00e9rentes gammes de couleurs pour cr\u00e9er un chef-d'\u0153uvre de sommeil personnalis\u00e9 qui vous est propre.<\/li>\n<\/ul>\n<\/div>\n\n\n\n<div class=\"wp-block-column is-layout-flow wp-block-column-is-layout-flow\">\n<figure class=\"wp-block-image size-full\"><img decoding=\"async\" width=\"784\" height=\"1000\" src=\"https:\/\/www.chicasafurniture.com\/wp-content\/uploads\/2026\/03\/Bespoke-Luxury-Beds-with-Modern-Wingback-Tufted-Head-3.jpg\" alt=\"Lits de luxe sur mesure avec t\u00eate touffue Wingback moderne-3\" class=\"wp-image-1075\" srcset=\"https:\/\/www.chicasafurniture.com\/wp-content\/uploads\/2026\/03\/Bespoke-Luxury-Beds-with-Modern-Wingback-Tufted-Head-3.jpg 784w, https:\/\/www.chicasafurniture.com\/wp-content\/uploads\/2026\/03\/Bespoke-Luxury-Beds-with-Modern-Wingback-Tufted-Head-3-235x300.jpg 235w, https:\/\/www.chicasafurniture.com\/wp-content\/uploads\/2026\/03\/Bespoke-Luxury-Beds-with-Modern-Wingback-Tufted-Head-3-768x980.jpg 768w, https:\/\/www.chicasafurniture.com\/wp-content\/uploads\/2026\/03\/Bespoke-Luxury-Beds-with-Modern-Wingback-Tufted-Head-3-9x12.jpg 9w, https:\/\/www.chicasafurniture.com\/wp-content\/uploads\/2026\/03\/Bespoke-Luxury-Beds-with-Modern-Wingback-Tufted-Head-3-600x765.jpg 600w\" sizes=\"(max-width: 784px) 100vw, 784px\" \/><\/figure>\n<\/div>\n<\/div>\n\n\n\n<figure class=\"wp-block-image size-full\"><img decoding=\"async\" width=\"954\" height=\"700\" src=\"https:\/\/www.chicasafurniture.com\/wp-content\/uploads\/2026\/03\/Bespoke-Luxury-Beds-with-Modern-Wingback-Tufted-Head-4.png\" alt=\"Lits de luxe sur mesure avec t\u00eate touffue Wingback moderne-3\" class=\"wp-image-1076\" srcset=\"https:\/\/www.chicasafurniture.com\/wp-content\/uploads\/2026\/03\/Bespoke-Luxury-Beds-with-Modern-Wingback-Tufted-Head-4.png 954w, https:\/\/www.chicasafurniture.com\/wp-content\/uploads\/2026\/03\/Bespoke-Luxury-Beds-with-Modern-Wingback-Tufted-Head-4-300x220.png 300w, https:\/\/www.chicasafurniture.com\/wp-content\/uploads\/2026\/03\/Bespoke-Luxury-Beds-with-Modern-Wingback-Tufted-Head-4-768x564.png 768w, https:\/\/www.chicasafurniture.com\/wp-content\/uploads\/2026\/03\/Bespoke-Luxury-Beds-with-Modern-Wingback-Tufted-Head-4-16x12.png 16w, https:\/\/www.chicasafurniture.com\/wp-content\/uploads\/2026\/03\/Bespoke-Luxury-Beds-with-Modern-Wingback-Tufted-Head-4-600x440.png 600w\" sizes=\"(max-width: 954px) 100vw, 954px\" \/><\/figure>","protected":false},"excerpt":{"rendered":"<p>Faites l'exp\u00e9rience du confort ultime avec nos lits de luxe sur mesure. Ce lit sur mesure pr\u00e9sente l'embl\u00e9matique t\u00eate de lit \u00e0 oreilles avec un matelassage carr\u00e9 exquis, cr\u00e9ant une sensation de l\u00e9g\u00e8ret\u00e9 et d'a\u00e9ration, tout en offrant un soutien dorsal solide.<\/p>\n<table style=\"border-collapse: collapse; width: 222.03pt;\" border=\"0\" width=\"222\" cellspacing=\"0\" cellpadding=\"0\">\n<tbody>\n<tr style=\"height: 15.20pt;\">\n<td class=\"et2\" style=\"height: 15.20pt; width: 81.65pt;\" width=\"81\" height=\"15\">Fabricant<\/td>\n<td class=\"et2\" style=\"width: 140.80pt;\" width=\"140\">Chicasa<\/td>\n<\/tr>\n<tr style=\"height: 15.20pt;\">\n<td class=\"et2\" style=\"height: 15.20pt;\" height=\"15\">Cat\u00e9gorie<\/td>\n<td class=\"et2\">Lit<\/td>\n<\/tr>\n<tr style=\"height: 15.20pt;\">\n<td class=\"et2\" style=\"height: 15.20pt;\" height=\"15\">Application<\/td>\n<td class=\"et2\">Chambre \u00e0 coucher<\/td>\n<\/tr>\n<tr style=\"height: 15.20pt;\">\n<td class=\"et2\" style=\"height: 15.20pt;\" height=\"15\">Style<\/td>\n<td class=\"et2\">Luxe raffin\u00e9<\/td>\n<\/tr>\n<tr style=\"height: 15.20pt;\">\n<td class=\"et2\" style=\"height: 15.20pt;\" height=\"15\">Mod\u00e8le<\/td>\n<td class=\"et2\">QMY-BE012<\/td>\n<\/tr>\n<tr style=\"height: 15.20pt;\">\n<td class=\"et2\" style=\"height: 15.20pt;\" height=\"15\">Personnalisation<\/td>\n<td class=\"et2\">Couleur, taille, mat\u00e9riau<\/td>\n<\/tr>\n<tr style=\"height: 15.20pt;\">\n<td class=\"et2\" style=\"height: 15.20pt;\" height=\"15\">MOQ<\/td>\n<td class=\"et2\">1pcs<\/td>\n<\/tr>\n<\/tbody>\n<\/table>","protected":false},"featured_media":1073,"comment_status":"closed","ping_status":"closed","template":"","meta":{"_acf_changed":false},"product_brand":[],"product_cat":[33,18],"product_tag":[],"class_list":{"0":"post-1072","1":"product","2":"type-product","3":"status-publish","4":"has-post-thumbnail","6":"product_cat-custom-beds-manufacturer","7":"product_cat-bespoke-bedroom-furniture","9":"first","10":"instock","11":"shipping-taxable","12":"product-type-simple"},"acf":[],"_links":{"self":[{"href":"https:\/\/www.chicasafurniture.com\/fr\/wp-json\/wp\/v2\/product\/1072","targetHints":{"allow":["GET"]}}],"collection":[{"href":"https:\/\/www.chicasafurniture.com\/fr\/wp-json\/wp\/v2\/product"}],"about":[{"href":"https:\/\/www.chicasafurniture.com\/fr\/wp-json\/wp\/v2\/types\/product"}],"replies":[{"embeddable":true,"href":"https:\/\/www.chicasafurniture.com\/fr\/wp-json\/wp\/v2\/comments?post=1072"}],"wp:featuredmedia":[{"embeddable":true,"href":"https:\/\/www.chicasafurniture.com\/fr\/wp-json\/wp\/v2\/media\/1073"}],"wp:attachment":[{"href":"https:\/\/www.chicasafurniture.com\/fr\/wp-json\/wp\/v2\/media?parent=1072"}],"wp:term":[{"taxonomy":"product_brand","embeddable":true,"href":"https:\/\/www.chicasafurniture.com\/fr\/wp-json\/wp\/v2\/product_brand?post=1072"},{"taxonomy":"product_cat","embeddable":true,"href":"https:\/\/www.chicasafurniture.com\/fr\/wp-json\/wp\/v2\/product_cat?post=1072"},{"taxonomy":"product_tag","embeddable":true,"href":"https:\/\/www.chicasafurniture.com\/fr\/wp-json\/wp\/v2\/product_tag?post=1072"}],"curies":[{"name":"wp","href":"https:\/\/api.w.org\/{rel}","templated":true}]}}