{"id":1078,"date":"2026-03-16T07:08:26","date_gmt":"2026-03-16T07:08:26","guid":{"rendered":"https:\/\/www.chicasafurniture.com\/?post_type=product&#038;p=1078"},"modified":"2026-03-20T02:22:45","modified_gmt":"2026-03-20T02:22:45","slug":"modern-custom-beds","status":"publish","type":"product","link":"https:\/\/www.chicasafurniture.com\/fr\/product\/modern-custom-beds\/","title":{"rendered":"Lits modernes sur mesure, lit capitonn\u00e9 minimaliste \u00e0 dos d'\u00e2ne"},"content":{"rendered":"<h2 class=\"wp-block-heading\">Sp\u00e9cifications des produits de Modern Custom Beds<\/h2>\n\n\n\n<figure class=\"wp-block-table\"><table class=\"has-fixed-layout\"><tbody><tr><td>Cadre<\/td><td>Mat\u00e9riau de couverture<\/td><td>Mat\u00e9riau de remplissage<\/td><td>Jambes<\/td><td>Couleur<\/td><td>Taille<\/td><td>Poids<\/td><\/tr><tr><td>Bois massif<\/td><td>Tissu<\/td><td>\u00c9ponge haute densit\u00e9<\/td><td>M\u00e9tal<\/td><td>Sur mesure<\/td><td>TAILLE KING<\/td><td>90-120kg<\/td><\/tr><\/tbody><\/table><\/figure>\n\n\n\n<div class=\"wp-block-columns is-layout-flex wp-container-core-columns-is-layout-9d6595d7 wp-block-columns-is-layout-flex\">\n<div class=\"wp-block-column is-layout-flow wp-block-column-is-layout-flow\">\n<h2 class=\"wp-block-heading\">Premium Modern Custom Beds Caract\u00e9ristiques :<\/h2>\n\n\n\n<ul class=\"wp-block-list\">\n<li><strong>Design \u00e9pur\u00e9 \u00e0 dos d'\u00e2ne :<\/strong> Les ailes lat\u00e9rales l\u00e9g\u00e8rement effil\u00e9es de nos lits modernes sur mesure conf\u00e8rent \u00e0 la t\u00eate de lit un aspect dynamique et architectural. Ce design am\u00e9liore non seulement le sentiment d'enfermement et de confort lorsque l'on se penche en arri\u00e8re, mais aussi l'atmosph\u00e8re g\u00e9n\u00e9rale d'intimit\u00e9 dans la chambre \u00e0 coucher.<\/li>\n\n\n\n<li><strong>Esth\u00e9tique minimaliste int\u00e9gr\u00e9e :<\/strong> Pour ce lit sur mesure, la t\u00eate de lit et le cadre du lit pr\u00e9sentent une technique de rembourrage souple et une palette de mat\u00e9riaux unifi\u00e9es. Cette int\u00e9gration transparente \u00e9limine toute impression visuelle de segmentation structurelle et met en valeur une esth\u00e9tique industrielle pure et sophistiqu\u00e9e.<\/li>\n\n\n\n<li><strong>Personnalisation exquise des tissus et des textures :<\/strong> Nos lits modernes sur mesure offrent diverses options de personnalisation, allant des tissus en laine aux teintes profondes au cuir v\u00e9ritable doux pour la peau, afin de satisfaire un large \u00e9ventail de pr\u00e9f\u00e9rences tactiles et de combinaisons de couleurs spatiales.<\/li>\n\n\n\n<li><strong>Structure de soutien de haut niveau :<\/strong> L'int\u00e9rieur de ce lit sur mesure est constitu\u00e9 d'un cadre en bois massif associ\u00e9 \u00e0 un rembourrage en mousse haute densit\u00e9 durcie \u00e0 froid. Cette construction robuste r\u00e9siste \u00e0 la d\u00e9formation m\u00eame apr\u00e8s une utilisation prolong\u00e9e, garantissant un soutien constant et uniforme chaque fois que vous vous penchez en arri\u00e8re ou que vous vous inclinez.<\/li>\n\n\n\n<li><strong>Int\u00e9gration transparente dans les espaces modernes :<\/strong> La conception au sol de ces lits modernes sur mesure \u00e9limine l'encombrement visuel sous le cadre du lit. Combin\u00e9e \u00e0 leurs lignes minimalistes, cette caract\u00e9ristique cr\u00e9e un environnement de chambre \u00e0 coucher qui semble visuellement plus spacieux et impeccablement rang\u00e9.<\/li>\n<\/ul>\n<\/div>\n\n\n\n<div class=\"wp-block-column is-layout-flow wp-block-column-is-layout-flow\">\n<figure class=\"wp-block-image size-full\"><img decoding=\"async\" width=\"762\" height=\"1000\" src=\"https:\/\/www.chicasafurniture.com\/wp-content\/uploads\/2026\/03\/Modern-Custom-Beds-Minimalist-Wingback-Upholstered-Bed-4.webp\" alt=\"Lits modernes sur mesure, lit capitonn\u00e9 minimaliste \u00e0 dos d&#039;\u00e2ne-4\" class=\"wp-image-1082\" srcset=\"https:\/\/www.chicasafurniture.com\/wp-content\/uploads\/2026\/03\/Modern-Custom-Beds-Minimalist-Wingback-Upholstered-Bed-4.webp 762w, https:\/\/www.chicasafurniture.com\/wp-content\/uploads\/2026\/03\/Modern-Custom-Beds-Minimalist-Wingback-Upholstered-Bed-4-229x300.webp 229w, https:\/\/www.chicasafurniture.com\/wp-content\/uploads\/2026\/03\/Modern-Custom-Beds-Minimalist-Wingback-Upholstered-Bed-4-9x12.webp 9w, https:\/\/www.chicasafurniture.com\/wp-content\/uploads\/2026\/03\/Modern-Custom-Beds-Minimalist-Wingback-Upholstered-Bed-4-600x787.webp 600w\" sizes=\"(max-width: 762px) 100vw, 762px\" \/><\/figure>\n<\/div>\n<\/div>\n\n\n\n<figure class=\"wp-block-image size-full\"><img decoding=\"async\" width=\"1294\" height=\"970\" src=\"https:\/\/www.chicasafurniture.com\/wp-content\/uploads\/2026\/03\/Modern-Custom-Beds-Minimalist-Wingback-Upholstered-Bed-3.webp\" alt=\"Lits modernes sur mesure, Lit capitonn\u00e9 minimaliste \u00e0 dos d&#039;\u00e2ne-3\" class=\"wp-image-1081\" srcset=\"https:\/\/www.chicasafurniture.com\/wp-content\/uploads\/2026\/03\/Modern-Custom-Beds-Minimalist-Wingback-Upholstered-Bed-3.webp 1294w, https:\/\/www.chicasafurniture.com\/wp-content\/uploads\/2026\/03\/Modern-Custom-Beds-Minimalist-Wingback-Upholstered-Bed-3-300x225.webp 300w, https:\/\/www.chicasafurniture.com\/wp-content\/uploads\/2026\/03\/Modern-Custom-Beds-Minimalist-Wingback-Upholstered-Bed-3-768x576.webp 768w, https:\/\/www.chicasafurniture.com\/wp-content\/uploads\/2026\/03\/Modern-Custom-Beds-Minimalist-Wingback-Upholstered-Bed-3-16x12.webp 16w, https:\/\/www.chicasafurniture.com\/wp-content\/uploads\/2026\/03\/Modern-Custom-Beds-Minimalist-Wingback-Upholstered-Bed-3-1200x900.webp 1200w, https:\/\/www.chicasafurniture.com\/wp-content\/uploads\/2026\/03\/Modern-Custom-Beds-Minimalist-Wingback-Upholstered-Bed-3-600x450.webp 600w\" sizes=\"(max-width: 1294px) 100vw, 1294px\" \/><\/figure>","protected":false},"excerpt":{"rendered":"<p>D\u00e9couvrez des lits sur mesure modernes, dot\u00e9s d'une silhouette ail\u00e9e raffin\u00e9e, d'un rembourrage de qualit\u00e9 sup\u00e9rieure et d'un design minimaliste, con\u00e7us \u00e0 la fois pour le confort et le style contemporain. Ces lits sur mesure s'int\u00e8grent parfaitement dans un large \u00e9ventail d'environnements domestiques modernes, minimalistes ou de luxe italien.<\/p>\n<table style=\"border-collapse: collapse; width: 222.03pt;\" border=\"0\" width=\"222\" cellspacing=\"0\" cellpadding=\"0\">\n<tbody>\n<tr style=\"height: 15.20pt;\">\n<td class=\"et2\" style=\"height: 15.20pt; width: 81.65pt;\" width=\"81\" height=\"15\">Fabricant<\/td>\n<td class=\"et2\" style=\"width: 140.80pt;\" width=\"140\">Chicasa<\/td>\n<\/tr>\n<tr style=\"height: 15.20pt;\">\n<td class=\"et2\" style=\"height: 15.20pt;\" height=\"15\">Cat\u00e9gorie<\/td>\n<td class=\"et2\">Lit<\/td>\n<\/tr>\n<tr style=\"height: 15.20pt;\">\n<td class=\"et2\" style=\"height: 15.20pt;\" height=\"15\">Application<\/td>\n<td class=\"et2\">Chambre \u00e0 coucher<\/td>\n<\/tr>\n<tr style=\"height: 15.20pt;\">\n<td class=\"et2\" style=\"height: 15.20pt;\" height=\"15\">Style<\/td>\n<td class=\"et2\">Minimaliste<\/td>\n<\/tr>\n<tr style=\"height: 15.20pt;\">\n<td class=\"et2\" style=\"height: 15.20pt;\" height=\"15\">Mod\u00e8le<\/td>\n<td class=\"et2\">QMY-BE013<\/td>\n<\/tr>\n<tr style=\"height: 15.20pt;\">\n<td class=\"et2\" style=\"height: 15.20pt;\" height=\"15\">Personnalisation<\/td>\n<td class=\"et2\">Couleur, taille, mat\u00e9riau<\/td>\n<\/tr>\n<tr style=\"height: 15.20pt;\">\n<td class=\"et2\" style=\"height: 15.20pt;\" height=\"15\">MOQ<\/td>\n<td class=\"et2\">1pcs<\/td>\n<\/tr>\n<\/tbody>\n<\/table>","protected":false},"featured_media":1079,"comment_status":"closed","ping_status":"closed","template":"","meta":{"_acf_changed":false},"product_brand":[],"product_cat":[33,18],"product_tag":[],"class_list":{"0":"post-1078","1":"product","2":"type-product","3":"status-publish","4":"has-post-thumbnail","6":"product_cat-custom-beds-manufacturer","7":"product_cat-bespoke-bedroom-furniture","9":"first","10":"instock","11":"shipping-taxable","12":"product-type-simple"},"acf":[],"_links":{"self":[{"href":"https:\/\/www.chicasafurniture.com\/fr\/wp-json\/wp\/v2\/product\/1078","targetHints":{"allow":["GET"]}}],"collection":[{"href":"https:\/\/www.chicasafurniture.com\/fr\/wp-json\/wp\/v2\/product"}],"about":[{"href":"https:\/\/www.chicasafurniture.com\/fr\/wp-json\/wp\/v2\/types\/product"}],"replies":[{"embeddable":true,"href":"https:\/\/www.chicasafurniture.com\/fr\/wp-json\/wp\/v2\/comments?post=1078"}],"wp:featuredmedia":[{"embeddable":true,"href":"https:\/\/www.chicasafurniture.com\/fr\/wp-json\/wp\/v2\/media\/1079"}],"wp:attachment":[{"href":"https:\/\/www.chicasafurniture.com\/fr\/wp-json\/wp\/v2\/media?parent=1078"}],"wp:term":[{"taxonomy":"product_brand","embeddable":true,"href":"https:\/\/www.chicasafurniture.com\/fr\/wp-json\/wp\/v2\/product_brand?post=1078"},{"taxonomy":"product_cat","embeddable":true,"href":"https:\/\/www.chicasafurniture.com\/fr\/wp-json\/wp\/v2\/product_cat?post=1078"},{"taxonomy":"product_tag","embeddable":true,"href":"https:\/\/www.chicasafurniture.com\/fr\/wp-json\/wp\/v2\/product_tag?post=1078"}],"curies":[{"name":"wp","href":"https:\/\/api.w.org\/{rel}","templated":true}]}}