{"id":1083,"date":"2026-03-16T07:27:01","date_gmt":"2026-03-16T07:27:01","guid":{"rendered":"https:\/\/www.chicasafurniture.com\/?post_type=product&#038;p=1083"},"modified":"2026-03-16T07:37:59","modified_gmt":"2026-03-16T07:37:59","slug":"custom-made-bedside-tables","status":"publish","type":"product","link":"https:\/\/www.chicasafurniture.com\/fr\/product\/custom-made-bedside-tables\/","title":{"rendered":"Tables de chevet sur mesure, tables de nuit en cuir de luxe"},"content":{"rendered":"<h2 class=\"wp-block-heading\">Sp\u00e9cifications produit des tables de chevet sur mesure<\/h2>\n\n\n\n<figure class=\"wp-block-table\"><table class=\"has-fixed-layout\"><tbody><tr><td>Cadre<\/td><td>Mat\u00e9riau de couverture<\/td><td>Mat\u00e9riau de remplissage<\/td><td>Jambes<\/td><td>Couleur<\/td><td>Taille<\/td><td>Poids<\/td><\/tr><tr><td>Contreplaqu\u00e9<\/td><td>\/<\/td><td>\/<\/td><td>\/<\/td><td>Sur mesure<\/td><td>51cmx46cmx46cm<\/td><td>20-35kg<\/td><\/tr><\/tbody><\/table><\/figure>\n\n\n\n<div class=\"wp-block-columns is-layout-flex wp-container-core-columns-is-layout-9d6595d7 wp-block-columns-is-layout-flex\">\n<div class=\"wp-block-column is-layout-flow wp-block-column-is-layout-flow\">\n<h2 class=\"wp-block-heading\">Premium Custom Made Bedside Tables Features :<\/h2>\n\n\n\n<ul class=\"wp-block-list\">\n<li><strong>Enveloppe luxueuse en cuir :<\/strong> Le corps de l'armoire de nos tables de chevet sur mesure est m\u00e9ticuleusement envelopp\u00e9 dans un cuir technique de premi\u00e8re qualit\u00e9. Avec ses d\u00e9tails exquis cousus \u00e0 la main, ce travail artisanal conf\u00e8re une esth\u00e9tique sophistiqu\u00e9e et tr\u00e8s tendance qui rappelle celle des bagages de luxe sur mesure.<\/li>\n\n\n\n<li><strong>Plateau en bois massif encastr\u00e9 :<\/strong> La surface sup\u00e9rieure de cette table de nuit sur mesure pr\u00e9sente un design encastr\u00e9, fini dans un riche grain de noyer fonc\u00e9. Cette configuration \u00e9l\u00e9gante ne se contente pas de rehausser l'attrait visuel, elle offre \u00e9galement une plate-forme s\u00fbre et stable pour ranger proprement les petits objets tels que les diffuseurs d'aromath\u00e9rapie et les t\u00e9l\u00e9phones portables.<\/li>\n\n\n\n<li><strong>Couche, Stockage silencieux :<\/strong> Con\u00e7ues pour r\u00e9pondre \u00e0 divers besoins d'organisation, nos tables de chevet sur mesure sont dot\u00e9es d'une configuration \u00e0 deux tiroirs. \u00c9quip\u00e9s de glissi\u00e8res d'amortissement \u00e0 fermeture douce, les tiroirs s'ouvrent et se ferment en douceur et en silence, garantissant ainsi la tranquillit\u00e9 de vos heures de sommeil.<\/li>\n\n\n\n<li><strong>Profil g\u00e9om\u00e9trique asym\u00e9trique unique :<\/strong> Le profil lat\u00e9ral de cette table de nuit sur mesure pr\u00e9sente une structure tangentielle distinctive associ\u00e9e \u00e0 des coins gracieusement incurv\u00e9s. Ce design unique garantit la s\u00e9curit\u00e9 de l'utilisateur tout en mettant en valeur une identit\u00e9 esth\u00e9tique tr\u00e8s reconnaissable et originale.<\/li>\n\n\n\n<li><strong>Personnalisation flexible : <\/strong>Nos tables de chevet sur mesure offrent des options de personnalisation flexibles \u00e0 travers une large gamme de couleurs de cuir et de finitions de grain de bois. Elles s'harmonisent ainsi parfaitement avec les cadres de lit sur mesure de diff\u00e9rentes palettes de couleurs, ce qui vous permet de cr\u00e9er un sanctuaire de sommeil harmonieux et unifi\u00e9.<\/li>\n<\/ul>\n<\/div>\n\n\n\n<div class=\"wp-block-column is-layout-flow wp-block-column-is-layout-flow\">\n<figure class=\"wp-block-image size-full\"><img decoding=\"async\" width=\"1000\" height=\"1000\" src=\"https:\/\/www.chicasafurniture.com\/wp-content\/uploads\/2026\/03\/Custom-Made-Bedside-Tables-Luxury-Leather-Nightstands-2.webp\" alt=\"Tables de chevet sur mesure, Tables de nuit en cuir de luxe-2\" class=\"wp-image-1085\" srcset=\"https:\/\/www.chicasafurniture.com\/wp-content\/uploads\/2026\/03\/Custom-Made-Bedside-Tables-Luxury-Leather-Nightstands-2.webp 1000w, https:\/\/www.chicasafurniture.com\/wp-content\/uploads\/2026\/03\/Custom-Made-Bedside-Tables-Luxury-Leather-Nightstands-2-300x300.webp 300w, https:\/\/www.chicasafurniture.com\/wp-content\/uploads\/2026\/03\/Custom-Made-Bedside-Tables-Luxury-Leather-Nightstands-2-150x150.webp 150w, https:\/\/www.chicasafurniture.com\/wp-content\/uploads\/2026\/03\/Custom-Made-Bedside-Tables-Luxury-Leather-Nightstands-2-768x768.webp 768w, https:\/\/www.chicasafurniture.com\/wp-content\/uploads\/2026\/03\/Custom-Made-Bedside-Tables-Luxury-Leather-Nightstands-2-12x12.webp 12w, https:\/\/www.chicasafurniture.com\/wp-content\/uploads\/2026\/03\/Custom-Made-Bedside-Tables-Luxury-Leather-Nightstands-2-600x600.webp 600w, https:\/\/www.chicasafurniture.com\/wp-content\/uploads\/2026\/03\/Custom-Made-Bedside-Tables-Luxury-Leather-Nightstands-2-100x100.webp 100w\" sizes=\"(max-width: 1000px) 100vw, 1000px\" \/><\/figure>\n<\/div>\n<\/div>\n\n\n\n<div class=\"wp-block-columns is-layout-flex wp-container-core-columns-is-layout-9d6595d7 wp-block-columns-is-layout-flex\">\n<div class=\"wp-block-column is-layout-flow wp-block-column-is-layout-flow\">\n<figure class=\"wp-block-image size-full\"><img decoding=\"async\" width=\"1000\" height=\"1000\" src=\"https:\/\/www.chicasafurniture.com\/wp-content\/uploads\/2026\/03\/Custom-Made-Bedside-Tables-Luxury-Leather-Nightstands-3.webp\" alt=\"Tables de chevet sur mesure, tables de nuit en cuir de luxe-3\" class=\"wp-image-1086\" srcset=\"https:\/\/www.chicasafurniture.com\/wp-content\/uploads\/2026\/03\/Custom-Made-Bedside-Tables-Luxury-Leather-Nightstands-3.webp 1000w, https:\/\/www.chicasafurniture.com\/wp-content\/uploads\/2026\/03\/Custom-Made-Bedside-Tables-Luxury-Leather-Nightstands-3-300x300.webp 300w, https:\/\/www.chicasafurniture.com\/wp-content\/uploads\/2026\/03\/Custom-Made-Bedside-Tables-Luxury-Leather-Nightstands-3-150x150.webp 150w, https:\/\/www.chicasafurniture.com\/wp-content\/uploads\/2026\/03\/Custom-Made-Bedside-Tables-Luxury-Leather-Nightstands-3-768x768.webp 768w, https:\/\/www.chicasafurniture.com\/wp-content\/uploads\/2026\/03\/Custom-Made-Bedside-Tables-Luxury-Leather-Nightstands-3-12x12.webp 12w, https:\/\/www.chicasafurniture.com\/wp-content\/uploads\/2026\/03\/Custom-Made-Bedside-Tables-Luxury-Leather-Nightstands-3-600x600.webp 600w, https:\/\/www.chicasafurniture.com\/wp-content\/uploads\/2026\/03\/Custom-Made-Bedside-Tables-Luxury-Leather-Nightstands-3-100x100.webp 100w\" sizes=\"(max-width: 1000px) 100vw, 1000px\" \/><\/figure>\n<\/div>\n\n\n\n<div class=\"wp-block-column is-layout-flow wp-block-column-is-layout-flow\">\n<figure class=\"wp-block-image size-full\"><img decoding=\"async\" width=\"1000\" height=\"1000\" src=\"https:\/\/www.chicasafurniture.com\/wp-content\/uploads\/2026\/03\/Custom-Made-Bedside-Tables-Luxury-Leather-Nightstands-4.webp\" alt=\"Tables de chevet sur mesure, tables de nuit en cuir de luxe-4\" class=\"wp-image-1087\" srcset=\"https:\/\/www.chicasafurniture.com\/wp-content\/uploads\/2026\/03\/Custom-Made-Bedside-Tables-Luxury-Leather-Nightstands-4.webp 1000w, https:\/\/www.chicasafurniture.com\/wp-content\/uploads\/2026\/03\/Custom-Made-Bedside-Tables-Luxury-Leather-Nightstands-4-300x300.webp 300w, https:\/\/www.chicasafurniture.com\/wp-content\/uploads\/2026\/03\/Custom-Made-Bedside-Tables-Luxury-Leather-Nightstands-4-150x150.webp 150w, https:\/\/www.chicasafurniture.com\/wp-content\/uploads\/2026\/03\/Custom-Made-Bedside-Tables-Luxury-Leather-Nightstands-4-768x768.webp 768w, https:\/\/www.chicasafurniture.com\/wp-content\/uploads\/2026\/03\/Custom-Made-Bedside-Tables-Luxury-Leather-Nightstands-4-12x12.webp 12w, https:\/\/www.chicasafurniture.com\/wp-content\/uploads\/2026\/03\/Custom-Made-Bedside-Tables-Luxury-Leather-Nightstands-4-600x600.webp 600w, https:\/\/www.chicasafurniture.com\/wp-content\/uploads\/2026\/03\/Custom-Made-Bedside-Tables-Luxury-Leather-Nightstands-4-100x100.webp 100w\" sizes=\"(max-width: 1000px) 100vw, 1000px\" \/><\/figure>\n<\/div>\n<\/div>","protected":false},"excerpt":{"rendered":"<p>Rehaussez votre chambre \u00e0 coucher avec nos tables de chevet sur mesure. Dot\u00e9es d'un rev\u00eatement en cuir de premi\u00e8re qualit\u00e9, d'accents en noyer et d'un rangement \u00e9pur\u00e9 et minimaliste, elles offrent une esth\u00e9tique r\u00e9solument moderne. Les bords l\u00e9g\u00e8rement sur\u00e9lev\u00e9s emp\u00eachent les objets de glisser.<\/p>\n<table style=\"border-collapse: collapse; width: 222.03pt;\" border=\"0\" width=\"222\" cellspacing=\"0\" cellpadding=\"0\">\n<tbody>\n<tr style=\"height: 15.20pt;\">\n<td class=\"et2\" style=\"height: 15.20pt; width: 81.65pt;\" width=\"81\" height=\"15\">Fabricant<\/td>\n<td class=\"et2\" style=\"width: 140.80pt;\" width=\"140\">ChiCasa<\/td>\n<\/tr>\n<tr style=\"height: 15.20pt;\">\n<td class=\"et2\" style=\"height: 15.20pt;\" height=\"15\">Cat\u00e9gorie<\/td>\n<td class=\"et2\">Table de nuit<\/td>\n<\/tr>\n<tr style=\"height: 15.20pt;\">\n<td class=\"et2\" style=\"height: 15.20pt;\" height=\"15\">Application<\/td>\n<td class=\"et2\">Chambre \u00e0 coucher<\/td>\n<\/tr>\n<tr style=\"height: 15.20pt;\">\n<td class=\"et2\" style=\"height: 15.20pt;\" height=\"15\">Style<\/td>\n<td class=\"et2\">Minimaliste<\/td>\n<\/tr>\n<tr style=\"height: 15.20pt;\">\n<td class=\"et2\" style=\"height: 15.20pt;\" height=\"15\">Mod\u00e8le<\/td>\n<td class=\"et2\">QMY-NS005<\/td>\n<\/tr>\n<tr style=\"height: 15.20pt;\">\n<td class=\"et2\" style=\"height: 15.20pt;\" height=\"15\">Personnalisation<\/td>\n<td class=\"et2\">Couleur, taille, mat\u00e9riau<\/td>\n<\/tr>\n<tr style=\"height: 15.20pt;\">\n<td class=\"et2\" style=\"height: 15.20pt;\" height=\"15\">MOQ<\/td>\n<td class=\"et2\">1pcs<\/td>\n<\/tr>\n<\/tbody>\n<\/table>","protected":false},"featured_media":1084,"comment_status":"closed","ping_status":"closed","template":"","meta":{"_acf_changed":false},"product_brand":[],"product_cat":[34,18],"product_tag":[],"class_list":{"0":"post-1083","1":"product","2":"type-product","3":"status-publish","4":"has-post-thumbnail","6":"product_cat-custom-nightstand","7":"product_cat-bespoke-bedroom-furniture","9":"first","10":"instock","11":"shipping-taxable","12":"product-type-simple"},"acf":[],"_links":{"self":[{"href":"https:\/\/www.chicasafurniture.com\/fr\/wp-json\/wp\/v2\/product\/1083","targetHints":{"allow":["GET"]}}],"collection":[{"href":"https:\/\/www.chicasafurniture.com\/fr\/wp-json\/wp\/v2\/product"}],"about":[{"href":"https:\/\/www.chicasafurniture.com\/fr\/wp-json\/wp\/v2\/types\/product"}],"replies":[{"embeddable":true,"href":"https:\/\/www.chicasafurniture.com\/fr\/wp-json\/wp\/v2\/comments?post=1083"}],"wp:featuredmedia":[{"embeddable":true,"href":"https:\/\/www.chicasafurniture.com\/fr\/wp-json\/wp\/v2\/media\/1084"}],"wp:attachment":[{"href":"https:\/\/www.chicasafurniture.com\/fr\/wp-json\/wp\/v2\/media?parent=1083"}],"wp:term":[{"taxonomy":"product_brand","embeddable":true,"href":"https:\/\/www.chicasafurniture.com\/fr\/wp-json\/wp\/v2\/product_brand?post=1083"},{"taxonomy":"product_cat","embeddable":true,"href":"https:\/\/www.chicasafurniture.com\/fr\/wp-json\/wp\/v2\/product_cat?post=1083"},{"taxonomy":"product_tag","embeddable":true,"href":"https:\/\/www.chicasafurniture.com\/fr\/wp-json\/wp\/v2\/product_tag?post=1083"}],"curies":[{"name":"wp","href":"https:\/\/api.w.org\/{rel}","templated":true}]}}