{"id":1088,"date":"2026-03-16T07:38:57","date_gmt":"2026-03-16T07:38:57","guid":{"rendered":"https:\/\/www.chicasafurniture.com\/?post_type=product&#038;p=1088"},"modified":"2026-03-16T07:50:04","modified_gmt":"2026-03-16T07:50:04","slug":"custom-built-nightstands","status":"publish","type":"product","link":"https:\/\/www.chicasafurniture.com\/fr\/product\/custom-built-nightstands\/","title":{"rendered":"Tables de nuit sur mesure, tables de chevet en cuir de luxe"},"content":{"rendered":"<h2 class=\"wp-block-heading\">Sp\u00e9cifications produit des tables de nuit sur mesure<\/h2>\n\n\n\n<figure class=\"wp-block-table\"><table class=\"has-fixed-layout\"><tbody><tr><td>Cadre<\/td><td>Mat\u00e9riau de couverture<\/td><td>Mat\u00e9riau de remplissage<\/td><td>Jambes<\/td><td>Couleur<\/td><td>Taille<\/td><td>Poids<\/td><\/tr><tr><td>Contreplaqu\u00e9<\/td><td>\/<\/td><td>\/<\/td><td>M\u00e9tal<\/td><td>Sur mesure<\/td><td>51cmx46cmx46cm<\/td><td>20-35kg<\/td><\/tr><\/tbody><\/table><\/figure>\n\n\n\n<div class=\"wp-block-columns is-layout-flex wp-container-core-columns-is-layout-9d6595d7 wp-block-columns-is-layout-flex\">\n<div class=\"wp-block-column is-layout-flow wp-block-column-is-layout-flow\">\n<h2 class=\"wp-block-heading\">Tables de chevet sur mesure de qualit\u00e9 sup\u00e9rieure Caract\u00e9ristiques :<\/h2>\n\n\n\n<ul class=\"wp-block-list\">\n<li><strong>La fusion esth\u00e9tique du cuir et du bois massif :<\/strong> Nos tables de nuit sur mesure sont dot\u00e9es d'un corps de meuble envelopp\u00e9 d'un cuir \u00e9cologique de haute qualit\u00e9, qui se marie parfaitement avec le grain du bois de noyer du plateau de la table pour cr\u00e9er une exp\u00e9rience sensorielle riche et multicouche.<\/li>\n\n\n\n<li><strong>Plateau antid\u00e9rapant int\u00e9gr\u00e9 :<\/strong> La surface sup\u00e9rieure de cette table de chevet sur mesure pr\u00e9sente un design unique \u00e0 bords relev\u00e9s sur les quatre c\u00f4t\u00e9s, formant un plateau de rangement naturel qui garantit que les objets, tels que les verres \u00e0 eau, les t\u00e9l\u00e9phones portables et autres objets essentiels, restent en place de mani\u00e8re s\u00fbre et stable.<\/li>\n\n\n\n<li><strong>Poign\u00e9es de tiroir coud\u00e9es dissimul\u00e9es :<\/strong> Ces tables de chevet sur mesure ne sont pas \u00e9quip\u00e9es de poign\u00e9es traditionnelles, mais d'un syst\u00e8me ergonomique de coupe angulaire dissimul\u00e9e. Cette approche pr\u00e9serve l'esth\u00e9tique minimaliste g\u00e9n\u00e9rale de l'armoire tout en am\u00e9liorant la s\u00e9curit\u00e9.<\/li>\n\n\n\n<li><strong>Silhouette g\u00e9om\u00e9trique architecturale :<\/strong> Nos tables de chevet sur mesure pr\u00e9sentent une structure cubique \u00e9pur\u00e9e, accentu\u00e9e par des lignes g\u00e9om\u00e9triques raffin\u00e9es. Plus qu'un simple meuble de rangement, elles constituent un \u00e9l\u00e9ment d'ameublement qui apporte un sens artistique moderne \u00e0 la chambre \u00e0 coucher.<\/li>\n<\/ul>\n<\/div>\n\n\n\n<div class=\"wp-block-column is-layout-flow wp-block-column-is-layout-flow\">\n<figure class=\"wp-block-image size-full\"><img decoding=\"async\" width=\"1000\" height=\"1000\" src=\"https:\/\/www.chicasafurniture.com\/wp-content\/uploads\/2026\/03\/Custom-Built-Nightstands-Luxury-Leather-Top-Bedside-Tables-2.webp\" alt=\"Tables de nuit sur mesure, tables de chevet en cuir de luxe-2\" class=\"wp-image-1090\" srcset=\"https:\/\/www.chicasafurniture.com\/wp-content\/uploads\/2026\/03\/Custom-Built-Nightstands-Luxury-Leather-Top-Bedside-Tables-2.webp 1000w, https:\/\/www.chicasafurniture.com\/wp-content\/uploads\/2026\/03\/Custom-Built-Nightstands-Luxury-Leather-Top-Bedside-Tables-2-300x300.webp 300w, https:\/\/www.chicasafurniture.com\/wp-content\/uploads\/2026\/03\/Custom-Built-Nightstands-Luxury-Leather-Top-Bedside-Tables-2-150x150.webp 150w, https:\/\/www.chicasafurniture.com\/wp-content\/uploads\/2026\/03\/Custom-Built-Nightstands-Luxury-Leather-Top-Bedside-Tables-2-768x768.webp 768w, https:\/\/www.chicasafurniture.com\/wp-content\/uploads\/2026\/03\/Custom-Built-Nightstands-Luxury-Leather-Top-Bedside-Tables-2-12x12.webp 12w, https:\/\/www.chicasafurniture.com\/wp-content\/uploads\/2026\/03\/Custom-Built-Nightstands-Luxury-Leather-Top-Bedside-Tables-2-600x600.webp 600w, https:\/\/www.chicasafurniture.com\/wp-content\/uploads\/2026\/03\/Custom-Built-Nightstands-Luxury-Leather-Top-Bedside-Tables-2-100x100.webp 100w\" sizes=\"(max-width: 1000px) 100vw, 1000px\" \/><\/figure>\n<\/div>\n<\/div>\n\n\n\n<div class=\"wp-block-columns is-layout-flex wp-container-core-columns-is-layout-9d6595d7 wp-block-columns-is-layout-flex\">\n<div class=\"wp-block-column is-layout-flow wp-block-column-is-layout-flow\">\n<figure class=\"wp-block-image size-full\"><img decoding=\"async\" width=\"1000\" height=\"1000\" src=\"https:\/\/www.chicasafurniture.com\/wp-content\/uploads\/2026\/03\/Custom-Built-Nightstands-Luxury-Leather-Top-Bedside-Tables-3.webp\" alt=\"Tables de nuit sur mesure, tables de chevet en cuir de luxe-3\" class=\"wp-image-1091\" srcset=\"https:\/\/www.chicasafurniture.com\/wp-content\/uploads\/2026\/03\/Custom-Built-Nightstands-Luxury-Leather-Top-Bedside-Tables-3.webp 1000w, https:\/\/www.chicasafurniture.com\/wp-content\/uploads\/2026\/03\/Custom-Built-Nightstands-Luxury-Leather-Top-Bedside-Tables-3-300x300.webp 300w, https:\/\/www.chicasafurniture.com\/wp-content\/uploads\/2026\/03\/Custom-Built-Nightstands-Luxury-Leather-Top-Bedside-Tables-3-150x150.webp 150w, https:\/\/www.chicasafurniture.com\/wp-content\/uploads\/2026\/03\/Custom-Built-Nightstands-Luxury-Leather-Top-Bedside-Tables-3-768x768.webp 768w, https:\/\/www.chicasafurniture.com\/wp-content\/uploads\/2026\/03\/Custom-Built-Nightstands-Luxury-Leather-Top-Bedside-Tables-3-12x12.webp 12w, https:\/\/www.chicasafurniture.com\/wp-content\/uploads\/2026\/03\/Custom-Built-Nightstands-Luxury-Leather-Top-Bedside-Tables-3-600x600.webp 600w, https:\/\/www.chicasafurniture.com\/wp-content\/uploads\/2026\/03\/Custom-Built-Nightstands-Luxury-Leather-Top-Bedside-Tables-3-100x100.webp 100w\" sizes=\"(max-width: 1000px) 100vw, 1000px\" \/><\/figure>\n<\/div>\n\n\n\n<div class=\"wp-block-column is-layout-flow wp-block-column-is-layout-flow\">\n<figure class=\"wp-block-image size-full\"><img decoding=\"async\" width=\"1500\" height=\"1500\" src=\"https:\/\/www.chicasafurniture.com\/wp-content\/uploads\/2026\/03\/Custom-Built-Nightstands-Luxury-Leather-Top-Bedside-Tables-4.webp\" alt=\"Tables de nuit sur mesure, tables de chevet en cuir de luxe-4\" class=\"wp-image-1092\" srcset=\"https:\/\/www.chicasafurniture.com\/wp-content\/uploads\/2026\/03\/Custom-Built-Nightstands-Luxury-Leather-Top-Bedside-Tables-4.webp 1500w, https:\/\/www.chicasafurniture.com\/wp-content\/uploads\/2026\/03\/Custom-Built-Nightstands-Luxury-Leather-Top-Bedside-Tables-4-300x300.webp 300w, https:\/\/www.chicasafurniture.com\/wp-content\/uploads\/2026\/03\/Custom-Built-Nightstands-Luxury-Leather-Top-Bedside-Tables-4-150x150.webp 150w, https:\/\/www.chicasafurniture.com\/wp-content\/uploads\/2026\/03\/Custom-Built-Nightstands-Luxury-Leather-Top-Bedside-Tables-4-768x768.webp 768w, https:\/\/www.chicasafurniture.com\/wp-content\/uploads\/2026\/03\/Custom-Built-Nightstands-Luxury-Leather-Top-Bedside-Tables-4-12x12.webp 12w, https:\/\/www.chicasafurniture.com\/wp-content\/uploads\/2026\/03\/Custom-Built-Nightstands-Luxury-Leather-Top-Bedside-Tables-4-1200x1200.webp 1200w, https:\/\/www.chicasafurniture.com\/wp-content\/uploads\/2026\/03\/Custom-Built-Nightstands-Luxury-Leather-Top-Bedside-Tables-4-600x600.webp 600w, https:\/\/www.chicasafurniture.com\/wp-content\/uploads\/2026\/03\/Custom-Built-Nightstands-Luxury-Leather-Top-Bedside-Tables-4-100x100.webp 100w\" sizes=\"(max-width: 1500px) 100vw, 1500px\" \/><\/figure>\n<\/div>\n<\/div>","protected":false},"excerpt":{"rendered":"<p>Commandez des tables de nuit sur mesure avec un rev\u00eatement en cuir de premi\u00e8re qualit\u00e9 et des finitions en noyer \u00e9pur\u00e9es - des tables de chevet design minimalistes con\u00e7ues pour les chambres \u00e0 coucher sophistiqu\u00e9es, mettant en valeur le summum de l'artisanat sur mesure dans un encombrement r\u00e9duit.<\/p>\n<table style=\"border-collapse: collapse; width: 222.03pt;\" border=\"0\" width=\"222\" cellspacing=\"0\" cellpadding=\"0\">\n<tbody>\n<tr style=\"height: 15.20pt;\">\n<td class=\"et2\" style=\"height: 15.20pt; width: 81.65pt;\" width=\"81\" height=\"15\">Fabricant<\/td>\n<td class=\"et2\" style=\"width: 140.80pt;\" width=\"140\">ChiCasa<\/td>\n<\/tr>\n<tr style=\"height: 15.20pt;\">\n<td class=\"et2\" style=\"height: 15.20pt;\" height=\"15\">Cat\u00e9gorie<\/td>\n<td class=\"et2\">Table de nuit<\/td>\n<\/tr>\n<tr style=\"height: 15.20pt;\">\n<td class=\"et2\" style=\"height: 15.20pt;\" height=\"15\">Application<\/td>\n<td class=\"et2\">Chambre \u00e0 coucher<\/td>\n<\/tr>\n<tr style=\"height: 15.20pt;\">\n<td class=\"et2\" style=\"height: 15.20pt;\" height=\"15\">Style<\/td>\n<td class=\"et2\">Minimaliste<\/td>\n<\/tr>\n<tr style=\"height: 15.20pt;\">\n<td class=\"et2\" style=\"height: 15.20pt;\" height=\"15\">Mod\u00e8le<\/td>\n<td class=\"et2\">QMY-NS006<\/td>\n<\/tr>\n<tr style=\"height: 15.20pt;\">\n<td class=\"et2\" style=\"height: 15.20pt;\" height=\"15\">Personnalisation<\/td>\n<td class=\"et2\">Couleur, taille, mat\u00e9riau<\/td>\n<\/tr>\n<tr style=\"height: 15.20pt;\">\n<td class=\"et2\" style=\"height: 15.20pt;\" height=\"15\">MOQ<\/td>\n<td class=\"et2\">1pcs<\/td>\n<\/tr>\n<\/tbody>\n<\/table>","protected":false},"featured_media":1089,"comment_status":"closed","ping_status":"closed","template":"","meta":{"_acf_changed":false},"product_brand":[],"product_cat":[34,18],"product_tag":[],"class_list":{"0":"post-1088","1":"product","2":"type-product","3":"status-publish","4":"has-post-thumbnail","6":"product_cat-custom-nightstand","7":"product_cat-bespoke-bedroom-furniture","9":"first","10":"instock","11":"shipping-taxable","12":"product-type-simple"},"acf":[],"_links":{"self":[{"href":"https:\/\/www.chicasafurniture.com\/fr\/wp-json\/wp\/v2\/product\/1088","targetHints":{"allow":["GET"]}}],"collection":[{"href":"https:\/\/www.chicasafurniture.com\/fr\/wp-json\/wp\/v2\/product"}],"about":[{"href":"https:\/\/www.chicasafurniture.com\/fr\/wp-json\/wp\/v2\/types\/product"}],"replies":[{"embeddable":true,"href":"https:\/\/www.chicasafurniture.com\/fr\/wp-json\/wp\/v2\/comments?post=1088"}],"wp:featuredmedia":[{"embeddable":true,"href":"https:\/\/www.chicasafurniture.com\/fr\/wp-json\/wp\/v2\/media\/1089"}],"wp:attachment":[{"href":"https:\/\/www.chicasafurniture.com\/fr\/wp-json\/wp\/v2\/media?parent=1088"}],"wp:term":[{"taxonomy":"product_brand","embeddable":true,"href":"https:\/\/www.chicasafurniture.com\/fr\/wp-json\/wp\/v2\/product_brand?post=1088"},{"taxonomy":"product_cat","embeddable":true,"href":"https:\/\/www.chicasafurniture.com\/fr\/wp-json\/wp\/v2\/product_cat?post=1088"},{"taxonomy":"product_tag","embeddable":true,"href":"https:\/\/www.chicasafurniture.com\/fr\/wp-json\/wp\/v2\/product_tag?post=1088"}],"curies":[{"name":"wp","href":"https:\/\/api.w.org\/{rel}","templated":true}]}}