{"id":1093,"date":"2026-03-16T07:50:48","date_gmt":"2026-03-16T07:50:48","guid":{"rendered":"https:\/\/www.chicasafurniture.com\/?post_type=product&#038;p=1093"},"modified":"2026-03-16T08:11:14","modified_gmt":"2026-03-16T08:11:14","slug":"custom-wood-nightstands","status":"publish","type":"product","link":"https:\/\/www.chicasafurniture.com\/fr\/product\/custom-wood-nightstands\/","title":{"rendered":"Tables de nuit en bois sur mesure, Tables de chevet modernes en noyer"},"content":{"rendered":"<h2 class=\"wp-block-heading\">Sp\u00e9cifications produit des tables de nuit en bois sur mesure<\/h2>\n\n\n\n<figure class=\"wp-block-table\"><table class=\"has-fixed-layout\"><tbody><tr><td>Cadre<\/td><td>Mat\u00e9riau de couverture<\/td><td>Mat\u00e9riau de remplissage<\/td><td>Jambes<\/td><td>Couleur<\/td><td>Taille<\/td><td>Poids<\/td><\/tr><tr><td>Contreplaqu\u00e9<\/td><td>\/<\/td><td>\/<\/td><td>M\u00e9tal<\/td><td>Sur mesure<\/td><td>51cmx46cmx46cm<\/td><td>20-35kg<\/td><\/tr><\/tbody><\/table><\/figure>\n\n\n\n<div class=\"wp-block-columns is-layout-flex wp-container-core-columns-is-layout-9d6595d7 wp-block-columns-is-layout-flex\">\n<div class=\"wp-block-column is-layout-flow wp-block-column-is-layout-flow\">\n<h2 class=\"wp-block-heading\">Tables de nuit en bois de qualit\u00e9 sup\u00e9rieure Caract\u00e9ristiques :<\/h2>\n\n\n\n<ul class=\"wp-block-list\">\n<li><strong>Flottant Stockage ouvert :<\/strong> La partie sup\u00e9rieure de ces tables de nuit en bois personnalis\u00e9es pr\u00e9sente un design ouvert et flottant, id\u00e9al pour exposer les livres fr\u00e9quemment lus et les articles d'aromath\u00e9rapie. Une lumi\u00e8re d'ambiance lin\u00e9aire \u00e0 commande tactile peut \u00eatre int\u00e9gr\u00e9e au panneau arri\u00e8re, diffusant une lueur chaleureuse pour \u00e9clairer les heures tardives de la nuit.<\/li>\n\n\n\n<li><strong>Cuir matelass\u00e9 sur mesure Fabrication :<\/strong> Les fa\u00e7ades des tiroirs de ces tables de chevet personnalis\u00e9es offrent en option une finition en cuir d\u00e9licieusement matelass\u00e9. Cette surface textur\u00e9e am\u00e9liore non seulement l'attrait tactile, mais \u00e9limine \u00e9galement le risque de chocs et d'\u00e9raflures accidentels souvent associ\u00e9s aux poign\u00e9es traditionnelles en bois massif.<\/li>\n\n\n\n<li><strong>Plateau en bois massif int\u00e9gr\u00e9 :<\/strong> La surface sup\u00e9rieure de ces tables de nuit en bois sur mesure comprend un plateau encastr\u00e9. Le p\u00e9rim\u00e8tre est d\u00e9fini par des bords en bois de noyer l\u00e9g\u00e8rement sur\u00e9lev\u00e9s, ce qui emp\u00eache les objets plac\u00e9s sur le dessus de glisser.<\/li>\n\n\n\n<li><strong>Esth\u00e9tique moderne flottante :<\/strong> Ces tables de chevet personnalis\u00e9es sont soutenues par des pieds m\u00e9talliques \u00e9lanc\u00e9s et tr\u00e8s r\u00e9sistants. Cette conception facilite non seulement le nettoyage par des aspirateurs robotis\u00e9s, mais cr\u00e9e \u00e9galement l'illusion visuelle que l'armoire \u201cflotte\u201d dans l'espace, ce qui donne un air d'ouverture et d'espace \u00e0 la pi\u00e8ce.<\/li>\n<\/ul>\n<\/div>\n\n\n\n<div class=\"wp-block-column is-layout-flow wp-block-column-is-layout-flow\">\n<figure class=\"wp-block-image size-full\"><img decoding=\"async\" width=\"1000\" height=\"1000\" src=\"https:\/\/www.chicasafurniture.com\/wp-content\/uploads\/2026\/03\/Custom-Wood-Nightstands-Modern-Walnut-Bedside-Tables-3.webp\" alt=\"Tables de nuit en bois sur mesure, Tables de chevet modernes en noyer-3\" class=\"wp-image-1096\" srcset=\"https:\/\/www.chicasafurniture.com\/wp-content\/uploads\/2026\/03\/Custom-Wood-Nightstands-Modern-Walnut-Bedside-Tables-3.webp 1000w, https:\/\/www.chicasafurniture.com\/wp-content\/uploads\/2026\/03\/Custom-Wood-Nightstands-Modern-Walnut-Bedside-Tables-3-300x300.webp 300w, https:\/\/www.chicasafurniture.com\/wp-content\/uploads\/2026\/03\/Custom-Wood-Nightstands-Modern-Walnut-Bedside-Tables-3-150x150.webp 150w, https:\/\/www.chicasafurniture.com\/wp-content\/uploads\/2026\/03\/Custom-Wood-Nightstands-Modern-Walnut-Bedside-Tables-3-768x768.webp 768w, https:\/\/www.chicasafurniture.com\/wp-content\/uploads\/2026\/03\/Custom-Wood-Nightstands-Modern-Walnut-Bedside-Tables-3-12x12.webp 12w, https:\/\/www.chicasafurniture.com\/wp-content\/uploads\/2026\/03\/Custom-Wood-Nightstands-Modern-Walnut-Bedside-Tables-3-600x600.webp 600w, https:\/\/www.chicasafurniture.com\/wp-content\/uploads\/2026\/03\/Custom-Wood-Nightstands-Modern-Walnut-Bedside-Tables-3-100x100.webp 100w\" sizes=\"(max-width: 1000px) 100vw, 1000px\" \/><\/figure>\n<\/div>\n<\/div>\n\n\n\n<figure class=\"wp-block-image size-full\"><img decoding=\"async\" width=\"1200\" height=\"800\" src=\"https:\/\/www.chicasafurniture.com\/wp-content\/uploads\/2026\/03\/Custom-Wood-Nightstands-Modern-Walnut-Bedside-Tables-4.webp\" alt=\"Tables de nuit en bois sur mesure, Tables de chevet modernes en noyer-4\" class=\"wp-image-1097\" srcset=\"https:\/\/www.chicasafurniture.com\/wp-content\/uploads\/2026\/03\/Custom-Wood-Nightstands-Modern-Walnut-Bedside-Tables-4.webp 1200w, https:\/\/www.chicasafurniture.com\/wp-content\/uploads\/2026\/03\/Custom-Wood-Nightstands-Modern-Walnut-Bedside-Tables-4-300x200.webp 300w, https:\/\/www.chicasafurniture.com\/wp-content\/uploads\/2026\/03\/Custom-Wood-Nightstands-Modern-Walnut-Bedside-Tables-4-768x512.webp 768w, https:\/\/www.chicasafurniture.com\/wp-content\/uploads\/2026\/03\/Custom-Wood-Nightstands-Modern-Walnut-Bedside-Tables-4-18x12.webp 18w, https:\/\/www.chicasafurniture.com\/wp-content\/uploads\/2026\/03\/Custom-Wood-Nightstands-Modern-Walnut-Bedside-Tables-4-600x400.webp 600w\" sizes=\"(max-width: 1200px) 100vw, 1200px\" \/><\/figure>","protected":false},"excerpt":{"rendered":"<p>Achetez des tables de nuit en bois personnalis\u00e9es, adapt\u00e9es \u00e0 votre style unique. Dot\u00e9es d'\u00e9l\u00e9gantes finitions en noyer, d'\u00e9tag\u00e8res ouvertes modernes et d'un \u00e9clairage int\u00e9gr\u00e9, elles cr\u00e9ent une ambiance de chambre \u00e0 coucher luxueuse et vraiment personnalis\u00e9e. Chaque d\u00e9tail t\u00e9moigne du luxe sophistiqu\u00e9 de l'artisanat italien.<\/p>\n<table style=\"border-collapse: collapse; width: 222.03pt;\" border=\"0\" width=\"222\" cellspacing=\"0\" cellpadding=\"0\">\n<tbody>\n<tr style=\"height: 15.20pt;\">\n<td class=\"et2\" style=\"height: 15.20pt; width: 81.65pt;\" width=\"81\" height=\"15\">Fabricant<\/td>\n<td class=\"et2\" style=\"width: 140.80pt;\" width=\"140\">ChiCasa<\/td>\n<\/tr>\n<tr style=\"height: 15.20pt;\">\n<td class=\"et2\" style=\"height: 15.20pt;\" height=\"15\">Cat\u00e9gorie<\/td>\n<td class=\"et2\">Table de nuit<\/td>\n<\/tr>\n<tr style=\"height: 15.20pt;\">\n<td class=\"et2\" style=\"height: 15.20pt;\" height=\"15\">Application<\/td>\n<td class=\"et2\">Chambre \u00e0 coucher<\/td>\n<\/tr>\n<tr style=\"height: 15.20pt;\">\n<td class=\"et2\" style=\"height: 15.20pt;\" height=\"15\">Style<\/td>\n<td class=\"et2\">Minimaliste<\/td>\n<\/tr>\n<tr style=\"height: 15.20pt;\">\n<td class=\"et2\" style=\"height: 15.20pt;\" height=\"15\">Mod\u00e8le<\/td>\n<td class=\"et2\">QMY-NS007<\/td>\n<\/tr>\n<tr style=\"height: 15.20pt;\">\n<td class=\"et2\" style=\"height: 15.20pt;\" height=\"15\">Personnalisation<\/td>\n<td class=\"et2\">Couleur, taille, mat\u00e9riau<\/td>\n<\/tr>\n<tr style=\"height: 15.20pt;\">\n<td class=\"et2\" style=\"height: 15.20pt;\" height=\"15\">MOQ<\/td>\n<td class=\"et2\">1pcs<\/td>\n<\/tr>\n<\/tbody>\n<\/table>","protected":false},"featured_media":1094,"comment_status":"closed","ping_status":"closed","template":"","meta":{"_acf_changed":false},"product_brand":[],"product_cat":[34,18],"product_tag":[],"class_list":{"0":"post-1093","1":"product","2":"type-product","3":"status-publish","4":"has-post-thumbnail","6":"product_cat-custom-nightstand","7":"product_cat-bespoke-bedroom-furniture","9":"first","10":"instock","11":"shipping-taxable","12":"product-type-simple"},"acf":[],"_links":{"self":[{"href":"https:\/\/www.chicasafurniture.com\/fr\/wp-json\/wp\/v2\/product\/1093","targetHints":{"allow":["GET"]}}],"collection":[{"href":"https:\/\/www.chicasafurniture.com\/fr\/wp-json\/wp\/v2\/product"}],"about":[{"href":"https:\/\/www.chicasafurniture.com\/fr\/wp-json\/wp\/v2\/types\/product"}],"replies":[{"embeddable":true,"href":"https:\/\/www.chicasafurniture.com\/fr\/wp-json\/wp\/v2\/comments?post=1093"}],"wp:featuredmedia":[{"embeddable":true,"href":"https:\/\/www.chicasafurniture.com\/fr\/wp-json\/wp\/v2\/media\/1094"}],"wp:attachment":[{"href":"https:\/\/www.chicasafurniture.com\/fr\/wp-json\/wp\/v2\/media?parent=1093"}],"wp:term":[{"taxonomy":"product_brand","embeddable":true,"href":"https:\/\/www.chicasafurniture.com\/fr\/wp-json\/wp\/v2\/product_brand?post=1093"},{"taxonomy":"product_cat","embeddable":true,"href":"https:\/\/www.chicasafurniture.com\/fr\/wp-json\/wp\/v2\/product_cat?post=1093"},{"taxonomy":"product_tag","embeddable":true,"href":"https:\/\/www.chicasafurniture.com\/fr\/wp-json\/wp\/v2\/product_tag?post=1093"}],"curies":[{"name":"wp","href":"https:\/\/api.w.org\/{rel}","templated":true}]}}