{"id":360,"date":"2026-02-11T02:15:27","date_gmt":"2026-02-11T02:15:27","guid":{"rendered":"https:\/\/www.chicasafurniture.com\/?post_type=product&#038;p=360"},"modified":"2026-02-11T02:15:27","modified_gmt":"2026-02-11T02:15:27","slug":"custom-made-sofa","status":"publish","type":"product","link":"https:\/\/www.chicasafurniture.com\/fr\/product\/custom-made-sofa\/","title":{"rendered":"Canap\u00e9 modulaire incurv\u00e9 sur mesure, canap\u00e9 moderne en tissu en forme de L"},"content":{"rendered":"<h2 class=\"wp-block-heading\">Sp\u00e9cifications des canap\u00e9s sur mesure<\/h2>\n\n\n\n<figure class=\"wp-block-table\"><table class=\"has-fixed-layout\"><tbody><tr><td>Cadre<\/td><td>Mat\u00e9riau de couverture<\/td><td>Mat\u00e9riau de remplissage<\/td><td>Jambes<\/td><td>Couleur<\/td><td>Taille<\/td><td>Poids<\/td><\/tr><tr><td>Bois massif<\/td><td>Tissu<\/td><td>\u00c9ponge haute densit\u00e9<\/td><td>Bois<\/td><td>Sur mesure<\/td><td>Sur mesure<\/td><td>90-240kg<\/td><\/tr><\/tbody><\/table><\/figure>\n\n\n\n<div class=\"wp-block-columns is-layout-flex wp-container-core-columns-is-layout-9d6595d7 wp-block-columns-is-layout-flex\">\n<div class=\"wp-block-column is-layout-flow wp-block-column-is-layout-flow\">\n<h2 class=\"wp-block-heading\">Canap\u00e9s haut de gamme sur mesure Caract\u00e9ristiques :<\/h2>\n\n\n\n<ul class=\"wp-block-list\">\n<li><strong>Cadre en bois massif robuste : <\/strong>Notre canap\u00e9 sur mesure est construit en bois massif de haute qualit\u00e9, ce qui lui conf\u00e8re un poids et une solidit\u00e9 appr\u00e9ciables, ainsi qu'une structure portante robuste.<\/li>\n\n\n\n<li><strong>Tissu doux pour la peau : <\/strong>La surface en tissu doux et respirant de ce canap\u00e9 de luxe sur mesure est confortable au toucher et s'harmonise facilement avec diff\u00e9rents styles de d\u00e9coration.<\/li>\n\n\n\n<li><strong>Rembourrage en mousse haute r\u00e9silience : <\/strong>L'assise et le dossier de nos canap\u00e9s sur mesure sont fabriqu\u00e9s en mousse haute densit\u00e9, tr\u00e8s r\u00e9sistante, qui ne se comprime pas et ne perd pas son soutien apr\u00e8s une utilisation prolong\u00e9e.<\/li>\n\n\n\n<li><strong>Service de personnalisation complet : <\/strong>Nos canap\u00e9s de luxe sur mesure peuvent \u00eatre personnalis\u00e9s en termes de couleur, de taille et de mat\u00e9riau pour r\u00e9pondre \u00e0 vos besoins individuels.<\/li>\n\n\n\n<li><strong>Conception modulaire flexible :<\/strong> Les modules incurv\u00e9s de notre canap\u00e9 sur mesure peuvent \u00eatre facilement assembl\u00e9s pour cr\u00e9er des formes en L, des formes enveloppantes et d'autres configurations de pi\u00e8ces. Il n'y a pas de minimum de commande pour les canap\u00e9s sur mesure.<\/li>\n<\/ul>\n<\/div>\n\n\n\n<div class=\"wp-block-column is-layout-flow wp-block-column-is-layout-flow\">\n<figure class=\"wp-block-image size-full\"><img decoding=\"async\" width=\"1280\" height=\"1704\" src=\"https:\/\/www.chicasafurniture.com\/wp-content\/uploads\/2026\/02\/Modular-Curved-Custom-Made-Sofa-L-Shape-Modern-Fabric-Sofa-5.webp\" alt=\"Canap\u00e9 modulaire incurv\u00e9 sur mesure, Canap\u00e9 moderne en tissu en forme de L-5\" class=\"wp-image-365\" srcset=\"https:\/\/www.chicasafurniture.com\/wp-content\/uploads\/2026\/02\/Modular-Curved-Custom-Made-Sofa-L-Shape-Modern-Fabric-Sofa-5.webp 1280w, https:\/\/www.chicasafurniture.com\/wp-content\/uploads\/2026\/02\/Modular-Curved-Custom-Made-Sofa-L-Shape-Modern-Fabric-Sofa-5-225x300.webp 225w, https:\/\/www.chicasafurniture.com\/wp-content\/uploads\/2026\/02\/Modular-Curved-Custom-Made-Sofa-L-Shape-Modern-Fabric-Sofa-5-768x1022.webp 768w, https:\/\/www.chicasafurniture.com\/wp-content\/uploads\/2026\/02\/Modular-Curved-Custom-Made-Sofa-L-Shape-Modern-Fabric-Sofa-5-1200x1598.webp 1200w, https:\/\/www.chicasafurniture.com\/wp-content\/uploads\/2026\/02\/Modular-Curved-Custom-Made-Sofa-L-Shape-Modern-Fabric-Sofa-5-600x799.webp 600w\" sizes=\"(max-width: 1280px) 100vw, 1280px\" \/><\/figure>\n<\/div>\n<\/div>\n\n\n\n<div class=\"wp-block-columns is-layout-flex wp-container-core-columns-is-layout-9d6595d7 wp-block-columns-is-layout-flex\">\n<div class=\"wp-block-column is-layout-flow wp-block-column-is-layout-flow\">\n<figure class=\"wp-block-image size-full\"><img decoding=\"async\" width=\"1280\" height=\"711\" src=\"https:\/\/www.chicasafurniture.com\/wp-content\/uploads\/2026\/02\/Modular-Curved-Custom-Made-Sofa-L-Shape-Modern-Fabric-Sofa-1.webp\" alt=\"Canap\u00e9 modulaire incurv\u00e9 sur mesure, forme en L Canap\u00e9 moderne en tissu-1\" class=\"wp-image-361\" srcset=\"https:\/\/www.chicasafurniture.com\/wp-content\/uploads\/2026\/02\/Modular-Curved-Custom-Made-Sofa-L-Shape-Modern-Fabric-Sofa-1.webp 1280w, https:\/\/www.chicasafurniture.com\/wp-content\/uploads\/2026\/02\/Modular-Curved-Custom-Made-Sofa-L-Shape-Modern-Fabric-Sofa-1-300x167.webp 300w, https:\/\/www.chicasafurniture.com\/wp-content\/uploads\/2026\/02\/Modular-Curved-Custom-Made-Sofa-L-Shape-Modern-Fabric-Sofa-1-768x427.webp 768w, https:\/\/www.chicasafurniture.com\/wp-content\/uploads\/2026\/02\/Modular-Curved-Custom-Made-Sofa-L-Shape-Modern-Fabric-Sofa-1-1200x667.webp 1200w, https:\/\/www.chicasafurniture.com\/wp-content\/uploads\/2026\/02\/Modular-Curved-Custom-Made-Sofa-L-Shape-Modern-Fabric-Sofa-1-600x333.webp 600w\" sizes=\"(max-width: 1280px) 100vw, 1280px\" \/><\/figure>\n<\/div>\n\n\n\n<div class=\"wp-block-column is-layout-flow wp-block-column-is-layout-flow\">\n<figure class=\"wp-block-image size-full\"><img decoding=\"async\" width=\"1280\" height=\"711\" src=\"https:\/\/www.chicasafurniture.com\/wp-content\/uploads\/2026\/02\/Modular-Curved-Custom-Made-Sofa-L-Shape-Modern-Fabric-Sofa-8.webp\" alt=\"Canap\u00e9 modulaire incurv\u00e9 sur mesure, Canap\u00e9 moderne en tissu en forme de L-8\" class=\"wp-image-368\" srcset=\"https:\/\/www.chicasafurniture.com\/wp-content\/uploads\/2026\/02\/Modular-Curved-Custom-Made-Sofa-L-Shape-Modern-Fabric-Sofa-8.webp 1280w, https:\/\/www.chicasafurniture.com\/wp-content\/uploads\/2026\/02\/Modular-Curved-Custom-Made-Sofa-L-Shape-Modern-Fabric-Sofa-8-300x167.webp 300w, https:\/\/www.chicasafurniture.com\/wp-content\/uploads\/2026\/02\/Modular-Curved-Custom-Made-Sofa-L-Shape-Modern-Fabric-Sofa-8-768x427.webp 768w, https:\/\/www.chicasafurniture.com\/wp-content\/uploads\/2026\/02\/Modular-Curved-Custom-Made-Sofa-L-Shape-Modern-Fabric-Sofa-8-1200x667.webp 1200w, https:\/\/www.chicasafurniture.com\/wp-content\/uploads\/2026\/02\/Modular-Curved-Custom-Made-Sofa-L-Shape-Modern-Fabric-Sofa-8-600x333.webp 600w\" sizes=\"(max-width: 1280px) 100vw, 1280px\" \/><\/figure>\n<\/div>\n<\/div>\n\n\n\n<div class=\"wp-block-columns is-layout-flex wp-container-core-columns-is-layout-9d6595d7 wp-block-columns-is-layout-flex\">\n<div class=\"wp-block-column is-layout-flow wp-block-column-is-layout-flow\">\n<figure class=\"wp-block-image size-full\"><img decoding=\"async\" width=\"1280\" height=\"711\" src=\"https:\/\/www.chicasafurniture.com\/wp-content\/uploads\/2026\/02\/Modular-Curved-Custom-Made-Sofa-L-Shape-Modern-Fabric-Sofa-7.webp\" alt=\"Canap\u00e9 modulaire incurv\u00e9 sur mesure, Canap\u00e9 moderne en tissu en forme de L-7\" class=\"wp-image-367\" srcset=\"https:\/\/www.chicasafurniture.com\/wp-content\/uploads\/2026\/02\/Modular-Curved-Custom-Made-Sofa-L-Shape-Modern-Fabric-Sofa-7.webp 1280w, https:\/\/www.chicasafurniture.com\/wp-content\/uploads\/2026\/02\/Modular-Curved-Custom-Made-Sofa-L-Shape-Modern-Fabric-Sofa-7-300x167.webp 300w, https:\/\/www.chicasafurniture.com\/wp-content\/uploads\/2026\/02\/Modular-Curved-Custom-Made-Sofa-L-Shape-Modern-Fabric-Sofa-7-768x427.webp 768w, https:\/\/www.chicasafurniture.com\/wp-content\/uploads\/2026\/02\/Modular-Curved-Custom-Made-Sofa-L-Shape-Modern-Fabric-Sofa-7-1200x667.webp 1200w, https:\/\/www.chicasafurniture.com\/wp-content\/uploads\/2026\/02\/Modular-Curved-Custom-Made-Sofa-L-Shape-Modern-Fabric-Sofa-7-600x333.webp 600w\" sizes=\"(max-width: 1280px) 100vw, 1280px\" \/><\/figure>\n<\/div>\n\n\n\n<div class=\"wp-block-column is-layout-flow wp-block-column-is-layout-flow\">\n<figure class=\"wp-block-image size-full\"><img decoding=\"async\" width=\"1920\" height=\"1067\" src=\"https:\/\/www.chicasafurniture.com\/wp-content\/uploads\/2026\/02\/Modular-Curved-Custom-Made-Sofa-L-Shape-Modern-Fabric-Sofa-9.webp\" alt=\"Canap\u00e9 modulaire incurv\u00e9 sur mesure, Canap\u00e9 moderne en tissu en forme de L-9\" class=\"wp-image-369\" srcset=\"https:\/\/www.chicasafurniture.com\/wp-content\/uploads\/2026\/02\/Modular-Curved-Custom-Made-Sofa-L-Shape-Modern-Fabric-Sofa-9.webp 1920w, https:\/\/www.chicasafurniture.com\/wp-content\/uploads\/2026\/02\/Modular-Curved-Custom-Made-Sofa-L-Shape-Modern-Fabric-Sofa-9-300x167.webp 300w, https:\/\/www.chicasafurniture.com\/wp-content\/uploads\/2026\/02\/Modular-Curved-Custom-Made-Sofa-L-Shape-Modern-Fabric-Sofa-9-768x427.webp 768w, https:\/\/www.chicasafurniture.com\/wp-content\/uploads\/2026\/02\/Modular-Curved-Custom-Made-Sofa-L-Shape-Modern-Fabric-Sofa-9-1200x667.webp 1200w, https:\/\/www.chicasafurniture.com\/wp-content\/uploads\/2026\/02\/Modular-Curved-Custom-Made-Sofa-L-Shape-Modern-Fabric-Sofa-9-600x333.webp 600w\" sizes=\"(max-width: 1920px) 100vw, 1920px\" \/><\/figure>\n<\/div>\n<\/div>","protected":false},"excerpt":{"rendered":"<p>Bienvenue sur le site de commande de meubles de salon sur mesure. Ce canap\u00e9 sur mesure est recouvert d'un tissu beige clair et doux et pr\u00e9sente un design modulaire \u00e9l\u00e9gant et incurv\u00e9, permettant des configurations flexibles telles que la forme en L ou l'agencement enveloppant. La couleur, la taille et les mat\u00e9riaux peuvent \u00eatre personnalis\u00e9s.<\/p>\n<table style=\"border-collapse: collapse; width: 222.03pt;\" border=\"0\" width=\"222\" cellspacing=\"0\" cellpadding=\"0\">\n<tbody>\n<tr style=\"height: 15.20pt;\">\n<td class=\"et2\" style=\"height: 15.20pt; width: 81.65pt;\" width=\"81\" height=\"15\">Fabricant<\/td>\n<td class=\"et2\" style=\"width: 140.80pt;\" width=\"140\">ChiCasa<\/td>\n<\/tr>\n<tr style=\"height: 15.20pt;\">\n<td class=\"et2\" style=\"height: 15.20pt;\" height=\"15\">Cat\u00e9gorie<\/td>\n<td class=\"et2\">Canap\u00e9<\/td>\n<\/tr>\n<tr style=\"height: 15.20pt;\">\n<td class=\"et2\" style=\"height: 15.20pt;\" height=\"15\">Application<\/td>\n<td class=\"et2\">Salle de s\u00e9jour<\/td>\n<\/tr>\n<tr style=\"height: 15.20pt;\">\n<td class=\"et2\" style=\"height: 15.20pt;\" height=\"15\">Style<\/td>\n<td class=\"et2\">Minimaliste<\/td>\n<\/tr>\n<tr style=\"height: 15.20pt;\">\n<td class=\"et2\" style=\"height: 15.20pt;\" height=\"15\">Mod\u00e8le<\/td>\n<td class=\"et2\">QMY-SF001<\/td>\n<\/tr>\n<tr style=\"height: 15.20pt;\">\n<td class=\"et2\" style=\"height: 15.20pt;\" height=\"15\">Personnalisation<\/td>\n<td class=\"et2\">Couleur, taille, mat\u00e9riau<\/td>\n<\/tr>\n<tr style=\"height: 15.20pt;\">\n<td class=\"et2\" style=\"height: 15.20pt;\" height=\"15\">MOQ<\/td>\n<td class=\"et2\">1pcs<\/td>\n<\/tr>\n<\/tbody>\n<\/table>","protected":false},"featured_media":371,"comment_status":"closed","ping_status":"closed","template":"","meta":{"_acf_changed":false},"product_brand":[],"product_cat":[16,23],"product_tag":[],"class_list":{"0":"post-360","1":"product","2":"type-product","3":"status-publish","4":"has-post-thumbnail","6":"product_cat-bespoke-living-room-furniture","7":"product_cat-bespoke-sofas-manufacturer","9":"first","10":"instock","11":"shipping-taxable","12":"product-type-simple"},"acf":[],"_links":{"self":[{"href":"https:\/\/www.chicasafurniture.com\/fr\/wp-json\/wp\/v2\/product\/360","targetHints":{"allow":["GET"]}}],"collection":[{"href":"https:\/\/www.chicasafurniture.com\/fr\/wp-json\/wp\/v2\/product"}],"about":[{"href":"https:\/\/www.chicasafurniture.com\/fr\/wp-json\/wp\/v2\/types\/product"}],"replies":[{"embeddable":true,"href":"https:\/\/www.chicasafurniture.com\/fr\/wp-json\/wp\/v2\/comments?post=360"}],"wp:featuredmedia":[{"embeddable":true,"href":"https:\/\/www.chicasafurniture.com\/fr\/wp-json\/wp\/v2\/media\/371"}],"wp:attachment":[{"href":"https:\/\/www.chicasafurniture.com\/fr\/wp-json\/wp\/v2\/media?parent=360"}],"wp:term":[{"taxonomy":"product_brand","embeddable":true,"href":"https:\/\/www.chicasafurniture.com\/fr\/wp-json\/wp\/v2\/product_brand?post=360"},{"taxonomy":"product_cat","embeddable":true,"href":"https:\/\/www.chicasafurniture.com\/fr\/wp-json\/wp\/v2\/product_cat?post=360"},{"taxonomy":"product_tag","embeddable":true,"href":"https:\/\/www.chicasafurniture.com\/fr\/wp-json\/wp\/v2\/product_tag?post=360"}],"curies":[{"name":"wp","href":"https:\/\/api.w.org\/{rel}","templated":true}]}}