{"id":376,"date":"2026-02-11T02:17:46","date_gmt":"2026-02-11T02:17:46","guid":{"rendered":"https:\/\/www.chicasafurniture.com\/?post_type=product&#038;p=376"},"modified":"2026-02-11T02:46:23","modified_gmt":"2026-02-11T02:46:23","slug":"custom-tufted-sofa","status":"publish","type":"product","link":"https:\/\/www.chicasafurniture.com\/fr\/product\/custom-tufted-sofa\/","title":{"rendered":"Canap\u00e9 touffet\u00e9 sur mesure \u00e0 l'\u00e9l\u00e9gance classique et au confort moderne"},"content":{"rendered":"<h2 class=\"wp-block-heading\">Sp\u00e9cifications produit du canap\u00e9 touffet\u00e9 sur mesure<\/h2>\n\n\n\n<figure class=\"wp-block-table\"><table class=\"has-fixed-layout\"><tbody><tr><td>Cadre<\/td><td>Mat\u00e9riau de couverture<\/td><td>Mat\u00e9riau de remplissage<\/td><td>Jambes<\/td><td>Couleur<\/td><td>Taille<\/td><td>Poids<\/td><\/tr><tr><td>Bois massif<\/td><td>Tissu<\/td><td>\u00c9ponge haute densit\u00e9<\/td><td>Bois<\/td><td>Sur mesure<\/td><td>Sur mesure<\/td><td>90-240kg<\/td><\/tr><\/tbody><\/table><\/figure>\n\n\n\n<div class=\"wp-block-columns is-layout-flex wp-container-core-columns-is-layout-9d6595d7 wp-block-columns-is-layout-flex\">\n<div class=\"wp-block-column is-layout-flow wp-block-column-is-layout-flow\">\n<h2 class=\"wp-block-heading\">Canap\u00e9 touffet\u00e9 haut de gamme Caract\u00e9ristiques :<\/h2>\n\n\n\n<ul class=\"wp-block-list\">\n<li><strong>Tufting diamant classique :<\/strong> Ce canap\u00e9 touffet\u00e9 sur mesure pr\u00e9sente une touche traditionnelle de sym\u00e9trie avec des boutons dispos\u00e9s uniform\u00e9ment sur l'ensemble du canap\u00e9 et un matelassage en losange sur l'ensemble du canap\u00e9, ce qui lui conf\u00e8re une \u00e9l\u00e9gance intemporelle et une texture tridimensionnelle.<\/li>\n\n\n\n<li><strong>Conception en une seule pi\u00e8ce : <\/strong>Nos canap\u00e9s sur mesure sont con\u00e7us pour assurer la stabilit\u00e9 de la forme g\u00e9n\u00e9rale du canap\u00e9 gr\u00e2ce \u00e0 une base ferme et compl\u00e8tement ferm\u00e9e, tout en conservant un aspect visuel solide et coh\u00e9rent.<\/li>\n\n\n\n<li><strong>Rembourrage en mousse haute densit\u00e9 : <\/strong>Les coussins d'assise, les dossiers et les accoudoirs de ce canap\u00e9 touffet\u00e9 sur mesure sont tous fabriqu\u00e9s en mousse haute densit\u00e9, offrant un soutien uniforme et un confort durable, et ne sont pas susceptibles de se d\u00e9former ou de s'affaisser.<\/li>\n\n\n\n<li><strong>Libert\u00e9 de personnalisation totale :<\/strong> Nos canap\u00e9s enti\u00e8rement sur mesure permettent une personnalisation pouss\u00e9e des couleurs (de nombreuses options sont propos\u00e9es en velours\/tissu) afin de r\u00e9pondre \u00e0 des besoins et des espaces vari\u00e9s.<\/li>\n\n\n\n<li><strong>Cadre et pieds en bois massif s\u00e9lectionn\u00e9 :<\/strong> Nos canap\u00e9s sur mesure sont dot\u00e9s d'un cadre robuste en bois massif et de pieds en bois \u00e9lanc\u00e9s ou classiques, offrant une forte capacit\u00e9 de charge et un style qui s'harmonise avec une grande vari\u00e9t\u00e9 d'environnements domestiques.<\/li>\n<\/ul>\n<\/div>\n\n\n\n<div class=\"wp-block-column is-layout-flow wp-block-column-is-layout-flow\">\n<figure class=\"wp-block-image size-full\"><img decoding=\"async\" width=\"960\" height=\"1080\" src=\"https:\/\/www.chicasafurniture.com\/wp-content\/uploads\/2026\/02\/Custom-Tufted-Sofa-with-Classic-Elegance-Modern-Comfort-4.webp\" alt=\"Canap\u00e9 touffet\u00e9 sur mesure \u00e0 l&#039;\u00e9l\u00e9gance classique et au confort moderne-4\" class=\"wp-image-380\" srcset=\"https:\/\/www.chicasafurniture.com\/wp-content\/uploads\/2026\/02\/Custom-Tufted-Sofa-with-Classic-Elegance-Modern-Comfort-4.webp 960w, https:\/\/www.chicasafurniture.com\/wp-content\/uploads\/2026\/02\/Custom-Tufted-Sofa-with-Classic-Elegance-Modern-Comfort-4-267x300.webp 267w, https:\/\/www.chicasafurniture.com\/wp-content\/uploads\/2026\/02\/Custom-Tufted-Sofa-with-Classic-Elegance-Modern-Comfort-4-768x864.webp 768w, https:\/\/www.chicasafurniture.com\/wp-content\/uploads\/2026\/02\/Custom-Tufted-Sofa-with-Classic-Elegance-Modern-Comfort-4-600x675.webp 600w\" sizes=\"(max-width: 960px) 100vw, 960px\" \/><\/figure>\n<\/div>\n<\/div>\n\n\n\n<div class=\"wp-block-columns is-layout-flex wp-container-core-columns-is-layout-9d6595d7 wp-block-columns-is-layout-flex\">\n<div class=\"wp-block-column is-layout-flow wp-block-column-is-layout-flow\">\n<figure class=\"wp-block-image size-full\"><img decoding=\"async\" width=\"1920\" height=\"1080\" src=\"https:\/\/www.chicasafurniture.com\/wp-content\/uploads\/2026\/02\/Custom-Tufted-Sofa-with-Classic-Elegance-Modern-Comfort-5.webp\" alt=\"Canap\u00e9 touffet\u00e9 sur mesure \u00e0 l&#039;\u00e9l\u00e9gance classique et au confort moderne-5\" class=\"wp-image-381\" srcset=\"https:\/\/www.chicasafurniture.com\/wp-content\/uploads\/2026\/02\/Custom-Tufted-Sofa-with-Classic-Elegance-Modern-Comfort-5.webp 1920w, https:\/\/www.chicasafurniture.com\/wp-content\/uploads\/2026\/02\/Custom-Tufted-Sofa-with-Classic-Elegance-Modern-Comfort-5-300x169.webp 300w, https:\/\/www.chicasafurniture.com\/wp-content\/uploads\/2026\/02\/Custom-Tufted-Sofa-with-Classic-Elegance-Modern-Comfort-5-768x432.webp 768w, https:\/\/www.chicasafurniture.com\/wp-content\/uploads\/2026\/02\/Custom-Tufted-Sofa-with-Classic-Elegance-Modern-Comfort-5-1200x675.webp 1200w, https:\/\/www.chicasafurniture.com\/wp-content\/uploads\/2026\/02\/Custom-Tufted-Sofa-with-Classic-Elegance-Modern-Comfort-5-600x338.webp 600w\" sizes=\"(max-width: 1920px) 100vw, 1920px\" \/><\/figure>\n<\/div>\n\n\n\n<div class=\"wp-block-column is-layout-flow wp-block-column-is-layout-flow\">\n<figure class=\"wp-block-image size-full\"><img decoding=\"async\" width=\"1920\" height=\"1080\" src=\"https:\/\/www.chicasafurniture.com\/wp-content\/uploads\/2026\/02\/Custom-Tufted-Sofa-with-Classic-Elegance-Modern-Comfort-1.webp\" alt=\"Canap\u00e9 touffet\u00e9 sur mesure \u00e0 l&#039;\u00e9l\u00e9gance classique et au confort moderne-1\" class=\"wp-image-377\" srcset=\"https:\/\/www.chicasafurniture.com\/wp-content\/uploads\/2026\/02\/Custom-Tufted-Sofa-with-Classic-Elegance-Modern-Comfort-1.webp 1920w, https:\/\/www.chicasafurniture.com\/wp-content\/uploads\/2026\/02\/Custom-Tufted-Sofa-with-Classic-Elegance-Modern-Comfort-1-300x169.webp 300w, https:\/\/www.chicasafurniture.com\/wp-content\/uploads\/2026\/02\/Custom-Tufted-Sofa-with-Classic-Elegance-Modern-Comfort-1-768x432.webp 768w, https:\/\/www.chicasafurniture.com\/wp-content\/uploads\/2026\/02\/Custom-Tufted-Sofa-with-Classic-Elegance-Modern-Comfort-1-1200x675.webp 1200w, https:\/\/www.chicasafurniture.com\/wp-content\/uploads\/2026\/02\/Custom-Tufted-Sofa-with-Classic-Elegance-Modern-Comfort-1-600x338.webp 600w\" sizes=\"(max-width: 1920px) 100vw, 1920px\" \/><\/figure>\n<\/div>\n<\/div>","protected":false},"excerpt":{"rendered":"<p>Bienvenue pour commander nos canap\u00e9s sur mesure. Ce canap\u00e9 touffet\u00e9 sur mesure pr\u00e9sente un touffetage classique en forme de diamant, tandis que sa conception enti\u00e8rement ferm\u00e9e et son rembourrage en mousse haute densit\u00e9 garantissent un confort sup\u00e9rieur et une unit\u00e9 visuelle.<\/p>\n<table style=\"border-collapse: collapse; width: 222.03pt;\" border=\"0\" width=\"222\" cellspacing=\"0\" cellpadding=\"0\">\n<tbody>\n<tr style=\"height: 15.20pt;\">\n<td class=\"et2\" style=\"height: 15.20pt; width: 81.65pt;\" width=\"81\" height=\"15\">Fabricant<\/td>\n<td class=\"et2\" style=\"width: 140.80pt;\" width=\"140\">ChiCasa<\/td>\n<\/tr>\n<tr style=\"height: 15.20pt;\">\n<td class=\"et2\" style=\"height: 15.20pt;\" height=\"15\">Cat\u00e9gorie<\/td>\n<td class=\"et2\">Canap\u00e9<\/td>\n<\/tr>\n<tr style=\"height: 15.20pt;\">\n<td class=\"et2\" style=\"height: 15.20pt;\" height=\"15\">Application<\/td>\n<td class=\"et2\">Salle de s\u00e9jour<\/td>\n<\/tr>\n<tr style=\"height: 15.20pt;\">\n<td class=\"et2\" style=\"height: 15.20pt;\" height=\"15\">Style<\/td>\n<td class=\"et2\">Minimaliste<\/td>\n<\/tr>\n<tr style=\"height: 15.20pt;\">\n<td class=\"et2\" style=\"height: 15.20pt;\" height=\"15\">Mod\u00e8le<\/td>\n<td class=\"et2\">QMY-SF002<\/td>\n<\/tr>\n<tr style=\"height: 15.20pt;\">\n<td class=\"et2\" style=\"height: 15.20pt;\" height=\"15\">Personnalisation<\/td>\n<td class=\"et2\">Couleur, taille, mat\u00e9riau<\/td>\n<\/tr>\n<tr style=\"height: 15.20pt;\">\n<td class=\"et2\" style=\"height: 15.20pt;\" height=\"15\">MOQ<\/td>\n<td class=\"et2\">1pcs<\/td>\n<\/tr>\n<\/tbody>\n<\/table>","protected":false},"featured_media":379,"comment_status":"closed","ping_status":"closed","template":"","meta":{"_acf_changed":false},"product_brand":[],"product_cat":[16,23],"product_tag":[],"class_list":{"0":"post-376","1":"product","2":"type-product","3":"status-publish","4":"has-post-thumbnail","6":"product_cat-bespoke-living-room-furniture","7":"product_cat-bespoke-sofas-manufacturer","9":"first","10":"instock","11":"shipping-taxable","12":"product-type-simple"},"acf":[],"_links":{"self":[{"href":"https:\/\/www.chicasafurniture.com\/fr\/wp-json\/wp\/v2\/product\/376","targetHints":{"allow":["GET"]}}],"collection":[{"href":"https:\/\/www.chicasafurniture.com\/fr\/wp-json\/wp\/v2\/product"}],"about":[{"href":"https:\/\/www.chicasafurniture.com\/fr\/wp-json\/wp\/v2\/types\/product"}],"replies":[{"embeddable":true,"href":"https:\/\/www.chicasafurniture.com\/fr\/wp-json\/wp\/v2\/comments?post=376"}],"wp:featuredmedia":[{"embeddable":true,"href":"https:\/\/www.chicasafurniture.com\/fr\/wp-json\/wp\/v2\/media\/379"}],"wp:attachment":[{"href":"https:\/\/www.chicasafurniture.com\/fr\/wp-json\/wp\/v2\/media?parent=376"}],"wp:term":[{"taxonomy":"product_brand","embeddable":true,"href":"https:\/\/www.chicasafurniture.com\/fr\/wp-json\/wp\/v2\/product_brand?post=376"},{"taxonomy":"product_cat","embeddable":true,"href":"https:\/\/www.chicasafurniture.com\/fr\/wp-json\/wp\/v2\/product_cat?post=376"},{"taxonomy":"product_tag","embeddable":true,"href":"https:\/\/www.chicasafurniture.com\/fr\/wp-json\/wp\/v2\/product_tag?post=376"}],"curies":[{"name":"wp","href":"https:\/\/api.w.org\/{rel}","templated":true}]}}