{"id":382,"date":"2026-02-11T02:50:03","date_gmt":"2026-02-11T02:50:03","guid":{"rendered":"https:\/\/www.chicasafurniture.com\/?post_type=product&#038;p=382"},"modified":"2026-02-11T03:07:57","modified_gmt":"2026-02-11T03:07:57","slug":"custom-dining-table","status":"publish","type":"product","link":"https:\/\/www.chicasafurniture.com\/fr\/product\/custom-dining-table\/","title":{"rendered":"Table de salle \u00e0 manger moderne sur mesure, cadre en m\u00e9tal et plateau en marbre"},"content":{"rendered":"<h2 class=\"wp-block-heading\">Sp\u00e9cifications des produits de la table \u00e0 manger sur mesure<\/h2>\n\n\n\n<figure class=\"wp-block-table\"><table class=\"has-fixed-layout\"><tbody><tr><td>Cadre<\/td><td>Mat\u00e9riau de couverture<\/td><td>Mat\u00e9riau de remplissage<\/td><td>Jambes<\/td><td>Couleur<\/td><td>Taille<\/td><td>Poids<\/td><\/tr><tr><td>M\u00e9tal<\/td><td>\/<\/td><td>\/<\/td><td>M\u00e9tal<\/td><td>Sur mesure<\/td><td>Sur mesure<\/td><td>100-200kg<\/td><\/tr><\/tbody><\/table><\/figure>\n\n\n\n<div class=\"wp-block-columns is-layout-flex wp-container-core-columns-is-layout-9d6595d7 wp-block-columns-is-layout-flex\">\n<div class=\"wp-block-column is-layout-flow wp-block-column-is-layout-flow\">\n<h2 class=\"wp-block-heading\">Table de salle \u00e0 manger haut de gamme personnalis\u00e9e Caract\u00e9ristiques :<\/h2>\n\n\n\n<ul class=\"wp-block-list\">\n<li><strong>Marbre naturel Plateau de table :<\/strong> Cette table de salle \u00e0 manger personnalis\u00e9e est fabriqu\u00e9e \u00e0 partir de marbre de haute qualit\u00e9 aux textures naturelles uniques, chaque pi\u00e8ce poss\u00e9dant une beaut\u00e9 artistique in\u00e9galable.<\/li>\n\n\n\n<li><strong>Structure m\u00e9tallique g\u00e9om\u00e9trique :<\/strong> La structure et les pieds en m\u00e9tal de cette table de salle \u00e0 manger sur mesure pr\u00e9sentent des motifs g\u00e9om\u00e9triques entrecrois\u00e9s ou en forme de U, offrant un support stable tout en pr\u00e9sentant un aspect sculptural moderne.<\/li>\n\n\n\n<li><strong>Conception mat\u00e9rielle unifi\u00e9e :<\/strong> Cette table de salle \u00e0 manger personnalis\u00e9e incorpore des touches de marbre assorties \u00e0 la structure m\u00e9tallique, ce qui permet d'harmoniser les mat\u00e9riaux et d'am\u00e9liorer la coh\u00e9sion g\u00e9n\u00e9rale du design.<\/li>\n\n\n\n<li><strong>Service de personnalisation complet : <\/strong>Nos tables de salle \u00e0 manger sur mesure permettent de personnaliser la taille du plateau, le motif du marbre, les couleurs du m\u00e9tal (or, argent et gris) et le style.<\/li>\n\n\n\n<li><strong>Structure robuste et durable :<\/strong> Notre table de salle \u00e0 manger personnalis\u00e9e est dot\u00e9e d'une structure m\u00e9tallique compl\u00e8te, capable de supporter 100 \u00e0 200 kg. Elle convient \u00e0 diverses utilisations, y compris les repas quotidiens et les rassemblements.<\/li>\n<\/ul>\n<\/div>\n\n\n\n<div class=\"wp-block-column is-layout-flow wp-block-column-is-layout-flow\">\n<figure class=\"wp-block-image size-full\"><img decoding=\"async\" width=\"712\" height=\"1000\" src=\"https:\/\/www.chicasafurniture.com\/wp-content\/uploads\/2026\/02\/Modern-Custom-Dining-Table-Metal-Frame-Marble-Top-Design-2.webp\" alt=\"Table de salle \u00e0 manger moderne sur mesure, cadre en m\u00e9tal et plateau en marbre Design-2\" class=\"wp-image-384\" srcset=\"https:\/\/www.chicasafurniture.com\/wp-content\/uploads\/2026\/02\/Modern-Custom-Dining-Table-Metal-Frame-Marble-Top-Design-2.webp 712w, https:\/\/www.chicasafurniture.com\/wp-content\/uploads\/2026\/02\/Modern-Custom-Dining-Table-Metal-Frame-Marble-Top-Design-2-214x300.webp 214w, https:\/\/www.chicasafurniture.com\/wp-content\/uploads\/2026\/02\/Modern-Custom-Dining-Table-Metal-Frame-Marble-Top-Design-2-600x843.webp 600w\" sizes=\"(max-width: 712px) 100vw, 712px\" \/><\/figure>\n<\/div>\n<\/div>\n\n\n\n<div class=\"wp-block-columns is-layout-flex wp-container-core-columns-is-layout-9d6595d7 wp-block-columns-is-layout-flex\">\n<div class=\"wp-block-column is-layout-flow wp-block-column-is-layout-flow\">\n<figure class=\"wp-block-image size-full\"><img decoding=\"async\" width=\"1333\" height=\"954\" src=\"https:\/\/www.chicasafurniture.com\/wp-content\/uploads\/2026\/02\/Modern-Custom-Dining-Table-Metal-Frame-Marble-Top-Design-3-1.webp\" alt=\"Table de salle \u00e0 manger moderne sur mesure, cadre en m\u00e9tal et plateau en marbre Design-3\" class=\"wp-image-388\" srcset=\"https:\/\/www.chicasafurniture.com\/wp-content\/uploads\/2026\/02\/Modern-Custom-Dining-Table-Metal-Frame-Marble-Top-Design-3-1.webp 1333w, https:\/\/www.chicasafurniture.com\/wp-content\/uploads\/2026\/02\/Modern-Custom-Dining-Table-Metal-Frame-Marble-Top-Design-3-1-300x215.webp 300w, https:\/\/www.chicasafurniture.com\/wp-content\/uploads\/2026\/02\/Modern-Custom-Dining-Table-Metal-Frame-Marble-Top-Design-3-1-768x550.webp 768w, https:\/\/www.chicasafurniture.com\/wp-content\/uploads\/2026\/02\/Modern-Custom-Dining-Table-Metal-Frame-Marble-Top-Design-3-1-1200x859.webp 1200w, https:\/\/www.chicasafurniture.com\/wp-content\/uploads\/2026\/02\/Modern-Custom-Dining-Table-Metal-Frame-Marble-Top-Design-3-1-600x429.webp 600w\" sizes=\"(max-width: 1333px) 100vw, 1333px\" \/><\/figure>\n<\/div>\n<\/div>","protected":false},"excerpt":{"rendered":"<p>Bienvenue sur le site de commande de meubles de salle \u00e0 manger de luxe. Cette table de salle \u00e0 manger personnalis\u00e9e pr\u00e9sente un plateau en marbre naturel de premi\u00e8re qualit\u00e9 associ\u00e9 \u00e0 un cadre et \u00e0 des pieds en m\u00e9tal g\u00e9om\u00e9trique, alliant esth\u00e9tique moderne et beaut\u00e9 structurelle.<\/p>\n<table style=\"border-collapse: collapse; width: 222.03pt;\" border=\"0\" width=\"222\" cellspacing=\"0\" cellpadding=\"0\">\n<tbody>\n<tr style=\"height: 15.20pt;\">\n<td class=\"et2\" style=\"height: 15.20pt; width: 81.65pt;\" width=\"81\" height=\"15\">Fabricant<\/td>\n<td class=\"et2\" style=\"width: 140.80pt;\" width=\"140\">ChiCasa<\/td>\n<\/tr>\n<tr style=\"height: 15.20pt;\">\n<td class=\"et2\" style=\"height: 15.20pt;\" height=\"15\">Cat\u00e9gorie<\/td>\n<td class=\"et2\">Table \u00e0 manger<\/td>\n<\/tr>\n<tr style=\"height: 15.20pt;\">\n<td class=\"et2\" style=\"height: 15.20pt;\" height=\"15\">Application<\/td>\n<td class=\"et2\">Salle \u00e0 manger<\/td>\n<\/tr>\n<tr style=\"height: 15.20pt;\">\n<td class=\"et2\" style=\"height: 15.20pt;\" height=\"15\">Style<\/td>\n<td class=\"et2\">Luxe raffin\u00e9<\/td>\n<\/tr>\n<tr style=\"height: 15.20pt;\">\n<td class=\"et2\" style=\"height: 15.20pt;\" height=\"15\">Mod\u00e8le<\/td>\n<td class=\"et2\">QMY-DT001<\/td>\n<\/tr>\n<tr style=\"height: 15.20pt;\">\n<td class=\"et2\" style=\"height: 15.20pt;\" height=\"15\">Personnalisation<\/td>\n<td class=\"et2\">Couleur, taille, mat\u00e9riau<\/td>\n<\/tr>\n<tr style=\"height: 15.20pt;\">\n<td class=\"et2\" style=\"height: 15.20pt;\" height=\"15\">MOQ<\/td>\n<td class=\"et2\">1pcs<\/td>\n<\/tr>\n<\/tbody>\n<\/table>\n<p>&nbsp;<\/p>","protected":false},"featured_media":383,"comment_status":"closed","ping_status":"closed","template":"","meta":{"_acf_changed":false},"product_brand":[],"product_cat":[17,29],"product_tag":[],"class_list":{"0":"post-382","1":"product","2":"type-product","3":"status-publish","4":"has-post-thumbnail","6":"product_cat-custom-dining-room-furniture","7":"product_cat-custom-dining-tables","9":"first","10":"instock","11":"shipping-taxable","12":"product-type-simple"},"acf":[],"_links":{"self":[{"href":"https:\/\/www.chicasafurniture.com\/fr\/wp-json\/wp\/v2\/product\/382","targetHints":{"allow":["GET"]}}],"collection":[{"href":"https:\/\/www.chicasafurniture.com\/fr\/wp-json\/wp\/v2\/product"}],"about":[{"href":"https:\/\/www.chicasafurniture.com\/fr\/wp-json\/wp\/v2\/types\/product"}],"replies":[{"embeddable":true,"href":"https:\/\/www.chicasafurniture.com\/fr\/wp-json\/wp\/v2\/comments?post=382"}],"wp:featuredmedia":[{"embeddable":true,"href":"https:\/\/www.chicasafurniture.com\/fr\/wp-json\/wp\/v2\/media\/383"}],"wp:attachment":[{"href":"https:\/\/www.chicasafurniture.com\/fr\/wp-json\/wp\/v2\/media?parent=382"}],"wp:term":[{"taxonomy":"product_brand","embeddable":true,"href":"https:\/\/www.chicasafurniture.com\/fr\/wp-json\/wp\/v2\/product_brand?post=382"},{"taxonomy":"product_cat","embeddable":true,"href":"https:\/\/www.chicasafurniture.com\/fr\/wp-json\/wp\/v2\/product_cat?post=382"},{"taxonomy":"product_tag","embeddable":true,"href":"https:\/\/www.chicasafurniture.com\/fr\/wp-json\/wp\/v2\/product_tag?post=382"}],"curies":[{"name":"wp","href":"https:\/\/api.w.org\/{rel}","templated":true}]}}