{"id":387,"date":"2026-02-11T03:02:52","date_gmt":"2026-02-11T03:02:52","guid":{"rendered":"https:\/\/www.chicasafurniture.com\/?post_type=product&#038;p=387"},"modified":"2026-02-11T03:28:00","modified_gmt":"2026-02-11T03:28:00","slug":"custom-dining-room-table","status":"publish","type":"product","link":"https:\/\/www.chicasafurniture.com\/fr\/product\/custom-dining-room-table\/","title":{"rendered":"Table de salle \u00e0 manger personnalis\u00e9e Refine, design moderne en m\u00e9tal et pierre"},"content":{"rendered":"<h2 class=\"wp-block-heading\">Sp\u00e9cifications des produits de la table de salle \u00e0 manger sur mesure<\/h2>\n\n\n\n<figure class=\"wp-block-table\"><table class=\"has-fixed-layout\"><tbody><tr><td>Cadre<\/td><td>Mat\u00e9riau de couverture<\/td><td>Mat\u00e9riau de remplissage<\/td><td>Jambes<\/td><td>Couleur<\/td><td>Taille<\/td><td>Poids<\/td><\/tr><tr><td>M\u00e9tal<\/td><td>\/<\/td><td>\/<\/td><td>M\u00e9tal<\/td><td>Sur mesure<\/td><td>Sur mesure<\/td><td>100-200kg<\/td><\/tr><\/tbody><\/table><\/figure>\n\n\n\n<div class=\"wp-block-columns is-layout-flex wp-container-core-columns-is-layout-9d6595d7 wp-block-columns-is-layout-flex\">\n<div class=\"wp-block-column is-layout-flow wp-block-column-is-layout-flow\">\n<h2 class=\"wp-block-heading\">Table de salle \u00e0 manger haut de gamme personnalis\u00e9e Caract\u00e9ristiques :<\/h2>\n\n\n\n<ul class=\"wp-block-list\">\n<li><strong>Dalles de marbre naturel :<\/strong> Cette table de salle \u00e0 manger personnalis\u00e9e a \u00e9t\u00e9 cr\u00e9\u00e9e \u00e0 partir de marbre fin. La texture du marbre est lisse et sa surface est naturellement color\u00e9e. Chaque pi\u00e8ce de votre table de salle \u00e0 manger personnalis\u00e9e poss\u00e8de une qualit\u00e9 d\u00e9corative et artistique unique.<\/li>\n\n\n\n<li><strong>Combinaison de colonnes en m\u00e9tal et en marbre Structure : <\/strong>La structure de base de cette table de salle \u00e0 manger sur mesure consiste en une combinaison personnalis\u00e9e de m\u00e9tal et de blocs de marbre d\u00e9coratifs pour les pieds de la colonne et le plateau, ce qui assure la stabilit\u00e9 gr\u00e2ce \u00e0 une force portante sup\u00e9rieure, tout en apportant un \u00e9l\u00e9ment de design.<\/li>\n\n\n\n<li><strong>Personnalisation souple de la forme et de la taille : <\/strong>Cette table de salle \u00e0 manger personnalis\u00e9e peut avoir un plateau rectangulaire et\/ou rond et \u00eatre ajust\u00e9e en fonction des dimensions de l'espace dans lequel elle sera utilis\u00e9e, et de vos besoins en mati\u00e8re de repas.<\/li>\n\n\n\n<li><strong>Plusieurs styles de couleurs : <\/strong>Notre table de salle \u00e0 manger sur mesure est disponible dans des motifs de marbre classiques tels que le brun rouge\u00e2tre et le noir et blanc, associ\u00e9s \u00e0 des couleurs m\u00e9talliques telles que l'or et l'argent pour s'adapter \u00e0 diff\u00e9rents styles d'int\u00e9rieur.<\/li>\n\n\n\n<li><strong>Fabrication haut de gamme avec moulage en une seule pi\u00e8ce : <\/strong>Notre table de salle \u00e0 manger personnalis\u00e9e fait appel \u00e0 un polissage m\u00e9ticuleux et \u00e0 un assemblage sans faille, avec des bords arrondis et lisses, alliant s\u00e9curit\u00e9 et int\u00e9grit\u00e9 artistique.<\/li>\n<\/ul>\n<\/div>\n\n\n\n<div class=\"wp-block-column is-layout-flow wp-block-column-is-layout-flow\">\n<figure class=\"wp-block-image size-full\"><img decoding=\"async\" width=\"1334\" height=\"1000\" src=\"https:\/\/www.chicasafurniture.com\/wp-content\/uploads\/2026\/02\/Refine-Custom-Dining-Room-Table-Modern-Metal-Stone-Design-1.webp\" alt=\"Refine Table de salle \u00e0 manger personnalis\u00e9e, design moderne en m\u00e9tal et pierre-1\" class=\"wp-image-391\" srcset=\"https:\/\/www.chicasafurniture.com\/wp-content\/uploads\/2026\/02\/Refine-Custom-Dining-Room-Table-Modern-Metal-Stone-Design-1.webp 1334w, https:\/\/www.chicasafurniture.com\/wp-content\/uploads\/2026\/02\/Refine-Custom-Dining-Room-Table-Modern-Metal-Stone-Design-1-300x225.webp 300w, https:\/\/www.chicasafurniture.com\/wp-content\/uploads\/2026\/02\/Refine-Custom-Dining-Room-Table-Modern-Metal-Stone-Design-1-768x576.webp 768w, https:\/\/www.chicasafurniture.com\/wp-content\/uploads\/2026\/02\/Refine-Custom-Dining-Room-Table-Modern-Metal-Stone-Design-1-1200x900.webp 1200w, https:\/\/www.chicasafurniture.com\/wp-content\/uploads\/2026\/02\/Refine-Custom-Dining-Room-Table-Modern-Metal-Stone-Design-1-600x450.webp 600w\" sizes=\"(max-width: 1334px) 100vw, 1334px\" \/><\/figure>\n<\/div>\n<\/div>\n\n\n\n<figure class=\"wp-block-image size-full\"><img decoding=\"async\" width=\"1333\" height=\"715\" src=\"https:\/\/www.chicasafurniture.com\/wp-content\/uploads\/2026\/02\/Refine-Custom-Dining-Room-Table-Modern-Metal-Stone-Design-2.webp\" alt=\"Refine Table de salle \u00e0 manger personnalis\u00e9e, design moderne en m\u00e9tal et pierre-2\" class=\"wp-image-392\" srcset=\"https:\/\/www.chicasafurniture.com\/wp-content\/uploads\/2026\/02\/Refine-Custom-Dining-Room-Table-Modern-Metal-Stone-Design-2.webp 1333w, https:\/\/www.chicasafurniture.com\/wp-content\/uploads\/2026\/02\/Refine-Custom-Dining-Room-Table-Modern-Metal-Stone-Design-2-300x161.webp 300w, https:\/\/www.chicasafurniture.com\/wp-content\/uploads\/2026\/02\/Refine-Custom-Dining-Room-Table-Modern-Metal-Stone-Design-2-768x412.webp 768w, https:\/\/www.chicasafurniture.com\/wp-content\/uploads\/2026\/02\/Refine-Custom-Dining-Room-Table-Modern-Metal-Stone-Design-2-1200x644.webp 1200w, https:\/\/www.chicasafurniture.com\/wp-content\/uploads\/2026\/02\/Refine-Custom-Dining-Room-Table-Modern-Metal-Stone-Design-2-600x322.webp 600w\" sizes=\"(max-width: 1333px) 100vw, 1333px\" \/><\/figure>","protected":false},"excerpt":{"rendered":"<p>Bienvenue sur le site de commande de meubles de salle \u00e0 manger de luxe. Cette table de salle \u00e0 manger personnalis\u00e9e pr\u00e9sente un plateau en marbre brun rouge\u00e2tre fabriqu\u00e9 \u00e0 partir de marbre naturel s\u00e9lectionn\u00e9, alliant un luxe discret \u00e0 des lignes minimalistes, convenant \u00e0 divers styles d'int\u00e9rieur, y compris moderne et italien.<\/p>\n<table style=\"border-collapse: collapse; width: 222.03pt;\" border=\"0\" width=\"222\" cellspacing=\"0\" cellpadding=\"0\">\n<tbody>\n<tr style=\"height: 15.20pt;\">\n<td class=\"et2\" style=\"height: 15.20pt; width: 81.65pt;\" width=\"81\" height=\"15\">Fabricant<\/td>\n<td class=\"et2\" style=\"width: 140.80pt;\" width=\"140\">ChiCasa<\/td>\n<\/tr>\n<tr style=\"height: 15.20pt;\">\n<td class=\"et2\" style=\"height: 15.20pt;\" height=\"15\">Cat\u00e9gorie<\/td>\n<td class=\"et2\">Table \u00e0 manger<\/td>\n<\/tr>\n<tr style=\"height: 15.20pt;\">\n<td class=\"et2\" style=\"height: 15.20pt;\" height=\"15\">Application<\/td>\n<td class=\"et2\">Salle \u00e0 manger<\/td>\n<\/tr>\n<tr style=\"height: 15.20pt;\">\n<td class=\"et2\" style=\"height: 15.20pt;\" height=\"15\">Style<\/td>\n<td class=\"et2\">Luxe raffin\u00e9<\/td>\n<\/tr>\n<tr style=\"height: 15.20pt;\">\n<td class=\"et2\" style=\"height: 15.20pt;\" height=\"15\">Mod\u00e8le<\/td>\n<td class=\"et2\">QMY-DT001<\/td>\n<\/tr>\n<tr style=\"height: 15.20pt;\">\n<td class=\"et2\" style=\"height: 15.20pt;\" height=\"15\">Personnalisation<\/td>\n<td class=\"et2\">Couleur, taille, mat\u00e9riau<\/td>\n<\/tr>\n<tr style=\"height: 15.20pt;\">\n<td class=\"et2\" style=\"height: 15.20pt;\" height=\"15\">MOQ<\/td>\n<td class=\"et2\">1pcs<\/td>\n<\/tr>\n<\/tbody>\n<\/table>\n<p>&nbsp;<\/p>","protected":false},"featured_media":391,"comment_status":"closed","ping_status":"closed","template":"","meta":{"_acf_changed":false},"product_brand":[],"product_cat":[17,29],"product_tag":[],"class_list":{"0":"post-387","1":"product","2":"type-product","3":"status-publish","4":"has-post-thumbnail","6":"product_cat-custom-dining-room-furniture","7":"product_cat-custom-dining-tables","9":"first","10":"instock","11":"shipping-taxable","12":"product-type-simple"},"acf":[],"_links":{"self":[{"href":"https:\/\/www.chicasafurniture.com\/fr\/wp-json\/wp\/v2\/product\/387","targetHints":{"allow":["GET"]}}],"collection":[{"href":"https:\/\/www.chicasafurniture.com\/fr\/wp-json\/wp\/v2\/product"}],"about":[{"href":"https:\/\/www.chicasafurniture.com\/fr\/wp-json\/wp\/v2\/types\/product"}],"replies":[{"embeddable":true,"href":"https:\/\/www.chicasafurniture.com\/fr\/wp-json\/wp\/v2\/comments?post=387"}],"wp:featuredmedia":[{"embeddable":true,"href":"https:\/\/www.chicasafurniture.com\/fr\/wp-json\/wp\/v2\/media\/391"}],"wp:attachment":[{"href":"https:\/\/www.chicasafurniture.com\/fr\/wp-json\/wp\/v2\/media?parent=387"}],"wp:term":[{"taxonomy":"product_brand","embeddable":true,"href":"https:\/\/www.chicasafurniture.com\/fr\/wp-json\/wp\/v2\/product_brand?post=387"},{"taxonomy":"product_cat","embeddable":true,"href":"https:\/\/www.chicasafurniture.com\/fr\/wp-json\/wp\/v2\/product_cat?post=387"},{"taxonomy":"product_tag","embeddable":true,"href":"https:\/\/www.chicasafurniture.com\/fr\/wp-json\/wp\/v2\/product_tag?post=387"}],"curies":[{"name":"wp","href":"https:\/\/api.w.org\/{rel}","templated":true}]}}