{"id":393,"date":"2026-02-11T03:42:04","date_gmt":"2026-02-11T03:42:04","guid":{"rendered":"https:\/\/www.chicasafurniture.com\/?post_type=product&#038;p=393"},"modified":"2026-02-11T04:07:05","modified_gmt":"2026-02-11T04:07:05","slug":"custom-dining-chair","status":"publish","type":"product","link":"https:\/\/www.chicasafurniture.com\/fr\/product\/custom-dining-chair\/","title":{"rendered":"Chaise de salle \u00e0 manger personnalis\u00e9e textur\u00e9e en velours avec pieds en m\u00e9tal dor\u00e9"},"content":{"rendered":"<h2 class=\"wp-block-heading\">Sp\u00e9cifications des produits de la chaise de salle \u00e0 manger sur mesure<\/h2>\n\n\n\n<figure class=\"wp-block-table\"><table class=\"has-fixed-layout\"><tbody><tr><td>Cadre<\/td><td>Mat\u00e9riau de couverture<\/td><td>Mat\u00e9riau de remplissage<\/td><td>Jambes<\/td><td>Couleur<\/td><td>Taille<\/td><td>Poids<\/td><\/tr><tr><td>Bois massif<\/td><td>Tissu\/cuir<\/td><td>\u00c9ponge haute densit\u00e9<\/td><td>Bois massif<\/td><td>Sur mesure<\/td><td>Taille normale<\/td><td>\u00c9ponge haute densit\u00e9<\/td><\/tr><\/tbody><\/table><\/figure>\n\n\n\n<div class=\"wp-block-columns is-layout-flex wp-container-core-columns-is-layout-9d6595d7 wp-block-columns-is-layout-flex\">\n<div class=\"wp-block-column is-layout-flow wp-block-column-is-layout-flow\">\n<h2 class=\"wp-block-heading\">Premium Custom Dining Chair Caract\u00e9ristiques :<\/h2>\n\n\n\n<ul class=\"wp-block-list\">\n<li><strong>Design vintage du dossier incurv\u00e9 : <\/strong>Cette chaise de salle \u00e0 manger personnalis\u00e9e a \u00e9t\u00e9 con\u00e7ue de mani\u00e8re ergonomique pour \u00eatre courb\u00e9e \u00e0 l'arri\u00e8re afin d'offrir un impact visuel maximal tout en fournissant un soutien dorsal appropri\u00e9 gr\u00e2ce \u00e0 l'utilisation d'un rembourrage de qualit\u00e9.<\/li>\n\n\n\n<li><strong>D\u00e9tails de la garniture en m\u00e9tal : <\/strong>Des garnitures m\u00e9talliques ornent les accoudoirs et les pieds de cette chaise de salle \u00e0 manger sur mesure, rehaussant sa sophistication g\u00e9n\u00e9rale et son luxe moderne.<\/li>\n\n\n\n<li><strong>Double construction mat\u00e9rielle : <\/strong>Notre chaise de salle \u00e0 manger personnalis\u00e9e utilise un cadre en bois massif et des composants de support en m\u00e9tal, offrant un aspect stratifi\u00e9 avec des mat\u00e9riaux contrast\u00e9s tout en assurant la stabilit\u00e9 et la capacit\u00e9 de supporter le poids.<\/li>\n\n\n\n<li><strong>Rembourrage haute densit\u00e9 respectueux de la peau : <\/strong>La chaise de salle \u00e0 manger sur mesure est dot\u00e9e d'une assise et d'un dossier en mousse de haute qualit\u00e9, fabriqu\u00e9s \u00e0 partir de mousse haute densit\u00e9 et recouverts d'une surface lisse en velours ou en cuir perm\u00e9able \u00e0 l'air, pour un confort optimal pendant de longues p\u00e9riodes d'utilisation.<\/li>\n\n\n\n<li><strong>Options de couleurs multi-sc\u00e8nes :<\/strong> Cette chaise de salle \u00e0 manger personnalis\u00e9e est disponible en plusieurs couleurs, dont le vert fonc\u00e9, le gris clair et le noir pur. Elle convient aux tables de salle \u00e0 manger en marbre ou aux espaces modernes et minimalistes.<\/li>\n<\/ul>\n<\/div>\n\n\n\n<div class=\"wp-block-column is-layout-flow wp-block-column-is-layout-flow\">\n<figure class=\"wp-block-image size-full\"><img decoding=\"async\" width=\"1000\" height=\"1000\" src=\"https:\/\/www.chicasafurniture.com\/wp-content\/uploads\/2026\/02\/Velvet-Textured-Custom-Dining-Chair-With-Gold-Metal-Legs-6.webp\" alt=\"Chaise de salle \u00e0 manger personnalis\u00e9e textur\u00e9e en velours avec pieds en m\u00e9tal dor\u00e9-6\" class=\"wp-image-399\" srcset=\"https:\/\/www.chicasafurniture.com\/wp-content\/uploads\/2026\/02\/Velvet-Textured-Custom-Dining-Chair-With-Gold-Metal-Legs-6.webp 1000w, https:\/\/www.chicasafurniture.com\/wp-content\/uploads\/2026\/02\/Velvet-Textured-Custom-Dining-Chair-With-Gold-Metal-Legs-6-300x300.webp 300w, https:\/\/www.chicasafurniture.com\/wp-content\/uploads\/2026\/02\/Velvet-Textured-Custom-Dining-Chair-With-Gold-Metal-Legs-6-150x150.webp 150w, https:\/\/www.chicasafurniture.com\/wp-content\/uploads\/2026\/02\/Velvet-Textured-Custom-Dining-Chair-With-Gold-Metal-Legs-6-768x768.webp 768w, https:\/\/www.chicasafurniture.com\/wp-content\/uploads\/2026\/02\/Velvet-Textured-Custom-Dining-Chair-With-Gold-Metal-Legs-6-600x600.webp 600w, https:\/\/www.chicasafurniture.com\/wp-content\/uploads\/2026\/02\/Velvet-Textured-Custom-Dining-Chair-With-Gold-Metal-Legs-6-100x100.webp 100w\" sizes=\"(max-width: 1000px) 100vw, 1000px\" \/><\/figure>\n<\/div>\n<\/div>\n\n\n\n<div class=\"wp-block-columns is-layout-flex wp-container-core-columns-is-layout-9d6595d7 wp-block-columns-is-layout-flex\">\n<div class=\"wp-block-column is-layout-flow wp-block-column-is-layout-flow\">\n<figure class=\"wp-block-image size-full\"><img decoding=\"async\" width=\"1000\" height=\"750\" src=\"https:\/\/www.chicasafurniture.com\/wp-content\/uploads\/2026\/02\/Velvet-Textured-Custom-Dining-Chair-With-Gold-Metal-Legs-4.webp\" alt=\"Chaise de salle \u00e0 manger personnalis\u00e9e textur\u00e9e en velours avec pieds en m\u00e9tal dor\u00e9-4\" class=\"wp-image-397\" srcset=\"https:\/\/www.chicasafurniture.com\/wp-content\/uploads\/2026\/02\/Velvet-Textured-Custom-Dining-Chair-With-Gold-Metal-Legs-4.webp 1000w, https:\/\/www.chicasafurniture.com\/wp-content\/uploads\/2026\/02\/Velvet-Textured-Custom-Dining-Chair-With-Gold-Metal-Legs-4-300x225.webp 300w, https:\/\/www.chicasafurniture.com\/wp-content\/uploads\/2026\/02\/Velvet-Textured-Custom-Dining-Chair-With-Gold-Metal-Legs-4-768x576.webp 768w, https:\/\/www.chicasafurniture.com\/wp-content\/uploads\/2026\/02\/Velvet-Textured-Custom-Dining-Chair-With-Gold-Metal-Legs-4-600x450.webp 600w\" sizes=\"(max-width: 1000px) 100vw, 1000px\" \/><\/figure>\n<\/div>\n\n\n\n<div class=\"wp-block-column is-layout-flow wp-block-column-is-layout-flow\">\n<figure class=\"wp-block-image size-full\"><img decoding=\"async\" width=\"1335\" height=\"1000\" src=\"https:\/\/www.chicasafurniture.com\/wp-content\/uploads\/2026\/02\/Velvet-Textured-Custom-Dining-Chair-With-Gold-Metal-Legs-3.webp\" alt=\"Chaise de salle \u00e0 manger personnalis\u00e9e textur\u00e9e en velours avec pieds en m\u00e9tal dor\u00e9-3\" class=\"wp-image-396\" srcset=\"https:\/\/www.chicasafurniture.com\/wp-content\/uploads\/2026\/02\/Velvet-Textured-Custom-Dining-Chair-With-Gold-Metal-Legs-3.webp 1335w, https:\/\/www.chicasafurniture.com\/wp-content\/uploads\/2026\/02\/Velvet-Textured-Custom-Dining-Chair-With-Gold-Metal-Legs-3-300x225.webp 300w, https:\/\/www.chicasafurniture.com\/wp-content\/uploads\/2026\/02\/Velvet-Textured-Custom-Dining-Chair-With-Gold-Metal-Legs-3-768x575.webp 768w, https:\/\/www.chicasafurniture.com\/wp-content\/uploads\/2026\/02\/Velvet-Textured-Custom-Dining-Chair-With-Gold-Metal-Legs-3-1200x899.webp 1200w, https:\/\/www.chicasafurniture.com\/wp-content\/uploads\/2026\/02\/Velvet-Textured-Custom-Dining-Chair-With-Gold-Metal-Legs-3-600x449.webp 600w\" sizes=\"(max-width: 1335px) 100vw, 1335px\" \/><\/figure>\n<\/div>\n<\/div>","protected":false},"excerpt":{"rendered":"<p>Bienvenue dans la commande de meubles de salle \u00e0 manger de luxe. Cette chaise de salle \u00e0 manger personnalis\u00e9e a un dossier \u00e9l\u00e9gamment incurv\u00e9, qui a \u00e9t\u00e9 tapiss\u00e9 de velours et comporte une base en bois massif avec des accents de garniture m\u00e9tallique, ce qui fait de ce design un m\u00e9lange parfait de vintage et de contemporain.<\/p>\n<table style=\"border-collapse: collapse; width: 222.03pt;\" border=\"0\" width=\"222\" cellspacing=\"0\" cellpadding=\"0\">\n<tbody>\n<tr style=\"height: 15.20pt;\">\n<td class=\"et2\" style=\"height: 15.20pt; width: 81.65pt;\" width=\"81\" height=\"15\">Fabricant<\/td>\n<td class=\"et2\" style=\"width: 140.80pt;\" width=\"140\">ChiCasa<\/td>\n<\/tr>\n<tr style=\"height: 15.20pt;\">\n<td class=\"et2\" style=\"height: 15.20pt;\" height=\"15\">Cat\u00e9gorie<\/td>\n<td class=\"et2\">Chaise de salle \u00e0 manger<\/td>\n<\/tr>\n<tr style=\"height: 15.20pt;\">\n<td class=\"et2\" style=\"height: 15.20pt;\" height=\"15\">Application<\/td>\n<td class=\"et2\">Salle \u00e0 manger<\/td>\n<\/tr>\n<tr style=\"height: 15.20pt;\">\n<td class=\"et2\" style=\"height: 15.20pt;\" height=\"15\">Style<\/td>\n<td class=\"et2\">Luxe raffin\u00e9<\/td>\n<\/tr>\n<tr style=\"height: 15.20pt;\">\n<td class=\"et2\" style=\"height: 15.20pt;\" height=\"15\">Mod\u00e8le<\/td>\n<td class=\"et2\">QMY-DC001<\/td>\n<\/tr>\n<tr style=\"height: 15.20pt;\">\n<td class=\"et2\" style=\"height: 15.20pt;\" height=\"15\">Personnalisation<\/td>\n<td class=\"et2\">Couleur, taille, mat\u00e9riau<\/td>\n<\/tr>\n<tr style=\"height: 15.20pt;\">\n<td class=\"et2\" style=\"height: 15.20pt;\" height=\"15\">MOQ<\/td>\n<td class=\"et2\">1pcs<\/td>\n<\/tr>\n<\/tbody>\n<\/table>","protected":false},"featured_media":395,"comment_status":"closed","ping_status":"closed","template":"","meta":{"_acf_changed":false},"product_brand":[],"product_cat":[17,30],"product_tag":[],"class_list":{"0":"post-393","1":"product","2":"type-product","3":"status-publish","4":"has-post-thumbnail","6":"product_cat-custom-dining-room-furniture","7":"product_cat-bespoke-dining-chair","9":"first","10":"instock","11":"shipping-taxable","12":"product-type-simple"},"acf":[],"_links":{"self":[{"href":"https:\/\/www.chicasafurniture.com\/fr\/wp-json\/wp\/v2\/product\/393","targetHints":{"allow":["GET"]}}],"collection":[{"href":"https:\/\/www.chicasafurniture.com\/fr\/wp-json\/wp\/v2\/product"}],"about":[{"href":"https:\/\/www.chicasafurniture.com\/fr\/wp-json\/wp\/v2\/types\/product"}],"replies":[{"embeddable":true,"href":"https:\/\/www.chicasafurniture.com\/fr\/wp-json\/wp\/v2\/comments?post=393"}],"wp:featuredmedia":[{"embeddable":true,"href":"https:\/\/www.chicasafurniture.com\/fr\/wp-json\/wp\/v2\/media\/395"}],"wp:attachment":[{"href":"https:\/\/www.chicasafurniture.com\/fr\/wp-json\/wp\/v2\/media?parent=393"}],"wp:term":[{"taxonomy":"product_brand","embeddable":true,"href":"https:\/\/www.chicasafurniture.com\/fr\/wp-json\/wp\/v2\/product_brand?post=393"},{"taxonomy":"product_cat","embeddable":true,"href":"https:\/\/www.chicasafurniture.com\/fr\/wp-json\/wp\/v2\/product_cat?post=393"},{"taxonomy":"product_tag","embeddable":true,"href":"https:\/\/www.chicasafurniture.com\/fr\/wp-json\/wp\/v2\/product_tag?post=393"}],"curies":[{"name":"wp","href":"https:\/\/api.w.org\/{rel}","templated":true}]}}