{"id":400,"date":"2026-02-11T06:13:18","date_gmt":"2026-02-11T06:13:18","guid":{"rendered":"https:\/\/www.chicasafurniture.com\/?post_type=product&#038;p=400"},"modified":"2026-02-11T06:43:06","modified_gmt":"2026-02-11T06:43:06","slug":"custom-upholstered-dining-chair","status":"publish","type":"product","link":"https:\/\/www.chicasafurniture.com\/fr\/product\/custom-upholstered-dining-chair\/","title":{"rendered":"Chaise de salle \u00e0 manger rembourr\u00e9e sur mesure, tissu velours Design moderne"},"content":{"rendered":"<h2 class=\"wp-block-heading\">Sp\u00e9cifications produit de la chaise de salle \u00e0 manger tapiss\u00e9e sur mesure<\/h2>\n\n\n\n<figure class=\"wp-block-table\"><table class=\"has-fixed-layout\"><tbody><tr><td>Cadre<\/td><td>Mat\u00e9riau de couverture<\/td><td>Mat\u00e9riau de remplissage<\/td><td>Jambes<\/td><td>Couleur<\/td><td>Taille<\/td><td>Poids<\/td><\/tr><tr><td>Bois massif<\/td><td>Tissu\/cuir<\/td><td>\u00c9ponge haute densit\u00e9<\/td><td>Bois massif<\/td><td>Sur mesure<\/td><td>Taille normale<\/td><td>\u00c9ponge haute densit\u00e9<\/td><\/tr><\/tbody><\/table><\/figure>\n\n\n\n<div class=\"wp-block-columns is-layout-flex wp-container-core-columns-is-layout-9d6595d7 wp-block-columns-is-layout-flex\">\n<div class=\"wp-block-column is-layout-flow wp-block-column-is-layout-flow\">\n<h2 class=\"wp-block-heading\">Premium Custom Upholstered Dining Chair Caract\u00e9ristiques :<\/h2>\n\n\n\n<ul class=\"wp-block-list\">\n<li><strong>Daim\/Cuir souple :<\/strong> Cette chaise de salle \u00e0 manger rembourr\u00e9e sur mesure est disponible en cuir fin ou en daim pour un toucher doux et facile \u00e0 entretenir.<\/li>\n\n\n\n<li><strong>Dossier ergonomique incurv\u00e9 :<\/strong> La conception de notre chaise de salle \u00e0 manger sur mesure s'adapte \u00e0 la courbe de votre dos, compl\u00e9t\u00e9e par une mousse haute densit\u00e9, offrant un soutien confortable pour les p\u00e9riodes d'assise prolong\u00e9es.<\/li>\n\n\n\n<li><strong>Pieds en m\u00e9tal Esth\u00e9tique du design : <\/strong>Cette chaise de salle \u00e0 manger rembourr\u00e9e sur mesure est dot\u00e9e d'un cadre or\/argent aux lignes simples et \u00e9pur\u00e9es pour un look moderne et discret, tout en offrant un soutien solide.<\/li>\n\n\n\n<li><strong>Personnalisation pouss\u00e9e des couleurs et des mat\u00e9riaux :<\/strong> Notre chaise de salle \u00e0 manger sur mesure permet des combinaisons personnalis\u00e9es de tissus (daim\/cuir), de couleurs (blanc cass\u00e9\/violet fonc\u00e9\/gris clair, etc.) et d'accents m\u00e9talliques.<\/li>\n\n\n\n<li><strong>Flexible et polyvalent pour diff\u00e9rents contextes :<\/strong> Qu'elle soit associ\u00e9e \u00e0 une table en marbre ou \u00e0 un espace moderne minimaliste, cette chaise de salle \u00e0 manger rembourr\u00e9e sur mesure peut rehausser le style et l'harmonie de l'ensemble de l'environnement de la salle \u00e0 manger.<\/li>\n<\/ul>\n<\/div>\n\n\n\n<div class=\"wp-block-column is-layout-flow wp-block-column-is-layout-flow\">\n<figure class=\"wp-block-image size-full\"><img decoding=\"async\" width=\"900\" height=\"1200\" src=\"https:\/\/www.chicasafurniture.com\/wp-content\/uploads\/2026\/02\/Custom-Upholstered-Dining-Chair-Velvet-Fabric-Modern-Design-3.webp\" alt=\"Chaise de salle \u00e0 manger rembourr\u00e9e sur mesure, tissu velours Modern Design-3\" class=\"wp-image-403\" srcset=\"https:\/\/www.chicasafurniture.com\/wp-content\/uploads\/2026\/02\/Custom-Upholstered-Dining-Chair-Velvet-Fabric-Modern-Design-3.webp 900w, https:\/\/www.chicasafurniture.com\/wp-content\/uploads\/2026\/02\/Custom-Upholstered-Dining-Chair-Velvet-Fabric-Modern-Design-3-225x300.webp 225w, https:\/\/www.chicasafurniture.com\/wp-content\/uploads\/2026\/02\/Custom-Upholstered-Dining-Chair-Velvet-Fabric-Modern-Design-3-768x1024.webp 768w, https:\/\/www.chicasafurniture.com\/wp-content\/uploads\/2026\/02\/Custom-Upholstered-Dining-Chair-Velvet-Fabric-Modern-Design-3-600x800.webp 600w\" sizes=\"(max-width: 900px) 100vw, 900px\" \/><\/figure>\n<\/div>\n<\/div>\n\n\n\n<div class=\"wp-block-columns is-layout-flex wp-container-core-columns-is-layout-9d6595d7 wp-block-columns-is-layout-flex\">\n<div class=\"wp-block-column is-layout-flow wp-block-column-is-layout-flow\">\n<div class=\"wp-block-columns is-layout-flex wp-container-core-columns-is-layout-9d6595d7 wp-block-columns-is-layout-flex\">\n<div class=\"wp-block-column is-layout-flow wp-block-column-is-layout-flow\">\n<figure class=\"wp-block-image size-full\"><img decoding=\"async\" width=\"1774\" height=\"1200\" src=\"https:\/\/www.chicasafurniture.com\/wp-content\/uploads\/2026\/02\/Custom-Upholstered-Dining-Chair-Velvet-Fabric-Modern-Design-2.webp\" alt=\"Chaise de salle \u00e0 manger rembourr\u00e9e sur mesure, tissu velours Modern Design-2\" class=\"wp-image-402\" srcset=\"https:\/\/www.chicasafurniture.com\/wp-content\/uploads\/2026\/02\/Custom-Upholstered-Dining-Chair-Velvet-Fabric-Modern-Design-2.webp 1774w, https:\/\/www.chicasafurniture.com\/wp-content\/uploads\/2026\/02\/Custom-Upholstered-Dining-Chair-Velvet-Fabric-Modern-Design-2-300x203.webp 300w, https:\/\/www.chicasafurniture.com\/wp-content\/uploads\/2026\/02\/Custom-Upholstered-Dining-Chair-Velvet-Fabric-Modern-Design-2-768x520.webp 768w, https:\/\/www.chicasafurniture.com\/wp-content\/uploads\/2026\/02\/Custom-Upholstered-Dining-Chair-Velvet-Fabric-Modern-Design-2-1200x812.webp 1200w, https:\/\/www.chicasafurniture.com\/wp-content\/uploads\/2026\/02\/Custom-Upholstered-Dining-Chair-Velvet-Fabric-Modern-Design-2-600x406.webp 600w\" sizes=\"(max-width: 1774px) 100vw, 1774px\" \/><\/figure>\n<\/div>\n\n\n\n<div class=\"wp-block-column is-layout-flow wp-block-column-is-layout-flow\">\n<figure class=\"wp-block-image size-full\"><img decoding=\"async\" width=\"1400\" height=\"900\" src=\"https:\/\/www.chicasafurniture.com\/wp-content\/uploads\/2026\/02\/Custom-Upholstered-Dining-Chair-Velvet-Fabric-Modern-Design-5.webp\" alt=\"Chaise de salle \u00e0 manger rembourr\u00e9e sur mesure, tissu velours Modern Design-5\" class=\"wp-image-405\" srcset=\"https:\/\/www.chicasafurniture.com\/wp-content\/uploads\/2026\/02\/Custom-Upholstered-Dining-Chair-Velvet-Fabric-Modern-Design-5.webp 1400w, https:\/\/www.chicasafurniture.com\/wp-content\/uploads\/2026\/02\/Custom-Upholstered-Dining-Chair-Velvet-Fabric-Modern-Design-5-300x193.webp 300w, https:\/\/www.chicasafurniture.com\/wp-content\/uploads\/2026\/02\/Custom-Upholstered-Dining-Chair-Velvet-Fabric-Modern-Design-5-768x494.webp 768w, https:\/\/www.chicasafurniture.com\/wp-content\/uploads\/2026\/02\/Custom-Upholstered-Dining-Chair-Velvet-Fabric-Modern-Design-5-1200x771.webp 1200w, https:\/\/www.chicasafurniture.com\/wp-content\/uploads\/2026\/02\/Custom-Upholstered-Dining-Chair-Velvet-Fabric-Modern-Design-5-600x386.webp 600w\" sizes=\"(max-width: 1400px) 100vw, 1400px\" \/><\/figure>\n<\/div>\n<\/div>\n<\/div>\n<\/div>","protected":false},"excerpt":{"rendered":"<p>Bienvenue sur le site de commande de meubles de salle \u00e0 manger. Cette chaise de salle \u00e0 manger rembourr\u00e9e sur mesure est fabriqu\u00e9e en su\u00e8de\/cuir souple, avec un dossier incurv\u00e9 et un rembourrage en mousse haute densit\u00e9, accentu\u00e9 par des pieds en m\u00e9tal \u00e9l\u00e9gants.<\/p>\n<table style=\"border-collapse: collapse; width: 222.03pt;\" border=\"0\" width=\"222\" cellspacing=\"0\" cellpadding=\"0\">\n<tbody>\n<tr style=\"height: 15.20pt;\">\n<td class=\"et2\" style=\"height: 15.20pt; width: 81.65pt;\" width=\"81\" height=\"15\">Fabricant<\/td>\n<td class=\"et2\" style=\"width: 140.80pt;\" width=\"140\">ChiCasa<\/td>\n<\/tr>\n<tr style=\"height: 15.20pt;\">\n<td class=\"et2\" style=\"height: 15.20pt;\" height=\"15\">Cat\u00e9gorie<\/td>\n<td class=\"et2\">Chaise de salle \u00e0 manger<\/td>\n<\/tr>\n<tr style=\"height: 15.20pt;\">\n<td class=\"et2\" style=\"height: 15.20pt;\" height=\"15\">Application<\/td>\n<td class=\"et2\">Salle \u00e0 manger<\/td>\n<\/tr>\n<tr style=\"height: 15.20pt;\">\n<td class=\"et2\" style=\"height: 15.20pt;\" height=\"15\">Style<\/td>\n<td class=\"et2\">Luxe raffin\u00e9<\/td>\n<\/tr>\n<tr style=\"height: 15.20pt;\">\n<td class=\"et2\" style=\"height: 15.20pt;\" height=\"15\">Mod\u00e8le<\/td>\n<td class=\"et2\">QMY-DC001<\/td>\n<\/tr>\n<tr style=\"height: 15.20pt;\">\n<td class=\"et2\" style=\"height: 15.20pt;\" height=\"15\">Personnalisation<\/td>\n<td class=\"et2\">Couleur, taille, mat\u00e9riau<\/td>\n<\/tr>\n<tr style=\"height: 15.20pt;\">\n<td class=\"et2\" style=\"height: 15.20pt;\" height=\"15\">MOQ<\/td>\n<td class=\"et2\">1pcs<\/td>\n<\/tr>\n<\/tbody>\n<\/table>","protected":false},"featured_media":404,"comment_status":"closed","ping_status":"closed","template":"","meta":{"_acf_changed":false},"product_brand":[],"product_cat":[17,30],"product_tag":[],"class_list":{"0":"post-400","1":"product","2":"type-product","3":"status-publish","4":"has-post-thumbnail","6":"product_cat-custom-dining-room-furniture","7":"product_cat-bespoke-dining-chair","9":"first","10":"instock","11":"shipping-taxable","12":"product-type-simple"},"acf":[],"_links":{"self":[{"href":"https:\/\/www.chicasafurniture.com\/fr\/wp-json\/wp\/v2\/product\/400","targetHints":{"allow":["GET"]}}],"collection":[{"href":"https:\/\/www.chicasafurniture.com\/fr\/wp-json\/wp\/v2\/product"}],"about":[{"href":"https:\/\/www.chicasafurniture.com\/fr\/wp-json\/wp\/v2\/types\/product"}],"replies":[{"embeddable":true,"href":"https:\/\/www.chicasafurniture.com\/fr\/wp-json\/wp\/v2\/comments?post=400"}],"wp:featuredmedia":[{"embeddable":true,"href":"https:\/\/www.chicasafurniture.com\/fr\/wp-json\/wp\/v2\/media\/404"}],"wp:attachment":[{"href":"https:\/\/www.chicasafurniture.com\/fr\/wp-json\/wp\/v2\/media?parent=400"}],"wp:term":[{"taxonomy":"product_brand","embeddable":true,"href":"https:\/\/www.chicasafurniture.com\/fr\/wp-json\/wp\/v2\/product_brand?post=400"},{"taxonomy":"product_cat","embeddable":true,"href":"https:\/\/www.chicasafurniture.com\/fr\/wp-json\/wp\/v2\/product_cat?post=400"},{"taxonomy":"product_tag","embeddable":true,"href":"https:\/\/www.chicasafurniture.com\/fr\/wp-json\/wp\/v2\/product_tag?post=400"}],"curies":[{"name":"wp","href":"https:\/\/api.w.org\/{rel}","templated":true}]}}