{"id":407,"date":"2026-02-11T06:43:56","date_gmt":"2026-02-11T06:43:56","guid":{"rendered":"https:\/\/www.chicasafurniture.com\/?post_type=product&#038;p=407"},"modified":"2026-02-11T07:03:12","modified_gmt":"2026-02-11T07:03:12","slug":"custom-sideboard","status":"publish","type":"product","link":"https:\/\/www.chicasafurniture.com\/fr\/product\/custom-sideboard\/","title":{"rendered":"Buffet sur mesure avec lattes en m\u00e9tal dor\u00e9 et design en bois"},"content":{"rendered":"<h2 class=\"wp-block-heading\">Sp\u00e9cifications produit du buffet sur mesure<\/h2>\n\n\n\n<figure class=\"wp-block-table\"><table class=\"has-fixed-layout\"><tbody><tr><td>Cadre<\/td><td>Mat\u00e9riau de couverture<\/td><td>Mat\u00e9riau de remplissage<\/td><td>Jambes<\/td><td>Couleur<\/td><td>Taille<\/td><td>Poids<\/td><\/tr><tr><td>Bois<\/td><td>\/<\/td><td>\/<\/td><td>Bois<\/td><td>Sur mesure<\/td><td>Sur mesure<\/td><td>60-100kg<\/td><\/tr><\/tbody><\/table><\/figure>\n\n\n\n<div class=\"wp-block-columns is-layout-flex wp-container-core-columns-is-layout-9d6595d7 wp-block-columns-is-layout-flex\">\n<div class=\"wp-block-column is-layout-flow wp-block-column-is-layout-flow\">\n<h2 class=\"wp-block-heading\">Buffet haut de gamme sur mesure Caract\u00e9ristiques :<\/h2>\n\n\n\n<ul class=\"wp-block-list\">\n<li><strong>Colonne m\u00e9tallique de conception identique :<\/strong> Les colonnes en m\u00e9tal dor\u00e9 de ce buffet personnalis\u00e9 forment le corps principal des portes de l'armoire, ce qui lui conf\u00e8re un fort impact visuel et une touche de modernit\u00e9.<\/li>\n\n\n\n<li><strong>Bois massif et \u00e9pissures m\u00e9talliques Artisanat :<\/strong> Les panneaux en bois massif fonc\u00e9 et le m\u00e9tal dor\u00e9 de ce meuble de salle \u00e0 manger sur mesure sont parfaitement combin\u00e9s gr\u00e2ce \u00e0 un travail artisanal m\u00e9ticuleux, pr\u00e9sentant une texture haut de gamme gr\u00e2ce au contraste des mat\u00e9riaux.<\/li>\n\n\n\n<li><strong>Rangement flexible en trois sections : <\/strong>Le design \u00e0 trois portes de ce buffet personnalis\u00e9 (nombre de portes personnalisable) associ\u00e9 \u00e0 un espace de rangement brun fonc\u00e9 permet de r\u00e9pondre aux besoins de rangement et d'exposition quotidiens.<\/li>\n\n\n\n<li><strong>Structure de base stable et minimaliste : <\/strong>La base noire de ce meuble de salle \u00e0 manger sur mesure offre un support stable tout en pr\u00e9servant la l\u00e9g\u00e8ret\u00e9 et la simplicit\u00e9 de la conception visuelle.<\/li>\n\n\n\n<li><strong>Personnalisation compl\u00e8te : <\/strong>Nos buffets sur mesure permettent de personnaliser les dimensions, la couleur du m\u00e9tal, la palette de couleurs des veines du bois et la structure de rangement pour s'adapter \u00e0 diff\u00e9rents espaces de la maison.<\/li>\n<\/ul>\n<\/div>\n\n\n\n<div class=\"wp-block-column is-layout-flow wp-block-column-is-layout-flow\">\n<figure class=\"wp-block-image size-full\"><img decoding=\"async\" width=\"384\" height=\"450\" src=\"https:\/\/www.chicasafurniture.com\/wp-content\/uploads\/2026\/02\/Custom-Sideboard-with-Gold-Metal-Slats-Wooden-Design-4.webp\" alt=\"Buffet sur mesure avec lattes en m\u00e9tal dor\u00e9 et design en bois-4\" class=\"wp-image-411\" srcset=\"https:\/\/www.chicasafurniture.com\/wp-content\/uploads\/2026\/02\/Custom-Sideboard-with-Gold-Metal-Slats-Wooden-Design-4.webp 384w, https:\/\/www.chicasafurniture.com\/wp-content\/uploads\/2026\/02\/Custom-Sideboard-with-Gold-Metal-Slats-Wooden-Design-4-256x300.webp 256w\" sizes=\"(max-width: 384px) 100vw, 384px\" \/><\/figure>\n<\/div>\n<\/div>\n\n\n\n<div class=\"wp-block-columns is-layout-flex wp-container-core-columns-is-layout-9d6595d7 wp-block-columns-is-layout-flex\">\n<div class=\"wp-block-column is-layout-flow wp-block-column-is-layout-flow\">\n<div class=\"wp-block-columns is-layout-flex wp-container-core-columns-is-layout-9d6595d7 wp-block-columns-is-layout-flex\">\n<div class=\"wp-block-column is-layout-flow wp-block-column-is-layout-flow\">\n<figure class=\"wp-block-image size-full\"><img decoding=\"async\" width=\"746\" height=\"450\" src=\"https:\/\/www.chicasafurniture.com\/wp-content\/uploads\/2026\/02\/Custom-Sideboard-with-Gold-Metal-Slats-Wooden-Design-2.webp\" alt=\"Buffet sur mesure avec lattes en m\u00e9tal dor\u00e9 et design en bois-2\" class=\"wp-image-409\" srcset=\"https:\/\/www.chicasafurniture.com\/wp-content\/uploads\/2026\/02\/Custom-Sideboard-with-Gold-Metal-Slats-Wooden-Design-2.webp 746w, https:\/\/www.chicasafurniture.com\/wp-content\/uploads\/2026\/02\/Custom-Sideboard-with-Gold-Metal-Slats-Wooden-Design-2-300x181.webp 300w, https:\/\/www.chicasafurniture.com\/wp-content\/uploads\/2026\/02\/Custom-Sideboard-with-Gold-Metal-Slats-Wooden-Design-2-600x362.webp 600w\" sizes=\"(max-width: 746px) 100vw, 746px\" \/><\/figure>\n<\/div>\n\n\n\n<div class=\"wp-block-column is-layout-flow wp-block-column-is-layout-flow\">\n<figure class=\"wp-block-image size-full\"><img decoding=\"async\" width=\"746\" height=\"450\" src=\"https:\/\/www.chicasafurniture.com\/wp-content\/uploads\/2026\/02\/Custom-Sideboard-with-Gold-Metal-Slats-Wooden-Design-3.webp\" alt=\"Buffet sur mesure avec lattes en m\u00e9tal dor\u00e9 et design en bois-3\" class=\"wp-image-410\" srcset=\"https:\/\/www.chicasafurniture.com\/wp-content\/uploads\/2026\/02\/Custom-Sideboard-with-Gold-Metal-Slats-Wooden-Design-3.webp 746w, https:\/\/www.chicasafurniture.com\/wp-content\/uploads\/2026\/02\/Custom-Sideboard-with-Gold-Metal-Slats-Wooden-Design-3-300x181.webp 300w, https:\/\/www.chicasafurniture.com\/wp-content\/uploads\/2026\/02\/Custom-Sideboard-with-Gold-Metal-Slats-Wooden-Design-3-600x362.webp 600w\" sizes=\"(max-width: 746px) 100vw, 746px\" \/><\/figure>\n<\/div>\n<\/div>\n<\/div>\n<\/div>","protected":false},"excerpt":{"rendered":"<p>Bienvenue \u00e0 l'achat de meubles de salle \u00e0 manger. Ce buffet sur mesure pr\u00e9sente des panneaux en bois massif fonc\u00e9 assembl\u00e9s sans jointure, mettant en valeur un style moderne et luxueux unique, et offrant un vaste espace de rangement gr\u00e2ce \u00e0 ses trois portes.<\/p>\n<table style=\"border-collapse: collapse; width: 222.03pt;\" border=\"0\" width=\"222\" cellspacing=\"0\" cellpadding=\"0\">\n<tbody>\n<tr style=\"height: 15.20pt;\">\n<td class=\"et2\" style=\"height: 15.20pt; width: 81.65pt;\" width=\"81\" height=\"15\">Fabricant<\/td>\n<td class=\"et2\" style=\"width: 140.80pt;\" width=\"140\">ChiCasa<\/td>\n<\/tr>\n<tr style=\"height: 15.20pt;\">\n<td class=\"et2\" style=\"height: 15.20pt;\" height=\"15\">Cat\u00e9gorie<\/td>\n<td class=\"et2\">Buffet<\/td>\n<\/tr>\n<tr style=\"height: 15.20pt;\">\n<td class=\"et2\" style=\"height: 15.20pt;\" height=\"15\">Application<\/td>\n<td class=\"et2\">Salle \u00e0 manger<\/td>\n<\/tr>\n<tr style=\"height: 15.20pt;\">\n<td class=\"et2\" style=\"height: 15.20pt;\" height=\"15\">Style<\/td>\n<td class=\"et2\">Luxe raffin\u00e9<\/td>\n<\/tr>\n<tr style=\"height: 15.20pt;\">\n<td class=\"et2\" style=\"height: 15.20pt;\" height=\"15\">Mod\u00e8le<\/td>\n<td class=\"et2\">QMY-SB001<\/td>\n<\/tr>\n<tr style=\"height: 15.20pt;\">\n<td class=\"et2\" style=\"height: 15.20pt;\" height=\"15\">Personnalisation<\/td>\n<td class=\"et2\">Couleur, taille, mat\u00e9riau<\/td>\n<\/tr>\n<tr style=\"height: 15.20pt;\">\n<td class=\"et2\" style=\"height: 15.20pt;\" height=\"15\">MOQ<\/td>\n<td class=\"et2\">1pcs<\/td>\n<\/tr>\n<\/tbody>\n<\/table>","protected":false},"featured_media":408,"comment_status":"closed","ping_status":"closed","template":"","meta":{"_acf_changed":false},"product_brand":[],"product_cat":[17,31],"product_tag":[],"class_list":{"0":"post-407","1":"product","2":"type-product","3":"status-publish","4":"has-post-thumbnail","6":"product_cat-custom-dining-room-furniture","7":"product_cat-custom-sideboard-cabinet","9":"first","10":"instock","11":"shipping-taxable","12":"product-type-simple"},"acf":[],"_links":{"self":[{"href":"https:\/\/www.chicasafurniture.com\/fr\/wp-json\/wp\/v2\/product\/407","targetHints":{"allow":["GET"]}}],"collection":[{"href":"https:\/\/www.chicasafurniture.com\/fr\/wp-json\/wp\/v2\/product"}],"about":[{"href":"https:\/\/www.chicasafurniture.com\/fr\/wp-json\/wp\/v2\/types\/product"}],"replies":[{"embeddable":true,"href":"https:\/\/www.chicasafurniture.com\/fr\/wp-json\/wp\/v2\/comments?post=407"}],"wp:featuredmedia":[{"embeddable":true,"href":"https:\/\/www.chicasafurniture.com\/fr\/wp-json\/wp\/v2\/media\/408"}],"wp:attachment":[{"href":"https:\/\/www.chicasafurniture.com\/fr\/wp-json\/wp\/v2\/media?parent=407"}],"wp:term":[{"taxonomy":"product_brand","embeddable":true,"href":"https:\/\/www.chicasafurniture.com\/fr\/wp-json\/wp\/v2\/product_brand?post=407"},{"taxonomy":"product_cat","embeddable":true,"href":"https:\/\/www.chicasafurniture.com\/fr\/wp-json\/wp\/v2\/product_cat?post=407"},{"taxonomy":"product_tag","embeddable":true,"href":"https:\/\/www.chicasafurniture.com\/fr\/wp-json\/wp\/v2\/product_tag?post=407"}],"curies":[{"name":"wp","href":"https:\/\/api.w.org\/{rel}","templated":true}]}}