{"id":412,"date":"2026-02-11T07:05:07","date_gmt":"2026-02-11T07:05:07","guid":{"rendered":"https:\/\/www.chicasafurniture.com\/?post_type=product&#038;p=412"},"modified":"2026-02-11T07:15:26","modified_gmt":"2026-02-11T07:15:26","slug":"bespoke-sideboard","status":"publish","type":"product","link":"https:\/\/www.chicasafurniture.com\/fr\/product\/bespoke-sideboard\/","title":{"rendered":"Buffet sur mesure \u00e0 finition miroir avec d\u00e9tails artisanaux en or"},"content":{"rendered":"<h2 class=\"wp-block-heading\">Sp\u00e9cifications produit du buffet sur mesure<\/h2>\n\n\n\n<figure class=\"wp-block-table\"><table class=\"has-fixed-layout\"><tbody><tr><td>Cadre<\/td><td>Mat\u00e9riau de couverture<\/td><td>Mat\u00e9riau de remplissage<\/td><td>Jambes<\/td><td>Couleur<\/td><td>Taille<\/td><td>Poids<\/td><\/tr><tr><td>Bois<\/td><td>\/<\/td><td>\/<\/td><td>Bois<\/td><td>Sur mesure<\/td><td>Sur mesure<\/td><td>60-100kg<\/td><\/tr><\/tbody><\/table><\/figure>\n\n\n\n<div class=\"wp-block-columns is-layout-flex wp-container-core-columns-is-layout-9d6595d7 wp-block-columns-is-layout-flex\">\n<div class=\"wp-block-column is-layout-flow wp-block-column-is-layout-flow\">\n<h2 class=\"wp-block-heading\">Buffet haut de gamme sur mesure Caract\u00e9ristiques :<\/h2>\n\n\n\n<ul class=\"wp-block-list\">\n<li><strong>Miroir brillant et int\u00e9gration de l'art dans le m\u00e9tal :<\/strong> Le buffet sur mesure est dot\u00e9 d'une finition miroir tr\u00e8s brillante, ce qui permet \u00e0 la fonction et \u00e0 la connexion des embellissements texturaux en m\u00e9tal liquide qui le d\u00e9corent d'\u00eatre tr\u00e8s artistiques.<\/li>\n\n\n\n<li><strong>Pieds en m\u00e9tal en forme de vague :<\/strong> La base de ce buffet personnalis\u00e9 comporte des pieds plaqu\u00e9s or de forme unique qui ressemblent \u00e0 des sculptures en m\u00e9tal fondu tout en offrant \u00e0 la fois une int\u00e9grit\u00e9 structurelle et un point focal artistique stup\u00e9fiant.<\/li>\n\n\n\n<li><strong>Contraste exquis entre les mat\u00e9riaux int\u00e9rieurs et ext\u00e9rieurs :<\/strong> L'ext\u00e9rieur de ce buffet sur mesure est compos\u00e9 de miroirs modernes et de m\u00e9tal, tandis que l'int\u00e9rieur des tiroirs est fabriqu\u00e9 en bois naturel marron clair, cr\u00e9ant ainsi un contraste spectaculaire entre le luxe et les mat\u00e9riaux naturels lorsqu'ils sont ouverts.<\/li>\n\n\n\n<li><strong>Objet d'art multifonctionnel \u00e0 collectionner : <\/strong>Nos buffets sur mesure peuvent facilement servir de buffet et\/ou de vitrine. Elles sont visuellement frappantes et peuvent \u00eatre utilis\u00e9es pour am\u00e9liorer le d\u00e9cor g\u00e9n\u00e9ral d'un espace en exposant des pi\u00e8ces telles que des lunettes de soleil \u00e0 monture dor\u00e9e ou des sculptures abstraites.<\/li>\n\n\n\n<li><strong>Personnalisation compl\u00e8te : <\/strong>Nos buffets sur mesure offrent des options de personnalisation compl\u00e8tes, de la taille \u00e0 la couleur m\u00e9tallique (or\/argent\/bronze) et \u00e0 la finition miroir, en passant par le design des pieds. Chaque pi\u00e8ce est un meuble unique et de collection.<\/li>\n<\/ul>\n<\/div>\n\n\n\n<div class=\"wp-block-column is-layout-flow wp-block-column-is-layout-flow\">\n<figure class=\"wp-block-image size-full\"><img decoding=\"async\" width=\"1167\" height=\"1750\" src=\"https:\/\/www.chicasafurniture.com\/wp-content\/uploads\/2026\/02\/Mirror-Finish-Bespoke-Sideboard-with-Artisan-Gold-Detailing-5-edited.webp\" alt=\"Buffet sur mesure \u00e0 finition miroir avec d\u00e9corations dor\u00e9es artisanales-5\" class=\"wp-image-419\" srcset=\"https:\/\/www.chicasafurniture.com\/wp-content\/uploads\/2026\/02\/Mirror-Finish-Bespoke-Sideboard-with-Artisan-Gold-Detailing-5-edited.webp 1167w, https:\/\/www.chicasafurniture.com\/wp-content\/uploads\/2026\/02\/Mirror-Finish-Bespoke-Sideboard-with-Artisan-Gold-Detailing-5-edited-200x300.webp 200w, https:\/\/www.chicasafurniture.com\/wp-content\/uploads\/2026\/02\/Mirror-Finish-Bespoke-Sideboard-with-Artisan-Gold-Detailing-5-edited-768x1152.webp 768w, https:\/\/www.chicasafurniture.com\/wp-content\/uploads\/2026\/02\/Mirror-Finish-Bespoke-Sideboard-with-Artisan-Gold-Detailing-5-edited-600x900.webp 600w\" sizes=\"(max-width: 1167px) 100vw, 1167px\" \/><\/figure>\n<\/div>\n<\/div>\n\n\n\n<div class=\"wp-block-columns is-layout-flex wp-container-core-columns-is-layout-9d6595d7 wp-block-columns-is-layout-flex\">\n<div class=\"wp-block-column is-layout-flow wp-block-column-is-layout-flow\">\n<div class=\"wp-block-columns is-layout-flex wp-container-core-columns-is-layout-9d6595d7 wp-block-columns-is-layout-flex\">\n<div class=\"wp-block-column is-layout-flow wp-block-column-is-layout-flow\">\n<figure class=\"wp-block-image size-full\"><img decoding=\"async\" width=\"2000\" height=\"1750\" src=\"https:\/\/www.chicasafurniture.com\/wp-content\/uploads\/2026\/02\/Mirror-Finish-Bespoke-Sideboard-with-Artisan-Gold-Detailing-3.webp\" alt=\"Buffet sur mesure \u00e0 finition miroir avec d\u00e9corations dor\u00e9es artisanales-3\" class=\"wp-image-415\" srcset=\"https:\/\/www.chicasafurniture.com\/wp-content\/uploads\/2026\/02\/Mirror-Finish-Bespoke-Sideboard-with-Artisan-Gold-Detailing-3.webp 2000w, https:\/\/www.chicasafurniture.com\/wp-content\/uploads\/2026\/02\/Mirror-Finish-Bespoke-Sideboard-with-Artisan-Gold-Detailing-3-300x263.webp 300w, https:\/\/www.chicasafurniture.com\/wp-content\/uploads\/2026\/02\/Mirror-Finish-Bespoke-Sideboard-with-Artisan-Gold-Detailing-3-768x672.webp 768w, https:\/\/www.chicasafurniture.com\/wp-content\/uploads\/2026\/02\/Mirror-Finish-Bespoke-Sideboard-with-Artisan-Gold-Detailing-3-1200x1050.webp 1200w, https:\/\/www.chicasafurniture.com\/wp-content\/uploads\/2026\/02\/Mirror-Finish-Bespoke-Sideboard-with-Artisan-Gold-Detailing-3-600x525.webp 600w\" sizes=\"(max-width: 2000px) 100vw, 2000px\" \/><\/figure>\n<\/div>\n\n\n\n<div class=\"wp-block-column is-layout-flow wp-block-column-is-layout-flow\">\n<figure class=\"wp-block-image size-full\"><img decoding=\"async\" width=\"2000\" height=\"1750\" src=\"https:\/\/www.chicasafurniture.com\/wp-content\/uploads\/2026\/02\/Mirror-Finish-Bespoke-Sideboard-with-Artisan-Gold-Detailing-4.webp\" alt=\"Buffet sur mesure \u00e0 finition miroir avec d\u00e9corations dor\u00e9es artisanales-4\" class=\"wp-image-416\" srcset=\"https:\/\/www.chicasafurniture.com\/wp-content\/uploads\/2026\/02\/Mirror-Finish-Bespoke-Sideboard-with-Artisan-Gold-Detailing-4.webp 2000w, https:\/\/www.chicasafurniture.com\/wp-content\/uploads\/2026\/02\/Mirror-Finish-Bespoke-Sideboard-with-Artisan-Gold-Detailing-4-300x263.webp 300w, https:\/\/www.chicasafurniture.com\/wp-content\/uploads\/2026\/02\/Mirror-Finish-Bespoke-Sideboard-with-Artisan-Gold-Detailing-4-768x672.webp 768w, https:\/\/www.chicasafurniture.com\/wp-content\/uploads\/2026\/02\/Mirror-Finish-Bespoke-Sideboard-with-Artisan-Gold-Detailing-4-1200x1050.webp 1200w, https:\/\/www.chicasafurniture.com\/wp-content\/uploads\/2026\/02\/Mirror-Finish-Bespoke-Sideboard-with-Artisan-Gold-Detailing-4-600x525.webp 600w\" sizes=\"(max-width: 2000px) 100vw, 2000px\" \/><\/figure>\n<\/div>\n<\/div>\n<\/div>\n<\/div>","protected":false},"excerpt":{"rendered":"<p>Bienvenue sur le site d'achat de meubles de salle \u00e0 manger. Ce buffet sur mesure allie parfaitement l'esth\u00e9tique industrielle moderne \u00e0 l'art luxueux, avec un corps de meuble en miroir brillant associ\u00e9 \u00e0 des accents en m\u00e9tal dor\u00e9 forg\u00e9 \u00e0 la main et \u00e0 des pieds en forme de vague.<\/p>\n<table style=\"border-collapse: collapse; width: 222.03pt;\" border=\"0\" width=\"222\" cellspacing=\"0\" cellpadding=\"0\">\n<tbody>\n<tr style=\"height: 15.20pt;\">\n<td class=\"et2\" style=\"height: 15.20pt; width: 81.65pt;\" width=\"81\" height=\"15\">Fabricant<\/td>\n<td class=\"et2\" style=\"width: 140.80pt;\" width=\"140\">ChiCasa<\/td>\n<\/tr>\n<tr style=\"height: 15.20pt;\">\n<td class=\"et2\" style=\"height: 15.20pt;\" height=\"15\">Cat\u00e9gorie<\/td>\n<td class=\"et2\">Buffet<\/td>\n<\/tr>\n<tr style=\"height: 15.20pt;\">\n<td class=\"et2\" style=\"height: 15.20pt;\" height=\"15\">Application<\/td>\n<td class=\"et2\">Salle \u00e0 manger<\/td>\n<\/tr>\n<tr style=\"height: 15.20pt;\">\n<td class=\"et2\" style=\"height: 15.20pt;\" height=\"15\">Style<\/td>\n<td class=\"et2\">Luxe raffin\u00e9<\/td>\n<\/tr>\n<tr style=\"height: 15.20pt;\">\n<td class=\"et2\" style=\"height: 15.20pt;\" height=\"15\">Mod\u00e8le<\/td>\n<td class=\"et2\">QMY-SB001<\/td>\n<\/tr>\n<tr style=\"height: 15.20pt;\">\n<td class=\"et2\" style=\"height: 15.20pt;\" height=\"15\">Personnalisation<\/td>\n<td class=\"et2\">Couleur, taille, mat\u00e9riau<\/td>\n<\/tr>\n<tr style=\"height: 15.20pt;\">\n<td class=\"et2\" style=\"height: 15.20pt;\" height=\"15\">MOQ<\/td>\n<td class=\"et2\">1pcs<\/td>\n<\/tr>\n<\/tbody>\n<\/table>","protected":false},"featured_media":414,"comment_status":"closed","ping_status":"closed","template":"","meta":{"_acf_changed":false},"product_brand":[],"product_cat":[17,31],"product_tag":[],"class_list":{"0":"post-412","1":"product","2":"type-product","3":"status-publish","4":"has-post-thumbnail","6":"product_cat-custom-dining-room-furniture","7":"product_cat-custom-sideboard-cabinet","9":"first","10":"instock","11":"shipping-taxable","12":"product-type-simple"},"acf":[],"_links":{"self":[{"href":"https:\/\/www.chicasafurniture.com\/fr\/wp-json\/wp\/v2\/product\/412","targetHints":{"allow":["GET"]}}],"collection":[{"href":"https:\/\/www.chicasafurniture.com\/fr\/wp-json\/wp\/v2\/product"}],"about":[{"href":"https:\/\/www.chicasafurniture.com\/fr\/wp-json\/wp\/v2\/types\/product"}],"replies":[{"embeddable":true,"href":"https:\/\/www.chicasafurniture.com\/fr\/wp-json\/wp\/v2\/comments?post=412"}],"wp:featuredmedia":[{"embeddable":true,"href":"https:\/\/www.chicasafurniture.com\/fr\/wp-json\/wp\/v2\/media\/414"}],"wp:attachment":[{"href":"https:\/\/www.chicasafurniture.com\/fr\/wp-json\/wp\/v2\/media?parent=412"}],"wp:term":[{"taxonomy":"product_brand","embeddable":true,"href":"https:\/\/www.chicasafurniture.com\/fr\/wp-json\/wp\/v2\/product_brand?post=412"},{"taxonomy":"product_cat","embeddable":true,"href":"https:\/\/www.chicasafurniture.com\/fr\/wp-json\/wp\/v2\/product_cat?post=412"},{"taxonomy":"product_tag","embeddable":true,"href":"https:\/\/www.chicasafurniture.com\/fr\/wp-json\/wp\/v2\/product_tag?post=412"}],"curies":[{"name":"wp","href":"https:\/\/api.w.org\/{rel}","templated":true}]}}