{"id":420,"date":"2026-02-11T07:19:57","date_gmt":"2026-02-11T07:19:57","guid":{"rendered":"https:\/\/www.chicasafurniture.com\/?post_type=product&#038;p=420"},"modified":"2026-02-11T07:42:56","modified_gmt":"2026-02-11T07:42:56","slug":"custom-bedroom-bench","status":"publish","type":"product","link":"https:\/\/www.chicasafurniture.com\/fr\/product\/custom-bedroom-bench\/","title":{"rendered":"Banc de chambre minimaliste sur mesure avec pieds en bois effil\u00e9s"},"content":{"rendered":"<h2 class=\"wp-block-heading\">Sp\u00e9cifications produit du banc de chambre \u00e0 coucher sur mesure<\/h2>\n\n\n\n<figure class=\"wp-block-table\"><table class=\"has-fixed-layout\"><tbody><tr><td>Cadre<\/td><td>Mat\u00e9riau de couverture<\/td><td>Mat\u00e9riau de remplissage<\/td><td>Jambes<\/td><td>Couleur<\/td><td>Taille<\/td><td>Poids<\/td><\/tr><tr><td>Bois<\/td><td>Tissu<\/td><td>\u00c9ponge haute densit\u00e9<\/td><td>Bois<\/td><td>Sur mesure<\/td><td>Sur mesure<\/td><td>45-55kg<\/td><\/tr><\/tbody><\/table><\/figure>\n\n\n\n<div class=\"wp-block-columns is-layout-flex wp-container-core-columns-is-layout-9d6595d7 wp-block-columns-is-layout-flex\">\n<div class=\"wp-block-column is-layout-flow wp-block-column-is-layout-flow\">\n<h2 class=\"wp-block-heading\">Banc de chambre \u00e0 coucher haut de gamme sur mesure :<\/h2>\n\n\n\n<ul class=\"wp-block-list\">\n<li><strong>Tissu doux pour la peau et respirant : <\/strong>Ce banc de chambre \u00e0 coucher personnalis\u00e9 est fabriqu\u00e9 \u00e0 partir d'un tissu gris\/brun fin, doux au toucher et tr\u00e8s respirant, qui allie confort d'assise et durabilit\u00e9 au quotidien.<\/li>\n\n\n\n<li><strong>Pieds coniques en bois massif : <\/strong>Les pieds de ce banc de luxe sur mesure pr\u00e9sentent une structure effil\u00e9e, avec un grain de bois fonc\u00e9 et une forme \u00e9lanc\u00e9e qui cr\u00e9ent un aspect visuellement l\u00e9ger et \u00e9l\u00e9gant.<\/li>\n\n\n\n<li><strong>Personnalisation flexible en taille r\u00e9elle : <\/strong>Notre banc de chambre \u00e0 coucher sur mesure permet des r\u00e9glages personnalis\u00e9s de la longueur, de la hauteur et de l'\u00e9paisseur du coussin d'assise, s'adaptant ainsi facilement \u00e0 diff\u00e9rentes dispositions spatiales et \u00e0 diff\u00e9rents besoins fonctionnels.<\/li>\n\n\n\n<li><strong>Silhouette basse et minimaliste : <\/strong>La faible hauteur d'assise et le design plat de ce banc de luxe sur mesure peuvent \u00eatre utilis\u00e9s comme banc, tabouret pour changer les chaussures ou m\u00eame comme plateforme de stockage temporaire.<\/li>\n\n\n\n<li><strong>Se fondre silencieusement dans de multiples sc\u00e9narios : <\/strong>Les tons neutres et les couleurs de bois naturel de ce banc de chambre \u00e0 coucher personnalis\u00e9 s'int\u00e8grent parfaitement dans divers environnements modernes tels que les chambres \u00e0 coucher, les salons et les entr\u00e9es.<\/li>\n<\/ul>\n<\/div>\n\n\n\n<div class=\"wp-block-column is-layout-flow wp-block-column-is-layout-flow\">\n<figure class=\"wp-block-image size-full\"><img decoding=\"async\" width=\"848\" height=\"989\" src=\"https:\/\/www.chicasafurniture.com\/wp-content\/uploads\/2026\/02\/Minimalist-Custom-Bedroom-Bench-with-Tapered-Wooden-Legs-1.png\" alt=\"Banc de chambre minimaliste sur mesure avec pieds effil\u00e9s en bois-1\" class=\"wp-image-421\" srcset=\"https:\/\/www.chicasafurniture.com\/wp-content\/uploads\/2026\/02\/Minimalist-Custom-Bedroom-Bench-with-Tapered-Wooden-Legs-1.png 848w, https:\/\/www.chicasafurniture.com\/wp-content\/uploads\/2026\/02\/Minimalist-Custom-Bedroom-Bench-with-Tapered-Wooden-Legs-1-257x300.png 257w, https:\/\/www.chicasafurniture.com\/wp-content\/uploads\/2026\/02\/Minimalist-Custom-Bedroom-Bench-with-Tapered-Wooden-Legs-1-768x896.png 768w, https:\/\/www.chicasafurniture.com\/wp-content\/uploads\/2026\/02\/Minimalist-Custom-Bedroom-Bench-with-Tapered-Wooden-Legs-1-600x700.png 600w\" sizes=\"(max-width: 848px) 100vw, 848px\" \/><\/figure>\n<\/div>\n<\/div>\n\n\n\n<figure class=\"wp-block-image size-full\"><img decoding=\"async\" width=\"1920\" height=\"1080\" src=\"https:\/\/www.chicasafurniture.com\/wp-content\/uploads\/2026\/02\/Minimalist-Custom-Bedroom-Bench-with-Tapered-Wooden-Legs-4.png\" alt=\"Banc de chambre minimaliste sur mesure avec pieds en bois effil\u00e9s-4\" class=\"wp-image-424\" srcset=\"https:\/\/www.chicasafurniture.com\/wp-content\/uploads\/2026\/02\/Minimalist-Custom-Bedroom-Bench-with-Tapered-Wooden-Legs-4.png 1920w, https:\/\/www.chicasafurniture.com\/wp-content\/uploads\/2026\/02\/Minimalist-Custom-Bedroom-Bench-with-Tapered-Wooden-Legs-4-300x169.png 300w, https:\/\/www.chicasafurniture.com\/wp-content\/uploads\/2026\/02\/Minimalist-Custom-Bedroom-Bench-with-Tapered-Wooden-Legs-4-768x432.png 768w, https:\/\/www.chicasafurniture.com\/wp-content\/uploads\/2026\/02\/Minimalist-Custom-Bedroom-Bench-with-Tapered-Wooden-Legs-4-1200x675.png 1200w, https:\/\/www.chicasafurniture.com\/wp-content\/uploads\/2026\/02\/Minimalist-Custom-Bedroom-Bench-with-Tapered-Wooden-Legs-4-600x338.png 600w\" sizes=\"(max-width: 1920px) 100vw, 1920px\" \/><\/figure>","protected":false},"excerpt":{"rendered":"<p>Bienvenue sur le site d'achat de mobilier de chambre \u00e0 coucher. Cette banquette de chambre \u00e0 coucher personnalis\u00e9e poursuit l'esth\u00e9tique minimaliste, avec un rev\u00eatement en tissu gris doux et agr\u00e9able pour la peau, associ\u00e9 \u00e0 des pieds en bois massif fonc\u00e9 \u00e9l\u00e9gamment effil\u00e9s.<\/p>\n<table style=\"border-collapse: collapse; width: 222.03pt;\" border=\"0\" width=\"222\" cellspacing=\"0\" cellpadding=\"0\">\n<tbody>\n<tr style=\"height: 15.20pt;\">\n<td class=\"et2\" style=\"height: 15.20pt; width: 81.65pt;\" width=\"81\" height=\"15\">Fabricant<\/td>\n<td class=\"et2\" style=\"width: 140.80pt;\" width=\"140\">ChiCasa<\/td>\n<\/tr>\n<tr style=\"height: 15.20pt;\">\n<td class=\"et2\" style=\"height: 15.20pt;\" height=\"15\">Cat\u00e9gorie<\/td>\n<td class=\"et2\">Banc<\/td>\n<\/tr>\n<tr style=\"height: 15.20pt;\">\n<td class=\"et2\" style=\"height: 15.20pt;\" height=\"15\">Application<\/td>\n<td class=\"et2\">Chambre \u00e0 coucher<\/td>\n<\/tr>\n<tr style=\"height: 15.20pt;\">\n<td class=\"et2\" style=\"height: 15.20pt;\" height=\"15\">Style<\/td>\n<td class=\"et2\">Minimaliste<\/td>\n<\/tr>\n<tr style=\"height: 15.20pt;\">\n<td class=\"et2\" style=\"height: 15.20pt;\" height=\"15\">Mod\u00e8le<\/td>\n<td class=\"et2\">QMY-BH001<\/td>\n<\/tr>\n<tr style=\"height: 15.20pt;\">\n<td class=\"et2\" style=\"height: 15.20pt;\" height=\"15\">Personnalisation<\/td>\n<td class=\"et2\">Couleur, taille, mat\u00e9riau<\/td>\n<\/tr>\n<tr style=\"height: 15.20pt;\">\n<td class=\"et2\" style=\"height: 15.20pt;\" height=\"15\">MOQ<\/td>\n<td class=\"et2\">1pcs<\/td>\n<\/tr>\n<\/tbody>\n<\/table>","protected":false},"featured_media":423,"comment_status":"closed","ping_status":"closed","template":"","meta":{"_acf_changed":false},"product_brand":[],"product_cat":[18,37],"product_tag":[],"class_list":{"0":"post-420","1":"product","2":"type-product","3":"status-publish","4":"has-post-thumbnail","6":"product_cat-bespoke-bedroom-furniture","7":"product_cat-custom-bedroom-benches","9":"first","10":"instock","11":"shipping-taxable","12":"product-type-simple"},"acf":[],"_links":{"self":[{"href":"https:\/\/www.chicasafurniture.com\/fr\/wp-json\/wp\/v2\/product\/420","targetHints":{"allow":["GET"]}}],"collection":[{"href":"https:\/\/www.chicasafurniture.com\/fr\/wp-json\/wp\/v2\/product"}],"about":[{"href":"https:\/\/www.chicasafurniture.com\/fr\/wp-json\/wp\/v2\/types\/product"}],"replies":[{"embeddable":true,"href":"https:\/\/www.chicasafurniture.com\/fr\/wp-json\/wp\/v2\/comments?post=420"}],"wp:featuredmedia":[{"embeddable":true,"href":"https:\/\/www.chicasafurniture.com\/fr\/wp-json\/wp\/v2\/media\/423"}],"wp:attachment":[{"href":"https:\/\/www.chicasafurniture.com\/fr\/wp-json\/wp\/v2\/media?parent=420"}],"wp:term":[{"taxonomy":"product_brand","embeddable":true,"href":"https:\/\/www.chicasafurniture.com\/fr\/wp-json\/wp\/v2\/product_brand?post=420"},{"taxonomy":"product_cat","embeddable":true,"href":"https:\/\/www.chicasafurniture.com\/fr\/wp-json\/wp\/v2\/product_cat?post=420"},{"taxonomy":"product_tag","embeddable":true,"href":"https:\/\/www.chicasafurniture.com\/fr\/wp-json\/wp\/v2\/product_tag?post=420"}],"curies":[{"name":"wp","href":"https:\/\/api.w.org\/{rel}","templated":true}]}}