{"id":425,"date":"2026-02-11T07:57:03","date_gmt":"2026-02-11T07:57:03","guid":{"rendered":"https:\/\/www.chicasafurniture.com\/?post_type=product&#038;p=425"},"modified":"2026-02-26T08:56:51","modified_gmt":"2026-02-26T08:56:51","slug":"custom-luxury-bench-furniture","status":"publish","type":"product","link":"https:\/\/www.chicasafurniture.com\/fr\/product\/custom-luxury-bench-furniture\/","title":{"rendered":"Bancs de luxe sur mesure, tapisserie et pieds courb\u00e9s"},"content":{"rendered":"<h2 class=\"wp-block-heading\">Sp\u00e9cifications des produits pour les bancs de luxe sur mesure<\/h2>\n\n\n\n<figure class=\"wp-block-table\"><table class=\"has-fixed-layout\"><tbody><tr><td>Cadre<\/td><td>Mat\u00e9riau de couverture<\/td><td>Mat\u00e9riau de remplissage<\/td><td>Jambes<\/td><td>Couleur<\/td><td>Taille<\/td><td>Poids<\/td><\/tr><tr><td>Bois<\/td><td>Tissu<\/td><td>\u00c9ponge haute densit\u00e9<\/td><td>Bois<\/td><td>Sur mesure<\/td><td>Sur mesure<\/td><td>45-55kg<\/td><\/tr><\/tbody><\/table><\/figure>\n\n\n\n<div class=\"wp-block-columns is-layout-flex wp-container-core-columns-is-layout-9d6595d7 wp-block-columns-is-layout-flex\">\n<div class=\"wp-block-column is-layout-flow wp-block-column-is-layout-flow\">\n<h2 class=\"wp-block-heading\">Premium Custom Luxury Bench Furniture Features :<\/h2>\n\n\n\n<ul class=\"wp-block-list\">\n<li><strong>Tissu de qualit\u00e9 sup\u00e9rieure : <\/strong>Cette banquette de luxe personnalis\u00e9e est fabriqu\u00e9e \u00e0 partir de tissus de qualit\u00e9 sup\u00e9rieure soigneusement s\u00e9lectionn\u00e9s, avec une texture fine, un toucher doux et agr\u00e9able pour la peau, une excellente respirabilit\u00e9, une grande durabilit\u00e9 et un entretien quotidien facile.<\/li>\n\n\n\n<li><strong>Pieds \u00e9l\u00e9gants et courb\u00e9s : <\/strong>Les pieds en bois massif fonc\u00e9 de ce banc de chambre \u00e0 coucher sur mesure pr\u00e9sentent un design incurv\u00e9 unique, offrant non seulement un soutien stable, mais ajoutant \u00e9galement un sentiment de fluidit\u00e9 et de flair artistique au meuble.<\/li>\n\n\n\n<li><strong>Si\u00e8ge ergonomique et confortable :<\/strong> Nos banquettes de luxe personnalis\u00e9es sont dot\u00e9es d'un coussin \u00e9pais et complet rempli de mousse haute densit\u00e9, offrant un soutien et un confort excellents, adapt\u00e9s \u00e0 de longues p\u00e9riodes d'assise ou d'allongement.<\/li>\n\n\n\n<li><strong>Personnalisation compl\u00e8te :<\/strong> Nous proposons des services de personnalisation pour la longueur, la largeur, la hauteur et la couleur du tissu de nos bancs de chambre \u00e0 coucher sur mesure, s'adaptant parfaitement aux diff\u00e9rentes dimensions de l'espace et aux styles de d\u00e9coration.<\/li>\n\n\n\n<li><strong>Style polyvalent et luxueux : <\/strong>Cette banquette de luxe personnalis\u00e9e pr\u00e9sente un langage de conception simple mais sophistiqu\u00e9, s'int\u00e9grant facilement dans divers styles de d\u00e9coration int\u00e9rieure tels que le moderne, le luxe l\u00e9ger et le minimalisme italien, rehaussant ainsi le style g\u00e9n\u00e9ral de l'espace.<\/li>\n<\/ul>\n<\/div>\n\n\n\n<div class=\"wp-block-column is-layout-flow wp-block-column-is-layout-flow\">\n<figure class=\"wp-block-image size-full\"><img decoding=\"async\" width=\"848\" height=\"989\" src=\"https:\/\/www.chicasafurniture.com\/wp-content\/uploads\/2026\/02\/Custom-Luxury-Bench-Furniture-Upholstery-Curved-Legs-2.webp\" alt=\"Banc de luxe sur mesure, tapisserie et pieds courb\u00e9s-2\" class=\"wp-image-435\" srcset=\"https:\/\/www.chicasafurniture.com\/wp-content\/uploads\/2026\/02\/Custom-Luxury-Bench-Furniture-Upholstery-Curved-Legs-2.webp 848w, https:\/\/www.chicasafurniture.com\/wp-content\/uploads\/2026\/02\/Custom-Luxury-Bench-Furniture-Upholstery-Curved-Legs-2-257x300.webp 257w, https:\/\/www.chicasafurniture.com\/wp-content\/uploads\/2026\/02\/Custom-Luxury-Bench-Furniture-Upholstery-Curved-Legs-2-768x896.webp 768w, https:\/\/www.chicasafurniture.com\/wp-content\/uploads\/2026\/02\/Custom-Luxury-Bench-Furniture-Upholstery-Curved-Legs-2-600x700.webp 600w\" sizes=\"(max-width: 848px) 100vw, 848px\" \/><\/figure>\n<\/div>\n<\/div>\n\n\n\n<figure class=\"wp-block-image size-full\"><img decoding=\"async\" width=\"1920\" height=\"1080\" src=\"https:\/\/www.chicasafurniture.com\/wp-content\/uploads\/2026\/02\/Custom-Luxury-Bench-Furniture-Upholstery-Curved-Legs-3.webp\" alt=\"Banc de luxe sur mesure, tapisserie et pieds courb\u00e9s-3\" class=\"wp-image-436\" srcset=\"https:\/\/www.chicasafurniture.com\/wp-content\/uploads\/2026\/02\/Custom-Luxury-Bench-Furniture-Upholstery-Curved-Legs-3.webp 1920w, https:\/\/www.chicasafurniture.com\/wp-content\/uploads\/2026\/02\/Custom-Luxury-Bench-Furniture-Upholstery-Curved-Legs-3-300x169.webp 300w, https:\/\/www.chicasafurniture.com\/wp-content\/uploads\/2026\/02\/Custom-Luxury-Bench-Furniture-Upholstery-Curved-Legs-3-768x432.webp 768w, https:\/\/www.chicasafurniture.com\/wp-content\/uploads\/2026\/02\/Custom-Luxury-Bench-Furniture-Upholstery-Curved-Legs-3-1200x675.webp 1200w, https:\/\/www.chicasafurniture.com\/wp-content\/uploads\/2026\/02\/Custom-Luxury-Bench-Furniture-Upholstery-Curved-Legs-3-600x338.webp 600w\" sizes=\"(max-width: 1920px) 100vw, 1920px\" \/><\/figure>","protected":false},"excerpt":{"rendered":"<p>Bienvenue sur le site d'achat de meubles de chambre \u00e0 coucher sur mesure. Cette banquette de luxe personnalis\u00e9e se compose d'un tissu gris clair de haute qualit\u00e9, d\u00e9licat au toucher et respirant, associ\u00e9 \u00e0 des pieds incurv\u00e9s en bois massif fonc\u00e9 pour un design \u00e9pur\u00e9 et \u00e9l\u00e9gant.<\/p>\n<table style=\"border-collapse: collapse; width: 222.03pt;\" border=\"0\" width=\"222\" cellspacing=\"0\" cellpadding=\"0\">\n<tbody>\n<tr style=\"height: 15.20pt;\">\n<td class=\"et2\" style=\"height: 15.20pt; width: 81.65pt;\" width=\"81\" height=\"15\">Fabricant<\/td>\n<td class=\"et2\" style=\"width: 140.80pt;\" width=\"140\">ChiCasa<\/td>\n<\/tr>\n<tr style=\"height: 15.20pt;\">\n<td class=\"et2\" style=\"height: 15.20pt;\" height=\"15\">Cat\u00e9gorie<\/td>\n<td class=\"et2\">Banc<\/td>\n<\/tr>\n<tr style=\"height: 15.20pt;\">\n<td class=\"et2\" style=\"height: 15.20pt;\" height=\"15\">Application<\/td>\n<td class=\"et2\">Chambre \u00e0 coucher<\/td>\n<\/tr>\n<tr style=\"height: 15.20pt;\">\n<td class=\"et2\" style=\"height: 15.20pt;\" height=\"15\">Style<\/td>\n<td class=\"et2\">Minimaliste<\/td>\n<\/tr>\n<tr style=\"height: 15.20pt;\">\n<td class=\"et2\" style=\"height: 15.20pt;\" height=\"15\">Mod\u00e8le<\/td>\n<td class=\"et2\">QMY-BH002<\/td>\n<\/tr>\n<tr style=\"height: 15.20pt;\">\n<td class=\"et2\" style=\"height: 15.20pt;\" height=\"15\">Personnalisation<\/td>\n<td class=\"et2\">Couleur, taille, mat\u00e9riau<\/td>\n<\/tr>\n<tr style=\"height: 15.20pt;\">\n<td class=\"et2\" style=\"height: 15.20pt;\" height=\"15\">MOQ<\/td>\n<td class=\"et2\">1pcs<\/td>\n<\/tr>\n<\/tbody>\n<\/table>","protected":false},"featured_media":437,"comment_status":"closed","ping_status":"closed","template":"","meta":{"_acf_changed":false},"product_brand":[],"product_cat":[18,37],"product_tag":[],"class_list":{"0":"post-425","1":"product","2":"type-product","3":"status-publish","4":"has-post-thumbnail","6":"product_cat-bespoke-bedroom-furniture","7":"product_cat-custom-bedroom-benches","9":"first","10":"instock","11":"shipping-taxable","12":"product-type-simple"},"acf":[],"_links":{"self":[{"href":"https:\/\/www.chicasafurniture.com\/fr\/wp-json\/wp\/v2\/product\/425","targetHints":{"allow":["GET"]}}],"collection":[{"href":"https:\/\/www.chicasafurniture.com\/fr\/wp-json\/wp\/v2\/product"}],"about":[{"href":"https:\/\/www.chicasafurniture.com\/fr\/wp-json\/wp\/v2\/types\/product"}],"replies":[{"embeddable":true,"href":"https:\/\/www.chicasafurniture.com\/fr\/wp-json\/wp\/v2\/comments?post=425"}],"wp:featuredmedia":[{"embeddable":true,"href":"https:\/\/www.chicasafurniture.com\/fr\/wp-json\/wp\/v2\/media\/437"}],"wp:attachment":[{"href":"https:\/\/www.chicasafurniture.com\/fr\/wp-json\/wp\/v2\/media?parent=425"}],"wp:term":[{"taxonomy":"product_brand","embeddable":true,"href":"https:\/\/www.chicasafurniture.com\/fr\/wp-json\/wp\/v2\/product_brand?post=425"},{"taxonomy":"product_cat","embeddable":true,"href":"https:\/\/www.chicasafurniture.com\/fr\/wp-json\/wp\/v2\/product_cat?post=425"},{"taxonomy":"product_tag","embeddable":true,"href":"https:\/\/www.chicasafurniture.com\/fr\/wp-json\/wp\/v2\/product_tag?post=425"}],"curies":[{"name":"wp","href":"https:\/\/api.w.org\/{rel}","templated":true}]}}