{"id":438,"date":"2026-02-26T08:48:31","date_gmt":"2026-02-26T08:48:31","guid":{"rendered":"https:\/\/www.chicasafurniture.com\/?post_type=product&#038;p=438"},"modified":"2026-02-26T09:03:16","modified_gmt":"2026-02-26T09:03:16","slug":"bespoke-wine-storage-cabinet","status":"publish","type":"product","link":"https:\/\/www.chicasafurniture.com\/fr\/product\/bespoke-wine-storage-cabinet\/","title":{"rendered":"Armoire \u00e0 vin sur mesure avec bois fonc\u00e9 et pieds d'accentuation"},"content":{"rendered":"<h2 class=\"wp-block-heading\">Sp\u00e9cifications des produits de l'armoire \u00e0 vin sur mesure<\/h2>\n\n\n\n<figure class=\"wp-block-table\"><table class=\"has-fixed-layout\"><tbody><tr><td>Cadre<\/td><td>Mat\u00e9riau de couverture<\/td><td>Mat\u00e9riau de remplissage<\/td><td>Jambes<\/td><td>Couleur<\/td><td>Taille<\/td><td>Poids<\/td><\/tr><tr><td>Bois<\/td><td>\/<\/td><td>\/<\/td><td>M\u00e9tal<\/td><td>Sur mesure<\/td><td>Sur mesure<\/td><td>90-150kg<\/td><\/tr><\/tbody><\/table><\/figure>\n\n\n\n<div class=\"wp-block-columns is-layout-flex wp-container-core-columns-is-layout-9d6595d7 wp-block-columns-is-layout-flex\">\n<div class=\"wp-block-column is-layout-flow wp-block-column-is-layout-flow\">\n<h2 class=\"wp-block-heading\">Armoire \u00e0 vin sur mesure de premi\u00e8re qualit\u00e9 Caract\u00e9ristiques :<\/h2>\n\n\n\n<ul class=\"wp-block-list\">\n<li><strong>Grain de bois profond et texture m\u00e9tallique : <\/strong>Cette armoire \u00e0 vin sur mesure pr\u00e9sente un placage de bois fonc\u00e9 \u00e0 la texture naturelle et fluide, associ\u00e9 \u00e0 de minces pieds en m\u00e9tal noir, cr\u00e9ant un effet visuel sophistiqu\u00e9 et \u00e9l\u00e9gant.<\/li>\n\n\n\n<li><strong>D\u00e9tails de l'or cach\u00e9 :<\/strong> Les portes de nos armoires \u00e0 vin sur mesure sont dot\u00e9es d'une garniture dor\u00e9e cach\u00e9e, r\u00e9v\u00e9lant des d\u00e9tails exquis lorsqu'elles sont ouvertes et conservant une apparence minimaliste lorsqu'elles sont ferm\u00e9es, exhalant un luxe discret.<\/li>\n\n\n\n<li><strong>Base stable et fine :<\/strong> Les pieds noirs \u00e9lanc\u00e9s et les pieds dor\u00e9s assurent la stabilit\u00e9 de l'armoire \u00e0 vin sur mesure tout en cr\u00e9ant un effet de l\u00e9g\u00e8ret\u00e9 et de flottement.<\/li>\n\n\n\n<li><strong>Espace de rangement multifonctionnel :<\/strong> La structure interne de nos armoires \u00e0 vin sur mesure peut \u00eatre personnalis\u00e9e pour r\u00e9pondre \u00e0 vos besoins, et servir parfaitement d'armoire \u00e0 vin, de vitrine ou d'unit\u00e9 de stockage.<\/li>\n\n\n\n<li><strong>Service complet de personnalisation : <\/strong>Nos armoires \u00e0 vin sur mesure permettent une personnalisation approfondie des dimensions de l'armoire, de la couleur du bois, de la finition du m\u00e9tal et de l'agencement int\u00e9rieur pour s'adapter parfaitement \u00e0 votre espace domestique.<\/li>\n<\/ul>\n<\/div>\n\n\n\n<div class=\"wp-block-column is-layout-flow wp-block-column-is-layout-flow\">\n<figure class=\"wp-block-image size-full\"><img decoding=\"async\" width=\"2208\" height=\"1655\" src=\"https:\/\/www.chicasafurniture.com\/wp-content\/uploads\/2026\/02\/Bespoke-Wine-Storage-Cabinet-with-Dark-Wood-Accent-Legs-5.webp\" alt=\"Armoire \u00e0 vin sur mesure avec bois fonc\u00e9 et pieds d&#039;accentuation-5\" class=\"wp-image-443\" srcset=\"https:\/\/www.chicasafurniture.com\/wp-content\/uploads\/2026\/02\/Bespoke-Wine-Storage-Cabinet-with-Dark-Wood-Accent-Legs-5.webp 2208w, https:\/\/www.chicasafurniture.com\/wp-content\/uploads\/2026\/02\/Bespoke-Wine-Storage-Cabinet-with-Dark-Wood-Accent-Legs-5-300x225.webp 300w, https:\/\/www.chicasafurniture.com\/wp-content\/uploads\/2026\/02\/Bespoke-Wine-Storage-Cabinet-with-Dark-Wood-Accent-Legs-5-768x576.webp 768w, https:\/\/www.chicasafurniture.com\/wp-content\/uploads\/2026\/02\/Bespoke-Wine-Storage-Cabinet-with-Dark-Wood-Accent-Legs-5-1200x899.webp 1200w, https:\/\/www.chicasafurniture.com\/wp-content\/uploads\/2026\/02\/Bespoke-Wine-Storage-Cabinet-with-Dark-Wood-Accent-Legs-5-600x450.webp 600w\" sizes=\"(max-width: 2208px) 100vw, 2208px\" \/><\/figure>\n<\/div>\n<\/div>\n\n\n\n<figure class=\"wp-block-image size-full\"><img decoding=\"async\" width=\"1886\" height=\"1414\" src=\"https:\/\/www.chicasafurniture.com\/wp-content\/uploads\/2026\/02\/Bespoke-Wine-Storage-Cabinet-with-Dark-Wood-Accent-Legs-1.webp\" alt=\"Armoire \u00e0 vin sur mesure avec bois fonc\u00e9 et pieds d&#039;accentuation-1\" class=\"wp-image-439\" srcset=\"https:\/\/www.chicasafurniture.com\/wp-content\/uploads\/2026\/02\/Bespoke-Wine-Storage-Cabinet-with-Dark-Wood-Accent-Legs-1.webp 1886w, https:\/\/www.chicasafurniture.com\/wp-content\/uploads\/2026\/02\/Bespoke-Wine-Storage-Cabinet-with-Dark-Wood-Accent-Legs-1-300x225.webp 300w, https:\/\/www.chicasafurniture.com\/wp-content\/uploads\/2026\/02\/Bespoke-Wine-Storage-Cabinet-with-Dark-Wood-Accent-Legs-1-768x576.webp 768w, https:\/\/www.chicasafurniture.com\/wp-content\/uploads\/2026\/02\/Bespoke-Wine-Storage-Cabinet-with-Dark-Wood-Accent-Legs-1-1200x900.webp 1200w, https:\/\/www.chicasafurniture.com\/wp-content\/uploads\/2026\/02\/Bespoke-Wine-Storage-Cabinet-with-Dark-Wood-Accent-Legs-1-600x450.webp 600w\" sizes=\"(max-width: 1886px) 100vw, 1886px\" \/><\/figure>","protected":false},"excerpt":{"rendered":"<p>Bienvenue dans l'achat de notre armoire \u00e0 vin sur mesure. Cette armoire \u00e0 vin sur mesure pr\u00e9sente une finition en placage de bois fonc\u00e9, associ\u00e9e \u00e0 de minces pieds en m\u00e9tal noir et \u00e0 des pieds dor\u00e9s, pr\u00e9sentant un style moderne minimaliste mais \u00e9l\u00e9gant.<\/p>\n<table style=\"border-collapse: collapse; width: 222.03pt;\" border=\"0\" width=\"222\" cellspacing=\"0\" cellpadding=\"0\">\n<tbody>\n<tr style=\"height: 15.20pt;\">\n<td class=\"et2\" style=\"height: 15.20pt; width: 81.65pt;\" width=\"81\" height=\"15\">Fabricant<\/td>\n<td class=\"et2\" style=\"width: 140.80pt;\" width=\"140\">ChiCasa<\/td>\n<\/tr>\n<tr style=\"height: 15.20pt;\">\n<td class=\"et2\" style=\"height: 15.20pt;\" height=\"15\">Cat\u00e9gorie<\/td>\n<td class=\"et2\">Armoire \u00e0 vin<\/td>\n<\/tr>\n<tr style=\"height: 15.20pt;\">\n<td class=\"et2\" style=\"height: 15.20pt;\" height=\"15\">Application<\/td>\n<td class=\"et2\">Salle \u00e0 manger<\/td>\n<\/tr>\n<tr style=\"height: 15.20pt;\">\n<td class=\"et2\" style=\"height: 15.20pt;\" height=\"15\">Style<\/td>\n<td class=\"et2\">Luxe raffin\u00e9<\/td>\n<\/tr>\n<tr style=\"height: 15.20pt;\">\n<td class=\"et2\" style=\"height: 15.20pt;\" height=\"15\">Mod\u00e8le<\/td>\n<td class=\"et2\">QMY-WC001<\/td>\n<\/tr>\n<tr style=\"height: 15.20pt;\">\n<td class=\"et2\" style=\"height: 15.20pt;\" height=\"15\">Personnalisation<\/td>\n<td class=\"et2\">Couleur, taille, mat\u00e9riau<\/td>\n<\/tr>\n<tr style=\"height: 15.20pt;\">\n<td class=\"et2\" style=\"height: 15.20pt;\" height=\"15\">MOQ<\/td>\n<td class=\"et2\">1pcs<\/td>\n<\/tr>\n<\/tbody>\n<\/table>","protected":false},"featured_media":440,"comment_status":"closed","ping_status":"closed","template":"","meta":{"_acf_changed":false},"product_brand":[],"product_cat":[17,46],"product_tag":[],"class_list":{"0":"post-438","1":"product","2":"type-product","3":"status-publish","4":"has-post-thumbnail","6":"product_cat-custom-dining-room-furniture","7":"product_cat-custom-wine-cabinets","9":"first","10":"instock","11":"shipping-taxable","12":"product-type-simple"},"acf":[],"_links":{"self":[{"href":"https:\/\/www.chicasafurniture.com\/fr\/wp-json\/wp\/v2\/product\/438","targetHints":{"allow":["GET"]}}],"collection":[{"href":"https:\/\/www.chicasafurniture.com\/fr\/wp-json\/wp\/v2\/product"}],"about":[{"href":"https:\/\/www.chicasafurniture.com\/fr\/wp-json\/wp\/v2\/types\/product"}],"replies":[{"embeddable":true,"href":"https:\/\/www.chicasafurniture.com\/fr\/wp-json\/wp\/v2\/comments?post=438"}],"wp:featuredmedia":[{"embeddable":true,"href":"https:\/\/www.chicasafurniture.com\/fr\/wp-json\/wp\/v2\/media\/440"}],"wp:attachment":[{"href":"https:\/\/www.chicasafurniture.com\/fr\/wp-json\/wp\/v2\/media?parent=438"}],"wp:term":[{"taxonomy":"product_brand","embeddable":true,"href":"https:\/\/www.chicasafurniture.com\/fr\/wp-json\/wp\/v2\/product_brand?post=438"},{"taxonomy":"product_cat","embeddable":true,"href":"https:\/\/www.chicasafurniture.com\/fr\/wp-json\/wp\/v2\/product_cat?post=438"},{"taxonomy":"product_tag","embeddable":true,"href":"https:\/\/www.chicasafurniture.com\/fr\/wp-json\/wp\/v2\/product_tag?post=438"}],"curies":[{"name":"wp","href":"https:\/\/api.w.org\/{rel}","templated":true}]}}