{"id":444,"date":"2026-02-26T09:14:34","date_gmt":"2026-02-26T09:14:34","guid":{"rendered":"https:\/\/www.chicasafurniture.com\/?post_type=product&#038;p=444"},"modified":"2026-03-28T02:27:46","modified_gmt":"2026-03-28T02:27:46","slug":"custom-wine-cabinet","status":"publish","type":"product","link":"https:\/\/www.chicasafurniture.com\/fr\/product\/custom-wine-cabinet\/","title":{"rendered":"Armoire \u00e0 vin sur mesure en bois fonc\u00e9 avec \u00e9tag\u00e8re asym\u00e9trique"},"content":{"rendered":"<h2 class=\"wp-block-heading\">Sp\u00e9cifications des produits de l'armoire \u00e0 vin sur mesure<\/h2>\n\n\n\n<figure class=\"wp-block-table\"><table class=\"has-fixed-layout\"><tbody><tr><td>Cadre<\/td><td>Mat\u00e9riau de couverture<\/td><td>Mat\u00e9riau de remplissage<\/td><td>Jambes<\/td><td>Couleur<\/td><td>Taille<\/td><td>Poids<\/td><\/tr><tr><td>Bois<\/td><td>\/<\/td><td>\/<\/td><td>M\u00e9tal<\/td><td>Sur mesure<\/td><td>Sur mesure<\/td><td>90-150kg<\/td><\/tr><\/tbody><\/table><\/figure>\n\n\n\n<div class=\"wp-block-columns is-layout-flex wp-container-core-columns-is-layout-9d6595d7 wp-block-columns-is-layout-flex\">\n<div class=\"wp-block-column is-layout-flow wp-block-column-is-layout-flow\">\n<h2 class=\"wp-block-heading\">Caract\u00e9ristiques de l'armoire \u00e0 vin personnalis\u00e9e de premi\u00e8re qualit\u00e9 :<\/h2>\n\n\n\n<ul class=\"wp-block-list\">\n<li><strong>Conception esth\u00e9tique asym\u00e9trique : <\/strong>Cette armoire \u00e0 vin personnalis\u00e9e s'\u00e9carte des dispositions sym\u00e9triques traditionnelles en combinant des portes ferm\u00e9es et des \u00e9tag\u00e8res ouvertes en quinconce pour cr\u00e9er un rythme visuel unique.<\/li>\n\n\n\n<li><strong>Rangement compartiment\u00e9 multifonctionnel :<\/strong> La structure interne flexible de ce meuble de rangement sur mesure comprend des surfaces d'exposition en verre, des \u00e9tag\u00e8res et des tiroirs, ce qui permet de stocker des vins de mani\u00e8re professionnelle et de mettre en valeur des \u0153uvres d'art et de la vaisselle.<\/li>\n\n\n\n<li><strong>Syst\u00e8me d'\u00e9clairage exquis : <\/strong>Cette armoire \u00e0 vin personnalis\u00e9e est \u00e9quip\u00e9e de bandes LED int\u00e9gr\u00e9es, fournissant un \u00e9clairage doux pour illuminer pr\u00e9cis\u00e9ment la collection interne, am\u00e9liorant l'ambiance et cr\u00e9ant une atmosph\u00e8re plus sophistiqu\u00e9e la nuit.<\/li>\n\n\n\n<li><strong>Mat\u00e9riau haut de gamme Contraste : <\/strong>La finition en grain de bois vertical fonc\u00e9 associ\u00e9e aux pieds m\u00e9talliques \u00e9lanc\u00e9s cr\u00e9e un contraste saisissant entre les mat\u00e9riaux chauds et froids, mettant en valeur la sophistication et le luxe du style industriel moderne.<\/li>\n\n\n\n<li><strong>Personnalisation compl\u00e8te : <\/strong>Nos armoires \u00e0 vin peuvent \u00eatre personnalis\u00e9es en fonction des dimensions du mur, des besoins de stockage et de la couleur du bois, garantissant ainsi une int\u00e9gration parfaite dans votre espace exclusif.<\/li>\n<\/ul>\n<\/div>\n\n\n\n<div class=\"wp-block-column is-layout-flow wp-block-column-is-layout-flow\">\n<figure class=\"wp-block-image size-full\"><img decoding=\"async\" width=\"800\" height=\"800\" src=\"https:\/\/www.chicasafurniture.com\/wp-content\/uploads\/2026\/02\/Dark-Wood-Custom-Wine-Cabinet-with-Asymmetric-Display-Shelf-2.webp\" alt=\"Armoire \u00e0 vin sur mesure en bois fonc\u00e9 avec \u00e9tag\u00e8re asym\u00e9trique-2\" class=\"wp-image-446\" srcset=\"https:\/\/www.chicasafurniture.com\/wp-content\/uploads\/2026\/02\/Dark-Wood-Custom-Wine-Cabinet-with-Asymmetric-Display-Shelf-2.webp 800w, https:\/\/www.chicasafurniture.com\/wp-content\/uploads\/2026\/02\/Dark-Wood-Custom-Wine-Cabinet-with-Asymmetric-Display-Shelf-2-300x300.webp 300w, https:\/\/www.chicasafurniture.com\/wp-content\/uploads\/2026\/02\/Dark-Wood-Custom-Wine-Cabinet-with-Asymmetric-Display-Shelf-2-150x150.webp 150w, https:\/\/www.chicasafurniture.com\/wp-content\/uploads\/2026\/02\/Dark-Wood-Custom-Wine-Cabinet-with-Asymmetric-Display-Shelf-2-768x768.webp 768w, https:\/\/www.chicasafurniture.com\/wp-content\/uploads\/2026\/02\/Dark-Wood-Custom-Wine-Cabinet-with-Asymmetric-Display-Shelf-2-600x600.webp 600w, https:\/\/www.chicasafurniture.com\/wp-content\/uploads\/2026\/02\/Dark-Wood-Custom-Wine-Cabinet-with-Asymmetric-Display-Shelf-2-100x100.webp 100w\" sizes=\"(max-width: 800px) 100vw, 800px\" \/><\/figure>\n<\/div>\n<\/div>\n\n\n\n<div class=\"wp-block-columns is-layout-flex wp-container-core-columns-is-layout-9d6595d7 wp-block-columns-is-layout-flex\">\n<div class=\"wp-block-column is-layout-flow wp-block-column-is-layout-flow\">\n<figure class=\"wp-block-image size-full\"><img decoding=\"async\" width=\"1179\" height=\"1680\" src=\"https:\/\/www.chicasafurniture.com\/wp-content\/uploads\/2026\/02\/Dark-Wood-Custom-Wine-Cabinet-with-Asymmetric-Display-Shelf-5.webp\" alt=\"Armoire \u00e0 vin sur mesure en bois fonc\u00e9 avec \u00e9tag\u00e8re asym\u00e9trique-2\" class=\"wp-image-449\" srcset=\"https:\/\/www.chicasafurniture.com\/wp-content\/uploads\/2026\/02\/Dark-Wood-Custom-Wine-Cabinet-with-Asymmetric-Display-Shelf-5.webp 1179w, https:\/\/www.chicasafurniture.com\/wp-content\/uploads\/2026\/02\/Dark-Wood-Custom-Wine-Cabinet-with-Asymmetric-Display-Shelf-5-211x300.webp 211w, https:\/\/www.chicasafurniture.com\/wp-content\/uploads\/2026\/02\/Dark-Wood-Custom-Wine-Cabinet-with-Asymmetric-Display-Shelf-5-768x1094.webp 768w, https:\/\/www.chicasafurniture.com\/wp-content\/uploads\/2026\/02\/Dark-Wood-Custom-Wine-Cabinet-with-Asymmetric-Display-Shelf-5-600x855.webp 600w\" sizes=\"(max-width: 1179px) 100vw, 1179px\" \/><\/figure>\n<\/div>\n\n\n\n<div class=\"wp-block-column is-layout-flow wp-block-column-is-layout-flow\">\n<figure class=\"wp-block-image size-full\"><img decoding=\"async\" width=\"1179\" height=\"1680\" src=\"https:\/\/www.chicasafurniture.com\/wp-content\/uploads\/2026\/02\/Dark-Wood-Custom-Wine-Cabinet-with-Asymmetric-Display-Shelf-4.webp\" alt=\"Armoire \u00e0 vin sur mesure en bois fonc\u00e9 avec \u00e9tag\u00e8re asym\u00e9trique-2\" class=\"wp-image-448\" srcset=\"https:\/\/www.chicasafurniture.com\/wp-content\/uploads\/2026\/02\/Dark-Wood-Custom-Wine-Cabinet-with-Asymmetric-Display-Shelf-4.webp 1179w, https:\/\/www.chicasafurniture.com\/wp-content\/uploads\/2026\/02\/Dark-Wood-Custom-Wine-Cabinet-with-Asymmetric-Display-Shelf-4-211x300.webp 211w, https:\/\/www.chicasafurniture.com\/wp-content\/uploads\/2026\/02\/Dark-Wood-Custom-Wine-Cabinet-with-Asymmetric-Display-Shelf-4-768x1094.webp 768w, https:\/\/www.chicasafurniture.com\/wp-content\/uploads\/2026\/02\/Dark-Wood-Custom-Wine-Cabinet-with-Asymmetric-Display-Shelf-4-600x855.webp 600w\" sizes=\"(max-width: 1179px) 100vw, 1179px\" \/><\/figure>\n<\/div>\n<\/div>","protected":false},"excerpt":{"rendered":"<p>Bienvenue sur le site d'achat d'armoires de rangement sur mesure. Cette armoire \u00e0 vin personnalis\u00e9e pr\u00e9sente un grain de bois profond et vertical, associ\u00e9 \u00e0 des \u00e9tag\u00e8res ouvertes asym\u00e9triques et \u00e0 des espaces de rangement ferm\u00e9s, \u00e9quilibrant parfaitement l'aspect pratique et artistique.<\/p>\n<table style=\"border-collapse: collapse; width: 222.03pt;\" border=\"0\" width=\"222\" cellspacing=\"0\" cellpadding=\"0\">\n<tbody>\n<tr style=\"height: 15.20pt;\">\n<td class=\"et2\" style=\"height: 15.20pt; width: 81.65pt;\" width=\"81\" height=\"15\">Fabricant<\/td>\n<td class=\"et2\" style=\"width: 140.80pt;\" width=\"140\">ChiCasa<\/td>\n<\/tr>\n<tr style=\"height: 15.20pt;\">\n<td class=\"et2\" style=\"height: 15.20pt;\" height=\"15\">Cat\u00e9gorie<\/td>\n<td class=\"et2\">Armoire \u00e0 vin<\/td>\n<\/tr>\n<tr style=\"height: 15.20pt;\">\n<td class=\"et2\" style=\"height: 15.20pt;\" height=\"15\">Application<\/td>\n<td class=\"et2\">Salle \u00e0 manger<\/td>\n<\/tr>\n<tr style=\"height: 15.20pt;\">\n<td class=\"et2\" style=\"height: 15.20pt;\" height=\"15\">Style<\/td>\n<td class=\"et2\">Luxe raffin\u00e9<\/td>\n<\/tr>\n<tr style=\"height: 15.20pt;\">\n<td class=\"et2\" style=\"height: 15.20pt;\" height=\"15\">Mod\u00e8le<\/td>\n<td class=\"et2\">QMY-WC002<\/td>\n<\/tr>\n<tr style=\"height: 15.20pt;\">\n<td class=\"et2\" style=\"height: 15.20pt;\" height=\"15\">Personnalisation<\/td>\n<td class=\"et2\">Couleur, taille, mat\u00e9riau<\/td>\n<\/tr>\n<tr style=\"height: 15.20pt;\">\n<td class=\"et2\" style=\"height: 15.20pt;\" height=\"15\">MOQ<\/td>\n<td class=\"et2\">1pcs<\/td>\n<\/tr>\n<\/tbody>\n<\/table>","protected":false},"featured_media":447,"comment_status":"closed","ping_status":"closed","template":"","meta":{"_acf_changed":false},"product_brand":[],"product_cat":[17,46],"product_tag":[],"class_list":{"0":"post-444","1":"product","2":"type-product","3":"status-publish","4":"has-post-thumbnail","6":"product_cat-custom-dining-room-furniture","7":"product_cat-custom-wine-cabinets","9":"first","10":"instock","11":"shipping-taxable","12":"product-type-simple"},"acf":[],"_links":{"self":[{"href":"https:\/\/www.chicasafurniture.com\/fr\/wp-json\/wp\/v2\/product\/444","targetHints":{"allow":["GET"]}}],"collection":[{"href":"https:\/\/www.chicasafurniture.com\/fr\/wp-json\/wp\/v2\/product"}],"about":[{"href":"https:\/\/www.chicasafurniture.com\/fr\/wp-json\/wp\/v2\/types\/product"}],"replies":[{"embeddable":true,"href":"https:\/\/www.chicasafurniture.com\/fr\/wp-json\/wp\/v2\/comments?post=444"}],"wp:featuredmedia":[{"embeddable":true,"href":"https:\/\/www.chicasafurniture.com\/fr\/wp-json\/wp\/v2\/media\/447"}],"wp:attachment":[{"href":"https:\/\/www.chicasafurniture.com\/fr\/wp-json\/wp\/v2\/media?parent=444"}],"wp:term":[{"taxonomy":"product_brand","embeddable":true,"href":"https:\/\/www.chicasafurniture.com\/fr\/wp-json\/wp\/v2\/product_brand?post=444"},{"taxonomy":"product_cat","embeddable":true,"href":"https:\/\/www.chicasafurniture.com\/fr\/wp-json\/wp\/v2\/product_cat?post=444"},{"taxonomy":"product_tag","embeddable":true,"href":"https:\/\/www.chicasafurniture.com\/fr\/wp-json\/wp\/v2\/product_tag?post=444"}],"curies":[{"name":"wp","href":"https:\/\/api.w.org\/{rel}","templated":true}]}}