{"id":450,"date":"2026-02-26T09:22:04","date_gmt":"2026-02-26T09:22:04","guid":{"rendered":"https:\/\/www.chicasafurniture.com\/?post_type=product&#038;p=450"},"modified":"2026-03-10T03:20:33","modified_gmt":"2026-03-10T03:20:33","slug":"custom-leisure-chair","status":"publish","type":"product","link":"https:\/\/www.chicasafurniture.com\/fr\/product\/custom-leisure-chair\/","title":{"rendered":"Chaise de loisirs personnalis\u00e9e en tissu velours avec pieds en bois fusel\u00e9s"},"content":{"rendered":"<h2 class=\"wp-block-heading\">Sp\u00e9cifications des produits de la chaise de loisirs sur mesure<\/h2>\n\n\n\n<figure class=\"wp-block-table\"><table class=\"has-fixed-layout\"><tbody><tr><td>Cadre<\/td><td>Mat\u00e9riau de couverture<\/td><td>Mat\u00e9riau de remplissage<\/td><td>Jambes<\/td><td>Couleur<\/td><td>Taille<\/td><td>Poids<\/td><\/tr><tr><td>Bois massif<\/td><td>Tissu<\/td><td>\u00c9ponge haute densit\u00e9<\/td><td>Bois massif<\/td><td>Sur mesure<\/td><td>Taille normale<\/td><td>35-50kg<\/td><\/tr><\/tbody><\/table><\/figure>\n\n\n\n<div class=\"wp-block-columns is-layout-flex wp-container-core-columns-is-layout-9d6595d7 wp-block-columns-is-layout-flex\">\n<div class=\"wp-block-column is-layout-flow wp-block-column-is-layout-flow\">\n<h2 class=\"wp-block-heading\">Chaise de loisirs haut de gamme personnalis\u00e9e Caract\u00e9ristiques :<\/h2>\n\n\n\n<ul class=\"wp-block-list\">\n<li><strong>Design r\u00e9tro classique : <\/strong>Ce fauteuil de loisir personnalis\u00e9 est dot\u00e9 d'un dossier et d'accoudoirs souples et incurv\u00e9s, offrant un excellent soutien lombaire et un bon maintien. Ses lignes \u00e9l\u00e9gantes sont ergonomiques.<\/li>\n\n\n\n<li><strong>Tissu de haute qualit\u00e9 : <\/strong>Notre fauteuil de loisir sur mesure est fabriqu\u00e9 \u00e0 partir d'un tissu \u00e0 texture profonde soigneusement s\u00e9lectionn\u00e9, offrant un toucher doux et d\u00e9licat, une grande durabilit\u00e9 et une excellente respirabilit\u00e9, ce qui le rend adapt\u00e9 \u00e0 une assise prolong\u00e9e ou \u00e0 une position allong\u00e9e.<\/li>\n\n\n\n<li><strong>Pieds en bois massif : <\/strong>Cette chaise de loisir personnalis\u00e9e est dot\u00e9e de pieds fusel\u00e9s en bois massif fonc\u00e9 et d'accents m\u00e9talliques dor\u00e9s, offrant un soutien stable tout en ajoutant une touche de luxe discret et d'art r\u00e9tro.<\/li>\n\n\n\n<li><strong>Personnalisation de la taille et du tissu : <\/strong>Notre fauteuil de loisir sur mesure peut \u00eatre dimensionn\u00e9 pour s'adapter \u00e0 votre espace et offre une vari\u00e9t\u00e9 de couleurs de tissu pour s'harmoniser parfaitement avec votre d\u00e9cor.<\/li>\n\n\n\n<li><strong>Polyvalent Attribut d\u00e9coratif :<\/strong> Notre fauteuil de loisir personnalis\u00e9, avec sa teinte vert fonc\u00e9 unique et son design classique, s'int\u00e8gre facilement dans diff\u00e9rents styles de d\u00e9coration, y compris moderne, r\u00e9tro et luxe discret, devenant ainsi un point de mire visuel dans n'importe quel espace.<\/li>\n<\/ul>\n<\/div>\n\n\n\n<div class=\"wp-block-column is-layout-flow wp-block-column-is-layout-flow\">\n<figure class=\"wp-block-image size-full\"><img decoding=\"async\" width=\"1199\" height=\"1600\" src=\"https:\/\/www.chicasafurniture.com\/wp-content\/uploads\/2026\/02\/Green-Fabric-Custom-Leisure-Chair-with-Tapered-Wooden-Legs-1.webp\" alt=\"Chaise de loisirs sur mesure en tissu vert avec pieds en bois fusel\u00e9s-1\" class=\"wp-image-451\" srcset=\"https:\/\/www.chicasafurniture.com\/wp-content\/uploads\/2026\/02\/Green-Fabric-Custom-Leisure-Chair-with-Tapered-Wooden-Legs-1.webp 1199w, https:\/\/www.chicasafurniture.com\/wp-content\/uploads\/2026\/02\/Green-Fabric-Custom-Leisure-Chair-with-Tapered-Wooden-Legs-1-225x300.webp 225w, https:\/\/www.chicasafurniture.com\/wp-content\/uploads\/2026\/02\/Green-Fabric-Custom-Leisure-Chair-with-Tapered-Wooden-Legs-1-768x1025.webp 768w, https:\/\/www.chicasafurniture.com\/wp-content\/uploads\/2026\/02\/Green-Fabric-Custom-Leisure-Chair-with-Tapered-Wooden-Legs-1-600x801.webp 600w\" sizes=\"(max-width: 1199px) 100vw, 1199px\" \/><\/figure>\n<\/div>\n<\/div>\n\n\n\n<figure class=\"wp-block-image size-full\"><img decoding=\"async\" width=\"2021\" height=\"1277\" src=\"https:\/\/www.chicasafurniture.com\/wp-content\/uploads\/2026\/02\/Green-Fabric-Custom-Leisure-Chair-with-Tapered-Wooden-Legs-4.webp\" alt=\"Chaise de loisirs sur mesure en tissu vert avec pieds en bois fusel\u00e9s-4\" class=\"wp-image-454\" srcset=\"https:\/\/www.chicasafurniture.com\/wp-content\/uploads\/2026\/02\/Green-Fabric-Custom-Leisure-Chair-with-Tapered-Wooden-Legs-4.webp 2021w, https:\/\/www.chicasafurniture.com\/wp-content\/uploads\/2026\/02\/Green-Fabric-Custom-Leisure-Chair-with-Tapered-Wooden-Legs-4-300x190.webp 300w, https:\/\/www.chicasafurniture.com\/wp-content\/uploads\/2026\/02\/Green-Fabric-Custom-Leisure-Chair-with-Tapered-Wooden-Legs-4-768x485.webp 768w, https:\/\/www.chicasafurniture.com\/wp-content\/uploads\/2026\/02\/Green-Fabric-Custom-Leisure-Chair-with-Tapered-Wooden-Legs-4-1200x758.webp 1200w, https:\/\/www.chicasafurniture.com\/wp-content\/uploads\/2026\/02\/Green-Fabric-Custom-Leisure-Chair-with-Tapered-Wooden-Legs-4-600x379.webp 600w\" sizes=\"(max-width: 2021px) 100vw, 2021px\" \/><\/figure>","protected":false},"excerpt":{"rendered":"<p>Bienvenue dans la commande de mobilier de maison sur mesure. Ce fauteuil de loisir personnalis\u00e9, avec sa silhouette courb\u00e9e et \u00e9l\u00e9gante et sa sensation de confort et de soutien, associ\u00e9 \u00e0 des pieds en bois massif effil\u00e9s de style r\u00e9tro, cr\u00e9e votre propre coin de d\u00e9tente priv\u00e9.<\/p>\n<table style=\"border-collapse: collapse; width: 222.03pt;\" border=\"0\" width=\"222\" cellspacing=\"0\" cellpadding=\"0\">\n<tbody>\n<tr style=\"height: 15.20pt;\">\n<td class=\"et2\" style=\"height: 15.20pt; width: 81.65pt;\" width=\"81\" height=\"15\">Fabricant<\/td>\n<td class=\"et2\" style=\"width: 140.80pt;\" width=\"140\">ChiCasa<\/td>\n<\/tr>\n<tr style=\"height: 15.20pt;\">\n<td class=\"et2\" style=\"height: 15.20pt;\" height=\"15\">Cat\u00e9gorie<\/td>\n<td class=\"et2\">Chaise de loisirs<\/td>\n<\/tr>\n<tr style=\"height: 15.20pt;\">\n<td class=\"et2\" style=\"height: 15.20pt;\" height=\"15\">Application<\/td>\n<td class=\"et2\">Salle de s\u00e9jour<\/td>\n<\/tr>\n<tr style=\"height: 15.20pt;\">\n<td class=\"et2\" style=\"height: 15.20pt;\" height=\"15\">Style<\/td>\n<td class=\"et2\">Minimaliste<\/td>\n<\/tr>\n<tr style=\"height: 15.20pt;\">\n<td class=\"et2\" style=\"height: 15.20pt;\" height=\"15\">Mod\u00e8le<\/td>\n<td class=\"et2\">QMY-LC001<\/td>\n<\/tr>\n<tr style=\"height: 15.20pt;\">\n<td class=\"et2\" style=\"height: 15.20pt;\" height=\"15\">Personnalisation<\/td>\n<td class=\"et2\">Couleur, taille, mat\u00e9riau<\/td>\n<\/tr>\n<tr style=\"height: 15.20pt;\">\n<td class=\"et2\" style=\"height: 15.20pt;\" height=\"15\">MOQ<\/td>\n<td class=\"et2\">1pcs<\/td>\n<\/tr>\n<\/tbody>\n<\/table>","protected":false},"featured_media":453,"comment_status":"closed","ping_status":"closed","template":"","meta":{"_acf_changed":false},"product_brand":[],"product_cat":[16,25],"product_tag":[],"class_list":{"0":"post-450","1":"product","2":"type-product","3":"status-publish","4":"has-post-thumbnail","6":"product_cat-bespoke-living-room-furniture","7":"product_cat-bespoke-armchairs","9":"first","10":"instock","11":"shipping-taxable","12":"product-type-simple"},"acf":[],"_links":{"self":[{"href":"https:\/\/www.chicasafurniture.com\/fr\/wp-json\/wp\/v2\/product\/450","targetHints":{"allow":["GET"]}}],"collection":[{"href":"https:\/\/www.chicasafurniture.com\/fr\/wp-json\/wp\/v2\/product"}],"about":[{"href":"https:\/\/www.chicasafurniture.com\/fr\/wp-json\/wp\/v2\/types\/product"}],"replies":[{"embeddable":true,"href":"https:\/\/www.chicasafurniture.com\/fr\/wp-json\/wp\/v2\/comments?post=450"}],"wp:featuredmedia":[{"embeddable":true,"href":"https:\/\/www.chicasafurniture.com\/fr\/wp-json\/wp\/v2\/media\/453"}],"wp:attachment":[{"href":"https:\/\/www.chicasafurniture.com\/fr\/wp-json\/wp\/v2\/media?parent=450"}],"wp:term":[{"taxonomy":"product_brand","embeddable":true,"href":"https:\/\/www.chicasafurniture.com\/fr\/wp-json\/wp\/v2\/product_brand?post=450"},{"taxonomy":"product_cat","embeddable":true,"href":"https:\/\/www.chicasafurniture.com\/fr\/wp-json\/wp\/v2\/product_cat?post=450"},{"taxonomy":"product_tag","embeddable":true,"href":"https:\/\/www.chicasafurniture.com\/fr\/wp-json\/wp\/v2\/product_tag?post=450"}],"curies":[{"name":"wp","href":"https:\/\/api.w.org\/{rel}","templated":true}]}}