{"id":456,"date":"2026-02-26T09:49:39","date_gmt":"2026-02-26T09:49:39","guid":{"rendered":"https:\/\/www.chicasafurniture.com\/?post_type=product&#038;p=456"},"modified":"2026-03-03T08:51:20","modified_gmt":"2026-03-03T08:51:20","slug":"custom-fabric-chair","status":"publish","type":"product","link":"https:\/\/www.chicasafurniture.com\/fr\/product\/custom-fabric-chair\/","title":{"rendered":"Chaise en tissu sur mesure avec cadre en m\u00e9tal dor\u00e9 et accents en cuir"},"content":{"rendered":"<h2 class=\"wp-block-heading\">Sp\u00e9cifications des produits de la chaise en tissu sur mesure<\/h2>\n\n\n\n<figure class=\"wp-block-table\"><table class=\"has-fixed-layout\"><tbody><tr><td>Cadre<\/td><td>Mat\u00e9riau de couverture<\/td><td>Mat\u00e9riau de remplissage<\/td><td>Jambes<\/td><td>Couleur<\/td><td>Taille<\/td><td>Poids<\/td><\/tr><tr><td>Bois massif<\/td><td>Tissu<\/td><td>\u00c9ponge haute densit\u00e9<\/td><td>Bois massif<\/td><td>Sur mesure<\/td><td>Taille normale<\/td><td>35-50kg<\/td><\/tr><\/tbody><\/table><\/figure>\n\n\n\n<div class=\"wp-block-columns is-layout-flex wp-container-core-columns-is-layout-9d6595d7 wp-block-columns-is-layout-flex\">\n<div class=\"wp-block-column is-layout-flow wp-block-column-is-layout-flow\">\n<h2 class=\"wp-block-heading\">Chaise en tissu de qualit\u00e9 sup\u00e9rieure Caract\u00e9ristiques de la chaise :<\/h2>\n\n\n\n<ul class=\"wp-block-list\">\n<li><strong>Cadre m\u00e9tallique unique :<\/strong> Les barres verticales en m\u00e9tal dor\u00e9 qui encerclent cette chaise en tissu sur mesure assurent non seulement le soutien, mais ressemblent \u00e9galement \u00e0 une \u0153uvre d'art sculpturale raffin\u00e9e, exsudant la modernit\u00e9 et l'attrait d\u00e9coratif.<\/li>\n\n\n\n<li><strong>M\u00e9lange de mat\u00e9riaux de premi\u00e8re qualit\u00e9 : <\/strong>Notre fauteuil de loisir sur mesure associe un cuir fonc\u00e9 de premi\u00e8re qualit\u00e9 \u00e0 un rev\u00eatement en tissu, offrant un toucher d\u00e9licat et une grande durabilit\u00e9. La froideur du m\u00e9tal et la chaleur du cuir se compl\u00e8tent parfaitement, pour un luxe discret.<\/li>\n\n\n\n<li><strong>Confort sup\u00e9rieur :<\/strong> Ce fauteuil en tissu personnalis\u00e9 est dot\u00e9 d'un coussin d'assise \u00e9largi et \u00e9pais et d'un dossier haut, offrant un confort et un soutien complets, vous permettant de vous d\u00e9tendre pleinement.<\/li>\n\n\n\n<li><strong>Structure robuste et durable :<\/strong> La structure m\u00e9tallique de ce fauteuil de loisir sur mesure est soud\u00e9e avec pr\u00e9cision et trait\u00e9e contre la rouille, ce qui lui conf\u00e8re une grande robustesse et une forte capacit\u00e9 de charge, garantissant l'absence de d\u00e9formation m\u00eame apr\u00e8s une utilisation prolong\u00e9e.<\/li>\n\n\n\n<li><strong>Service complet de personnalisation :<\/strong> Nos chaises en tissu sur mesure permettent de personnaliser la couleur du tissu, le type de cuir et la finition m\u00e9tallique, afin de s'adapter parfaitement au style de votre maison ou de votre espace commercial.<\/li>\n<\/ul>\n<\/div>\n\n\n\n<div class=\"wp-block-column is-layout-flow wp-block-column-is-layout-flow\">\n<figure class=\"wp-block-image size-full\"><img decoding=\"async\" width=\"900\" height=\"1200\" src=\"https:\/\/www.chicasafurniture.com\/wp-content\/uploads\/2026\/02\/Custom-Fabric-Chair-with-Gold-Metal-Frame-Leather-Accents-3.webp\" alt=\"Chaise en tissu sur mesure avec structure en m\u00e9tal dor\u00e9 et accents en cuir-3\" class=\"wp-image-459\" srcset=\"https:\/\/www.chicasafurniture.com\/wp-content\/uploads\/2026\/02\/Custom-Fabric-Chair-with-Gold-Metal-Frame-Leather-Accents-3.webp 900w, https:\/\/www.chicasafurniture.com\/wp-content\/uploads\/2026\/02\/Custom-Fabric-Chair-with-Gold-Metal-Frame-Leather-Accents-3-225x300.webp 225w, https:\/\/www.chicasafurniture.com\/wp-content\/uploads\/2026\/02\/Custom-Fabric-Chair-with-Gold-Metal-Frame-Leather-Accents-3-768x1024.webp 768w, https:\/\/www.chicasafurniture.com\/wp-content\/uploads\/2026\/02\/Custom-Fabric-Chair-with-Gold-Metal-Frame-Leather-Accents-3-600x800.webp 600w\" sizes=\"(max-width: 900px) 100vw, 900px\" \/><\/figure>\n<\/div>\n<\/div>\n\n\n\n<figure class=\"wp-block-image size-full\"><img decoding=\"async\" width=\"600\" height=\"450\" src=\"https:\/\/www.chicasafurniture.com\/wp-content\/uploads\/2026\/02\/Custom-Fabric-Chair-with-Gold-Metal-Frame-Leather-Accents-4.webp\" alt=\"Chaise en tissu sur mesure avec structure en m\u00e9tal dor\u00e9 et accents en cuir-4\" class=\"wp-image-460\" srcset=\"https:\/\/www.chicasafurniture.com\/wp-content\/uploads\/2026\/02\/Custom-Fabric-Chair-with-Gold-Metal-Frame-Leather-Accents-4.webp 600w, https:\/\/www.chicasafurniture.com\/wp-content\/uploads\/2026\/02\/Custom-Fabric-Chair-with-Gold-Metal-Frame-Leather-Accents-4-300x225.webp 300w\" sizes=\"(max-width: 600px) 100vw, 600px\" \/><\/figure>","protected":false},"excerpt":{"rendered":"<p>Bienvenue dans la commande d'une chaise de loisir sur mesure. Cette chaise en tissu personnalis\u00e9e allie parfaitement un style industriel moderne \u00e0 une texture luxueuse. Les accoudoirs et le dossier recouverts de cuir fonc\u00e9, associ\u00e9s \u00e0 un cadre vertical en m\u00e9tal dor\u00e9, cr\u00e9ent un fort contraste visuel et une tension artistique.<\/p>\n<table style=\"border-collapse: collapse; width: 222.03pt;\" border=\"0\" width=\"222\" cellspacing=\"0\" cellpadding=\"0\">\n<tbody>\n<tr style=\"height: 15.20pt;\">\n<td class=\"et2\" style=\"height: 15.20pt; width: 81.65pt;\" width=\"81\" height=\"15\">Fabricant<\/td>\n<td class=\"et2\" style=\"width: 140.80pt;\" width=\"140\">ChiCasa<\/td>\n<\/tr>\n<tr style=\"height: 15.20pt;\">\n<td class=\"et2\" style=\"height: 15.20pt;\" height=\"15\">Cat\u00e9gorie<\/td>\n<td class=\"et2\">Fauteuils<\/td>\n<\/tr>\n<tr style=\"height: 15.20pt;\">\n<td class=\"et2\" style=\"height: 15.20pt;\" height=\"15\">Application<\/td>\n<td class=\"et2\">Salle de s\u00e9jour<\/td>\n<\/tr>\n<tr style=\"height: 15.20pt;\">\n<td class=\"et2\" style=\"height: 15.20pt;\" height=\"15\">Style<\/td>\n<td class=\"et2\">Minimaliste<\/td>\n<\/tr>\n<tr style=\"height: 15.20pt;\">\n<td class=\"et2\" style=\"height: 15.20pt;\" height=\"15\">Mod\u00e8le<\/td>\n<td class=\"et2\">QMY-LC002<\/td>\n<\/tr>\n<tr style=\"height: 15.20pt;\">\n<td class=\"et2\" style=\"height: 15.20pt;\" height=\"15\">Personnalisation<\/td>\n<td class=\"et2\">Couleur, taille, mat\u00e9riau<\/td>\n<\/tr>\n<tr style=\"height: 15.20pt;\">\n<td class=\"et2\" style=\"height: 15.20pt;\" height=\"15\">MOQ<\/td>\n<td class=\"et2\">1pcs<\/td>\n<\/tr>\n<\/tbody>\n<\/table>","protected":false},"featured_media":458,"comment_status":"closed","ping_status":"closed","template":"","meta":{"_acf_changed":false},"product_brand":[],"product_cat":[16,25],"product_tag":[],"class_list":{"0":"post-456","1":"product","2":"type-product","3":"status-publish","4":"has-post-thumbnail","6":"product_cat-bespoke-living-room-furniture","7":"product_cat-bespoke-armchairs","9":"first","10":"instock","11":"shipping-taxable","12":"product-type-simple"},"acf":[],"_links":{"self":[{"href":"https:\/\/www.chicasafurniture.com\/fr\/wp-json\/wp\/v2\/product\/456","targetHints":{"allow":["GET"]}}],"collection":[{"href":"https:\/\/www.chicasafurniture.com\/fr\/wp-json\/wp\/v2\/product"}],"about":[{"href":"https:\/\/www.chicasafurniture.com\/fr\/wp-json\/wp\/v2\/types\/product"}],"replies":[{"embeddable":true,"href":"https:\/\/www.chicasafurniture.com\/fr\/wp-json\/wp\/v2\/comments?post=456"}],"wp:featuredmedia":[{"embeddable":true,"href":"https:\/\/www.chicasafurniture.com\/fr\/wp-json\/wp\/v2\/media\/458"}],"wp:attachment":[{"href":"https:\/\/www.chicasafurniture.com\/fr\/wp-json\/wp\/v2\/media?parent=456"}],"wp:term":[{"taxonomy":"product_brand","embeddable":true,"href":"https:\/\/www.chicasafurniture.com\/fr\/wp-json\/wp\/v2\/product_brand?post=456"},{"taxonomy":"product_cat","embeddable":true,"href":"https:\/\/www.chicasafurniture.com\/fr\/wp-json\/wp\/v2\/product_cat?post=456"},{"taxonomy":"product_tag","embeddable":true,"href":"https:\/\/www.chicasafurniture.com\/fr\/wp-json\/wp\/v2\/product_tag?post=456"}],"curies":[{"name":"wp","href":"https:\/\/api.w.org\/{rel}","templated":true}]}}