{"id":484,"date":"2026-02-27T07:16:02","date_gmt":"2026-02-27T07:16:02","guid":{"rendered":"https:\/\/www.chicasafurniture.com\/?post_type=product&#038;p=484"},"modified":"2026-02-27T08:14:36","modified_gmt":"2026-02-27T08:14:36","slug":"custom-console-table","status":"publish","type":"product","link":"https:\/\/www.chicasafurniture.com\/fr\/product\/custom-console-table\/","title":{"rendered":"Table console sur mesure au luxe raffin\u00e9 avec incrustation de r\u00e9sine dor\u00e9e"},"content":{"rendered":"<h2 class=\"wp-block-heading\">Sp\u00e9cifications des produits de la table console sur mesure<\/h2>\n\n\n\n<figure class=\"wp-block-table\"><table class=\"has-fixed-layout\"><tbody><tr><td>Cadre<\/td><td>Mat\u00e9riau de couverture<\/td><td>Mat\u00e9riau de remplissage<\/td><td>Jambes<\/td><td>Couleur<\/td><td>Taille<\/td><td>Poids<\/td><\/tr><tr><td>M\u00e9tal<\/td><td>\/<\/td><td>\/<\/td><td>M\u00e9tal<\/td><td>Sur mesure<\/td><td>Sur mesure<\/td><td>60-100kg<\/td><\/tr><\/tbody><\/table><\/figure>\n\n\n\n<div class=\"wp-block-columns is-layout-flex wp-container-core-columns-is-layout-9d6595d7 wp-block-columns-is-layout-flex\">\n<div class=\"wp-block-column is-layout-flow wp-block-column-is-layout-flow\">\n<h2 class=\"wp-block-heading\">Table console haut de gamme personnalis\u00e9e Caract\u00e9ristiques :<\/h2>\n\n\n\n<ul class=\"wp-block-list\">\n<li><strong>Fabrication unique en r\u00e9sine d'or :<\/strong> La base de cette table console personnalis\u00e9e est fabriqu\u00e9e \u00e0 l'aide d'une technique de r\u00e9sine dor\u00e9e coul\u00e9e \u00e0 la main, pr\u00e9sentant une texture fluide et un \u00e9clat semblable \u00e0 celui de la lave, faisant de chaque pi\u00e8ce une \u0153uvre d'art unique.<\/li>\n\n\n\n<li><strong>Design esth\u00e9tique tr\u00e8s contrast\u00e9 : <\/strong>Le plateau noir ou blanc brillant de ces tables d'entr\u00e9e sur mesure cr\u00e9e un fort contraste de couleur et de texture avec la base dor\u00e9e, ce qui donne un design \u00e0 la fois moderne, luxueux et visuellement percutant.<\/li>\n\n\n\n<li><strong>Stable et l\u00e9ger :<\/strong> Le plateau de cette table console personnalis\u00e9e est fabriqu\u00e9 \u00e0 partir d'un panneau robuste \u00e0 haute densit\u00e9, et la structure de la base est calcul\u00e9e avec pr\u00e9cision pour assurer \u00e0 la fois la stabilit\u00e9 de la charge et une sensation de l\u00e9g\u00e8ret\u00e9 et de flottement.<\/li>\n\n\n\n<li><strong>Espace d'affichage multifonctionnel : <\/strong>Nos tables d'entr\u00e9e sur mesure pr\u00e9sentent un plateau spacieux, parfait pour exposer des vases, des cadres, des \u0153uvres d'art ou des rangements quotidiens, ce qui en fait un choix id\u00e9al pour rehausser le style de votre maison.<\/li>\n<\/ul>\n<\/div>\n\n\n\n<div class=\"wp-block-column is-layout-flow wp-block-column-is-layout-flow\">\n<figure class=\"wp-block-image size-full\"><img decoding=\"async\" width=\"900\" height=\"1350\" src=\"https:\/\/www.chicasafurniture.com\/wp-content\/uploads\/2026\/02\/Refined-Luxury-Custom-Console-Table-with-Gold-Resin-Inlay-3.webp\" alt=\"Table console sur mesure au luxe raffin\u00e9 avec incrustation en r\u00e9sine dor\u00e9e-3\" class=\"wp-image-487\" srcset=\"https:\/\/www.chicasafurniture.com\/wp-content\/uploads\/2026\/02\/Refined-Luxury-Custom-Console-Table-with-Gold-Resin-Inlay-3.webp 900w, https:\/\/www.chicasafurniture.com\/wp-content\/uploads\/2026\/02\/Refined-Luxury-Custom-Console-Table-with-Gold-Resin-Inlay-3-200x300.webp 200w, https:\/\/www.chicasafurniture.com\/wp-content\/uploads\/2026\/02\/Refined-Luxury-Custom-Console-Table-with-Gold-Resin-Inlay-3-768x1152.webp 768w, https:\/\/www.chicasafurniture.com\/wp-content\/uploads\/2026\/02\/Refined-Luxury-Custom-Console-Table-with-Gold-Resin-Inlay-3-600x900.webp 600w\" sizes=\"(max-width: 900px) 100vw, 900px\" \/><\/figure>\n<\/div>\n<\/div>\n\n\n\n<figure class=\"wp-block-image size-full\"><img decoding=\"async\" width=\"1200\" height=\"1350\" src=\"https:\/\/www.chicasafurniture.com\/wp-content\/uploads\/2026\/02\/Refined-Luxury-Custom-Console-Table-with-Gold-Resin-Inlay-4.webp\" alt=\"Table console sur mesure au luxe raffin\u00e9 avec incrustation en r\u00e9sine dor\u00e9e-4\" class=\"wp-image-488\" srcset=\"https:\/\/www.chicasafurniture.com\/wp-content\/uploads\/2026\/02\/Refined-Luxury-Custom-Console-Table-with-Gold-Resin-Inlay-4.webp 1200w, https:\/\/www.chicasafurniture.com\/wp-content\/uploads\/2026\/02\/Refined-Luxury-Custom-Console-Table-with-Gold-Resin-Inlay-4-267x300.webp 267w, https:\/\/www.chicasafurniture.com\/wp-content\/uploads\/2026\/02\/Refined-Luxury-Custom-Console-Table-with-Gold-Resin-Inlay-4-768x864.webp 768w, https:\/\/www.chicasafurniture.com\/wp-content\/uploads\/2026\/02\/Refined-Luxury-Custom-Console-Table-with-Gold-Resin-Inlay-4-600x675.webp 600w\" sizes=\"(max-width: 1200px) 100vw, 1200px\" \/><\/figure>","protected":false},"excerpt":{"rendered":"<p>Bienvenue dans la commande de tables d'entr\u00e9e sur mesure. Cette table console personnalis\u00e9e allie parfaitement le minimalisme moderne \u00e0 l'art luxueux. Elle se compose d'un plateau laqu\u00e9 noir ou blanc tr\u00e8s brillant associ\u00e9 \u00e0 une base en r\u00e9sine dor\u00e9e en forme de vague, qui ressemble \u00e0 de l'or liquide coulant \u00e0 flots.<\/p>\n<table style=\"border-collapse: collapse; width: 222.03pt;\" border=\"0\" width=\"222\" cellspacing=\"0\" cellpadding=\"0\">\n<tbody>\n<tr style=\"height: 15.20pt;\">\n<td class=\"et2\" style=\"height: 15.20pt; width: 81.65pt;\" width=\"81\" height=\"15\">Fabricant<\/td>\n<td class=\"et2\" style=\"width: 140.80pt;\" width=\"140\">ChiCasa<\/td>\n<\/tr>\n<tr style=\"height: 15.20pt;\">\n<td class=\"et2\" style=\"height: 15.20pt;\" height=\"15\">Cat\u00e9gorie<\/td>\n<td class=\"et2\">Table console<\/td>\n<\/tr>\n<tr style=\"height: 15.20pt;\">\n<td class=\"et2\" style=\"height: 15.20pt;\" height=\"15\">Application<\/td>\n<td class=\"et2\">Salle de s\u00e9jour<\/td>\n<\/tr>\n<tr style=\"height: 15.20pt;\">\n<td class=\"et2\" style=\"height: 15.20pt;\" height=\"15\">Style<\/td>\n<td class=\"et2\">Luxe raffin\u00e9<\/td>\n<\/tr>\n<tr style=\"height: 15.20pt;\">\n<td class=\"et2\" style=\"height: 15.20pt;\" height=\"15\">Mod\u00e8le<\/td>\n<td class=\"et2\">QMY-CS001<\/td>\n<\/tr>\n<tr style=\"height: 15.20pt;\">\n<td class=\"et2\" style=\"height: 15.20pt;\" height=\"15\">Personnalisation<\/td>\n<td class=\"et2\">Couleur, taille, mat\u00e9riau<\/td>\n<\/tr>\n<tr style=\"height: 15.20pt;\">\n<td class=\"et2\" style=\"height: 15.20pt;\" height=\"15\">MOQ<\/td>\n<td class=\"et2\">1pcs<\/td>\n<\/tr>\n<\/tbody>\n<\/table>","protected":false},"featured_media":486,"comment_status":"closed","ping_status":"closed","template":"","meta":{"_acf_changed":false},"product_brand":[],"product_cat":[16,28],"product_tag":[],"class_list":{"0":"post-484","1":"product","2":"type-product","3":"status-publish","4":"has-post-thumbnail","6":"product_cat-bespoke-living-room-furniture","7":"product_cat-custom-console-tables","9":"first","10":"instock","11":"shipping-taxable","12":"product-type-simple"},"acf":[],"_links":{"self":[{"href":"https:\/\/www.chicasafurniture.com\/fr\/wp-json\/wp\/v2\/product\/484","targetHints":{"allow":["GET"]}}],"collection":[{"href":"https:\/\/www.chicasafurniture.com\/fr\/wp-json\/wp\/v2\/product"}],"about":[{"href":"https:\/\/www.chicasafurniture.com\/fr\/wp-json\/wp\/v2\/types\/product"}],"replies":[{"embeddable":true,"href":"https:\/\/www.chicasafurniture.com\/fr\/wp-json\/wp\/v2\/comments?post=484"}],"wp:featuredmedia":[{"embeddable":true,"href":"https:\/\/www.chicasafurniture.com\/fr\/wp-json\/wp\/v2\/media\/486"}],"wp:attachment":[{"href":"https:\/\/www.chicasafurniture.com\/fr\/wp-json\/wp\/v2\/media?parent=484"}],"wp:term":[{"taxonomy":"product_brand","embeddable":true,"href":"https:\/\/www.chicasafurniture.com\/fr\/wp-json\/wp\/v2\/product_brand?post=484"},{"taxonomy":"product_cat","embeddable":true,"href":"https:\/\/www.chicasafurniture.com\/fr\/wp-json\/wp\/v2\/product_cat?post=484"},{"taxonomy":"product_tag","embeddable":true,"href":"https:\/\/www.chicasafurniture.com\/fr\/wp-json\/wp\/v2\/product_tag?post=484"}],"curies":[{"name":"wp","href":"https:\/\/api.w.org\/{rel}","templated":true}]}}