{"id":489,"date":"2026-02-27T08:15:25","date_gmt":"2026-02-27T08:15:25","guid":{"rendered":"https:\/\/www.chicasafurniture.com\/?post_type=product&#038;p=489"},"modified":"2026-02-27T08:24:05","modified_gmt":"2026-02-27T08:24:05","slug":"bespoke-marble-console-table","status":"publish","type":"product","link":"https:\/\/www.chicasafurniture.com\/fr\/product\/bespoke-marble-console-table\/","title":{"rendered":"Table console moderne en marbre sur mesure avec incrustation de feuilles d'or"},"content":{"rendered":"<h2 class=\"wp-block-heading\">Sp\u00e9cifications produit de la table console en marbre sur mesure<\/h2>\n\n\n\n<figure class=\"wp-block-table\"><table class=\"has-fixed-layout\"><tbody><tr><td>Cadre<\/td><td>Mat\u00e9riau de couverture<\/td><td>Mat\u00e9riau de remplissage<\/td><td>Jambes<\/td><td>Couleur<\/td><td>Taille<\/td><td>Poids<\/td><\/tr><tr><td>Pierre<\/td><td>\/<\/td><td>\/<\/td><td>Pierre<\/td><td>Sur mesure<\/td><td>Sur mesure<\/td><td>60-100kg<\/td><\/tr><\/tbody><\/table><\/figure>\n\n\n\n<div class=\"wp-block-columns is-layout-flex wp-container-core-columns-is-layout-9d6595d7 wp-block-columns-is-layout-flex\">\n<div class=\"wp-block-column is-layout-flow wp-block-column-is-layout-flow\">\n<h2 class=\"wp-block-heading\">Table console en marbre de premi\u00e8re qualit\u00e9 Caract\u00e9ristiques :<\/h2>\n\n\n\n<ul class=\"wp-block-list\">\n<li><strong>Art de la pierre naturelle et de la feuille d'or :<\/strong> Cette table console en marbre sur mesure est fabriqu\u00e9e \u00e0 partir de marbre naturel de haute qualit\u00e9, avec une incrustation irr\u00e9guli\u00e8re de feuilles d'or \u00e0 la main sur la surface. Chaque pi\u00e8ce poss\u00e8de une texture et un \u00e9clat uniques, ce qui en fait un objet de collection.<\/li>\n\n\n\n<li><strong>Esth\u00e9tique g\u00e9om\u00e9trique minimaliste : <\/strong>Nos tables d'entr\u00e9e personnalis\u00e9es pr\u00e9sentent une structure rectangulaire classique aux lignes nettes et pr\u00e9cises. Des bandes de m\u00e9tal dor\u00e9 servent de connecteurs, rompant la monotonie de la pierre et ajoutant une touche de sophistication au style industriel moderne.<\/li>\n\n\n\n<li><strong>Stabilit\u00e9 exceptionnelle : <\/strong>Le pi\u00e8tement \u00e0 double colonne de cette table console en marbre sur mesure assure un centre de gravit\u00e9 stable et une forte capacit\u00e9 de charge, garantissant la durabilit\u00e9 et la s\u00e9curit\u00e9 du meuble.<\/li>\n\n\n\n<li><strong>Styles de d\u00e9coration polyvalents : <\/strong>Qu'il s'agisse d'un style palatial europ\u00e9en classique, d'un style minimaliste moderne ou d'un style luxueux discret, nos tables d'entr\u00e9e personnalis\u00e9es s'int\u00e8grent parfaitement, devenant le point de mire visuel de n'importe quel espace.<\/li>\n\n\n\n<li><strong>Service complet de personnalisation : <\/strong>Nos consoles en marbre peuvent \u00eatre personnalis\u00e9es pour s'adapter aux dimensions de votre entr\u00e9e, et offrent une vari\u00e9t\u00e9 de couleurs de marbre (comme le Carrara blanc, l'Esperia fonc\u00e9, etc.) et d'effets de feuilles d'or pour cr\u00e9er une pi\u00e8ce d'art domestique unique pour vous.<\/li>\n<\/ul>\n<\/div>\n\n\n\n<div class=\"wp-block-column is-layout-flow wp-block-column-is-layout-flow\">\n<figure class=\"wp-block-image size-full\"><img decoding=\"async\" width=\"800\" height=\"800\" src=\"https:\/\/www.chicasafurniture.com\/wp-content\/uploads\/2026\/02\/Modern-Bespoke-Marble-Console-Table-with-Gold-Leaf-Inlay-3.webp\" alt=\"Table console moderne en marbre sur mesure avec incrustation de feuilles d&#039;or-3\" class=\"wp-image-492\" srcset=\"https:\/\/www.chicasafurniture.com\/wp-content\/uploads\/2026\/02\/Modern-Bespoke-Marble-Console-Table-with-Gold-Leaf-Inlay-3.webp 800w, https:\/\/www.chicasafurniture.com\/wp-content\/uploads\/2026\/02\/Modern-Bespoke-Marble-Console-Table-with-Gold-Leaf-Inlay-3-300x300.webp 300w, https:\/\/www.chicasafurniture.com\/wp-content\/uploads\/2026\/02\/Modern-Bespoke-Marble-Console-Table-with-Gold-Leaf-Inlay-3-150x150.webp 150w, https:\/\/www.chicasafurniture.com\/wp-content\/uploads\/2026\/02\/Modern-Bespoke-Marble-Console-Table-with-Gold-Leaf-Inlay-3-768x768.webp 768w, https:\/\/www.chicasafurniture.com\/wp-content\/uploads\/2026\/02\/Modern-Bespoke-Marble-Console-Table-with-Gold-Leaf-Inlay-3-600x600.webp 600w, https:\/\/www.chicasafurniture.com\/wp-content\/uploads\/2026\/02\/Modern-Bespoke-Marble-Console-Table-with-Gold-Leaf-Inlay-3-100x100.webp 100w\" sizes=\"(max-width: 800px) 100vw, 800px\" \/><\/figure>\n<\/div>\n<\/div>\n\n\n\n<figure class=\"wp-block-image size-full\"><img decoding=\"async\" width=\"1200\" height=\"1413\" src=\"https:\/\/www.chicasafurniture.com\/wp-content\/uploads\/2026\/02\/Modern-Bespoke-Marble-Console-Table-with-Gold-Leaf-Inlay-4.webp\" alt=\"Table console moderne en marbre sur mesure avec incrustation de feuilles d&#039;or-4\" class=\"wp-image-493\" srcset=\"https:\/\/www.chicasafurniture.com\/wp-content\/uploads\/2026\/02\/Modern-Bespoke-Marble-Console-Table-with-Gold-Leaf-Inlay-4.webp 1200w, https:\/\/www.chicasafurniture.com\/wp-content\/uploads\/2026\/02\/Modern-Bespoke-Marble-Console-Table-with-Gold-Leaf-Inlay-4-255x300.webp 255w, https:\/\/www.chicasafurniture.com\/wp-content\/uploads\/2026\/02\/Modern-Bespoke-Marble-Console-Table-with-Gold-Leaf-Inlay-4-768x904.webp 768w, https:\/\/www.chicasafurniture.com\/wp-content\/uploads\/2026\/02\/Modern-Bespoke-Marble-Console-Table-with-Gold-Leaf-Inlay-4-600x707.webp 600w\" sizes=\"(max-width: 1200px) 100vw, 1200px\" \/><\/figure>","protected":false},"excerpt":{"rendered":"<p>Bienvenue sur le site de commande de tables d'entr\u00e9e personnalis\u00e9es. Cette table console en marbre sur mesure allie parfaitement l'\u00e9l\u00e9gance du marbre naturel au luxe du m\u00e9tal dor\u00e9, conservant la solidit\u00e9 de la pierre tout en d\u00e9gageant une impression de l\u00e9g\u00e8ret\u00e9 et de modernit\u00e9.<\/p>\n<table style=\"border-collapse: collapse; width: 222.03pt;\" border=\"0\" width=\"222\" cellspacing=\"0\" cellpadding=\"0\">\n<tbody>\n<tr style=\"height: 15.20pt;\">\n<td class=\"et2\" style=\"height: 15.20pt; width: 81.65pt;\" width=\"81\" height=\"15\">Fabricant<\/td>\n<td class=\"et2\" style=\"width: 140.80pt;\" width=\"140\">ChiCasa<\/td>\n<\/tr>\n<tr style=\"height: 15.20pt;\">\n<td class=\"et2\" style=\"height: 15.20pt;\" height=\"15\">Cat\u00e9gorie<\/td>\n<td class=\"et2\">Table console<\/td>\n<\/tr>\n<tr style=\"height: 15.20pt;\">\n<td class=\"et2\" style=\"height: 15.20pt;\" height=\"15\">Application<\/td>\n<td class=\"et2\">Salle de s\u00e9jour<\/td>\n<\/tr>\n<tr style=\"height: 15.20pt;\">\n<td class=\"et2\" style=\"height: 15.20pt;\" height=\"15\">Style<\/td>\n<td class=\"et2\">Luxe raffin\u00e9<\/td>\n<\/tr>\n<tr style=\"height: 15.20pt;\">\n<td class=\"et2\" style=\"height: 15.20pt;\" height=\"15\">Mod\u00e8le<\/td>\n<td class=\"et2\">QMY-CS003<\/td>\n<\/tr>\n<tr style=\"height: 15.20pt;\">\n<td class=\"et2\" style=\"height: 15.20pt;\" height=\"15\">Personnalisation<\/td>\n<td class=\"et2\">Couleur, taille, mat\u00e9riau<\/td>\n<\/tr>\n<tr style=\"height: 15.20pt;\">\n<td class=\"et2\" style=\"height: 15.20pt;\" height=\"15\">MOQ<\/td>\n<td class=\"et2\">1pcs<\/td>\n<\/tr>\n<\/tbody>\n<\/table>","protected":false},"featured_media":491,"comment_status":"closed","ping_status":"closed","template":"","meta":{"_acf_changed":false},"product_brand":[],"product_cat":[16,28],"product_tag":[],"class_list":{"0":"post-489","1":"product","2":"type-product","3":"status-publish","4":"has-post-thumbnail","6":"product_cat-bespoke-living-room-furniture","7":"product_cat-custom-console-tables","9":"first","10":"instock","11":"shipping-taxable","12":"product-type-simple"},"acf":[],"_links":{"self":[{"href":"https:\/\/www.chicasafurniture.com\/fr\/wp-json\/wp\/v2\/product\/489","targetHints":{"allow":["GET"]}}],"collection":[{"href":"https:\/\/www.chicasafurniture.com\/fr\/wp-json\/wp\/v2\/product"}],"about":[{"href":"https:\/\/www.chicasafurniture.com\/fr\/wp-json\/wp\/v2\/types\/product"}],"replies":[{"embeddable":true,"href":"https:\/\/www.chicasafurniture.com\/fr\/wp-json\/wp\/v2\/comments?post=489"}],"wp:featuredmedia":[{"embeddable":true,"href":"https:\/\/www.chicasafurniture.com\/fr\/wp-json\/wp\/v2\/media\/491"}],"wp:attachment":[{"href":"https:\/\/www.chicasafurniture.com\/fr\/wp-json\/wp\/v2\/media?parent=489"}],"wp:term":[{"taxonomy":"product_brand","embeddable":true,"href":"https:\/\/www.chicasafurniture.com\/fr\/wp-json\/wp\/v2\/product_brand?post=489"},{"taxonomy":"product_cat","embeddable":true,"href":"https:\/\/www.chicasafurniture.com\/fr\/wp-json\/wp\/v2\/product_cat?post=489"},{"taxonomy":"product_tag","embeddable":true,"href":"https:\/\/www.chicasafurniture.com\/fr\/wp-json\/wp\/v2\/product_tag?post=489"}],"curies":[{"name":"wp","href":"https:\/\/api.w.org\/{rel}","templated":true}]}}