{"id":494,"date":"2026-02-27T08:26:45","date_gmt":"2026-02-27T08:26:45","guid":{"rendered":"https:\/\/www.chicasafurniture.com\/?post_type=product&#038;p=494"},"modified":"2026-02-27T08:51:13","modified_gmt":"2026-02-27T08:51:13","slug":"custom-dressing-table","status":"publish","type":"product","link":"https:\/\/www.chicasafurniture.com\/fr\/product\/custom-dressing-table\/","title":{"rendered":"Coiffeuse personnalis\u00e9e haute brillance avec pieds en cuir matelass\u00e9"},"content":{"rendered":"<h2 class=\"wp-block-heading\">Sp\u00e9cifications des produits de la table \u00e0 langer sur mesure<\/h2>\n\n\n\n<figure class=\"wp-block-table\"><table class=\"has-fixed-layout\"><tbody><tr><td>Cadre<\/td><td>Mat\u00e9riau de couverture<\/td><td>Mat\u00e9riau de remplissage<\/td><td>Jambes<\/td><td>Couleur<\/td><td>Taille<\/td><td>Poids<\/td><\/tr><tr><td>Bois<\/td><td>Tissu<\/td><td>\/<\/td><td>Bois massif<\/td><td>Sur mesure<\/td><td>Sur mesure<\/td><td>50-75kg<\/td><\/tr><\/tbody><\/table><\/figure>\n\n\n\n<div class=\"wp-block-columns is-layout-flex wp-container-core-columns-is-layout-9d6595d7 wp-block-columns-is-layout-flex\">\n<div class=\"wp-block-column is-layout-flow wp-block-column-is-layout-flow\">\n<h2 class=\"wp-block-heading\">Premium Custom Luxury Bench Furniture Features :<\/h2>\n\n\n\n<ul class=\"wp-block-list\">\n<li><strong>Design unique des pieds rembourr\u00e9s :<\/strong> Les pieds de cette coiffeuse personnalis\u00e9e sont envelopp\u00e9s de cuir de haute qualit\u00e9 avec un matelassage exquis, offrant un toucher doux et d\u00e9licat.<\/li>\n\n\n\n<li><strong>Plateau de table laqu\u00e9 brillant :<\/strong> Cette table de toilette sur mesure pr\u00e9sente une finition laqu\u00e9e tr\u00e8s brillante, ce qui donne une surface lisse, semblable \u00e0 un miroir, facile \u00e0 nettoyer et qui refl\u00e8te la lumi\u00e8re, rendant l'espace plus lumineux et plus ouvert.<\/li>\n\n\n\n<li><strong>Esth\u00e9tique des courbes douces<\/strong>: Cette coiffeuse sur mesure pr\u00e9sente des courbes douces et fluides, \u00e9l\u00e9gantes et ergonomiques, tout en poss\u00e9dant un attrait artistique moderne.<\/li>\n\n\n\n<li><strong>D\u00e9tails exquis de la quincaillerie :<\/strong> Les poign\u00e9es des tiroirs et les bords en cuir de cette coiffeuse sur mesure sont rehauss\u00e9s de d\u00e9tails en m\u00e9tal dor\u00e9, ce qui t\u00e9moigne d'une attention m\u00e9ticuleuse aux d\u00e9tails et rehausse l'aspect luxueux et sophistiqu\u00e9 de l'ensemble.<\/li>\n\n\n\n<li><strong>Personnalisation de la taille et des mat\u00e9riaux :<\/strong> Notre coiffeuse peut \u00eatre personnalis\u00e9e pour s'adapter \u00e0 l'espace de votre chambre \u00e0 coucher et offre une vari\u00e9t\u00e9 de couleurs de cuir, de tissus et de couleurs de peinture pour s'harmoniser parfaitement avec le d\u00e9cor de votre chambre \u00e0 coucher.<\/li>\n<\/ul>\n<\/div>\n\n\n\n<div class=\"wp-block-column is-layout-flow wp-block-column-is-layout-flow\">\n<figure class=\"wp-block-image size-full\"><img decoding=\"async\" width=\"800\" height=\"800\" src=\"https:\/\/www.chicasafurniture.com\/wp-content\/uploads\/2026\/02\/High-Gloss-Custom-Dressing-Table-with-Quilted-Leather-Legs-1.webp\" alt=\"Coiffeuse personnalis\u00e9e haute brillance avec pieds en cuir matelass\u00e9-1\" class=\"wp-image-495\" srcset=\"https:\/\/www.chicasafurniture.com\/wp-content\/uploads\/2026\/02\/High-Gloss-Custom-Dressing-Table-with-Quilted-Leather-Legs-1.webp 800w, https:\/\/www.chicasafurniture.com\/wp-content\/uploads\/2026\/02\/High-Gloss-Custom-Dressing-Table-with-Quilted-Leather-Legs-1-300x300.webp 300w, https:\/\/www.chicasafurniture.com\/wp-content\/uploads\/2026\/02\/High-Gloss-Custom-Dressing-Table-with-Quilted-Leather-Legs-1-150x150.webp 150w, https:\/\/www.chicasafurniture.com\/wp-content\/uploads\/2026\/02\/High-Gloss-Custom-Dressing-Table-with-Quilted-Leather-Legs-1-768x768.webp 768w, https:\/\/www.chicasafurniture.com\/wp-content\/uploads\/2026\/02\/High-Gloss-Custom-Dressing-Table-with-Quilted-Leather-Legs-1-600x600.webp 600w, https:\/\/www.chicasafurniture.com\/wp-content\/uploads\/2026\/02\/High-Gloss-Custom-Dressing-Table-with-Quilted-Leather-Legs-1-100x100.webp 100w\" sizes=\"(max-width: 800px) 100vw, 800px\" \/><\/figure>\n<\/div>\n<\/div>\n\n\n\n<figure class=\"wp-block-image size-full\"><img decoding=\"async\" width=\"1200\" height=\"900\" src=\"https:\/\/www.chicasafurniture.com\/wp-content\/uploads\/2026\/02\/High-Gloss-Custom-Dressing-Table-with-Quilted-Leather-Legs-2.webp\" alt=\"Coiffeuse personnalis\u00e9e haute brillance avec pieds en cuir matelass\u00e9-2\" class=\"wp-image-496\" srcset=\"https:\/\/www.chicasafurniture.com\/wp-content\/uploads\/2026\/02\/High-Gloss-Custom-Dressing-Table-with-Quilted-Leather-Legs-2.webp 1200w, https:\/\/www.chicasafurniture.com\/wp-content\/uploads\/2026\/02\/High-Gloss-Custom-Dressing-Table-with-Quilted-Leather-Legs-2-300x225.webp 300w, https:\/\/www.chicasafurniture.com\/wp-content\/uploads\/2026\/02\/High-Gloss-Custom-Dressing-Table-with-Quilted-Leather-Legs-2-768x576.webp 768w, https:\/\/www.chicasafurniture.com\/wp-content\/uploads\/2026\/02\/High-Gloss-Custom-Dressing-Table-with-Quilted-Leather-Legs-2-600x450.webp 600w\" sizes=\"(max-width: 1200px) 100vw, 1200px\" \/><\/figure>","protected":false},"excerpt":{"rendered":"<p>Bienvenue pour l'achat d'une coiffeuse sur mesure. Cette coiffeuse sur mesure allie parfaitement un rembourrage luxueux \u00e0 un \u00e9clat moderne. Le plateau et les panneaux de tiroirs laqu\u00e9s brillants, associ\u00e9s \u00e0 des pieds en cuir matelass\u00e9 uniques, cr\u00e9ent une sensation sophistiqu\u00e9e qui rappelle la haute couture.<\/p>\n<table style=\"border-collapse: collapse; width: 222.03pt;\" border=\"0\" width=\"222\" cellspacing=\"0\" cellpadding=\"0\">\n<tbody>\n<tr style=\"height: 15.20pt;\">\n<td class=\"et2\" style=\"height: 15.20pt; width: 81.65pt;\" width=\"81\" height=\"15\">Fabricant<\/td>\n<td class=\"et2\" style=\"width: 140.80pt;\" width=\"140\">ChiCasa<\/td>\n<\/tr>\n<tr style=\"height: 15.20pt;\">\n<td class=\"et2\" style=\"height: 15.20pt;\" height=\"15\">Cat\u00e9gorie<\/td>\n<td class=\"et2\">Coiffeuse<\/td>\n<\/tr>\n<tr style=\"height: 15.20pt;\">\n<td class=\"et2\" style=\"height: 15.20pt;\" height=\"15\">Application<\/td>\n<td class=\"et2\">Chambre \u00e0 coucher<\/td>\n<\/tr>\n<tr style=\"height: 15.20pt;\">\n<td class=\"et2\" style=\"height: 15.20pt;\" height=\"15\">Style<\/td>\n<td class=\"et2\">Luxe raffin\u00e9<\/td>\n<\/tr>\n<tr style=\"height: 15.20pt;\">\n<td class=\"et2\" style=\"height: 15.20pt;\" height=\"15\">Mod\u00e8le<\/td>\n<td class=\"et2\">QMY-DR001<\/td>\n<\/tr>\n<tr style=\"height: 15.20pt;\">\n<td class=\"et2\" style=\"height: 15.20pt;\" height=\"15\">Personnalisation<\/td>\n<td class=\"et2\">Couleur, taille, mat\u00e9riau<\/td>\n<\/tr>\n<tr style=\"height: 15.20pt;\">\n<td class=\"et2\" style=\"height: 15.20pt;\" height=\"15\">MOQ<\/td>\n<td class=\"et2\">1pcs<\/td>\n<\/tr>\n<\/tbody>\n<\/table>","protected":false},"featured_media":495,"comment_status":"closed","ping_status":"closed","template":"","meta":{"_acf_changed":false},"product_brand":[],"product_cat":[18,35],"product_tag":[],"class_list":{"0":"post-494","1":"product","2":"type-product","3":"status-publish","4":"has-post-thumbnail","6":"product_cat-bespoke-bedroom-furniture","7":"product_cat-custom-makeup-vanities","9":"first","10":"instock","11":"shipping-taxable","12":"product-type-simple"},"acf":[],"_links":{"self":[{"href":"https:\/\/www.chicasafurniture.com\/fr\/wp-json\/wp\/v2\/product\/494","targetHints":{"allow":["GET"]}}],"collection":[{"href":"https:\/\/www.chicasafurniture.com\/fr\/wp-json\/wp\/v2\/product"}],"about":[{"href":"https:\/\/www.chicasafurniture.com\/fr\/wp-json\/wp\/v2\/types\/product"}],"replies":[{"embeddable":true,"href":"https:\/\/www.chicasafurniture.com\/fr\/wp-json\/wp\/v2\/comments?post=494"}],"wp:featuredmedia":[{"embeddable":true,"href":"https:\/\/www.chicasafurniture.com\/fr\/wp-json\/wp\/v2\/media\/495"}],"wp:attachment":[{"href":"https:\/\/www.chicasafurniture.com\/fr\/wp-json\/wp\/v2\/media?parent=494"}],"wp:term":[{"taxonomy":"product_brand","embeddable":true,"href":"https:\/\/www.chicasafurniture.com\/fr\/wp-json\/wp\/v2\/product_brand?post=494"},{"taxonomy":"product_cat","embeddable":true,"href":"https:\/\/www.chicasafurniture.com\/fr\/wp-json\/wp\/v2\/product_cat?post=494"},{"taxonomy":"product_tag","embeddable":true,"href":"https:\/\/www.chicasafurniture.com\/fr\/wp-json\/wp\/v2\/product_tag?post=494"}],"curies":[{"name":"wp","href":"https:\/\/api.w.org\/{rel}","templated":true}]}}