{"id":497,"date":"2026-02-27T09:09:11","date_gmt":"2026-02-27T09:09:11","guid":{"rendered":"https:\/\/www.chicasafurniture.com\/?post_type=product&#038;p=497"},"modified":"2026-02-27T09:34:30","modified_gmt":"2026-02-27T09:34:30","slug":"custom-makeup-vanity-table","status":"publish","type":"product","link":"https:\/\/www.chicasafurniture.com\/fr\/product\/custom-makeup-vanity-table\/","title":{"rendered":"Meuble de toilette moderne de luxe sur mesure avec plateau en cuir"},"content":{"rendered":"<h2 class=\"wp-block-heading\">Sp\u00e9cifications des produits du meuble-lavabo de maquillage sur mesure<\/h2>\n\n\n\n<figure class=\"wp-block-table\"><table class=\"has-fixed-layout\"><tbody><tr><td>Cadre<\/td><td>Mat\u00e9riau de couverture<\/td><td>Mat\u00e9riau de remplissage<\/td><td>Jambes<\/td><td>Couleur<\/td><td>Taille<\/td><td>Poids<\/td><\/tr><tr><td>Bois<\/td><td>Cuir<\/td><td>\/<\/td><td>Bois massif<\/td><td>Sur mesure<\/td><td>Sur mesure<\/td><td>50-75kg<\/td><\/tr><\/tbody><\/table><\/figure>\n\n\n\n<div class=\"wp-block-columns is-layout-flex wp-container-core-columns-is-layout-9d6595d7 wp-block-columns-is-layout-flex\">\n<div class=\"wp-block-column is-layout-flow wp-block-column-is-layout-flow\">\n<h2 class=\"wp-block-heading\">Table de vanit\u00e9 de maquillage personnalis\u00e9e Premium Caract\u00e9ristiques :<\/h2>\n\n\n\n<ul class=\"wp-block-list\">\n<li><strong>L'interaction du cuir et du m\u00e9tal : <\/strong>Cette table de maquillage personnalis\u00e9e est recouverte d'un cuir de haute qualit\u00e9, d\u00e9licat et respectueux de la peau, qui r\u00e9duit efficacement le bruit. La base est en m\u00e9tal \u00e0 la finition vintage, ce qui cr\u00e9e une tension visuelle unique gr\u00e2ce au contraste entre les mat\u00e9riaux chauds et froids.<\/li>\n\n\n\n<li><strong>Structure robuste :<\/strong> La base m\u00e9tallique de cette coiffeuse sur mesure pr\u00e9sente un cadre rectangulaire robuste, qui assure une stabilit\u00e9 structurelle et une forte capacit\u00e9 de charge. Le design ajour\u00e9 de la partie inf\u00e9rieure r\u00e9duit le poids visuel, ce qui donne l'impression d'une table l\u00e9g\u00e8re et a\u00e9r\u00e9e.<\/li>\n\n\n\n<li><strong>D\u00e9tails exquis :<\/strong> Les poign\u00e9es de tiroir dor\u00e9es font \u00e9cho \u00e0 la couleur de la base en m\u00e9tal, rehaussant ainsi le luxe discret de l'ensemble. Les passepoils m\u00e9ticuleux sur les bords en cuir t\u00e9moignent d'un savoir-faire exquis.<\/li>\n\n\n\n<li><strong>Service de personnalisation complet :<\/strong> Nos coiffeuses sur mesure peuvent \u00eatre adapt\u00e9es \u00e0 l'espace de votre chambre \u00e0 coucher et offrent une vari\u00e9t\u00e9 de couleurs de cuir et de finitions m\u00e9talliques pour cr\u00e9er votre propre coin dressing personnalis\u00e9.<\/li>\n<\/ul>\n<\/div>\n\n\n\n<div class=\"wp-block-column is-layout-flow wp-block-column-is-layout-flow\">\n<figure class=\"wp-block-image size-full\"><img decoding=\"async\" width=\"900\" height=\"1200\" src=\"https:\/\/www.chicasafurniture.com\/wp-content\/uploads\/2026\/02\/Modern-Luxury-Custom-Makeup-Vanity-Table-with-Leather-Top-2.webp\" alt=\"Meuble de toilette moderne et luxueux avec dessus en cuir-2\" class=\"wp-image-499\" srcset=\"https:\/\/www.chicasafurniture.com\/wp-content\/uploads\/2026\/02\/Modern-Luxury-Custom-Makeup-Vanity-Table-with-Leather-Top-2.webp 900w, https:\/\/www.chicasafurniture.com\/wp-content\/uploads\/2026\/02\/Modern-Luxury-Custom-Makeup-Vanity-Table-with-Leather-Top-2-225x300.webp 225w, https:\/\/www.chicasafurniture.com\/wp-content\/uploads\/2026\/02\/Modern-Luxury-Custom-Makeup-Vanity-Table-with-Leather-Top-2-768x1024.webp 768w, https:\/\/www.chicasafurniture.com\/wp-content\/uploads\/2026\/02\/Modern-Luxury-Custom-Makeup-Vanity-Table-with-Leather-Top-2-600x800.webp 600w\" sizes=\"(max-width: 900px) 100vw, 900px\" \/><\/figure>\n<\/div>\n<\/div>\n\n\n\n<div class=\"wp-block-columns is-layout-flex wp-container-core-columns-is-layout-9d6595d7 wp-block-columns-is-layout-flex\">\n<div class=\"wp-block-column is-layout-flow wp-block-column-is-layout-flow\">\n<figure class=\"wp-block-image size-full\"><img decoding=\"async\" width=\"1200\" height=\"1200\" src=\"https:\/\/www.chicasafurniture.com\/wp-content\/uploads\/2026\/02\/Modern-Luxury-Custom-Makeup-Vanity-Table-with-Leather-Top-3.webp\" alt=\"Meuble de toilette moderne et luxueux avec dessus en cuir-3\" class=\"wp-image-500\" srcset=\"https:\/\/www.chicasafurniture.com\/wp-content\/uploads\/2026\/02\/Modern-Luxury-Custom-Makeup-Vanity-Table-with-Leather-Top-3.webp 1200w, https:\/\/www.chicasafurniture.com\/wp-content\/uploads\/2026\/02\/Modern-Luxury-Custom-Makeup-Vanity-Table-with-Leather-Top-3-300x300.webp 300w, https:\/\/www.chicasafurniture.com\/wp-content\/uploads\/2026\/02\/Modern-Luxury-Custom-Makeup-Vanity-Table-with-Leather-Top-3-150x150.webp 150w, https:\/\/www.chicasafurniture.com\/wp-content\/uploads\/2026\/02\/Modern-Luxury-Custom-Makeup-Vanity-Table-with-Leather-Top-3-768x768.webp 768w, https:\/\/www.chicasafurniture.com\/wp-content\/uploads\/2026\/02\/Modern-Luxury-Custom-Makeup-Vanity-Table-with-Leather-Top-3-600x600.webp 600w, https:\/\/www.chicasafurniture.com\/wp-content\/uploads\/2026\/02\/Modern-Luxury-Custom-Makeup-Vanity-Table-with-Leather-Top-3-100x100.webp 100w\" sizes=\"(max-width: 1200px) 100vw, 1200px\" \/><\/figure>\n<\/div>\n\n\n\n<div class=\"wp-block-column is-layout-flow wp-block-column-is-layout-flow\">\n<figure class=\"wp-block-image size-full\"><img decoding=\"async\" width=\"1200\" height=\"1200\" src=\"https:\/\/www.chicasafurniture.com\/wp-content\/uploads\/2026\/02\/Modern-Luxury-Custom-Makeup-Vanity-Table-with-Leather-Top-4.webp\" alt=\"Meuble de toilette moderne de luxe sur mesure avec plateau en cuir-4\" class=\"wp-image-501\" srcset=\"https:\/\/www.chicasafurniture.com\/wp-content\/uploads\/2026\/02\/Modern-Luxury-Custom-Makeup-Vanity-Table-with-Leather-Top-4.webp 1200w, https:\/\/www.chicasafurniture.com\/wp-content\/uploads\/2026\/02\/Modern-Luxury-Custom-Makeup-Vanity-Table-with-Leather-Top-4-300x300.webp 300w, https:\/\/www.chicasafurniture.com\/wp-content\/uploads\/2026\/02\/Modern-Luxury-Custom-Makeup-Vanity-Table-with-Leather-Top-4-150x150.webp 150w, https:\/\/www.chicasafurniture.com\/wp-content\/uploads\/2026\/02\/Modern-Luxury-Custom-Makeup-Vanity-Table-with-Leather-Top-4-768x768.webp 768w, https:\/\/www.chicasafurniture.com\/wp-content\/uploads\/2026\/02\/Modern-Luxury-Custom-Makeup-Vanity-Table-with-Leather-Top-4-600x600.webp 600w, https:\/\/www.chicasafurniture.com\/wp-content\/uploads\/2026\/02\/Modern-Luxury-Custom-Makeup-Vanity-Table-with-Leather-Top-4-100x100.webp 100w\" sizes=\"(max-width: 1200px) 100vw, 1200px\" \/><\/figure>\n<\/div>\n<\/div>","protected":false},"excerpt":{"rendered":"<p>Bienvenue dans l'achat de notre table de maquillage sur mesure. Cette coiffeuse sur mesure est dot\u00e9e d'un plateau en cuir souple, offrant une sensation de chaleur et de confort, associ\u00e9 \u00e0 une base en m\u00e9tal \u00e0 la finition vintage, cr\u00e9ant un look \u00e0 la fois solide et dynamique.<\/p>\n<table style=\"border-collapse: collapse; width: 222.03pt;\" border=\"0\" width=\"222\" cellspacing=\"0\" cellpadding=\"0\">\n<tbody>\n<tr style=\"height: 15.20pt;\">\n<td class=\"et2\" style=\"height: 15.20pt; width: 81.65pt;\" width=\"81\" height=\"15\">Fabricant<\/td>\n<td class=\"et2\" style=\"width: 140.80pt;\" width=\"140\">ChiCasa<\/td>\n<\/tr>\n<tr style=\"height: 15.20pt;\">\n<td class=\"et2\" style=\"height: 15.20pt;\" height=\"15\">Cat\u00e9gorie<\/td>\n<td class=\"et2\">Coiffeuse<\/td>\n<\/tr>\n<tr style=\"height: 15.20pt;\">\n<td class=\"et2\" style=\"height: 15.20pt;\" height=\"15\">Application<\/td>\n<td class=\"et2\">Chambre \u00e0 coucher<\/td>\n<\/tr>\n<tr style=\"height: 15.20pt;\">\n<td class=\"et2\" style=\"height: 15.20pt;\" height=\"15\">Style<\/td>\n<td class=\"et2\">Luxe raffin\u00e9<\/td>\n<\/tr>\n<tr style=\"height: 15.20pt;\">\n<td class=\"et2\" style=\"height: 15.20pt;\" height=\"15\">Mod\u00e8le<\/td>\n<td class=\"et2\">QMY-DR003<\/td>\n<\/tr>\n<tr style=\"height: 15.20pt;\">\n<td class=\"et2\" style=\"height: 15.20pt;\" height=\"15\">Personnalisation<\/td>\n<td class=\"et2\">Couleur, taille, mat\u00e9riau<\/td>\n<\/tr>\n<tr style=\"height: 15.20pt;\">\n<td class=\"et2\" style=\"height: 15.20pt;\" height=\"15\">MOQ<\/td>\n<td class=\"et2\">1pcs<\/td>\n<\/tr>\n<\/tbody>\n<\/table>","protected":false},"featured_media":498,"comment_status":"closed","ping_status":"closed","template":"","meta":{"_acf_changed":false},"product_brand":[],"product_cat":[18,35],"product_tag":[],"class_list":{"0":"post-497","1":"product","2":"type-product","3":"status-publish","4":"has-post-thumbnail","6":"product_cat-bespoke-bedroom-furniture","7":"product_cat-custom-makeup-vanities","9":"first","10":"instock","11":"shipping-taxable","12":"product-type-simple"},"acf":[],"_links":{"self":[{"href":"https:\/\/www.chicasafurniture.com\/fr\/wp-json\/wp\/v2\/product\/497","targetHints":{"allow":["GET"]}}],"collection":[{"href":"https:\/\/www.chicasafurniture.com\/fr\/wp-json\/wp\/v2\/product"}],"about":[{"href":"https:\/\/www.chicasafurniture.com\/fr\/wp-json\/wp\/v2\/types\/product"}],"replies":[{"embeddable":true,"href":"https:\/\/www.chicasafurniture.com\/fr\/wp-json\/wp\/v2\/comments?post=497"}],"wp:featuredmedia":[{"embeddable":true,"href":"https:\/\/www.chicasafurniture.com\/fr\/wp-json\/wp\/v2\/media\/498"}],"wp:attachment":[{"href":"https:\/\/www.chicasafurniture.com\/fr\/wp-json\/wp\/v2\/media?parent=497"}],"wp:term":[{"taxonomy":"product_brand","embeddable":true,"href":"https:\/\/www.chicasafurniture.com\/fr\/wp-json\/wp\/v2\/product_brand?post=497"},{"taxonomy":"product_cat","embeddable":true,"href":"https:\/\/www.chicasafurniture.com\/fr\/wp-json\/wp\/v2\/product_cat?post=497"},{"taxonomy":"product_tag","embeddable":true,"href":"https:\/\/www.chicasafurniture.com\/fr\/wp-json\/wp\/v2\/product_tag?post=497"}],"curies":[{"name":"wp","href":"https:\/\/api.w.org\/{rel}","templated":true}]}}