{"id":502,"date":"2026-02-27T09:38:38","date_gmt":"2026-02-27T09:38:38","guid":{"rendered":"https:\/\/www.chicasafurniture.com\/?post_type=product&#038;p=502"},"modified":"2026-02-27T09:53:21","modified_gmt":"2026-02-27T09:53:21","slug":"bespoke-nightstand","status":"publish","type":"product","link":"https:\/\/www.chicasafurniture.com\/fr\/product\/bespoke-nightstand\/","title":{"rendered":"Table de nuit sur mesure avec tiroirs en cuir et \u00e9clairage LED"},"content":{"rendered":"<h2 class=\"wp-block-heading\">Sp\u00e9cifications produit de la table de nuit Bespoke<\/h2>\n\n\n\n<figure class=\"wp-block-table\"><table class=\"has-fixed-layout\"><tbody><tr><td>Cadre<\/td><td>Mat\u00e9riau de couverture<\/td><td>Mat\u00e9riau de remplissage<\/td><td>Jambes<\/td><td>Couleur<\/td><td>Taille<\/td><td>Poids<\/td><\/tr><tr><td>Contreplaqu\u00e9<\/td><td>\/<\/td><td>\/<\/td><td>M\u00e9tal<\/td><td>Sur mesure<\/td><td>Sur mesure<\/td><td>20-35kg<\/td><\/tr><\/tbody><\/table><\/figure>\n\n\n\n<div class=\"wp-block-columns is-layout-flex wp-container-core-columns-is-layout-9d6595d7 wp-block-columns-is-layout-flex\">\n<div class=\"wp-block-column is-layout-flow wp-block-column-is-layout-flow\">\n<h2 class=\"wp-block-heading\">Table de nuit Premium Bespoke Caract\u00e9ristiques :<\/h2>\n\n\n\n<ul class=\"wp-block-list\">\n<li><strong>Combinaison de cuir et de m\u00e9tal de luxe : <\/strong>Les panneaux des tiroirs de cette table de nuit sur mesure sont recouverts d'un cuir de premi\u00e8re qualit\u00e9 et d'un cadre en m\u00e9tal brillant. Le contraste entre les mat\u00e9riaux chauds et froids cr\u00e9e une sensation de luxe sophistiqu\u00e9 et discret, offrant un toucher confortable et un entretien facile.<\/li>\n\n\n\n<li><strong>\u00c9clairage ambiant intelligent :<\/strong> Les \u00e9tag\u00e8res ouvertes de cette table de chevet personnalis\u00e9e int\u00e8grent des bandes LED, ce qui permet d'obtenir un \u00e9clairage doux et uniforme. Cela facilite non seulement l'acc\u00e8s aux objets pendant la nuit, mais sert \u00e9galement de lumi\u00e8re d'ambiance au chevet du lit, am\u00e9liorant ainsi la chaleur et le style de la chambre \u00e0 coucher.<\/li>\n\n\n\n<li><strong>Design g\u00e9om\u00e9trique unique : <\/strong>Notre table de nuit sur mesure pr\u00e9sente un design g\u00e9om\u00e9trique asym\u00e9trique, rompant avec la monotonie des tables de chevet traditionnelles et ajoutant une touche artistique moderne, ce qui la rend tr\u00e8s distinctive sur le plan visuel.<\/li>\n\n\n\n<li><strong>Espace de rangement multifonctionnel : <\/strong>Notre table de chevet personnalis\u00e9e combine des \u00e9tag\u00e8res ouvertes et des tiroirs ferm\u00e9s, ce qui vous permet d'exposer des objets d\u00e9coratifs tout en rangeant vos effets personnels, r\u00e9pondant ainsi aux divers besoins de rangement de la chambre \u00e0 coucher.<\/li>\n\n\n\n<li><strong>Service complet de personnalisation : <\/strong>Nos tables de nuit sur mesure peuvent \u00eatre personnalis\u00e9es en termes de couleur de cuir, de finition m\u00e9tallique et de taille pour s'adapter parfaitement au style de votre chambre et cr\u00e9er un espace unique.<\/li>\n<\/ul>\n<\/div>\n\n\n\n<div class=\"wp-block-column is-layout-flow wp-block-column-is-layout-flow\">\n<figure class=\"wp-block-image size-full\"><img decoding=\"async\" width=\"1132\" height=\"1326\" src=\"https:\/\/www.chicasafurniture.com\/wp-content\/uploads\/2026\/02\/Bespoke-Nightstand-with-Leather-Drawers-LED-Lighting-3.webp\" alt=\"Table de nuit sur mesure avec tiroirs en cuir et \u00e9clairage LED-3\" class=\"wp-image-505\" srcset=\"https:\/\/www.chicasafurniture.com\/wp-content\/uploads\/2026\/02\/Bespoke-Nightstand-with-Leather-Drawers-LED-Lighting-3.webp 1132w, https:\/\/www.chicasafurniture.com\/wp-content\/uploads\/2026\/02\/Bespoke-Nightstand-with-Leather-Drawers-LED-Lighting-3-256x300.webp 256w, https:\/\/www.chicasafurniture.com\/wp-content\/uploads\/2026\/02\/Bespoke-Nightstand-with-Leather-Drawers-LED-Lighting-3-768x900.webp 768w, https:\/\/www.chicasafurniture.com\/wp-content\/uploads\/2026\/02\/Bespoke-Nightstand-with-Leather-Drawers-LED-Lighting-3-600x703.webp 600w\" sizes=\"(max-width: 1132px) 100vw, 1132px\" \/><\/figure>\n<\/div>\n<\/div>\n\n\n\n<figure class=\"wp-block-image size-full\"><img decoding=\"async\" width=\"2048\" height=\"1173\" src=\"https:\/\/www.chicasafurniture.com\/wp-content\/uploads\/2026\/02\/Bespoke-Nightstand-with-Leather-Drawers-LED-Lighting-4.webp\" alt=\"Table de nuit sur mesure avec tiroirs en cuir et \u00e9clairage LED-4\" class=\"wp-image-506\" srcset=\"https:\/\/www.chicasafurniture.com\/wp-content\/uploads\/2026\/02\/Bespoke-Nightstand-with-Leather-Drawers-LED-Lighting-4.webp 2048w, https:\/\/www.chicasafurniture.com\/wp-content\/uploads\/2026\/02\/Bespoke-Nightstand-with-Leather-Drawers-LED-Lighting-4-300x172.webp 300w, https:\/\/www.chicasafurniture.com\/wp-content\/uploads\/2026\/02\/Bespoke-Nightstand-with-Leather-Drawers-LED-Lighting-4-768x440.webp 768w, https:\/\/www.chicasafurniture.com\/wp-content\/uploads\/2026\/02\/Bespoke-Nightstand-with-Leather-Drawers-LED-Lighting-4-1200x687.webp 1200w, https:\/\/www.chicasafurniture.com\/wp-content\/uploads\/2026\/02\/Bespoke-Nightstand-with-Leather-Drawers-LED-Lighting-4-600x344.webp 600w\" sizes=\"(max-width: 2048px) 100vw, 2048px\" \/><\/figure>","protected":false},"excerpt":{"rendered":"<p>Bienvenue sur le site d'achat de tables de nuit sur mesure. Cette table de chevet personnalis\u00e9e pr\u00e9sente des panneaux de tiroirs gain\u00e9s de cuir de haute qualit\u00e9, au toucher doux et chaud, associ\u00e9s \u00e0 un cadre m\u00e9tallique raffin\u00e9 et \u00e0 des lignes nettes et pr\u00e9cises.<\/p>\n<table style=\"border-collapse: collapse; width: 222.03pt;\" border=\"0\" width=\"222\" cellspacing=\"0\" cellpadding=\"0\">\n<tbody>\n<tr style=\"height: 15.20pt;\">\n<td class=\"et2\" style=\"height: 15.20pt; width: 81.65pt;\" width=\"81\" height=\"15\">Fabricant<\/td>\n<td class=\"et2\" style=\"width: 140.80pt;\" width=\"140\">ChiCasa<\/td>\n<\/tr>\n<tr style=\"height: 15.20pt;\">\n<td class=\"et2\" style=\"height: 15.20pt;\" height=\"15\">Cat\u00e9gorie<\/td>\n<td class=\"et2\">Table de nuit<\/td>\n<\/tr>\n<tr style=\"height: 15.20pt;\">\n<td class=\"et2\" style=\"height: 15.20pt;\" height=\"15\">Application<\/td>\n<td class=\"et2\">Chambre \u00e0 coucher<\/td>\n<\/tr>\n<tr style=\"height: 15.20pt;\">\n<td class=\"et2\" style=\"height: 15.20pt;\" height=\"15\">Style<\/td>\n<td class=\"et2\">Luxe raffin\u00e9<\/td>\n<\/tr>\n<tr style=\"height: 15.20pt;\">\n<td class=\"et2\" style=\"height: 15.20pt;\" height=\"15\">Mod\u00e8le<\/td>\n<td class=\"et2\">QMY-NS001<\/td>\n<\/tr>\n<tr style=\"height: 15.20pt;\">\n<td class=\"et2\" style=\"height: 15.20pt;\" height=\"15\">Personnalisation<\/td>\n<td class=\"et2\">Couleur, taille, mat\u00e9riau<\/td>\n<\/tr>\n<tr style=\"height: 15.20pt;\">\n<td class=\"et2\" style=\"height: 15.20pt;\" height=\"15\">MOQ<\/td>\n<td class=\"et2\">1pcs<\/td>\n<\/tr>\n<\/tbody>\n<\/table>","protected":false},"featured_media":503,"comment_status":"closed","ping_status":"closed","template":"","meta":{"_acf_changed":false},"product_brand":[],"product_cat":[18,34],"product_tag":[],"class_list":{"0":"post-502","1":"product","2":"type-product","3":"status-publish","4":"has-post-thumbnail","6":"product_cat-bespoke-bedroom-furniture","7":"product_cat-custom-nightstand","9":"first","10":"instock","11":"shipping-taxable","12":"product-type-simple"},"acf":[],"_links":{"self":[{"href":"https:\/\/www.chicasafurniture.com\/fr\/wp-json\/wp\/v2\/product\/502","targetHints":{"allow":["GET"]}}],"collection":[{"href":"https:\/\/www.chicasafurniture.com\/fr\/wp-json\/wp\/v2\/product"}],"about":[{"href":"https:\/\/www.chicasafurniture.com\/fr\/wp-json\/wp\/v2\/types\/product"}],"replies":[{"embeddable":true,"href":"https:\/\/www.chicasafurniture.com\/fr\/wp-json\/wp\/v2\/comments?post=502"}],"wp:featuredmedia":[{"embeddable":true,"href":"https:\/\/www.chicasafurniture.com\/fr\/wp-json\/wp\/v2\/media\/503"}],"wp:attachment":[{"href":"https:\/\/www.chicasafurniture.com\/fr\/wp-json\/wp\/v2\/media?parent=502"}],"wp:term":[{"taxonomy":"product_brand","embeddable":true,"href":"https:\/\/www.chicasafurniture.com\/fr\/wp-json\/wp\/v2\/product_brand?post=502"},{"taxonomy":"product_cat","embeddable":true,"href":"https:\/\/www.chicasafurniture.com\/fr\/wp-json\/wp\/v2\/product_cat?post=502"},{"taxonomy":"product_tag","embeddable":true,"href":"https:\/\/www.chicasafurniture.com\/fr\/wp-json\/wp\/v2\/product_tag?post=502"}],"curies":[{"name":"wp","href":"https:\/\/api.w.org\/{rel}","templated":true}]}}