{"id":508,"date":"2026-02-27T09:54:52","date_gmt":"2026-02-27T09:54:52","guid":{"rendered":"https:\/\/www.chicasafurniture.com\/?post_type=product&#038;p=508"},"modified":"2026-02-27T10:11:50","modified_gmt":"2026-02-27T10:11:50","slug":"custom-wood-coffee-table","status":"publish","type":"product","link":"https:\/\/www.chicasafurniture.com\/fr\/product\/custom-wood-coffee-table\/","title":{"rendered":"Table basse \u00e9l\u00e9gante en bois sur mesure avec base sculpturale en acier"},"content":{"rendered":"<h2 class=\"wp-block-heading\">Sp\u00e9cifications produit de la table basse en bois sur mesure<\/h2>\n\n\n\n<figure class=\"wp-block-table\"><table class=\"has-fixed-layout\"><tbody><tr><td>Cadre<\/td><td>Mat\u00e9riau de couverture<\/td><td>Mat\u00e9riau de remplissage<\/td><td>Jambes<\/td><td>Couleur<\/td><td>Taille<\/td><td>Poids<\/td><\/tr><tr><td>Bois massif<\/td><td>\/<\/td><td>\/<\/td><td>Bois massif<\/td><td>Sur mesure<\/td><td>Sur mesure<\/td><td>50-100kg<\/td><\/tr><\/tbody><\/table><\/figure>\n\n\n\n<div class=\"wp-block-columns is-layout-flex wp-container-core-columns-is-layout-9d6595d7 wp-block-columns-is-layout-flex\">\n<div class=\"wp-block-column is-layout-flow wp-block-column-is-layout-flow\">\n<h2 class=\"wp-block-heading\">Table basse en bois de qualit\u00e9 sup\u00e9rieure Caract\u00e9ristiques :<\/h2>\n\n\n\n<ul class=\"wp-block-list\">\n<li><strong>Bois massif Plateau de table :<\/strong> Cette table basse en bois personnalis\u00e9 est fabriqu\u00e9e \u00e0 partir de planches de bois massif de grande taille soigneusement s\u00e9lectionn\u00e9es, qui conservent leur grain et leurs n\u0153uds naturels uniques. La surface est recouverte d'une huile de cire de bois respectueuse de l'environnement, ce qui lui conf\u00e8re une sensation de chaleur et de douceur. Chaque pi\u00e8ce est une \u0153uvre d'art unique.<\/li>\n\n\n\n<li><strong>Base m\u00e9tallique sculpturale : <\/strong>La base de cette table basse sur mesure est d\u00e9coup\u00e9e et soud\u00e9e \u00e0 partir d'\u00e9paisses plaques d'acier, ce qui lui conf\u00e8re une forme g\u00e9om\u00e9trique et tridimensionnelle. La finition noire mate lui conf\u00e8re un aspect haut de gamme, et la structure est robuste avec une excellente capacit\u00e9 de charge.<\/li>\n\n\n\n<li><strong>Un dialogue visuel entre la nature et la modernit\u00e9 : <\/strong>La chaleur et la convivialit\u00e9 du bois massif de cette table basse en bois contrastent subtilement avec la froideur industrielle du m\u00e9tal, cr\u00e9ant ainsi de riches couches visuelles et un sens du dialogue dans l'espace.<\/li>\n\n\n\n<li><strong>Structure extr\u00eamement durable :<\/strong> Les structures en bois massif et en acier de cette table basse sur mesure font l'objet d'un traitement m\u00e9ticuleux, ce qui les rend r\u00e9sistantes \u00e0 l'humidit\u00e9 et aux rayures. Elles peuvent r\u00e9sister \u00e0 un usage quotidien et aux variations de temp\u00e9rature et d'humidit\u00e9, garantissant une stabilit\u00e9 \u00e0 long terme et l'absence de d\u00e9formation.<\/li>\n\n\n\n<li><strong>Pleine grandeur Personnalisation :<\/strong> Nos tables basses en bois peuvent \u00eatre personnalis\u00e9es pour s'adapter \u00e0 l'espace de votre salon, y compris la taille du plateau, le type de bois, l'\u00e9paisseur et la couleur du m\u00e9tal de base, se fondant ainsi parfaitement dans votre d\u00e9cor.<\/li>\n<\/ul>\n<\/div>\n\n\n\n<div class=\"wp-block-column is-layout-flow wp-block-column-is-layout-flow\">\n<figure class=\"wp-block-image size-full\"><img decoding=\"async\" width=\"926\" height=\"1080\" src=\"https:\/\/www.chicasafurniture.com\/wp-content\/uploads\/2026\/02\/Stylish-Custom-Wood-Coffee-Table-with-Sculptural-Steel-Base-4.webp\" alt=\"\u00c9l\u00e9gante table basse en bois sur mesure avec base sculpturale en acier-4\" class=\"wp-image-512\" srcset=\"https:\/\/www.chicasafurniture.com\/wp-content\/uploads\/2026\/02\/Stylish-Custom-Wood-Coffee-Table-with-Sculptural-Steel-Base-4.webp 926w, https:\/\/www.chicasafurniture.com\/wp-content\/uploads\/2026\/02\/Stylish-Custom-Wood-Coffee-Table-with-Sculptural-Steel-Base-4-257x300.webp 257w, https:\/\/www.chicasafurniture.com\/wp-content\/uploads\/2026\/02\/Stylish-Custom-Wood-Coffee-Table-with-Sculptural-Steel-Base-4-768x896.webp 768w, https:\/\/www.chicasafurniture.com\/wp-content\/uploads\/2026\/02\/Stylish-Custom-Wood-Coffee-Table-with-Sculptural-Steel-Base-4-600x700.webp 600w\" sizes=\"(max-width: 926px) 100vw, 926px\" \/><\/figure>\n<\/div>\n<\/div>\n\n\n\n<div class=\"wp-block-columns is-layout-flex wp-container-core-columns-is-layout-9d6595d7 wp-block-columns-is-layout-flex\">\n<div class=\"wp-block-column is-layout-flow wp-block-column-is-layout-flow\">\n<figure class=\"wp-block-image size-full\"><img decoding=\"async\" width=\"938\" height=\"1080\" src=\"https:\/\/www.chicasafurniture.com\/wp-content\/uploads\/2026\/02\/Stylish-Custom-Wood-Coffee-Table-with-Sculptural-Steel-Base-3.webp\" alt=\"\u00c9l\u00e9gante table basse en bois sur mesure avec base sculpturale en acier-3\" class=\"wp-image-511\" srcset=\"https:\/\/www.chicasafurniture.com\/wp-content\/uploads\/2026\/02\/Stylish-Custom-Wood-Coffee-Table-with-Sculptural-Steel-Base-3.webp 938w, https:\/\/www.chicasafurniture.com\/wp-content\/uploads\/2026\/02\/Stylish-Custom-Wood-Coffee-Table-with-Sculptural-Steel-Base-3-261x300.webp 261w, https:\/\/www.chicasafurniture.com\/wp-content\/uploads\/2026\/02\/Stylish-Custom-Wood-Coffee-Table-with-Sculptural-Steel-Base-3-768x884.webp 768w, https:\/\/www.chicasafurniture.com\/wp-content\/uploads\/2026\/02\/Stylish-Custom-Wood-Coffee-Table-with-Sculptural-Steel-Base-3-600x691.webp 600w\" sizes=\"(max-width: 938px) 100vw, 938px\" \/><\/figure>\n<\/div>\n\n\n\n<div class=\"wp-block-column is-layout-flow wp-block-column-is-layout-flow\">\n<figure class=\"wp-block-image size-full\"><img decoding=\"async\" width=\"926\" height=\"1080\" src=\"https:\/\/www.chicasafurniture.com\/wp-content\/uploads\/2026\/02\/Stylish-Custom-Wood-Coffee-Table-with-Sculptural-Steel-Base-2.webp\" alt=\"\u00c9l\u00e9gante table basse en bois sur mesure avec base sculpturale en acier-2\" class=\"wp-image-510\" srcset=\"https:\/\/www.chicasafurniture.com\/wp-content\/uploads\/2026\/02\/Stylish-Custom-Wood-Coffee-Table-with-Sculptural-Steel-Base-2.webp 926w, https:\/\/www.chicasafurniture.com\/wp-content\/uploads\/2026\/02\/Stylish-Custom-Wood-Coffee-Table-with-Sculptural-Steel-Base-2-257x300.webp 257w, https:\/\/www.chicasafurniture.com\/wp-content\/uploads\/2026\/02\/Stylish-Custom-Wood-Coffee-Table-with-Sculptural-Steel-Base-2-768x896.webp 768w, https:\/\/www.chicasafurniture.com\/wp-content\/uploads\/2026\/02\/Stylish-Custom-Wood-Coffee-Table-with-Sculptural-Steel-Base-2-600x700.webp 600w\" sizes=\"(max-width: 926px) 100vw, 926px\" \/><\/figure>\n<\/div>\n<\/div>","protected":false},"excerpt":{"rendered":"<p>Bienvenue sur le site d'achat de tables basses sur mesure. Cette table basse en bois sur mesure conserve les n\u0153uds et le grain d'origine du bois, associ\u00e9 \u00e0 une base en acier g\u00e9om\u00e9triquement sculpt\u00e9e. La structure robuste en m\u00e9tal mat lui conf\u00e8re une esth\u00e9tique industrielle moderne.<\/p>\n<table style=\"border-collapse: collapse; width: 222.03pt;\" border=\"0\" width=\"222\" cellspacing=\"0\" cellpadding=\"0\">\n<tbody>\n<tr style=\"height: 15.20pt;\">\n<td class=\"et2\" style=\"height: 15.20pt; width: 81.65pt;\" width=\"81\" height=\"15\">Fabricant<\/td>\n<td class=\"et2\" style=\"width: 140.80pt;\" width=\"140\">ChiCasa<\/td>\n<\/tr>\n<tr style=\"height: 15.20pt;\">\n<td class=\"et2\" style=\"height: 15.20pt;\" height=\"15\">Cat\u00e9gorie<\/td>\n<td class=\"et2\">Table basse<\/td>\n<\/tr>\n<tr style=\"height: 15.20pt;\">\n<td class=\"et2\" style=\"height: 15.20pt;\" height=\"15\">Application<\/td>\n<td class=\"et2\">Salle de s\u00e9jour<\/td>\n<\/tr>\n<tr style=\"height: 15.20pt;\">\n<td class=\"et2\" style=\"height: 15.20pt;\" height=\"15\">Style<\/td>\n<td class=\"et2\">Minimaliste<\/td>\n<\/tr>\n<tr style=\"height: 15.20pt;\">\n<td class=\"et2\" style=\"height: 15.20pt;\" height=\"15\">Mod\u00e8le<\/td>\n<td class=\"et2\">QMY-CT001<\/td>\n<\/tr>\n<tr style=\"height: 15.20pt;\">\n<td class=\"et2\" style=\"height: 15.20pt;\" height=\"15\">Personnalisation<\/td>\n<td class=\"et2\">Couleur, taille, mat\u00e9riau<\/td>\n<\/tr>\n<tr style=\"height: 15.20pt;\">\n<td class=\"et2\" style=\"height: 15.20pt;\" height=\"15\">MOQ<\/td>\n<td class=\"et2\">1pcs<\/td>\n<\/tr>\n<\/tbody>\n<\/table>","protected":false},"featured_media":509,"comment_status":"closed","ping_status":"closed","template":"","meta":{"_acf_changed":false},"product_brand":[],"product_cat":[16,24],"product_tag":[],"class_list":{"0":"post-508","1":"product","2":"type-product","3":"status-publish","4":"has-post-thumbnail","6":"product_cat-bespoke-living-room-furniture","7":"product_cat-bespoke-coffee-table","9":"first","10":"instock","11":"shipping-taxable","12":"product-type-simple"},"acf":[],"_links":{"self":[{"href":"https:\/\/www.chicasafurniture.com\/fr\/wp-json\/wp\/v2\/product\/508","targetHints":{"allow":["GET"]}}],"collection":[{"href":"https:\/\/www.chicasafurniture.com\/fr\/wp-json\/wp\/v2\/product"}],"about":[{"href":"https:\/\/www.chicasafurniture.com\/fr\/wp-json\/wp\/v2\/types\/product"}],"replies":[{"embeddable":true,"href":"https:\/\/www.chicasafurniture.com\/fr\/wp-json\/wp\/v2\/comments?post=508"}],"wp:featuredmedia":[{"embeddable":true,"href":"https:\/\/www.chicasafurniture.com\/fr\/wp-json\/wp\/v2\/media\/509"}],"wp:attachment":[{"href":"https:\/\/www.chicasafurniture.com\/fr\/wp-json\/wp\/v2\/media?parent=508"}],"wp:term":[{"taxonomy":"product_brand","embeddable":true,"href":"https:\/\/www.chicasafurniture.com\/fr\/wp-json\/wp\/v2\/product_brand?post=508"},{"taxonomy":"product_cat","embeddable":true,"href":"https:\/\/www.chicasafurniture.com\/fr\/wp-json\/wp\/v2\/product_cat?post=508"},{"taxonomy":"product_tag","embeddable":true,"href":"https:\/\/www.chicasafurniture.com\/fr\/wp-json\/wp\/v2\/product_tag?post=508"}],"curies":[{"name":"wp","href":"https:\/\/api.w.org\/{rel}","templated":true}]}}