{"id":574,"date":"2026-02-28T00:54:17","date_gmt":"2026-02-28T00:54:17","guid":{"rendered":"https:\/\/www.chicasafurniture.com\/?post_type=product&#038;p=574"},"modified":"2026-02-28T01:22:22","modified_gmt":"2026-02-28T01:22:22","slug":"custom-king-size-bed","status":"publish","type":"product","link":"https:\/\/www.chicasafurniture.com\/fr\/product\/custom-king-size-bed\/","title":{"rendered":"Lit King Size sur mesure avec t\u00eate de lit rembourr\u00e9e en tissu doux"},"content":{"rendered":"<h2 class=\"wp-block-heading\">Sp\u00e9cifications produit du lit king size sur mesure<\/h2>\n\n\n\n<figure class=\"wp-block-table\"><table class=\"has-fixed-layout\"><tbody><tr><td>Cadre<\/td><td>Mat\u00e9riau de couverture<\/td><td>Mat\u00e9riau de remplissage<\/td><td>Jambes<\/td><td>Couleur<\/td><td>Taille<\/td><td>Poids<\/td><\/tr><tr><td>Bois massif<\/td><td>Tissu<\/td><td>\u00c9ponge haute densit\u00e9<\/td><td>\/<\/td><td>Sur mesure<\/td><td>TAILLE KING<\/td><td>90-120kg<\/td><\/tr><\/tbody><\/table><\/figure>\n\n\n\n<div class=\"wp-block-columns is-layout-flex wp-container-core-columns-is-layout-9d6595d7 wp-block-columns-is-layout-flex\">\n<div class=\"wp-block-column is-layout-flow wp-block-column-is-layout-flow\">\n<h2 class=\"wp-block-heading\">Premium Custom King Size Bed Features :<\/h2>\n\n\n\n<ul class=\"wp-block-list\">\n<li><strong>Cadre en bois massif robuste :<\/strong> Ce lit king size personnalis\u00e9 est dot\u00e9 d'un cadre en bois massif de haute qualit\u00e9, offrant une forte capacit\u00e9 de charge, une grande durabilit\u00e9 et un soutien solide pour garantir qu'il reste stable et ne se d\u00e9forme pas au fil du temps.<\/li>\n\n\n\n<li><strong>Rembourrage en mousse r\u00e9siliente haute densit\u00e9 :<\/strong> La t\u00eate de lit et les bords de ce lit sur mesure sont remplis de mousse r\u00e9siliente de haute densit\u00e9, offrant un excellent soutien lombaire et cervical tout en conservant sa forme compl\u00e8te et en \u00e9vitant l'affaissement.<\/li>\n\n\n\n<li><strong>Tissu de qualit\u00e9 sup\u00e9rieure : <\/strong>Ce lit king size personnalis\u00e9 est fabriqu\u00e9 \u00e0 partir d'un tissu de haute qualit\u00e9 soigneusement s\u00e9lectionn\u00e9, dot\u00e9 d'une texture fine, d'une excellente respirabilit\u00e9, d'un toucher doux et agr\u00e9able, d'une bonne r\u00e9sistance \u00e0 l'usure et au froissement, ce qui le rend facile d'entretien.<\/li>\n\n\n\n<li><strong>Design flottant minimaliste :<\/strong> Le lit bas unique et la large t\u00eate de lit cr\u00e9ent un effet de flottement. Ce lit king size personnalis\u00e9 non seulement allonge visuellement la pi\u00e8ce, mais conf\u00e8re \u00e9galement \u00e0 la chambre \u00e0 coucher une esth\u00e9tique moderne, tranquille et spacieuse.<\/li>\n\n\n\n<li><strong>Service complet de personnalisation :<\/strong> Nos lits sur mesure sont compatibles avec la taille KING et d'autres tailles, avec une vari\u00e9t\u00e9 de couleurs de tissu au choix, s'adaptant parfaitement \u00e0 l'espace de votre chambre \u00e0 coucher et \u00e0 votre style de d\u00e9coration.<\/li>\n<\/ul>\n<\/div>\n\n\n\n<div class=\"wp-block-column is-layout-flow wp-block-column-is-layout-flow\">\n<figure class=\"wp-block-image size-full\"><img decoding=\"async\" width=\"926\" height=\"1080\" src=\"https:\/\/www.chicasafurniture.com\/wp-content\/uploads\/2026\/02\/Custom-King-Size-Bed-with-Soft-Fabric-Upholstered-Headboard-3.webp\" alt=\"Lit King Size sur mesure avec t\u00eate de lit rembourr\u00e9e en tissu doux-3\" class=\"wp-image-577\" srcset=\"https:\/\/www.chicasafurniture.com\/wp-content\/uploads\/2026\/02\/Custom-King-Size-Bed-with-Soft-Fabric-Upholstered-Headboard-3.webp 926w, https:\/\/www.chicasafurniture.com\/wp-content\/uploads\/2026\/02\/Custom-King-Size-Bed-with-Soft-Fabric-Upholstered-Headboard-3-257x300.webp 257w, https:\/\/www.chicasafurniture.com\/wp-content\/uploads\/2026\/02\/Custom-King-Size-Bed-with-Soft-Fabric-Upholstered-Headboard-3-768x896.webp 768w, https:\/\/www.chicasafurniture.com\/wp-content\/uploads\/2026\/02\/Custom-King-Size-Bed-with-Soft-Fabric-Upholstered-Headboard-3-600x700.webp 600w\" sizes=\"(max-width: 926px) 100vw, 926px\" \/><\/figure>\n<\/div>\n<\/div>\n\n\n\n<figure class=\"wp-block-image size-full\"><img decoding=\"async\" width=\"1920\" height=\"1080\" src=\"https:\/\/www.chicasafurniture.com\/wp-content\/uploads\/2026\/02\/Custom-King-Size-Bed-with-Soft-Fabric-Upholstered-Headboard-4.webp\" alt=\"Lit King Size sur mesure avec t\u00eate de lit rembourr\u00e9e en tissu doux-4\" class=\"wp-image-578\" srcset=\"https:\/\/www.chicasafurniture.com\/wp-content\/uploads\/2026\/02\/Custom-King-Size-Bed-with-Soft-Fabric-Upholstered-Headboard-4.webp 1920w, https:\/\/www.chicasafurniture.com\/wp-content\/uploads\/2026\/02\/Custom-King-Size-Bed-with-Soft-Fabric-Upholstered-Headboard-4-300x169.webp 300w, https:\/\/www.chicasafurniture.com\/wp-content\/uploads\/2026\/02\/Custom-King-Size-Bed-with-Soft-Fabric-Upholstered-Headboard-4-768x432.webp 768w, https:\/\/www.chicasafurniture.com\/wp-content\/uploads\/2026\/02\/Custom-King-Size-Bed-with-Soft-Fabric-Upholstered-Headboard-4-1200x675.webp 1200w, https:\/\/www.chicasafurniture.com\/wp-content\/uploads\/2026\/02\/Custom-King-Size-Bed-with-Soft-Fabric-Upholstered-Headboard-4-600x338.webp 600w\" sizes=\"(max-width: 1920px) 100vw, 1920px\" \/><\/figure>","protected":false},"excerpt":{"rendered":"<p>Bienvenue sur le site d'achat de mobilier de chambre \u00e0 coucher sur mesure. Ce lit king size sur mesure red\u00e9finit l'exp\u00e9rience de la chambre \u00e0 coucher moderne avec son design flottant minimaliste et son confort exceptionnel.<\/p>\n<table style=\"border-collapse: collapse; width: 222.03pt;\" border=\"0\" width=\"222\" cellspacing=\"0\" cellpadding=\"0\">\n<tbody>\n<tr style=\"height: 15.20pt;\">\n<td class=\"et2\" style=\"height: 15.20pt; width: 81.65pt;\" width=\"81\" height=\"15\">Fabricant<\/td>\n<td class=\"et2\" style=\"width: 140.80pt;\" width=\"140\">ChiCasa<\/td>\n<\/tr>\n<tr style=\"height: 15.20pt;\">\n<td class=\"et2\" style=\"height: 15.20pt;\" height=\"15\">Cat\u00e9gorie<\/td>\n<td class=\"et2\">Lit<\/td>\n<\/tr>\n<tr style=\"height: 15.20pt;\">\n<td class=\"et2\" style=\"height: 15.20pt;\" height=\"15\">Application<\/td>\n<td class=\"et2\">Chambre \u00e0 coucher<\/td>\n<\/tr>\n<tr style=\"height: 15.20pt;\">\n<td class=\"et2\" style=\"height: 15.20pt;\" height=\"15\">Style<\/td>\n<td class=\"et2\">Minimaliste<\/td>\n<\/tr>\n<tr style=\"height: 15.20pt;\">\n<td class=\"et2\" style=\"height: 15.20pt;\" height=\"15\">Mod\u00e8le<\/td>\n<td class=\"et2\">QMY-BE001<\/td>\n<\/tr>\n<tr style=\"height: 15.20pt;\">\n<td class=\"et2\" style=\"height: 15.20pt;\" height=\"15\">Personnalisation<\/td>\n<td class=\"et2\">Couleur, taille, mat\u00e9riau<\/td>\n<\/tr>\n<tr style=\"height: 15.20pt;\">\n<td class=\"et2\" style=\"height: 15.20pt;\" height=\"15\">MOQ<\/td>\n<td class=\"et2\">1pcs<\/td>\n<\/tr>\n<\/tbody>\n<\/table>","protected":false},"featured_media":575,"comment_status":"closed","ping_status":"closed","template":"","meta":{"_acf_changed":false},"product_brand":[],"product_cat":[18,33],"product_tag":[],"class_list":{"0":"post-574","1":"product","2":"type-product","3":"status-publish","4":"has-post-thumbnail","6":"product_cat-bespoke-bedroom-furniture","7":"product_cat-custom-beds-manufacturer","9":"first","10":"instock","11":"shipping-taxable","12":"product-type-simple"},"acf":[],"_links":{"self":[{"href":"https:\/\/www.chicasafurniture.com\/fr\/wp-json\/wp\/v2\/product\/574","targetHints":{"allow":["GET"]}}],"collection":[{"href":"https:\/\/www.chicasafurniture.com\/fr\/wp-json\/wp\/v2\/product"}],"about":[{"href":"https:\/\/www.chicasafurniture.com\/fr\/wp-json\/wp\/v2\/types\/product"}],"replies":[{"embeddable":true,"href":"https:\/\/www.chicasafurniture.com\/fr\/wp-json\/wp\/v2\/comments?post=574"}],"wp:featuredmedia":[{"embeddable":true,"href":"https:\/\/www.chicasafurniture.com\/fr\/wp-json\/wp\/v2\/media\/575"}],"wp:attachment":[{"href":"https:\/\/www.chicasafurniture.com\/fr\/wp-json\/wp\/v2\/media?parent=574"}],"wp:term":[{"taxonomy":"product_brand","embeddable":true,"href":"https:\/\/www.chicasafurniture.com\/fr\/wp-json\/wp\/v2\/product_brand?post=574"},{"taxonomy":"product_cat","embeddable":true,"href":"https:\/\/www.chicasafurniture.com\/fr\/wp-json\/wp\/v2\/product_cat?post=574"},{"taxonomy":"product_tag","embeddable":true,"href":"https:\/\/www.chicasafurniture.com\/fr\/wp-json\/wp\/v2\/product_tag?post=574"}],"curies":[{"name":"wp","href":"https:\/\/api.w.org\/{rel}","templated":true}]}}