{"id":579,"date":"2026-02-28T01:23:28","date_gmt":"2026-02-28T01:23:28","guid":{"rendered":"https:\/\/www.chicasafurniture.com\/?post_type=product&#038;p=579"},"modified":"2026-02-28T01:39:55","modified_gmt":"2026-02-28T01:39:55","slug":"custom-bed","status":"publish","type":"product","link":"https:\/\/www.chicasafurniture.com\/fr\/product\/custom-bed\/","title":{"rendered":"Lit sur mesure sculptural en bois avec rev\u00eatement en tissu pelucheux"},"content":{"rendered":"<h2 class=\"wp-block-heading\">Sp\u00e9cifications produit du lit sur mesure<\/h2>\n\n\n\n<figure class=\"wp-block-table\"><table class=\"has-fixed-layout\"><tbody><tr><td>Cadre<\/td><td>Mat\u00e9riau de couverture<\/td><td>Mat\u00e9riau de remplissage<\/td><td>Jambes<\/td><td>Couleur<\/td><td>Taille<\/td><td>Poids<\/td><\/tr><tr><td>Bois massif<\/td><td>Tissu<\/td><td>\u00c9ponge haute densit\u00e9<\/td><td>\/<\/td><td>Sur mesure<\/td><td>TAILLE KING<\/td><td>90-120kg<\/td><\/tr><\/tbody><\/table><\/figure>\n\n\n\n<div class=\"wp-block-columns is-layout-flex wp-container-core-columns-is-layout-9d6595d7 wp-block-columns-is-layout-flex\">\n<div class=\"wp-block-column is-layout-flow wp-block-column-is-layout-flow\">\n<h2 class=\"wp-block-heading\">Caract\u00e9ristiques du lit Premium Custom :<\/h2>\n\n\n\n<ul class=\"wp-block-list\">\n<li><strong>Pieds sculpturaux en bois massif : <\/strong>Ce lit sur mesure se caract\u00e9rise par des pieds en bois massif en forme de Y ou de forme organique, aux lignes \u00e9l\u00e9gantes et fluides, qui ressemblent \u00e0 une \u0153uvre d'art sculpturale ind\u00e9pendante. Il rompt avec l'image rigide des lits traditionnels, ce qui le rend tr\u00e8s distinctif sur le plan visuel.<\/li>\n\n\n\n<li><strong>Rembourrage en mousse haute densit\u00e9 : <\/strong>La t\u00eate de lit et les bords de ce lit sur mesure sont remplis de mousse r\u00e9siliente de haute densit\u00e9, offrant une fermet\u00e9 mod\u00e9r\u00e9e et soutenant efficacement la t\u00eate et le bas du dos pour une exp\u00e9rience de sommeil confortable de longue dur\u00e9e. Elle est \u00e9galement r\u00e9sistante \u00e0 la d\u00e9formation et \u00e0 l'affaissement.<\/li>\n\n\n\n<li><strong>Tissu de qualit\u00e9 sup\u00e9rieure :<\/strong> Notre lit sur mesure utilise des tissus de haute qualit\u00e9 soigneusement s\u00e9lectionn\u00e9s, avec des textures fines et riches, un toucher doux et chaud, et une excellente respirabilit\u00e9. Cela permet non seulement d'am\u00e9liorer le confort de la chambre \u00e0 coucher, mais aussi de la rendre facile \u00e0 nettoyer et \u00e0 entretenir.<\/li>\n\n\n\n<li><strong>Cadre en bois massif robuste :<\/strong> Ce lit sur mesure est dot\u00e9 d'un cadre en bois massif robuste, offrant une grande capacit\u00e9 de charge et une grande stabilit\u00e9 structurelle. Il offre un support solide au cadre de lit souple, garantissant ainsi la s\u00e9curit\u00e9 et la durabilit\u00e9 pour une utilisation \u00e0 long terme.<\/li>\n\n\n\n<li><strong>Service de personnalisation compl\u00e8te :<\/strong> Nos lits sur mesure sont disponibles en taille KING et dans d'autres tailles, avec une s\u00e9lection de couleurs de tissu (beige, bordeaux, gris, etc.) pour s'adapter parfaitement \u00e0 l'espace de votre chambre \u00e0 coucher et \u00e0 vos besoins esth\u00e9tiques personnels.<\/li>\n<\/ul>\n<\/div>\n\n\n\n<div class=\"wp-block-column is-layout-flow wp-block-column-is-layout-flow\">\n<figure class=\"wp-block-image size-full\"><img decoding=\"async\" width=\"834\" height=\"989\" src=\"https:\/\/www.chicasafurniture.com\/wp-content\/uploads\/2026\/02\/Sculptural-Wood-Leg-Custom-Bed-with-Plush-Fabric-Upholstery-3.webp\" alt=\"Lit sur mesure sculptural en bois avec rembourrage en tissu pelucheux-3\" class=\"wp-image-582\" srcset=\"https:\/\/www.chicasafurniture.com\/wp-content\/uploads\/2026\/02\/Sculptural-Wood-Leg-Custom-Bed-with-Plush-Fabric-Upholstery-3.webp 834w, https:\/\/www.chicasafurniture.com\/wp-content\/uploads\/2026\/02\/Sculptural-Wood-Leg-Custom-Bed-with-Plush-Fabric-Upholstery-3-253x300.webp 253w, https:\/\/www.chicasafurniture.com\/wp-content\/uploads\/2026\/02\/Sculptural-Wood-Leg-Custom-Bed-with-Plush-Fabric-Upholstery-3-768x911.webp 768w, https:\/\/www.chicasafurniture.com\/wp-content\/uploads\/2026\/02\/Sculptural-Wood-Leg-Custom-Bed-with-Plush-Fabric-Upholstery-3-600x712.webp 600w\" sizes=\"(max-width: 834px) 100vw, 834px\" \/><\/figure>\n<\/div>\n<\/div>\n\n\n\n<figure class=\"wp-block-image size-full\"><img decoding=\"async\" width=\"1920\" height=\"1080\" src=\"https:\/\/www.chicasafurniture.com\/wp-content\/uploads\/2026\/02\/Sculptural-Wood-Leg-Custom-Bed-with-Plush-Fabric-Upholstery-2.webp\" alt=\"Lit sur mesure sculptural en bois avec rembourrage en tissu pelucheux-2\" class=\"wp-image-581\" srcset=\"https:\/\/www.chicasafurniture.com\/wp-content\/uploads\/2026\/02\/Sculptural-Wood-Leg-Custom-Bed-with-Plush-Fabric-Upholstery-2.webp 1920w, https:\/\/www.chicasafurniture.com\/wp-content\/uploads\/2026\/02\/Sculptural-Wood-Leg-Custom-Bed-with-Plush-Fabric-Upholstery-2-300x169.webp 300w, https:\/\/www.chicasafurniture.com\/wp-content\/uploads\/2026\/02\/Sculptural-Wood-Leg-Custom-Bed-with-Plush-Fabric-Upholstery-2-768x432.webp 768w, https:\/\/www.chicasafurniture.com\/wp-content\/uploads\/2026\/02\/Sculptural-Wood-Leg-Custom-Bed-with-Plush-Fabric-Upholstery-2-1200x675.webp 1200w, https:\/\/www.chicasafurniture.com\/wp-content\/uploads\/2026\/02\/Sculptural-Wood-Leg-Custom-Bed-with-Plush-Fabric-Upholstery-2-600x338.webp 600w\" sizes=\"(max-width: 1920px) 100vw, 1920px\" \/><\/figure>","protected":false},"excerpt":{"rendered":"<p>Bienvenue sur le site d'achat de meubles de chambre \u00e0 coucher sur mesure. Ce lit personnalis\u00e9 est dot\u00e9 d'un rembourrage en mousse haute densit\u00e9 et est recouvert d'un tissu doux, offrant une sensation d\u00e9licate et agr\u00e9able pour la peau. Il offre un soutien doux comme un nuage et cr\u00e9e une atmosph\u00e8re de sommeil tranquille et confortable.<\/p>\n<table style=\"border-collapse: collapse; width: 222.03pt;\" border=\"0\" width=\"222\" cellspacing=\"0\" cellpadding=\"0\">\n<tbody>\n<tr style=\"height: 15.20pt;\">\n<td class=\"et2\" style=\"height: 15.20pt; width: 81.65pt;\" width=\"81\" height=\"15\">Fabricant<\/td>\n<td class=\"et2\" style=\"width: 140.80pt;\" width=\"140\">ChiCasa<\/td>\n<\/tr>\n<tr style=\"height: 15.20pt;\">\n<td class=\"et2\" style=\"height: 15.20pt;\" height=\"15\">Cat\u00e9gorie<\/td>\n<td class=\"et2\">Lit<\/td>\n<\/tr>\n<tr style=\"height: 15.20pt;\">\n<td class=\"et2\" style=\"height: 15.20pt;\" height=\"15\">Application<\/td>\n<td class=\"et2\">Chambre \u00e0 coucher<\/td>\n<\/tr>\n<tr style=\"height: 15.20pt;\">\n<td class=\"et2\" style=\"height: 15.20pt;\" height=\"15\">Style<\/td>\n<td class=\"et2\">Minimaliste<\/td>\n<\/tr>\n<tr style=\"height: 15.20pt;\">\n<td class=\"et2\" style=\"height: 15.20pt;\" height=\"15\">Mod\u00e8le<\/td>\n<td class=\"et2\">QMY-BE002<\/td>\n<\/tr>\n<tr style=\"height: 15.20pt;\">\n<td class=\"et2\" style=\"height: 15.20pt;\" height=\"15\">Personnalisation<\/td>\n<td class=\"et2\">Couleur, taille, mat\u00e9riau<\/td>\n<\/tr>\n<tr style=\"height: 15.20pt;\">\n<td class=\"et2\" style=\"height: 15.20pt;\" height=\"15\">MOQ<\/td>\n<td class=\"et2\">1pcs<\/td>\n<\/tr>\n<\/tbody>\n<\/table>","protected":false},"featured_media":580,"comment_status":"closed","ping_status":"closed","template":"","meta":{"_acf_changed":false},"product_brand":[],"product_cat":[18,33],"product_tag":[],"class_list":{"0":"post-579","1":"product","2":"type-product","3":"status-publish","4":"has-post-thumbnail","6":"product_cat-bespoke-bedroom-furniture","7":"product_cat-custom-beds-manufacturer","9":"first","10":"instock","11":"shipping-taxable","12":"product-type-simple"},"acf":[],"_links":{"self":[{"href":"https:\/\/www.chicasafurniture.com\/fr\/wp-json\/wp\/v2\/product\/579","targetHints":{"allow":["GET"]}}],"collection":[{"href":"https:\/\/www.chicasafurniture.com\/fr\/wp-json\/wp\/v2\/product"}],"about":[{"href":"https:\/\/www.chicasafurniture.com\/fr\/wp-json\/wp\/v2\/types\/product"}],"replies":[{"embeddable":true,"href":"https:\/\/www.chicasafurniture.com\/fr\/wp-json\/wp\/v2\/comments?post=579"}],"wp:featuredmedia":[{"embeddable":true,"href":"https:\/\/www.chicasafurniture.com\/fr\/wp-json\/wp\/v2\/media\/580"}],"wp:attachment":[{"href":"https:\/\/www.chicasafurniture.com\/fr\/wp-json\/wp\/v2\/media?parent=579"}],"wp:term":[{"taxonomy":"product_brand","embeddable":true,"href":"https:\/\/www.chicasafurniture.com\/fr\/wp-json\/wp\/v2\/product_brand?post=579"},{"taxonomy":"product_cat","embeddable":true,"href":"https:\/\/www.chicasafurniture.com\/fr\/wp-json\/wp\/v2\/product_cat?post=579"},{"taxonomy":"product_tag","embeddable":true,"href":"https:\/\/www.chicasafurniture.com\/fr\/wp-json\/wp\/v2\/product_tag?post=579"}],"curies":[{"name":"wp","href":"https:\/\/api.w.org\/{rel}","templated":true}]}}