{"id":584,"date":"2026-02-28T01:40:19","date_gmt":"2026-02-28T01:40:19","guid":{"rendered":"https:\/\/www.chicasafurniture.com\/?post_type=product&#038;p=584"},"modified":"2026-02-28T02:10:41","modified_gmt":"2026-02-28T02:10:41","slug":"customized-beds","status":"publish","type":"product","link":"https:\/\/www.chicasafurniture.com\/fr\/product\/customized-beds\/","title":{"rendered":"Lits personnalis\u00e9s minimalistes avec design en tissu doux et douillet"},"content":{"rendered":"<h2 class=\"wp-block-heading\">Sp\u00e9cifications des produits des lits sur mesure<\/h2>\n\n\n\n<figure class=\"wp-block-table\"><table class=\"has-fixed-layout\"><tbody><tr><td>Cadre<\/td><td>Mat\u00e9riau de couverture<\/td><td>Mat\u00e9riau de remplissage<\/td><td>Jambes<\/td><td>Couleur<\/td><td>Taille<\/td><td>Poids<\/td><\/tr><tr><td>Bois massif<\/td><td>Tissu<\/td><td>\u00c9ponge haute densit\u00e9<\/td><td>\/<\/td><td>Sur mesure<\/td><td>TAILLE KING<\/td><td>90-120kg<\/td><\/tr><\/tbody><\/table><\/figure>\n\n\n\n<div class=\"wp-block-columns is-layout-flex wp-container-core-columns-is-layout-9d6595d7 wp-block-columns-is-layout-flex\">\n<div class=\"wp-block-column is-layout-flow wp-block-column-is-layout-flow\">\n<h2 class=\"wp-block-heading\">Lits personnalis\u00e9s de qualit\u00e9 sup\u00e9rieure Caract\u00e9ristiques :<\/h2>\n\n\n\n<ul class=\"wp-block-list\">\n<li><strong>Minimalisme et lignes douces : <\/strong>Nos lits personnalis\u00e9s pr\u00e9sentent des formes arrondies et pleines. Ni la t\u00eate de lit ni les bords n'ont d'angles vifs ; ce design incurv\u00e9 r\u00e9duit visuellement le sentiment d'enfermement dans l'espace, cr\u00e9ant un sentiment chaleureux et s\u00e9curisant d'\u00eatre entour\u00e9.<\/li>\n\n\n\n<li><strong>Chaud et doux Rembourrage : <\/strong>Ce lit sur mesure utilise une grande surface de tissu finement textur\u00e9 (ressemblant \u00e0 la mati\u00e8re polaire boucl\u00e9e actuellement en vogue). Ce tissu d\u00e9gage une atmosph\u00e8re chaude et moelleuse qui donne imm\u00e9diatement envie de s'allonger.<\/li>\n\n\n\n<li><strong>La texture rugueuse du bois : <\/strong>Nos lits personnalis\u00e9s int\u00e8grent astucieusement du bois fonc\u00e9 dans la base et les articulations. Le grain prononc\u00e9 du bois contraste fortement avec la douceur du tissu, cr\u00e9ant un \u00e9quilibre harmonieux qui rehausse la sophistication de l'ensemble et \u00e9vite la monotonie qui peut r\u00e9sulter d'un design enti\u00e8rement rembourr\u00e9.<\/li>\n\n\n\n<li><strong>Conception \u00e0 centre de gravit\u00e9 bas : <\/strong>La structure basse de ce lit sur mesure s'aligne non seulement sur l'esth\u00e9tique des maisons modernes et augmente la sensation d'espace, mais d\u00e9gage \u00e9galement un style d\u00e9contract\u00e9 et relaxant, ce qui le rend parfait pour cr\u00e9er un espace de repos tranquille.<\/li>\n<\/ul>\n<\/div>\n\n\n\n<div class=\"wp-block-column is-layout-flow wp-block-column-is-layout-flow\">\n<figure class=\"wp-block-image size-full\"><img decoding=\"async\" width=\"1233\" height=\"1644\" src=\"https:\/\/www.chicasafurniture.com\/wp-content\/uploads\/2026\/02\/Minimalist-Customized-Beds-with-Cozy-Soft-Fabric-Design-4.webp\" alt=\"Lits personnalis\u00e9s minimalistes avec tissu doux et confortable Design-4\" class=\"wp-image-588\" srcset=\"https:\/\/www.chicasafurniture.com\/wp-content\/uploads\/2026\/02\/Minimalist-Customized-Beds-with-Cozy-Soft-Fabric-Design-4.webp 1233w, https:\/\/www.chicasafurniture.com\/wp-content\/uploads\/2026\/02\/Minimalist-Customized-Beds-with-Cozy-Soft-Fabric-Design-4-225x300.webp 225w, https:\/\/www.chicasafurniture.com\/wp-content\/uploads\/2026\/02\/Minimalist-Customized-Beds-with-Cozy-Soft-Fabric-Design-4-768x1024.webp 768w, https:\/\/www.chicasafurniture.com\/wp-content\/uploads\/2026\/02\/Minimalist-Customized-Beds-with-Cozy-Soft-Fabric-Design-4-1200x1600.webp 1200w, https:\/\/www.chicasafurniture.com\/wp-content\/uploads\/2026\/02\/Minimalist-Customized-Beds-with-Cozy-Soft-Fabric-Design-4-600x800.webp 600w\" sizes=\"(max-width: 1233px) 100vw, 1233px\" \/><\/figure>\n<\/div>\n<\/div>\n\n\n\n<div class=\"wp-block-columns are-vertically-aligned-center is-layout-flex wp-container-core-columns-is-layout-9d6595d7 wp-block-columns-is-layout-flex\">\n<div class=\"wp-block-column is-vertically-aligned-center is-layout-flow wp-block-column-is-layout-flow\">\n<figure class=\"wp-block-image size-full\"><img decoding=\"async\" width=\"1200\" height=\"800\" src=\"https:\/\/www.chicasafurniture.com\/wp-content\/uploads\/2026\/02\/Minimalist-Customized-Beds-with-Cozy-Soft-Fabric-Design-2.webp\" alt=\"Lits personnalis\u00e9s minimalistes avec tissu doux et confortable Design-2\" class=\"wp-image-586\" srcset=\"https:\/\/www.chicasafurniture.com\/wp-content\/uploads\/2026\/02\/Minimalist-Customized-Beds-with-Cozy-Soft-Fabric-Design-2.webp 1200w, https:\/\/www.chicasafurniture.com\/wp-content\/uploads\/2026\/02\/Minimalist-Customized-Beds-with-Cozy-Soft-Fabric-Design-2-300x200.webp 300w, https:\/\/www.chicasafurniture.com\/wp-content\/uploads\/2026\/02\/Minimalist-Customized-Beds-with-Cozy-Soft-Fabric-Design-2-768x512.webp 768w, https:\/\/www.chicasafurniture.com\/wp-content\/uploads\/2026\/02\/Minimalist-Customized-Beds-with-Cozy-Soft-Fabric-Design-2-600x400.webp 600w\" sizes=\"(max-width: 1200px) 100vw, 1200px\" \/><\/figure>\n<\/div>\n\n\n\n<div class=\"wp-block-column is-vertically-aligned-center is-layout-flow wp-block-column-is-layout-flow\">\n<figure class=\"wp-block-image size-full\"><img decoding=\"async\" width=\"1200\" height=\"901\" src=\"https:\/\/www.chicasafurniture.com\/wp-content\/uploads\/2026\/02\/Minimalist-Customized-Beds-with-Cozy-Soft-Fabric-Design-3.webp\" alt=\"Lits personnalis\u00e9s minimalistes avec tissu doux et confortable Design-3\" class=\"wp-image-587\" srcset=\"https:\/\/www.chicasafurniture.com\/wp-content\/uploads\/2026\/02\/Minimalist-Customized-Beds-with-Cozy-Soft-Fabric-Design-3.webp 1200w, https:\/\/www.chicasafurniture.com\/wp-content\/uploads\/2026\/02\/Minimalist-Customized-Beds-with-Cozy-Soft-Fabric-Design-3-300x225.webp 300w, https:\/\/www.chicasafurniture.com\/wp-content\/uploads\/2026\/02\/Minimalist-Customized-Beds-with-Cozy-Soft-Fabric-Design-3-768x577.webp 768w, https:\/\/www.chicasafurniture.com\/wp-content\/uploads\/2026\/02\/Minimalist-Customized-Beds-with-Cozy-Soft-Fabric-Design-3-600x451.webp 600w\" sizes=\"(max-width: 1200px) 100vw, 1200px\" \/><\/figure>\n<\/div>\n<\/div>","protected":false},"excerpt":{"rendered":"<p>Bienvenue pour commander notre lit sur mesure. Nos lits sur mesure red\u00e9finissent le confort et l'esth\u00e9tique de la chambre \u00e0 coucher moderne gr\u00e2ce \u00e0 leurs courbes \u00e9l\u00e9gantes et organiques et \u00e0 leurs mat\u00e9riaux chauds et accueillants. Le design incurv\u00e9 int\u00e9gr\u00e9 du cadre de lit et de la t\u00eate de lit cr\u00e9e une sensation tr\u00e8s enveloppante, comme si vous flottiez sur des nuages.<\/p>\n<table style=\"border-collapse: collapse; width: 222.03pt;\" border=\"0\" width=\"222\" cellspacing=\"0\" cellpadding=\"0\">\n<tbody>\n<tr style=\"height: 15.20pt;\">\n<td class=\"et2\" style=\"height: 15.20pt; width: 81.65pt;\" width=\"81\" height=\"15\">Fabricant<\/td>\n<td class=\"et2\" style=\"width: 140.80pt;\" width=\"140\">ChiCasa<\/td>\n<\/tr>\n<tr style=\"height: 15.20pt;\">\n<td class=\"et2\" style=\"height: 15.20pt;\" height=\"15\">Cat\u00e9gorie<\/td>\n<td class=\"et2\">Lit<\/td>\n<\/tr>\n<tr style=\"height: 15.20pt;\">\n<td class=\"et2\" style=\"height: 15.20pt;\" height=\"15\">Application<\/td>\n<td class=\"et2\">Chambre \u00e0 coucher<\/td>\n<\/tr>\n<tr style=\"height: 15.20pt;\">\n<td class=\"et2\" style=\"height: 15.20pt;\" height=\"15\">Style<\/td>\n<td class=\"et2\">Minimaliste<\/td>\n<\/tr>\n<tr style=\"height: 15.20pt;\">\n<td class=\"et2\" style=\"height: 15.20pt;\" height=\"15\">Mod\u00e8le<\/td>\n<td class=\"et2\">QMY-BE003<\/td>\n<\/tr>\n<tr style=\"height: 15.20pt;\">\n<td class=\"et2\" style=\"height: 15.20pt;\" height=\"15\">Personnalisation<\/td>\n<td class=\"et2\">Couleur, taille, mat\u00e9riau<\/td>\n<\/tr>\n<tr style=\"height: 15.20pt;\">\n<td class=\"et2\" style=\"height: 15.20pt;\" height=\"15\">MOQ<\/td>\n<td class=\"et2\">1pcs<\/td>\n<\/tr>\n<\/tbody>\n<\/table>","protected":false},"featured_media":585,"comment_status":"closed","ping_status":"closed","template":"","meta":{"_acf_changed":false},"product_brand":[],"product_cat":[18,33],"product_tag":[],"class_list":{"0":"post-584","1":"product","2":"type-product","3":"status-publish","4":"has-post-thumbnail","6":"product_cat-bespoke-bedroom-furniture","7":"product_cat-custom-beds-manufacturer","9":"first","10":"instock","11":"shipping-taxable","12":"product-type-simple"},"acf":[],"_links":{"self":[{"href":"https:\/\/www.chicasafurniture.com\/fr\/wp-json\/wp\/v2\/product\/584","targetHints":{"allow":["GET"]}}],"collection":[{"href":"https:\/\/www.chicasafurniture.com\/fr\/wp-json\/wp\/v2\/product"}],"about":[{"href":"https:\/\/www.chicasafurniture.com\/fr\/wp-json\/wp\/v2\/types\/product"}],"replies":[{"embeddable":true,"href":"https:\/\/www.chicasafurniture.com\/fr\/wp-json\/wp\/v2\/comments?post=584"}],"wp:featuredmedia":[{"embeddable":true,"href":"https:\/\/www.chicasafurniture.com\/fr\/wp-json\/wp\/v2\/media\/585"}],"wp:attachment":[{"href":"https:\/\/www.chicasafurniture.com\/fr\/wp-json\/wp\/v2\/media?parent=584"}],"wp:term":[{"taxonomy":"product_brand","embeddable":true,"href":"https:\/\/www.chicasafurniture.com\/fr\/wp-json\/wp\/v2\/product_brand?post=584"},{"taxonomy":"product_cat","embeddable":true,"href":"https:\/\/www.chicasafurniture.com\/fr\/wp-json\/wp\/v2\/product_cat?post=584"},{"taxonomy":"product_tag","embeddable":true,"href":"https:\/\/www.chicasafurniture.com\/fr\/wp-json\/wp\/v2\/product_tag?post=584"}],"curies":[{"name":"wp","href":"https:\/\/api.w.org\/{rel}","templated":true}]}}