{"id":589,"date":"2026-02-28T02:15:52","date_gmt":"2026-02-28T02:15:52","guid":{"rendered":"https:\/\/www.chicasafurniture.com\/?post_type=product&#038;p=589"},"modified":"2026-02-28T02:37:30","modified_gmt":"2026-02-28T02:37:30","slug":"custom-design-beds","status":"publish","type":"product","link":"https:\/\/www.chicasafurniture.com\/fr\/product\/custom-design-beds\/","title":{"rendered":"Lits design sur mesure en forme de nuages gonfl\u00e9s avec t\u00eate de lit rembourr\u00e9e"},"content":{"rendered":"<h2 class=\"wp-block-heading\">Sp\u00e9cifications des produits des lits sur mesure<\/h2>\n\n\n\n<figure class=\"wp-block-table\"><table class=\"has-fixed-layout\"><tbody><tr><td>Cadre<\/td><td>Mat\u00e9riau de couverture<\/td><td>Mat\u00e9riau de remplissage<\/td><td>Jambes<\/td><td>Couleur<\/td><td>Taille<\/td><td>Poids<\/td><\/tr><tr><td>Bois massif<\/td><td>Tissu<\/td><td>\u00c9ponge haute densit\u00e9<\/td><td>\/<\/td><td>Sur mesure<\/td><td>TAILLE KING<\/td><td>90-120kg<\/td><\/tr><\/tbody><\/table><\/figure>\n\n\n\n<div class=\"wp-block-columns is-layout-flex wp-container-core-columns-is-layout-9d6595d7 wp-block-columns-is-layout-flex\">\n<div class=\"wp-block-column is-layout-flow wp-block-column-is-layout-flow\">\n<h2 class=\"wp-block-heading\">Design personnalis\u00e9 de premi\u00e8re qualit\u00e9 Caract\u00e9ristiques des lits :<\/h2>\n\n\n\n<ul class=\"wp-block-list\">\n<li><strong>Conception identique en \u201cblocs\u201d :<\/strong> La t\u00eate de lit et le cadre de nos lits sur mesure sont constitu\u00e9s de panneaux rembourr\u00e9s carr\u00e9s pleins, ajoutant une profondeur visuelle et cr\u00e9ant une atmosph\u00e8re l\u00e9g\u00e8re, douce et nuageuse.<\/li>\n\n\n\n<li><strong>Silhouette moderne de faible hauteur : <\/strong>Notre mobilier de lit sur mesure est dot\u00e9 d'une plate-forme au sol, ce qui abaisse le centre de gravit\u00e9 visuel et rend la chambre \u00e0 coucher plus spacieuse et plus relaxante. Ce style est fortement influenc\u00e9 par le minimalisme italien et convient parfaitement aux maisons modernes qui recherchent la simplicit\u00e9 sans sacrifier l'individualit\u00e9.<\/li>\n\n\n\n<li><strong>Cuir raffin\u00e9\/microfibre Texture :<\/strong> Nos lits sur mesure pr\u00e9sentent une surface lisse avec des plis naturels, dans des tons doux de cr\u00e8me ou d'ivoire, offrant une touche chaleureuse et un entretien facile.<\/li>\n\n\n\n<li><strong>Confort et enveloppement ultimes : <\/strong>Le rembourrage \u00e9pais et capitonn\u00e9 de ce mobilier de lit sur mesure offre un excellent soutien au dos, vous permettant de vous sentir compl\u00e8tement envelopp\u00e9, que vous soyez assis et que vous lisiez ou que vous vous adossiez pour vous reposer.<\/li>\n<\/ul>\n<\/div>\n\n\n\n<div class=\"wp-block-column is-layout-flow wp-block-column-is-layout-flow\">\n<figure class=\"wp-block-image size-full\"><img decoding=\"async\" width=\"872\" height=\"1000\" src=\"https:\/\/www.chicasafurniture.com\/wp-content\/uploads\/2026\/02\/Puffy-Cloud-Like-Custom-Design-Beds-with-Padded-Headboard-2.webp\" alt=\"Lits sur mesure en forme de nuage avec t\u00eate de lit rembourr\u00e9e-2\" class=\"wp-image-591\" srcset=\"https:\/\/www.chicasafurniture.com\/wp-content\/uploads\/2026\/02\/Puffy-Cloud-Like-Custom-Design-Beds-with-Padded-Headboard-2.webp 872w, https:\/\/www.chicasafurniture.com\/wp-content\/uploads\/2026\/02\/Puffy-Cloud-Like-Custom-Design-Beds-with-Padded-Headboard-2-262x300.webp 262w, https:\/\/www.chicasafurniture.com\/wp-content\/uploads\/2026\/02\/Puffy-Cloud-Like-Custom-Design-Beds-with-Padded-Headboard-2-768x881.webp 768w, https:\/\/www.chicasafurniture.com\/wp-content\/uploads\/2026\/02\/Puffy-Cloud-Like-Custom-Design-Beds-with-Padded-Headboard-2-600x688.webp 600w\" sizes=\"(max-width: 872px) 100vw, 872px\" \/><\/figure>\n<\/div>\n<\/div>\n\n\n\n<figure class=\"wp-block-image size-full\"><img decoding=\"async\" width=\"1034\" height=\"775\" src=\"https:\/\/www.chicasafurniture.com\/wp-content\/uploads\/2026\/02\/Puffy-Cloud-Like-Custom-Design-Beds-with-Padded-Headboard-4.webp\" alt=\"Lits sur mesure Puffy Cloud avec t\u00eate de lit rembourr\u00e9e-4\" class=\"wp-image-593\" srcset=\"https:\/\/www.chicasafurniture.com\/wp-content\/uploads\/2026\/02\/Puffy-Cloud-Like-Custom-Design-Beds-with-Padded-Headboard-4.webp 1034w, https:\/\/www.chicasafurniture.com\/wp-content\/uploads\/2026\/02\/Puffy-Cloud-Like-Custom-Design-Beds-with-Padded-Headboard-4-300x225.webp 300w, https:\/\/www.chicasafurniture.com\/wp-content\/uploads\/2026\/02\/Puffy-Cloud-Like-Custom-Design-Beds-with-Padded-Headboard-4-768x576.webp 768w, https:\/\/www.chicasafurniture.com\/wp-content\/uploads\/2026\/02\/Puffy-Cloud-Like-Custom-Design-Beds-with-Padded-Headboard-4-600x450.webp 600w\" sizes=\"(max-width: 1034px) 100vw, 1034px\" \/><\/figure>","protected":false},"excerpt":{"rendered":"<p>Rehaussez votre chambre \u00e0 coucher avec notre mobilier de lit sur mesure. Nos lits sur mesure sont dot\u00e9s d'un design modulaire touffet\u00e9, d'un rembourrage moelleux et d'une silhouette basse pour un confort et un style ultimes.<\/p>\n<table style=\"border-collapse: collapse; width: 222.03pt;\" border=\"0\" width=\"222\" cellspacing=\"0\" cellpadding=\"0\">\n<tbody>\n<tr style=\"height: 15.20pt;\">\n<td class=\"et2\" style=\"height: 15.20pt; width: 81.65pt;\" width=\"81\" height=\"15\">Fabricant<\/td>\n<td class=\"et2\" style=\"width: 140.80pt;\" width=\"140\">ChiCasa<\/td>\n<\/tr>\n<tr style=\"height: 15.20pt;\">\n<td class=\"et2\" style=\"height: 15.20pt;\" height=\"15\">Cat\u00e9gorie<\/td>\n<td class=\"et2\">Lit<\/td>\n<\/tr>\n<tr style=\"height: 15.20pt;\">\n<td class=\"et2\" style=\"height: 15.20pt;\" height=\"15\">Application<\/td>\n<td class=\"et2\">Chambre \u00e0 coucher<\/td>\n<\/tr>\n<tr style=\"height: 15.20pt;\">\n<td class=\"et2\" style=\"height: 15.20pt;\" height=\"15\">Style<\/td>\n<td class=\"et2\">Minimaliste<\/td>\n<\/tr>\n<tr style=\"height: 15.20pt;\">\n<td class=\"et2\" style=\"height: 15.20pt;\" height=\"15\">Mod\u00e8le<\/td>\n<td class=\"et2\">QMY-BE004<\/td>\n<\/tr>\n<tr style=\"height: 15.20pt;\">\n<td class=\"et2\" style=\"height: 15.20pt;\" height=\"15\">Personnalisation<\/td>\n<td class=\"et2\">Couleur, taille, mat\u00e9riau<\/td>\n<\/tr>\n<tr style=\"height: 15.20pt;\">\n<td class=\"et2\" style=\"height: 15.20pt;\" height=\"15\">MOQ<\/td>\n<td class=\"et2\">1pcs<\/td>\n<\/tr>\n<\/tbody>\n<\/table>","protected":false},"featured_media":590,"comment_status":"closed","ping_status":"closed","template":"","meta":{"_acf_changed":false},"product_brand":[],"product_cat":[18,33],"product_tag":[],"class_list":{"0":"post-589","1":"product","2":"type-product","3":"status-publish","4":"has-post-thumbnail","6":"product_cat-bespoke-bedroom-furniture","7":"product_cat-custom-beds-manufacturer","9":"first","10":"instock","11":"shipping-taxable","12":"product-type-simple"},"acf":[],"_links":{"self":[{"href":"https:\/\/www.chicasafurniture.com\/fr\/wp-json\/wp\/v2\/product\/589","targetHints":{"allow":["GET"]}}],"collection":[{"href":"https:\/\/www.chicasafurniture.com\/fr\/wp-json\/wp\/v2\/product"}],"about":[{"href":"https:\/\/www.chicasafurniture.com\/fr\/wp-json\/wp\/v2\/types\/product"}],"replies":[{"embeddable":true,"href":"https:\/\/www.chicasafurniture.com\/fr\/wp-json\/wp\/v2\/comments?post=589"}],"wp:featuredmedia":[{"embeddable":true,"href":"https:\/\/www.chicasafurniture.com\/fr\/wp-json\/wp\/v2\/media\/590"}],"wp:attachment":[{"href":"https:\/\/www.chicasafurniture.com\/fr\/wp-json\/wp\/v2\/media?parent=589"}],"wp:term":[{"taxonomy":"product_brand","embeddable":true,"href":"https:\/\/www.chicasafurniture.com\/fr\/wp-json\/wp\/v2\/product_brand?post=589"},{"taxonomy":"product_cat","embeddable":true,"href":"https:\/\/www.chicasafurniture.com\/fr\/wp-json\/wp\/v2\/product_cat?post=589"},{"taxonomy":"product_tag","embeddable":true,"href":"https:\/\/www.chicasafurniture.com\/fr\/wp-json\/wp\/v2\/product_tag?post=589"}],"curies":[{"name":"wp","href":"https:\/\/api.w.org\/{rel}","templated":true}]}}