{"id":594,"date":"2026-02-28T02:38:23","date_gmt":"2026-02-28T02:38:23","guid":{"rendered":"https:\/\/www.chicasafurniture.com\/?post_type=product&#038;p=594"},"modified":"2026-02-28T02:50:08","modified_gmt":"2026-02-28T02:50:08","slug":"custom-fabric-bed","status":"publish","type":"product","link":"https:\/\/www.chicasafurniture.com\/fr\/product\/custom-fabric-bed\/","title":{"rendered":"Lit moderne en tissu sur mesure, Plate-forme capitonn\u00e9e \u00e0 cadre \u00e9troit"},"content":{"rendered":"<h2 class=\"wp-block-heading\">Sp\u00e9cifications produit du lit en tissu sur mesure<\/h2>\n\n\n\n<figure class=\"wp-block-table\"><table class=\"has-fixed-layout\"><tbody><tr><td>Cadre<\/td><td>Mat\u00e9riau de couverture<\/td><td>Mat\u00e9riau de remplissage<\/td><td>Jambes<\/td><td>Couleur<\/td><td>Taille<\/td><td>Poids<\/td><\/tr><tr><td>Bois massif<\/td><td>Tissu<\/td><td>\u00c9ponge haute densit\u00e9<\/td><td>\/<\/td><td>Sur mesure<\/td><td>TAILLE KING<\/td><td>90-120kg<\/td><\/tr><\/tbody><\/table><\/figure>\n\n\n\n<div class=\"wp-block-columns is-layout-flex wp-container-core-columns-is-layout-9d6595d7 wp-block-columns-is-layout-flex\">\n<div class=\"wp-block-column is-layout-flow wp-block-column-is-layout-flow\">\n<h2 class=\"wp-block-heading\">Lit en tissu personnalis\u00e9 de qualit\u00e9 sup\u00e9rieure Caract\u00e9ristiques du lit :<\/h2>\n\n\n\n<ul class=\"wp-block-list\">\n<li><strong>Sensation de raffinement, de finesse et de flottement : <\/strong>Contrairement aux lits encombrants pos\u00e9s sur le sol, ce lit en tissu personnalis\u00e9 est dot\u00e9 de pieds hauts et minces avec un espace ouvert en dessous, ce qui donne au meuble une impression de l\u00e9g\u00e8ret\u00e9 et de flottement. Cette conception cr\u00e9e non seulement un espace visuel plus ouvert, mais facilite \u00e9galement le nettoyage par les aspirateurs robots.<\/li>\n\n\n\n<li><strong>T\u00eate de lit double ergonomique :<\/strong> Nos lits de luxe sur mesure sont dot\u00e9s d'une t\u00eate de lit unique, l\u00e9g\u00e8rement inclin\u00e9e, et d'une couche suppl\u00e9mentaire de coussins moelleux ou de coussins cylindriques de soutien lombaire \u00e0 l'avant. Cette structure offre un excellent soutien pour s'asseoir et lire, tout en conciliant esth\u00e9tique et praticit\u00e9.<\/li>\n\n\n\n<li><strong>Combinaisons de mat\u00e9riaux riches :<\/strong> Ce lit en tissu personnalis\u00e9 associe un tissu d\u00e9licat \u00e0 un sommier en cuir de premi\u00e8re qualit\u00e9. Ce contraste de mat\u00e9riaux renforce la profondeur visuelle de l'espace.<\/li>\n\n\n\n<li><strong>Silhouette moderne minimaliste :<\/strong> Ce lit de luxe sur mesure pr\u00e9sente une silhouette nette et d\u00e9finie, sans fioritures inutiles. Associ\u00e9 \u00e0 un bleu profond apaisant, \u00e0 un beige \u00e9l\u00e9gant ou \u00e0 une combinaison rouge-gris saisissante, il d\u00e9gage un style urbain discret mais luxueux.<\/li>\n<\/ul>\n<\/div>\n\n\n\n<div class=\"wp-block-column is-layout-flow wp-block-column-is-layout-flow\">\n<figure class=\"wp-block-image size-full\"><img decoding=\"async\" width=\"834\" height=\"989\" src=\"https:\/\/www.chicasafurniture.com\/wp-content\/uploads\/2026\/02\/Modern-Custom-Fabric-Bed-Slim-Frame-Upholstered-Platform-4.webp\" alt=\"Lit moderne en tissu sur mesure, plateforme capitonn\u00e9e \u00e0 cadre \u00e9troit-4\" class=\"wp-image-598\" srcset=\"https:\/\/www.chicasafurniture.com\/wp-content\/uploads\/2026\/02\/Modern-Custom-Fabric-Bed-Slim-Frame-Upholstered-Platform-4.webp 834w, https:\/\/www.chicasafurniture.com\/wp-content\/uploads\/2026\/02\/Modern-Custom-Fabric-Bed-Slim-Frame-Upholstered-Platform-4-253x300.webp 253w, https:\/\/www.chicasafurniture.com\/wp-content\/uploads\/2026\/02\/Modern-Custom-Fabric-Bed-Slim-Frame-Upholstered-Platform-4-768x911.webp 768w, https:\/\/www.chicasafurniture.com\/wp-content\/uploads\/2026\/02\/Modern-Custom-Fabric-Bed-Slim-Frame-Upholstered-Platform-4-600x712.webp 600w\" sizes=\"(max-width: 834px) 100vw, 834px\" \/><\/figure>\n<\/div>\n<\/div>\n\n\n\n<figure class=\"wp-block-image size-full\"><img decoding=\"async\" width=\"1920\" height=\"1080\" src=\"https:\/\/www.chicasafurniture.com\/wp-content\/uploads\/2026\/02\/Modern-Custom-Fabric-Bed-Slim-Frame-Upholstered-Platform-2.webp\" alt=\"Lit moderne en tissu sur mesure, plateforme capitonn\u00e9e \u00e0 cadre \u00e9troit-2\" class=\"wp-image-596\" srcset=\"https:\/\/www.chicasafurniture.com\/wp-content\/uploads\/2026\/02\/Modern-Custom-Fabric-Bed-Slim-Frame-Upholstered-Platform-2.webp 1920w, https:\/\/www.chicasafurniture.com\/wp-content\/uploads\/2026\/02\/Modern-Custom-Fabric-Bed-Slim-Frame-Upholstered-Platform-2-300x169.webp 300w, https:\/\/www.chicasafurniture.com\/wp-content\/uploads\/2026\/02\/Modern-Custom-Fabric-Bed-Slim-Frame-Upholstered-Platform-2-768x432.webp 768w, https:\/\/www.chicasafurniture.com\/wp-content\/uploads\/2026\/02\/Modern-Custom-Fabric-Bed-Slim-Frame-Upholstered-Platform-2-1200x675.webp 1200w, https:\/\/www.chicasafurniture.com\/wp-content\/uploads\/2026\/02\/Modern-Custom-Fabric-Bed-Slim-Frame-Upholstered-Platform-2-600x338.webp 600w\" sizes=\"(max-width: 1920px) 100vw, 1920px\" \/><\/figure>\n\n\n\n<figure class=\"wp-block-image size-full\"><img decoding=\"async\" width=\"1920\" height=\"1080\" src=\"https:\/\/www.chicasafurniture.com\/wp-content\/uploads\/2026\/02\/Modern-Custom-Fabric-Bed-Slim-Frame-Upholstered-Platform-3.webp\" alt=\"Lit moderne en tissu sur mesure, cadre mince plate-forme rembourr\u00e9e-3\" class=\"wp-image-597\" srcset=\"https:\/\/www.chicasafurniture.com\/wp-content\/uploads\/2026\/02\/Modern-Custom-Fabric-Bed-Slim-Frame-Upholstered-Platform-3.webp 1920w, https:\/\/www.chicasafurniture.com\/wp-content\/uploads\/2026\/02\/Modern-Custom-Fabric-Bed-Slim-Frame-Upholstered-Platform-3-300x169.webp 300w, https:\/\/www.chicasafurniture.com\/wp-content\/uploads\/2026\/02\/Modern-Custom-Fabric-Bed-Slim-Frame-Upholstered-Platform-3-768x432.webp 768w, https:\/\/www.chicasafurniture.com\/wp-content\/uploads\/2026\/02\/Modern-Custom-Fabric-Bed-Slim-Frame-Upholstered-Platform-3-1200x675.webp 1200w, https:\/\/www.chicasafurniture.com\/wp-content\/uploads\/2026\/02\/Modern-Custom-Fabric-Bed-Slim-Frame-Upholstered-Platform-3-600x338.webp 600w\" sizes=\"(max-width: 1920px) 100vw, 1920px\" \/><\/figure>","protected":false},"excerpt":{"rendered":"<p>Am\u00e9liorez votre suite avec notre lit en tissu personnalis\u00e9. Il pr\u00e9sente un profil mince, une t\u00eate de lit ergonomique inclin\u00e9e et un rembourrage luxueux pour une esth\u00e9tique sophistiqu\u00e9e et a\u00e9r\u00e9e.<\/p>\n<table style=\"border-collapse: collapse; width: 222.03pt;\" border=\"0\" width=\"222\" cellspacing=\"0\" cellpadding=\"0\">\n<tbody>\n<tr style=\"height: 15.20pt;\">\n<td class=\"et2\" style=\"height: 15.20pt; width: 81.65pt;\" width=\"81\" height=\"15\">Fabricant<\/td>\n<td class=\"et2\" style=\"width: 140.80pt;\" width=\"140\">ChiCasa<\/td>\n<\/tr>\n<tr style=\"height: 15.20pt;\">\n<td class=\"et2\" style=\"height: 15.20pt;\" height=\"15\">Cat\u00e9gorie<\/td>\n<td class=\"et2\">Lit<\/td>\n<\/tr>\n<tr style=\"height: 15.20pt;\">\n<td class=\"et2\" style=\"height: 15.20pt;\" height=\"15\">Application<\/td>\n<td class=\"et2\">Chambre \u00e0 coucher<\/td>\n<\/tr>\n<tr style=\"height: 15.20pt;\">\n<td class=\"et2\" style=\"height: 15.20pt;\" height=\"15\">Style<\/td>\n<td class=\"et2\">Minimaliste<\/td>\n<\/tr>\n<tr style=\"height: 15.20pt;\">\n<td class=\"et2\" style=\"height: 15.20pt;\" height=\"15\">Mod\u00e8le<\/td>\n<td class=\"et2\">QMY-BE004<\/td>\n<\/tr>\n<tr style=\"height: 15.20pt;\">\n<td class=\"et2\" style=\"height: 15.20pt;\" height=\"15\">Personnalisation<\/td>\n<td class=\"et2\">Couleur, taille, mat\u00e9riau<\/td>\n<\/tr>\n<tr style=\"height: 15.20pt;\">\n<td class=\"et2\" style=\"height: 15.20pt;\" height=\"15\">MOQ<\/td>\n<td class=\"et2\">1pcs<\/td>\n<\/tr>\n<\/tbody>\n<\/table>","protected":false},"featured_media":595,"comment_status":"closed","ping_status":"closed","template":"","meta":{"_acf_changed":false},"product_brand":[],"product_cat":[18,33],"product_tag":[],"class_list":{"0":"post-594","1":"product","2":"type-product","3":"status-publish","4":"has-post-thumbnail","6":"product_cat-bespoke-bedroom-furniture","7":"product_cat-custom-beds-manufacturer","9":"first","10":"instock","11":"shipping-taxable","12":"product-type-simple"},"acf":[],"_links":{"self":[{"href":"https:\/\/www.chicasafurniture.com\/fr\/wp-json\/wp\/v2\/product\/594","targetHints":{"allow":["GET"]}}],"collection":[{"href":"https:\/\/www.chicasafurniture.com\/fr\/wp-json\/wp\/v2\/product"}],"about":[{"href":"https:\/\/www.chicasafurniture.com\/fr\/wp-json\/wp\/v2\/types\/product"}],"replies":[{"embeddable":true,"href":"https:\/\/www.chicasafurniture.com\/fr\/wp-json\/wp\/v2\/comments?post=594"}],"wp:featuredmedia":[{"embeddable":true,"href":"https:\/\/www.chicasafurniture.com\/fr\/wp-json\/wp\/v2\/media\/595"}],"wp:attachment":[{"href":"https:\/\/www.chicasafurniture.com\/fr\/wp-json\/wp\/v2\/media?parent=594"}],"wp:term":[{"taxonomy":"product_brand","embeddable":true,"href":"https:\/\/www.chicasafurniture.com\/fr\/wp-json\/wp\/v2\/product_brand?post=594"},{"taxonomy":"product_cat","embeddable":true,"href":"https:\/\/www.chicasafurniture.com\/fr\/wp-json\/wp\/v2\/product_cat?post=594"},{"taxonomy":"product_tag","embeddable":true,"href":"https:\/\/www.chicasafurniture.com\/fr\/wp-json\/wp\/v2\/product_tag?post=594"}],"curies":[{"name":"wp","href":"https:\/\/api.w.org\/{rel}","templated":true}]}}