{"id":599,"date":"2026-02-28T02:51:41","date_gmt":"2026-02-28T02:51:41","guid":{"rendered":"https:\/\/www.chicasafurniture.com\/?post_type=product&#038;p=599"},"modified":"2026-02-28T03:10:51","modified_gmt":"2026-02-28T03:10:51","slug":"custom-wood-nightstand","status":"publish","type":"product","link":"https:\/\/www.chicasafurniture.com\/fr\/product\/custom-wood-nightstand\/","title":{"rendered":"Table de nuit artistique en bois sur mesure avec design modulaire rotatif"},"content":{"rendered":"<h2 class=\"wp-block-heading\">Sp\u00e9cifications produit de la table de nuit en bois sur mesure<\/h2>\n\n\n\n<figure class=\"wp-block-table\"><table class=\"has-fixed-layout\"><tbody><tr><td>Cadre<\/td><td>Mat\u00e9riau de couverture<\/td><td>Mat\u00e9riau de remplissage<\/td><td>Jambes<\/td><td>Couleur<\/td><td>Taille<\/td><td>Poids<\/td><\/tr><tr><td>Contreplaqu\u00e9<\/td><td>\/<\/td><td>\/<\/td><td>\/<\/td><td>Sur mesure<\/td><td>50*45*48cm<\/td><td>20-35kg<\/td><\/tr><\/tbody><\/table><\/figure>\n\n\n\n<div class=\"wp-block-columns is-layout-flex wp-container-core-columns-is-layout-9d6595d7 wp-block-columns-is-layout-flex\">\n<div class=\"wp-block-column is-layout-flow wp-block-column-is-layout-flow\">\n<h2 class=\"wp-block-heading\">Table de nuit en bois de qualit\u00e9 sup\u00e9rieure Caract\u00e9ristiques :<\/h2>\n\n\n\n<ul class=\"wp-block-list\">\n<li><strong>Conception unique d'empilage rotatif : <\/strong>La caract\u00e9ristique la plus frappante de cette table de nuit en bois est sa structure modulaire asym\u00e9trique. Chaque tiroir semble empil\u00e9 de mani\u00e8re al\u00e9atoire, ajoutant une touche artistique dynamique \u00e0 la chambre \u00e0 coucher.<\/li>\n\n\n\n<li><strong>Une fabrication et une texture exquises en bois massif :<\/strong> Cette table de chevet personnalis\u00e9e est fabriqu\u00e9e en noyer\/ch\u00eane naturel de qualit\u00e9 sup\u00e9rieure, les panneaux des tiroirs conservant l'int\u00e9gralit\u00e9 des veines naturelles du bois. Ses bords pr\u00e9sentent des coupes biseaut\u00e9es pr\u00e9cises \u00e0 45 degr\u00e9s, offrant un toucher chaleureux et un effet visuel tridimensionnel.<\/li>\n\n\n\n<li><strong>Minimaliste D\u00e9tails de la quincaillerie : <\/strong>Les poign\u00e9es des tiroirs de cette table de nuit en bois personnalis\u00e9 sont dot\u00e9es d'un levier m\u00e9tallique en forme de L, \u00e0 la fois simple et sophistiqu\u00e9. Cela facilite l'ouverture et rehausse l'esth\u00e9tique industrielle du produit.<\/li>\n\n\n\n<li><strong>Stockage et affichage multifonctionnels : <\/strong>L'empilement en quinconce de cette table de chevet personnalis\u00e9e permet non seulement de disposer de plusieurs tiroirs de rangement ind\u00e9pendants et cat\u00e9goris\u00e9s, mais aussi de cr\u00e9er naturellement des plates-formes de rangement suppl\u00e9mentaires gr\u00e2ce au d\u00e9placement entre les couches.<\/li>\n<\/ul>\n<\/div>\n\n\n\n<div class=\"wp-block-column is-layout-flow wp-block-column-is-layout-flow\">\n<figure class=\"wp-block-image size-full\"><img decoding=\"async\" width=\"1777\" height=\"2000\" src=\"https:\/\/www.chicasafurniture.com\/wp-content\/uploads\/2026\/02\/Artistic-Custom-Wood-Nightstand-with-Rotating-Modular-Design-2.webp\" alt=\"Table de nuit artistique en bois sur mesure avec design modulaire rotatif-2\" class=\"wp-image-601\" srcset=\"https:\/\/www.chicasafurniture.com\/wp-content\/uploads\/2026\/02\/Artistic-Custom-Wood-Nightstand-with-Rotating-Modular-Design-2.webp 1777w, https:\/\/www.chicasafurniture.com\/wp-content\/uploads\/2026\/02\/Artistic-Custom-Wood-Nightstand-with-Rotating-Modular-Design-2-267x300.webp 267w, https:\/\/www.chicasafurniture.com\/wp-content\/uploads\/2026\/02\/Artistic-Custom-Wood-Nightstand-with-Rotating-Modular-Design-2-768x864.webp 768w, https:\/\/www.chicasafurniture.com\/wp-content\/uploads\/2026\/02\/Artistic-Custom-Wood-Nightstand-with-Rotating-Modular-Design-2-1200x1351.webp 1200w, https:\/\/www.chicasafurniture.com\/wp-content\/uploads\/2026\/02\/Artistic-Custom-Wood-Nightstand-with-Rotating-Modular-Design-2-600x675.webp 600w\" sizes=\"(max-width: 1777px) 100vw, 1777px\" \/><\/figure>\n<\/div>\n<\/div>\n\n\n\n<div class=\"wp-block-columns is-layout-flex wp-container-core-columns-is-layout-9d6595d7 wp-block-columns-is-layout-flex\">\n<div class=\"wp-block-column is-layout-flow wp-block-column-is-layout-flow\">\n<figure class=\"wp-block-image size-full\"><img decoding=\"async\" width=\"1500\" height=\"1000\" src=\"https:\/\/www.chicasafurniture.com\/wp-content\/uploads\/2026\/02\/Artistic-Custom-Wood-Nightstand-with-Rotating-Modular-Design-4.webp\" alt=\"Table de nuit artistique en bois sur mesure avec design modulaire rotatif-4\" class=\"wp-image-603\" srcset=\"https:\/\/www.chicasafurniture.com\/wp-content\/uploads\/2026\/02\/Artistic-Custom-Wood-Nightstand-with-Rotating-Modular-Design-4.webp 1500w, https:\/\/www.chicasafurniture.com\/wp-content\/uploads\/2026\/02\/Artistic-Custom-Wood-Nightstand-with-Rotating-Modular-Design-4-300x200.webp 300w, https:\/\/www.chicasafurniture.com\/wp-content\/uploads\/2026\/02\/Artistic-Custom-Wood-Nightstand-with-Rotating-Modular-Design-4-768x512.webp 768w, https:\/\/www.chicasafurniture.com\/wp-content\/uploads\/2026\/02\/Artistic-Custom-Wood-Nightstand-with-Rotating-Modular-Design-4-1200x800.webp 1200w, https:\/\/www.chicasafurniture.com\/wp-content\/uploads\/2026\/02\/Artistic-Custom-Wood-Nightstand-with-Rotating-Modular-Design-4-600x400.webp 600w\" sizes=\"(max-width: 1500px) 100vw, 1500px\" \/><\/figure>\n<\/div>\n\n\n\n<div class=\"wp-block-column is-layout-flow wp-block-column-is-layout-flow\">\n<figure class=\"wp-block-image size-full\"><img decoding=\"async\" width=\"1500\" height=\"993\" src=\"https:\/\/www.chicasafurniture.com\/wp-content\/uploads\/2026\/02\/Artistic-Custom-Wood-Nightstand-with-Rotating-Modular-Design-3.webp\" alt=\"Table de nuit artistique en bois sur mesure avec design modulaire rotatif-3\" class=\"wp-image-602\" srcset=\"https:\/\/www.chicasafurniture.com\/wp-content\/uploads\/2026\/02\/Artistic-Custom-Wood-Nightstand-with-Rotating-Modular-Design-3.webp 1500w, https:\/\/www.chicasafurniture.com\/wp-content\/uploads\/2026\/02\/Artistic-Custom-Wood-Nightstand-with-Rotating-Modular-Design-3-300x199.webp 300w, https:\/\/www.chicasafurniture.com\/wp-content\/uploads\/2026\/02\/Artistic-Custom-Wood-Nightstand-with-Rotating-Modular-Design-3-768x508.webp 768w, https:\/\/www.chicasafurniture.com\/wp-content\/uploads\/2026\/02\/Artistic-Custom-Wood-Nightstand-with-Rotating-Modular-Design-3-1200x794.webp 1200w, https:\/\/www.chicasafurniture.com\/wp-content\/uploads\/2026\/02\/Artistic-Custom-Wood-Nightstand-with-Rotating-Modular-Design-3-600x397.webp 600w\" sizes=\"(max-width: 1500px) 100vw, 1500px\" \/><\/figure>\n<\/div>\n<\/div>","protected":false},"excerpt":{"rendered":"<p>Bienvenue \u00e0 la commande d'une table de nuit sur mesure. Rehaussez votre d\u00e9cor avec cette table de nuit en bois sur mesure. Elle pr\u00e9sente un design modulaire rotatif unique, des grains de bois massif de premi\u00e8re qualit\u00e9 et des poign\u00e9es m\u00e9talliques minimalistes et \u00e9l\u00e9gantes.<\/p>\n<table style=\"border-collapse: collapse; width: 222.03pt;\" border=\"0\" width=\"222\" cellspacing=\"0\" cellpadding=\"0\">\n<tbody>\n<tr style=\"height: 15.20pt;\">\n<td class=\"et2\" style=\"height: 15.20pt; width: 81.65pt;\" width=\"81\" height=\"15\">Fabricant<\/td>\n<td class=\"et2\" style=\"width: 140.80pt;\" width=\"140\">ChiCasa<\/td>\n<\/tr>\n<tr style=\"height: 15.20pt;\">\n<td class=\"et2\" style=\"height: 15.20pt;\" height=\"15\">Cat\u00e9gorie<\/td>\n<td class=\"et2\">Table de nuit<\/td>\n<\/tr>\n<tr style=\"height: 15.20pt;\">\n<td class=\"et2\" style=\"height: 15.20pt;\" height=\"15\">Application<\/td>\n<td class=\"et2\">Chambre \u00e0 coucher<\/td>\n<\/tr>\n<tr style=\"height: 15.20pt;\">\n<td class=\"et2\" style=\"height: 15.20pt;\" height=\"15\">Style<\/td>\n<td class=\"et2\">Minimaliste<\/td>\n<\/tr>\n<tr style=\"height: 15.20pt;\">\n<td class=\"et2\" style=\"height: 15.20pt;\" height=\"15\">Mod\u00e8le<\/td>\n<td class=\"et2\">QMY-NS002<\/td>\n<\/tr>\n<tr style=\"height: 15.20pt;\">\n<td class=\"et2\" style=\"height: 15.20pt;\" height=\"15\">Personnalisation<\/td>\n<td class=\"et2\">Couleur, taille, mat\u00e9riau<\/td>\n<\/tr>\n<tr style=\"height: 15.20pt;\">\n<td class=\"et2\" style=\"height: 15.20pt;\" height=\"15\">MOQ<\/td>\n<td class=\"et2\">1pcs<\/td>\n<\/tr>\n<\/tbody>\n<\/table>","protected":false},"featured_media":600,"comment_status":"closed","ping_status":"closed","template":"","meta":{"_acf_changed":false},"product_brand":[],"product_cat":[18,34],"product_tag":[],"class_list":{"0":"post-599","1":"product","2":"type-product","3":"status-publish","4":"has-post-thumbnail","6":"product_cat-bespoke-bedroom-furniture","7":"product_cat-custom-nightstand","9":"first","10":"instock","11":"shipping-taxable","12":"product-type-simple"},"acf":[],"_links":{"self":[{"href":"https:\/\/www.chicasafurniture.com\/fr\/wp-json\/wp\/v2\/product\/599","targetHints":{"allow":["GET"]}}],"collection":[{"href":"https:\/\/www.chicasafurniture.com\/fr\/wp-json\/wp\/v2\/product"}],"about":[{"href":"https:\/\/www.chicasafurniture.com\/fr\/wp-json\/wp\/v2\/types\/product"}],"replies":[{"embeddable":true,"href":"https:\/\/www.chicasafurniture.com\/fr\/wp-json\/wp\/v2\/comments?post=599"}],"wp:featuredmedia":[{"embeddable":true,"href":"https:\/\/www.chicasafurniture.com\/fr\/wp-json\/wp\/v2\/media\/600"}],"wp:attachment":[{"href":"https:\/\/www.chicasafurniture.com\/fr\/wp-json\/wp\/v2\/media?parent=599"}],"wp:term":[{"taxonomy":"product_brand","embeddable":true,"href":"https:\/\/www.chicasafurniture.com\/fr\/wp-json\/wp\/v2\/product_brand?post=599"},{"taxonomy":"product_cat","embeddable":true,"href":"https:\/\/www.chicasafurniture.com\/fr\/wp-json\/wp\/v2\/product_cat?post=599"},{"taxonomy":"product_tag","embeddable":true,"href":"https:\/\/www.chicasafurniture.com\/fr\/wp-json\/wp\/v2\/product_tag?post=599"}],"curies":[{"name":"wp","href":"https:\/\/api.w.org\/{rel}","templated":true}]}}