{"id":604,"date":"2026-02-28T03:25:15","date_gmt":"2026-02-28T03:25:15","guid":{"rendered":"https:\/\/www.chicasafurniture.com\/?post_type=product&#038;p=604"},"modified":"2026-02-28T03:50:57","modified_gmt":"2026-02-28T03:50:57","slug":"bespoke-bedside-tables","status":"publish","type":"product","link":"https:\/\/www.chicasafurniture.com\/fr\/product\/bespoke-bedside-tables\/","title":{"rendered":"Tables de chevet sur mesure avec accents en cuir et bois de luxe"},"content":{"rendered":"<h2 class=\"wp-block-heading\">Sp\u00e9cifications des produits des tables de chevet sur mesure<\/h2>\n\n\n\n<figure class=\"wp-block-table\"><table class=\"has-fixed-layout\"><tbody><tr><td>Cadre<\/td><td>Mat\u00e9riau de couverture<\/td><td>Mat\u00e9riau de remplissage<\/td><td>Jambes<\/td><td>Couleur<\/td><td>Taille<\/td><td>Poids<\/td><\/tr><tr><td>Contreplaqu\u00e9<\/td><td>\/<\/td><td>\/<\/td><td>\/<\/td><td>Sur mesure<\/td><td>50*50*49cm<\/td><td>20-35kg<\/td><\/tr><\/tbody><\/table><\/figure>\n\n\n\n<div class=\"wp-block-columns is-layout-flex wp-container-core-columns-is-layout-9d6595d7 wp-block-columns-is-layout-flex\">\n<div class=\"wp-block-column is-layout-flow wp-block-column-is-layout-flow\">\n<h2 class=\"wp-block-heading\">Premium Bespoke Bedside Tables Features :<\/h2>\n\n\n\n<ul class=\"wp-block-list\">\n<li><strong>M\u00e9lange de mat\u00e9riaux haut de gamme : <\/strong>Nos tables de chevet sur mesure combinent astucieusement des panneaux en bois sombre et des panneaux lat\u00e9raux en cuir souple. Ce contraste de mat\u00e9riaux chauds et froids conserve la solidit\u00e9 des meubles en bois tout en ajoutant le toucher luxueux du cuir.<\/li>\n\n\n\n<li><strong>D\u00e9tails des bords en cuir pr\u00e9cis : <\/strong>Les c\u00f4t\u00e9s de ces tables de nuit personnalis\u00e9es sont m\u00e9ticuleusement envelopp\u00e9s de cuir avec des surpiq\u00fbres textur\u00e9es, mettant en valeur le savoir-faire exquis des meubles sur mesure.<\/li>\n\n\n\n<li><strong>Design du plateau en pierre :<\/strong> Les plateaux de ces tables de chevet sur mesure pr\u00e9sentent une surface \u00e9l\u00e9gamment textur\u00e9e, semblable \u00e0 du marbre fonc\u00e9, offrant aux utilisateurs une \u00e9tag\u00e8re durable, r\u00e9sistante aux rayures et esth\u00e9tique, soulignant l'esth\u00e9tique de la haute couture.<\/li>\n\n\n\n<li><strong>Formes g\u00e9om\u00e9triques flottantes :<\/strong> Nos tables de nuit sur mesure pr\u00e9sentent une forme cubique nette, avec un design ajour\u00e9 \u00e0 la base qui rompt avec la lourdeur des meubles en bois massif. Cette proportion moderne et simple les fait para\u00eetre l\u00e9g\u00e8res et sophistiqu\u00e9es dans l'espace de la chambre \u00e0 coucher.<\/li>\n<\/ul>\n<\/div>\n\n\n\n<div class=\"wp-block-column is-layout-flow wp-block-column-is-layout-flow\">\n<figure class=\"wp-block-image size-full\"><img decoding=\"async\" width=\"848\" height=\"989\" src=\"https:\/\/www.chicasafurniture.com\/wp-content\/uploads\/2026\/02\/Bespoke-Bedside-Tables-with-Luxury-Leather-Wood-Accent-3.webp\" alt=\"Tables de chevet sur mesure avec accents en cuir et bois de luxe-3\" class=\"wp-image-607\" srcset=\"https:\/\/www.chicasafurniture.com\/wp-content\/uploads\/2026\/02\/Bespoke-Bedside-Tables-with-Luxury-Leather-Wood-Accent-3.webp 848w, https:\/\/www.chicasafurniture.com\/wp-content\/uploads\/2026\/02\/Bespoke-Bedside-Tables-with-Luxury-Leather-Wood-Accent-3-257x300.webp 257w, https:\/\/www.chicasafurniture.com\/wp-content\/uploads\/2026\/02\/Bespoke-Bedside-Tables-with-Luxury-Leather-Wood-Accent-3-768x896.webp 768w, https:\/\/www.chicasafurniture.com\/wp-content\/uploads\/2026\/02\/Bespoke-Bedside-Tables-with-Luxury-Leather-Wood-Accent-3-600x700.webp 600w\" sizes=\"(max-width: 848px) 100vw, 848px\" \/><\/figure>\n<\/div>\n<\/div>\n\n\n\n<figure class=\"wp-block-image size-full\"><img decoding=\"async\" width=\"1920\" height=\"1080\" src=\"https:\/\/www.chicasafurniture.com\/wp-content\/uploads\/2026\/02\/Bespoke-Bedside-Tables-with-Luxury-Leather-Wood-Accent-5.webp\" alt=\"Tables de chevet sur mesure avec accents en cuir et bois de luxe-5\" class=\"wp-image-609\" srcset=\"https:\/\/www.chicasafurniture.com\/wp-content\/uploads\/2026\/02\/Bespoke-Bedside-Tables-with-Luxury-Leather-Wood-Accent-5.webp 1920w, https:\/\/www.chicasafurniture.com\/wp-content\/uploads\/2026\/02\/Bespoke-Bedside-Tables-with-Luxury-Leather-Wood-Accent-5-300x169.webp 300w, https:\/\/www.chicasafurniture.com\/wp-content\/uploads\/2026\/02\/Bespoke-Bedside-Tables-with-Luxury-Leather-Wood-Accent-5-768x432.webp 768w, https:\/\/www.chicasafurniture.com\/wp-content\/uploads\/2026\/02\/Bespoke-Bedside-Tables-with-Luxury-Leather-Wood-Accent-5-1200x675.webp 1200w, https:\/\/www.chicasafurniture.com\/wp-content\/uploads\/2026\/02\/Bespoke-Bedside-Tables-with-Luxury-Leather-Wood-Accent-5-600x338.webp 600w\" sizes=\"(max-width: 1920px) 100vw, 1920px\" \/><\/figure>","protected":false},"excerpt":{"rendered":"<p>Bienvenue sur le site de commande de tables de nuit personnalis\u00e9es. \u00c9levez votre chambre \u00e0 coucher avec ces tables de chevet sur mesure. Elles sont dot\u00e9es de bords gain\u00e9s de cuir de premi\u00e8re qualit\u00e9, de bois sombre et d'un plateau en marbre pour un luxe moderne et sophistiqu\u00e9.<\/p>\n<table style=\"border-collapse: collapse; width: 222.03pt;\" border=\"0\" width=\"222\" cellspacing=\"0\" cellpadding=\"0\">\n<tbody>\n<tr style=\"height: 15.20pt;\">\n<td class=\"et2\" style=\"height: 15.20pt; width: 81.65pt;\" width=\"81\" height=\"15\">Fabricant<\/td>\n<td class=\"et2\" style=\"width: 140.80pt;\" width=\"140\">ChiCasa<\/td>\n<\/tr>\n<tr style=\"height: 15.20pt;\">\n<td class=\"et2\" style=\"height: 15.20pt;\" height=\"15\">Cat\u00e9gorie<\/td>\n<td class=\"et2\">Table de nuit<\/td>\n<\/tr>\n<tr style=\"height: 15.20pt;\">\n<td class=\"et2\" style=\"height: 15.20pt;\" height=\"15\">Application<\/td>\n<td class=\"et2\">Chambre \u00e0 coucher<\/td>\n<\/tr>\n<tr style=\"height: 15.20pt;\">\n<td class=\"et2\" style=\"height: 15.20pt;\" height=\"15\">Style<\/td>\n<td class=\"et2\">Minimaliste<\/td>\n<\/tr>\n<tr style=\"height: 15.20pt;\">\n<td class=\"et2\" style=\"height: 15.20pt;\" height=\"15\">Mod\u00e8le<\/td>\n<td class=\"et2\">QMY-NS003<\/td>\n<\/tr>\n<tr style=\"height: 15.20pt;\">\n<td class=\"et2\" style=\"height: 15.20pt;\" height=\"15\">Personnalisation<\/td>\n<td class=\"et2\">Couleur, taille, mat\u00e9riau<\/td>\n<\/tr>\n<tr style=\"height: 15.20pt;\">\n<td class=\"et2\" style=\"height: 15.20pt;\" height=\"15\">MOQ<\/td>\n<td class=\"et2\">1pcs<\/td>\n<\/tr>\n<\/tbody>\n<\/table>","protected":false},"featured_media":605,"comment_status":"closed","ping_status":"closed","template":"","meta":{"_acf_changed":false},"product_brand":[],"product_cat":[18,34],"product_tag":[],"class_list":{"0":"post-604","1":"product","2":"type-product","3":"status-publish","4":"has-post-thumbnail","6":"product_cat-bespoke-bedroom-furniture","7":"product_cat-custom-nightstand","9":"first","10":"instock","11":"shipping-taxable","12":"product-type-simple"},"acf":[],"_links":{"self":[{"href":"https:\/\/www.chicasafurniture.com\/fr\/wp-json\/wp\/v2\/product\/604","targetHints":{"allow":["GET"]}}],"collection":[{"href":"https:\/\/www.chicasafurniture.com\/fr\/wp-json\/wp\/v2\/product"}],"about":[{"href":"https:\/\/www.chicasafurniture.com\/fr\/wp-json\/wp\/v2\/types\/product"}],"replies":[{"embeddable":true,"href":"https:\/\/www.chicasafurniture.com\/fr\/wp-json\/wp\/v2\/comments?post=604"}],"wp:featuredmedia":[{"embeddable":true,"href":"https:\/\/www.chicasafurniture.com\/fr\/wp-json\/wp\/v2\/media\/605"}],"wp:attachment":[{"href":"https:\/\/www.chicasafurniture.com\/fr\/wp-json\/wp\/v2\/media?parent=604"}],"wp:term":[{"taxonomy":"product_brand","embeddable":true,"href":"https:\/\/www.chicasafurniture.com\/fr\/wp-json\/wp\/v2\/product_brand?post=604"},{"taxonomy":"product_cat","embeddable":true,"href":"https:\/\/www.chicasafurniture.com\/fr\/wp-json\/wp\/v2\/product_cat?post=604"},{"taxonomy":"product_tag","embeddable":true,"href":"https:\/\/www.chicasafurniture.com\/fr\/wp-json\/wp\/v2\/product_tag?post=604"}],"curies":[{"name":"wp","href":"https:\/\/api.w.org\/{rel}","templated":true}]}}