{"id":610,"date":"2026-02-28T06:12:18","date_gmt":"2026-02-28T06:12:18","guid":{"rendered":"https:\/\/www.chicasafurniture.com\/?post_type=product&#038;p=610"},"modified":"2026-02-28T06:17:06","modified_gmt":"2026-02-28T06:17:06","slug":"bespoke-bedside-table","status":"publish","type":"product","link":"https:\/\/www.chicasafurniture.com\/fr\/product\/bespoke-bedside-table\/","title":{"rendered":"Table de chevet ronde artistique sur mesure avec bloc-tiroirs en bois"},"content":{"rendered":"<h2 class=\"wp-block-heading\">Sp\u00e9cifications des produits de la table de chevet sur mesure<\/h2>\n\n\n\n<figure class=\"wp-block-table\"><table class=\"has-fixed-layout\"><tbody><tr><td>Cadre<\/td><td>Mat\u00e9riau de couverture<\/td><td>Mat\u00e9riau de remplissage<\/td><td>Jambes<\/td><td>Couleur<\/td><td>Taille<\/td><td>Poids<\/td><\/tr><tr><td>Contreplaqu\u00e9<\/td><td>\/<\/td><td>\/<\/td><td>M\u00e9tal<\/td><td>Sur mesure<\/td><td>D50*H50cm<\/td><td>20-35kg<\/td><\/tr><\/tbody><\/table><\/figure>\n\n\n\n<div class=\"wp-block-columns is-layout-flex wp-container-core-columns-is-layout-9d6595d7 wp-block-columns-is-layout-flex\">\n<div class=\"wp-block-column is-layout-flow wp-block-column-is-layout-flow\">\n<h2 class=\"wp-block-heading\">Table de chevet haut de gamme sur mesure Caract\u00e9ristiques :<\/h2>\n\n\n\n<ul class=\"wp-block-list\">\n<li><strong>Conception unique d'empilage rotatif : <\/strong>La caract\u00e9ristique la plus frappante de cette table de chevet sur mesure est sa disposition en quinconce de plusieurs blocs-tiroirs carr\u00e9s ind\u00e9pendants, cr\u00e9ant un effet visuel dynamique et asym\u00e9trique.<\/li>\n\n\n\n<li><strong>Bois massif naturel Mat\u00e9riau et fabrication : <\/strong>Les meubles de cette table de nuit sur mesure sont fabriqu\u00e9s en bois massif de haute qualit\u00e9 au grain clair (comme le noyer ou le ch\u00eane), avec des bords biseaut\u00e9s \u00e0 45 degr\u00e9s qui t\u00e9moignent d'un savoir-faire exceptionnel en mati\u00e8re d'\u00e9b\u00e9nisterie.<\/li>\n\n\n\n<li><strong>Minimaliste D\u00e9tails de la quincaillerie :<\/strong> Les tiroirs de cette table de chevet sur mesure sont \u00e9quip\u00e9s de fines poign\u00e9es m\u00e9talliques en forme de L. Cet \u00e9l\u00e9ment m\u00e9tallique minimaliste contraste avec la chaleur du bois, facilitant l'ouverture et renfor\u00e7ant l'aspect moderne du produit. Cet \u00e9l\u00e9ment m\u00e9tallique minimaliste contraste avec la chaleur du bois, facilitant l'ouverture des tiroirs et renfor\u00e7ant l'aspect moderne du produit.<\/li>\n\n\n\n<li><strong>Espace fonctionnel multicouche : <\/strong>La conception en quinconce de notre table de nuit sur mesure offre non seulement plusieurs tiroirs de rangement class\u00e9s, mais cr\u00e9e aussi naturellement plusieurs plates-formes d'\u00e9tag\u00e8res ouvertes pour le placement pratique d'articles tels que des lunettes, des livres ou des produits d'aromath\u00e9rapie.<\/li>\n<\/ul>\n<\/div>\n\n\n\n<div class=\"wp-block-column is-layout-flow wp-block-column-is-layout-flow\">\n<figure class=\"wp-block-image size-full\"><img decoding=\"async\" width=\"800\" height=\"800\" src=\"https:\/\/www.chicasafurniture.com\/wp-content\/uploads\/2026\/02\/Artistic-Round-Bespoke-Bedside-Table-with-Wood-Drawer-Unit-3.webp\" alt=\"Table de chevet ronde artistique sur mesure avec tiroir en bois Unit-3\" class=\"wp-image-613\" srcset=\"https:\/\/www.chicasafurniture.com\/wp-content\/uploads\/2026\/02\/Artistic-Round-Bespoke-Bedside-Table-with-Wood-Drawer-Unit-3.webp 800w, https:\/\/www.chicasafurniture.com\/wp-content\/uploads\/2026\/02\/Artistic-Round-Bespoke-Bedside-Table-with-Wood-Drawer-Unit-3-300x300.webp 300w, https:\/\/www.chicasafurniture.com\/wp-content\/uploads\/2026\/02\/Artistic-Round-Bespoke-Bedside-Table-with-Wood-Drawer-Unit-3-150x150.webp 150w, https:\/\/www.chicasafurniture.com\/wp-content\/uploads\/2026\/02\/Artistic-Round-Bespoke-Bedside-Table-with-Wood-Drawer-Unit-3-768x768.webp 768w, https:\/\/www.chicasafurniture.com\/wp-content\/uploads\/2026\/02\/Artistic-Round-Bespoke-Bedside-Table-with-Wood-Drawer-Unit-3-600x600.webp 600w, https:\/\/www.chicasafurniture.com\/wp-content\/uploads\/2026\/02\/Artistic-Round-Bespoke-Bedside-Table-with-Wood-Drawer-Unit-3-100x100.webp 100w\" sizes=\"(max-width: 800px) 100vw, 800px\" \/><\/figure>\n<\/div>\n<\/div>\n\n\n\n<div class=\"wp-block-columns is-layout-flex wp-container-core-columns-is-layout-9d6595d7 wp-block-columns-is-layout-flex\">\n<div class=\"wp-block-column is-layout-flow wp-block-column-is-layout-flow\">\n<figure class=\"wp-block-image size-full\"><img decoding=\"async\" width=\"750\" height=\"750\" src=\"https:\/\/www.chicasafurniture.com\/wp-content\/uploads\/2026\/02\/Artistic-Round-Bespoke-Bedside-Table-with-Wood-Drawer-Unit-4.webp\" alt=\"Table de chevet ronde artistique sur mesure avec tiroir en bois Unit-4\" class=\"wp-image-614\" srcset=\"https:\/\/www.chicasafurniture.com\/wp-content\/uploads\/2026\/02\/Artistic-Round-Bespoke-Bedside-Table-with-Wood-Drawer-Unit-4.webp 750w, https:\/\/www.chicasafurniture.com\/wp-content\/uploads\/2026\/02\/Artistic-Round-Bespoke-Bedside-Table-with-Wood-Drawer-Unit-4-300x300.webp 300w, https:\/\/www.chicasafurniture.com\/wp-content\/uploads\/2026\/02\/Artistic-Round-Bespoke-Bedside-Table-with-Wood-Drawer-Unit-4-150x150.webp 150w, https:\/\/www.chicasafurniture.com\/wp-content\/uploads\/2026\/02\/Artistic-Round-Bespoke-Bedside-Table-with-Wood-Drawer-Unit-4-600x600.webp 600w, https:\/\/www.chicasafurniture.com\/wp-content\/uploads\/2026\/02\/Artistic-Round-Bespoke-Bedside-Table-with-Wood-Drawer-Unit-4-100x100.webp 100w\" sizes=\"(max-width: 750px) 100vw, 750px\" \/><\/figure>\n<\/div>\n\n\n\n<div class=\"wp-block-column is-layout-flow wp-block-column-is-layout-flow\">\n<figure class=\"wp-block-image size-full\"><img decoding=\"async\" width=\"800\" height=\"800\" src=\"https:\/\/www.chicasafurniture.com\/wp-content\/uploads\/2026\/02\/Artistic-Round-Bespoke-Bedside-Table-with-Wood-Drawer-Unit-2.webp\" alt=\"Table de chevet ronde artistique sur mesure avec tiroir en bois Unit-2\" class=\"wp-image-612\" srcset=\"https:\/\/www.chicasafurniture.com\/wp-content\/uploads\/2026\/02\/Artistic-Round-Bespoke-Bedside-Table-with-Wood-Drawer-Unit-2.webp 800w, https:\/\/www.chicasafurniture.com\/wp-content\/uploads\/2026\/02\/Artistic-Round-Bespoke-Bedside-Table-with-Wood-Drawer-Unit-2-300x300.webp 300w, https:\/\/www.chicasafurniture.com\/wp-content\/uploads\/2026\/02\/Artistic-Round-Bespoke-Bedside-Table-with-Wood-Drawer-Unit-2-150x150.webp 150w, https:\/\/www.chicasafurniture.com\/wp-content\/uploads\/2026\/02\/Artistic-Round-Bespoke-Bedside-Table-with-Wood-Drawer-Unit-2-768x768.webp 768w, https:\/\/www.chicasafurniture.com\/wp-content\/uploads\/2026\/02\/Artistic-Round-Bespoke-Bedside-Table-with-Wood-Drawer-Unit-2-600x600.webp 600w, https:\/\/www.chicasafurniture.com\/wp-content\/uploads\/2026\/02\/Artistic-Round-Bespoke-Bedside-Table-with-Wood-Drawer-Unit-2-100x100.webp 100w\" sizes=\"(max-width: 800px) 100vw, 800px\" \/><\/figure>\n<\/div>\n<\/div>","protected":false},"excerpt":{"rendered":"<p>Bienvenue sur le site de commande de tables de nuit sur mesure. Transformez votre espace avec cette table de chevet sur mesure. Elle pr\u00e9sente un design modulaire rotatif unique, des grains de bois massif de premi\u00e8re qualit\u00e9 et des accents m\u00e9talliques minimalistes et \u00e9l\u00e9gants.<\/p>\n<table style=\"border-collapse: collapse; width: 222.03pt;\" border=\"0\" width=\"222\" cellspacing=\"0\" cellpadding=\"0\">\n<tbody>\n<tr style=\"height: 15.20pt;\">\n<td class=\"et2\" style=\"height: 15.20pt; width: 81.65pt;\" width=\"81\" height=\"15\">Fabricant<\/td>\n<td class=\"et2\" style=\"width: 140.80pt;\" width=\"140\">ChiCasa<\/td>\n<\/tr>\n<tr style=\"height: 15.20pt;\">\n<td class=\"et2\" style=\"height: 15.20pt;\" height=\"15\">Cat\u00e9gorie<\/td>\n<td class=\"et2\">Table de nuit<\/td>\n<\/tr>\n<tr style=\"height: 15.20pt;\">\n<td class=\"et2\" style=\"height: 15.20pt;\" height=\"15\">Application<\/td>\n<td class=\"et2\">Chambre \u00e0 coucher<\/td>\n<\/tr>\n<tr style=\"height: 15.20pt;\">\n<td class=\"et2\" style=\"height: 15.20pt;\" height=\"15\">Style<\/td>\n<td class=\"et2\">Minimaliste<\/td>\n<\/tr>\n<tr style=\"height: 15.20pt;\">\n<td class=\"et2\" style=\"height: 15.20pt;\" height=\"15\">Mod\u00e8le<\/td>\n<td class=\"et2\">QMY-NS004<\/td>\n<\/tr>\n<tr style=\"height: 15.20pt;\">\n<td class=\"et2\" style=\"height: 15.20pt;\" height=\"15\">Personnalisation<\/td>\n<td class=\"et2\">Couleur, taille, mat\u00e9riau<\/td>\n<\/tr>\n<tr style=\"height: 15.20pt;\">\n<td class=\"et2\" style=\"height: 15.20pt;\" height=\"15\">MOQ<\/td>\n<td class=\"et2\">1pcs<\/td>\n<\/tr>\n<\/tbody>\n<\/table>","protected":false},"featured_media":611,"comment_status":"closed","ping_status":"closed","template":"","meta":{"_acf_changed":false},"product_brand":[],"product_cat":[18,34],"product_tag":[],"class_list":{"0":"post-610","1":"product","2":"type-product","3":"status-publish","4":"has-post-thumbnail","6":"product_cat-bespoke-bedroom-furniture","7":"product_cat-custom-nightstand","9":"first","10":"instock","11":"shipping-taxable","12":"product-type-simple"},"acf":[],"_links":{"self":[{"href":"https:\/\/www.chicasafurniture.com\/fr\/wp-json\/wp\/v2\/product\/610","targetHints":{"allow":["GET"]}}],"collection":[{"href":"https:\/\/www.chicasafurniture.com\/fr\/wp-json\/wp\/v2\/product"}],"about":[{"href":"https:\/\/www.chicasafurniture.com\/fr\/wp-json\/wp\/v2\/types\/product"}],"replies":[{"embeddable":true,"href":"https:\/\/www.chicasafurniture.com\/fr\/wp-json\/wp\/v2\/comments?post=610"}],"wp:featuredmedia":[{"embeddable":true,"href":"https:\/\/www.chicasafurniture.com\/fr\/wp-json\/wp\/v2\/media\/611"}],"wp:attachment":[{"href":"https:\/\/www.chicasafurniture.com\/fr\/wp-json\/wp\/v2\/media?parent=610"}],"wp:term":[{"taxonomy":"product_brand","embeddable":true,"href":"https:\/\/www.chicasafurniture.com\/fr\/wp-json\/wp\/v2\/product_brand?post=610"},{"taxonomy":"product_cat","embeddable":true,"href":"https:\/\/www.chicasafurniture.com\/fr\/wp-json\/wp\/v2\/product_cat?post=610"},{"taxonomy":"product_tag","embeddable":true,"href":"https:\/\/www.chicasafurniture.com\/fr\/wp-json\/wp\/v2\/product_tag?post=610"}],"curies":[{"name":"wp","href":"https:\/\/api.w.org\/{rel}","templated":true}]}}