{"id":615,"date":"2026-02-28T06:19:23","date_gmt":"2026-02-28T06:19:23","guid":{"rendered":"https:\/\/www.chicasafurniture.com\/?post_type=product&#038;p=615"},"modified":"2026-02-28T06:26:47","modified_gmt":"2026-02-28T06:26:47","slug":"custom-metal-coffee-table","status":"publish","type":"product","link":"https:\/\/www.chicasafurniture.com\/fr\/product\/custom-metal-coffee-table\/","title":{"rendered":"Table basse minimaliste en m\u00e9tal au design industriel"},"content":{"rendered":"<h2 class=\"wp-block-heading\">Sp\u00e9cifications produit de la table basse en m\u00e9tal sur mesure<\/h2>\n\n\n\n<figure class=\"wp-block-table\"><table class=\"has-fixed-layout\"><tbody><tr><td>Cadre<\/td><td>Mat\u00e9riau de couverture<\/td><td>Mat\u00e9riau de remplissage<\/td><td>Jambes<\/td><td>Couleur<\/td><td>Taille<\/td><td>Poids<\/td><\/tr><tr><td>M\u00e9tal<\/td><td>\/<\/td><td>\/<\/td><td>M\u00e9tal<\/td><td>Sur mesure<\/td><td>Sur mesure<\/td><td>50-100kg<\/td><\/tr><\/tbody><\/table><\/figure>\n\n\n\n<div class=\"wp-block-columns is-layout-flex wp-container-core-columns-is-layout-9d6595d7 wp-block-columns-is-layout-flex\">\n<div class=\"wp-block-column is-layout-flow wp-block-column-is-layout-flow\">\n<h2 class=\"wp-block-heading\">Table basse en m\u00e9tal de qualit\u00e9 sup\u00e9rieure Caract\u00e9ristiques :<\/h2>\n\n\n\n<ul class=\"wp-block-list\">\n<li><strong>Design g\u00e9om\u00e9trique minimaliste : <\/strong>Cette table basse en m\u00e9tal personnalis\u00e9e pr\u00e9sente une forme g\u00e9om\u00e9trique \u00e9pur\u00e9e et une esth\u00e9tique architecturale moderne et froide qui s'accorde parfaitement avec les espaces int\u00e9rieurs minimalistes ou luxueux et discrets.<\/li>\n\n\n\n<li><strong>Finition exquise de la surface m\u00e9tallique : <\/strong>La surface de la table basse sur mesure fait l'objet d'un brossage m\u00e9ticuleux, d'une finition mate ou d'une galvanoplastie, ce qui conf\u00e8re au m\u00e9tal un toucher d\u00e9licat et am\u00e9liore sa r\u00e9sistance aux empreintes digitales et \u00e0 la corrosion, tout en mettant en valeur une texture de qualit\u00e9 sup\u00e9rieure.<\/li>\n\n\n\n<li><strong>Conception de structures \u00e0 haute r\u00e9sistance : <\/strong>Cette table basse en m\u00e9tal personnalis\u00e9e utilise un mat\u00e9riau m\u00e9tallique \u00e9pais et une technologie de soudage sans soudure pr\u00e9cise pour cr\u00e9er un cadre robuste, garantissant une capacit\u00e9 de charge \u00e9lev\u00e9e et une grande durabilit\u00e9 lors d'une utilisation quotidienne.<\/li>\n\n\n\n<li><strong>Couleurs et finitions personnalisables :<\/strong> Nous proposons une vari\u00e9t\u00e9 de finitions m\u00e9talliques pour la table basse sur mesure, telles que le noir mat, l'or champagne bross\u00e9 ou le bronze, ce qui permet une personnalisation adapt\u00e9e \u00e0 l'ensemble des couleurs de l'int\u00e9rieur et la cr\u00e9ation d'un point de mire visuel unique.<\/li>\n<\/ul>\n<\/div>\n\n\n\n<div class=\"wp-block-column is-layout-flow wp-block-column-is-layout-flow\">\n<figure class=\"wp-block-image size-full\"><img decoding=\"async\" width=\"848\" height=\"989\" src=\"https:\/\/www.chicasafurniture.com\/wp-content\/uploads\/2026\/02\/Minimalist-Custom-Metal-Coffee-Table-with-Industrial-Design-4.webp\" alt=\"Table basse minimaliste en m\u00e9tal avec design industriel-4\" class=\"wp-image-619\" srcset=\"https:\/\/www.chicasafurniture.com\/wp-content\/uploads\/2026\/02\/Minimalist-Custom-Metal-Coffee-Table-with-Industrial-Design-4.webp 848w, https:\/\/www.chicasafurniture.com\/wp-content\/uploads\/2026\/02\/Minimalist-Custom-Metal-Coffee-Table-with-Industrial-Design-4-257x300.webp 257w, https:\/\/www.chicasafurniture.com\/wp-content\/uploads\/2026\/02\/Minimalist-Custom-Metal-Coffee-Table-with-Industrial-Design-4-768x896.webp 768w, https:\/\/www.chicasafurniture.com\/wp-content\/uploads\/2026\/02\/Minimalist-Custom-Metal-Coffee-Table-with-Industrial-Design-4-600x700.webp 600w\" sizes=\"(max-width: 848px) 100vw, 848px\" \/><\/figure>\n<\/div>\n<\/div>\n\n\n\n<div class=\"wp-block-columns is-layout-flex wp-container-core-columns-is-layout-9d6595d7 wp-block-columns-is-layout-flex\">\n<div class=\"wp-block-column is-layout-flow wp-block-column-is-layout-flow\">\n<figure class=\"wp-block-image size-full\"><img decoding=\"async\" width=\"1920\" height=\"1080\" src=\"https:\/\/www.chicasafurniture.com\/wp-content\/uploads\/2026\/02\/Minimalist-Custom-Metal-Coffee-Table-with-Industrial-Design-5.webp\" alt=\"Table basse minimaliste en m\u00e9tal avec design industriel-5\" class=\"wp-image-620\" srcset=\"https:\/\/www.chicasafurniture.com\/wp-content\/uploads\/2026\/02\/Minimalist-Custom-Metal-Coffee-Table-with-Industrial-Design-5.webp 1920w, https:\/\/www.chicasafurniture.com\/wp-content\/uploads\/2026\/02\/Minimalist-Custom-Metal-Coffee-Table-with-Industrial-Design-5-300x169.webp 300w, https:\/\/www.chicasafurniture.com\/wp-content\/uploads\/2026\/02\/Minimalist-Custom-Metal-Coffee-Table-with-Industrial-Design-5-768x432.webp 768w, https:\/\/www.chicasafurniture.com\/wp-content\/uploads\/2026\/02\/Minimalist-Custom-Metal-Coffee-Table-with-Industrial-Design-5-1200x675.webp 1200w, https:\/\/www.chicasafurniture.com\/wp-content\/uploads\/2026\/02\/Minimalist-Custom-Metal-Coffee-Table-with-Industrial-Design-5-600x338.webp 600w\" sizes=\"(max-width: 1920px) 100vw, 1920px\" \/><\/figure>\n\n\n\n<figure class=\"wp-block-image size-full\"><img decoding=\"async\" width=\"1920\" height=\"1080\" src=\"https:\/\/www.chicasafurniture.com\/wp-content\/uploads\/2026\/02\/Minimalist-Custom-Metal-Coffee-Table-with-Industrial-Design-2.webp\" alt=\"Table basse minimaliste en m\u00e9tal avec design industriel-2\" class=\"wp-image-617\" srcset=\"https:\/\/www.chicasafurniture.com\/wp-content\/uploads\/2026\/02\/Minimalist-Custom-Metal-Coffee-Table-with-Industrial-Design-2.webp 1920w, https:\/\/www.chicasafurniture.com\/wp-content\/uploads\/2026\/02\/Minimalist-Custom-Metal-Coffee-Table-with-Industrial-Design-2-300x169.webp 300w, https:\/\/www.chicasafurniture.com\/wp-content\/uploads\/2026\/02\/Minimalist-Custom-Metal-Coffee-Table-with-Industrial-Design-2-768x432.webp 768w, https:\/\/www.chicasafurniture.com\/wp-content\/uploads\/2026\/02\/Minimalist-Custom-Metal-Coffee-Table-with-Industrial-Design-2-1200x675.webp 1200w, https:\/\/www.chicasafurniture.com\/wp-content\/uploads\/2026\/02\/Minimalist-Custom-Metal-Coffee-Table-with-Industrial-Design-2-600x338.webp 600w\" sizes=\"(max-width: 1920px) 100vw, 1920px\" \/><\/figure>\n<\/div>\n<\/div>","protected":false},"excerpt":{"rendered":"<p>Bienvenue sur le site d'achat de tables basses sur mesure. \u00c9levez votre espace de vie avec notre table basse en m\u00e9tal sur mesure. Elle est dot\u00e9e d'un cadre durable, soud\u00e9 avec pr\u00e9cision, et d'une finition mate sophistiqu\u00e9e pour une \u00e9l\u00e9gance moderne.<\/p>\n<table style=\"border-collapse: collapse; width: 222.03pt;\" border=\"0\" width=\"222\" cellspacing=\"0\" cellpadding=\"0\">\n<tbody>\n<tr style=\"height: 15.20pt;\">\n<td class=\"et2\" style=\"height: 15.20pt; width: 81.65pt;\" width=\"81\" height=\"15\">Fabricant<\/td>\n<td class=\"et2\" style=\"width: 140.80pt;\" width=\"140\">ChiCasa<\/td>\n<\/tr>\n<tr style=\"height: 15.20pt;\">\n<td class=\"et2\" style=\"height: 15.20pt;\" height=\"15\">Cat\u00e9gorie<\/td>\n<td class=\"et2\">Table basse<\/td>\n<\/tr>\n<tr style=\"height: 15.20pt;\">\n<td class=\"et2\" style=\"height: 15.20pt;\" height=\"15\">Application<\/td>\n<td class=\"et2\">Salle de s\u00e9jour<\/td>\n<\/tr>\n<tr style=\"height: 15.20pt;\">\n<td class=\"et2\" style=\"height: 15.20pt;\" height=\"15\">Style<\/td>\n<td class=\"et2\">Minimaliste<\/td>\n<\/tr>\n<tr style=\"height: 15.20pt;\">\n<td class=\"et2\" style=\"height: 15.20pt;\" height=\"15\">Mod\u00e8le<\/td>\n<td class=\"et2\">QMY-CT002<\/td>\n<\/tr>\n<tr style=\"height: 15.20pt;\">\n<td class=\"et2\" style=\"height: 15.20pt;\" height=\"15\">Personnalisation<\/td>\n<td class=\"et2\">Couleur, taille, mat\u00e9riau<\/td>\n<\/tr>\n<tr style=\"height: 15.20pt;\">\n<td class=\"et2\" style=\"height: 15.20pt;\" height=\"15\">MOQ<\/td>\n<td class=\"et2\">1pcs<\/td>\n<\/tr>\n<\/tbody>\n<\/table>","protected":false},"featured_media":616,"comment_status":"closed","ping_status":"closed","template":"","meta":{"_acf_changed":false},"product_brand":[],"product_cat":[16,24],"product_tag":[],"class_list":{"0":"post-615","1":"product","2":"type-product","3":"status-publish","4":"has-post-thumbnail","6":"product_cat-bespoke-living-room-furniture","7":"product_cat-bespoke-coffee-table","9":"first","10":"instock","11":"shipping-taxable","12":"product-type-simple"},"acf":[],"_links":{"self":[{"href":"https:\/\/www.chicasafurniture.com\/fr\/wp-json\/wp\/v2\/product\/615","targetHints":{"allow":["GET"]}}],"collection":[{"href":"https:\/\/www.chicasafurniture.com\/fr\/wp-json\/wp\/v2\/product"}],"about":[{"href":"https:\/\/www.chicasafurniture.com\/fr\/wp-json\/wp\/v2\/types\/product"}],"replies":[{"embeddable":true,"href":"https:\/\/www.chicasafurniture.com\/fr\/wp-json\/wp\/v2\/comments?post=615"}],"wp:featuredmedia":[{"embeddable":true,"href":"https:\/\/www.chicasafurniture.com\/fr\/wp-json\/wp\/v2\/media\/616"}],"wp:attachment":[{"href":"https:\/\/www.chicasafurniture.com\/fr\/wp-json\/wp\/v2\/media?parent=615"}],"wp:term":[{"taxonomy":"product_brand","embeddable":true,"href":"https:\/\/www.chicasafurniture.com\/fr\/wp-json\/wp\/v2\/product_brand?post=615"},{"taxonomy":"product_cat","embeddable":true,"href":"https:\/\/www.chicasafurniture.com\/fr\/wp-json\/wp\/v2\/product_cat?post=615"},{"taxonomy":"product_tag","embeddable":true,"href":"https:\/\/www.chicasafurniture.com\/fr\/wp-json\/wp\/v2\/product_tag?post=615"}],"curies":[{"name":"wp","href":"https:\/\/api.w.org\/{rel}","templated":true}]}}