{"id":621,"date":"2026-02-28T06:29:36","date_gmt":"2026-02-28T06:29:36","guid":{"rendered":"https:\/\/www.chicasafurniture.com\/?post_type=product&#038;p=621"},"modified":"2026-02-28T06:33:44","modified_gmt":"2026-02-28T06:33:44","slug":"custom-design-coffee-table","status":"publish","type":"product","link":"https:\/\/www.chicasafurniture.com\/fr\/product\/custom-design-coffee-table\/","title":{"rendered":"Table basse au design personnalis\u00e9 avec base m\u00e9tallique sculpturale moderne"},"content":{"rendered":"<h2 class=\"wp-block-heading\">Sp\u00e9cifications des produits de la table basse design sur mesure<\/h2>\n\n\n\n<figure class=\"wp-block-table\"><table class=\"has-fixed-layout\"><tbody><tr><td>Cadre<\/td><td>Mat\u00e9riau de couverture<\/td><td>Mat\u00e9riau de remplissage<\/td><td>Jambes<\/td><td>Couleur<\/td><td>Taille<\/td><td>Poids<\/td><\/tr><tr><td>M\u00e9tal<\/td><td>\/<\/td><td>\/<\/td><td>M\u00e9tal<\/td><td>Sur mesure<\/td><td>Sur mesure<\/td><td>50-100kg<\/td><\/tr><\/tbody><\/table><\/figure>\n\n\n\n<div class=\"wp-block-columns is-layout-flex wp-container-core-columns-is-layout-9d6595d7 wp-block-columns-is-layout-flex\">\n<div class=\"wp-block-column is-layout-flow wp-block-column-is-layout-flow\">\n<h2 class=\"wp-block-heading\">Table basse haut de gamme au design personnalis\u00e9 Caract\u00e9ristiques :<\/h2>\n\n\n\n<ul class=\"wp-block-list\">\n<li><strong>Cadre m\u00e9tallique sculptural :<\/strong> Cette table basse au design personnalis\u00e9 est dot\u00e9e d'un cadre en m\u00e9tal mat ou bross\u00e9, dont les lignes g\u00e9om\u00e9triques \u00e9pur\u00e9es cr\u00e9ent une structure de base unique qui int\u00e8gre de mani\u00e8re transparente l'art sculptural moderne dans le design du meuble.<\/li>\n\n\n\n<li><strong>Finitions m\u00e9talliques de haute qualit\u00e9 : <\/strong>Cette table basse en m\u00e9tal sur mesure offre une vari\u00e9t\u00e9 de finitions m\u00e9talliques de qualit\u00e9 sup\u00e9rieure, telles que le bronze, le noir mat ou l'or champagne, qui se distinguent par leur toucher et leur \u00e9clat gr\u00e2ce \u00e0 des proc\u00e9d\u00e9s de galvanoplastie ou de pulv\u00e9risation fine.<\/li>\n\n\n\n<li><strong>Durabilit\u00e9 et pr\u00e9cision de fabrication :<\/strong> Nos tables basses personnalis\u00e9es sont fabriqu\u00e9es en acier inoxydable ou en alliage d'acier de haute qualit\u00e9, \u00e0 l'aide de techniques de soudage et de polissage de pr\u00e9cision qui garantissent une structure robuste et des coutures invisibles, refl\u00e9tant un haut niveau d'artisanat pour une durabilit\u00e9 \u00e0 long terme.<\/li>\n\n\n\n<li><strong>Taille sur mesure et adaptation fonctionnelle : <\/strong>Nos tables basses en m\u00e9tal sur mesure offrent des services de personnalisation flexibles, permettant d'ajuster la forme du plateau (ronde, carr\u00e9e ou de forme organique) et la taille pour r\u00e9pondre aux diff\u00e9rentes exigences d'espace et de d\u00e9cor de la salle de s\u00e9jour.<\/li>\n<\/ul>\n<\/div>\n\n\n\n<div class=\"wp-block-column is-layout-flow wp-block-column-is-layout-flow\">\n<figure class=\"wp-block-image size-full\"><img decoding=\"async\" width=\"1000\" height=\"1000\" src=\"https:\/\/www.chicasafurniture.com\/wp-content\/uploads\/2026\/02\/Custom-Design-Coffee-Table-with-Modern-Sculptural-Metal-Base-1.webp\" alt=\"Table basse au design personnalis\u00e9 avec base sculpturale moderne en m\u00e9tal-1\" class=\"wp-image-622\" srcset=\"https:\/\/www.chicasafurniture.com\/wp-content\/uploads\/2026\/02\/Custom-Design-Coffee-Table-with-Modern-Sculptural-Metal-Base-1.webp 1000w, https:\/\/www.chicasafurniture.com\/wp-content\/uploads\/2026\/02\/Custom-Design-Coffee-Table-with-Modern-Sculptural-Metal-Base-1-300x300.webp 300w, https:\/\/www.chicasafurniture.com\/wp-content\/uploads\/2026\/02\/Custom-Design-Coffee-Table-with-Modern-Sculptural-Metal-Base-1-150x150.webp 150w, https:\/\/www.chicasafurniture.com\/wp-content\/uploads\/2026\/02\/Custom-Design-Coffee-Table-with-Modern-Sculptural-Metal-Base-1-768x768.webp 768w, https:\/\/www.chicasafurniture.com\/wp-content\/uploads\/2026\/02\/Custom-Design-Coffee-Table-with-Modern-Sculptural-Metal-Base-1-600x600.webp 600w, https:\/\/www.chicasafurniture.com\/wp-content\/uploads\/2026\/02\/Custom-Design-Coffee-Table-with-Modern-Sculptural-Metal-Base-1-100x100.webp 100w\" sizes=\"(max-width: 1000px) 100vw, 1000px\" \/><\/figure>\n<\/div>\n<\/div>\n\n\n\n<div class=\"wp-block-columns is-layout-flex wp-container-core-columns-is-layout-9d6595d7 wp-block-columns-is-layout-flex\">\n<div class=\"wp-block-column is-layout-flow wp-block-column-is-layout-flow\">\n<figure class=\"wp-block-image size-full\"><img decoding=\"async\" width=\"1200\" height=\"765\" src=\"https:\/\/www.chicasafurniture.com\/wp-content\/uploads\/2026\/02\/Custom-Design-Coffee-Table-with-Modern-Sculptural-Metal-Base-3.webp\" alt=\"Table basse au design personnalis\u00e9 avec base sculpturale moderne en m\u00e9tal-3\" class=\"wp-image-624\" srcset=\"https:\/\/www.chicasafurniture.com\/wp-content\/uploads\/2026\/02\/Custom-Design-Coffee-Table-with-Modern-Sculptural-Metal-Base-3.webp 1200w, https:\/\/www.chicasafurniture.com\/wp-content\/uploads\/2026\/02\/Custom-Design-Coffee-Table-with-Modern-Sculptural-Metal-Base-3-300x191.webp 300w, https:\/\/www.chicasafurniture.com\/wp-content\/uploads\/2026\/02\/Custom-Design-Coffee-Table-with-Modern-Sculptural-Metal-Base-3-768x490.webp 768w, https:\/\/www.chicasafurniture.com\/wp-content\/uploads\/2026\/02\/Custom-Design-Coffee-Table-with-Modern-Sculptural-Metal-Base-3-600x383.webp 600w\" sizes=\"(max-width: 1200px) 100vw, 1200px\" \/><\/figure>\n\n\n\n<figure class=\"wp-block-image size-full\"><img decoding=\"async\" width=\"1200\" height=\"765\" src=\"https:\/\/www.chicasafurniture.com\/wp-content\/uploads\/2026\/02\/Custom-Design-Coffee-Table-with-Modern-Sculptural-Metal-Base-4.webp\" alt=\"Table basse au design personnalis\u00e9 avec base sculpturale moderne en m\u00e9tal-4\" class=\"wp-image-625\" srcset=\"https:\/\/www.chicasafurniture.com\/wp-content\/uploads\/2026\/02\/Custom-Design-Coffee-Table-with-Modern-Sculptural-Metal-Base-4.webp 1200w, https:\/\/www.chicasafurniture.com\/wp-content\/uploads\/2026\/02\/Custom-Design-Coffee-Table-with-Modern-Sculptural-Metal-Base-4-300x191.webp 300w, https:\/\/www.chicasafurniture.com\/wp-content\/uploads\/2026\/02\/Custom-Design-Coffee-Table-with-Modern-Sculptural-Metal-Base-4-768x490.webp 768w, https:\/\/www.chicasafurniture.com\/wp-content\/uploads\/2026\/02\/Custom-Design-Coffee-Table-with-Modern-Sculptural-Metal-Base-4-600x383.webp 600w\" sizes=\"(max-width: 1200px) 100vw, 1200px\" \/><\/figure>\n<\/div>\n<\/div>","protected":false},"excerpt":{"rendered":"<p>Bienvenue sur le site d'achat de tables basses sur mesure. Am\u00e9liorez votre salon avec notre table basse au design personnalis\u00e9. Dot\u00e9e d'une base m\u00e9tallique \u00e9l\u00e9gante et de finitions haut de gamme, elle allie le flair artistique \u00e0 l'utilit\u00e9 moderne.<\/p>\n<table style=\"border-collapse: collapse; width: 222.03pt;\" border=\"0\" width=\"222\" cellspacing=\"0\" cellpadding=\"0\">\n<tbody>\n<tr style=\"height: 15.20pt;\">\n<td class=\"et2\" style=\"height: 15.20pt; width: 81.65pt;\" width=\"81\" height=\"15\">Fabricant<\/td>\n<td class=\"et2\" style=\"width: 140.80pt;\" width=\"140\">ChiCasa<\/td>\n<\/tr>\n<tr style=\"height: 15.20pt;\">\n<td class=\"et2\" style=\"height: 15.20pt;\" height=\"15\">Cat\u00e9gorie<\/td>\n<td class=\"et2\">Table basse<\/td>\n<\/tr>\n<tr style=\"height: 15.20pt;\">\n<td class=\"et2\" style=\"height: 15.20pt;\" height=\"15\">Application<\/td>\n<td class=\"et2\">Salle de s\u00e9jour<\/td>\n<\/tr>\n<tr style=\"height: 15.20pt;\">\n<td class=\"et2\" style=\"height: 15.20pt;\" height=\"15\">Style<\/td>\n<td class=\"et2\">Minimaliste<\/td>\n<\/tr>\n<tr style=\"height: 15.20pt;\">\n<td class=\"et2\" style=\"height: 15.20pt;\" height=\"15\">Mod\u00e8le<\/td>\n<td class=\"et2\">QMY-CT003<\/td>\n<\/tr>\n<tr style=\"height: 15.20pt;\">\n<td class=\"et2\" style=\"height: 15.20pt;\" height=\"15\">Personnalisation<\/td>\n<td class=\"et2\">Couleur, taille, mat\u00e9riau<\/td>\n<\/tr>\n<tr style=\"height: 15.20pt;\">\n<td class=\"et2\" style=\"height: 15.20pt;\" height=\"15\">MOQ<\/td>\n<td class=\"et2\">1pcs<\/td>\n<\/tr>\n<\/tbody>\n<\/table>","protected":false},"featured_media":623,"comment_status":"closed","ping_status":"closed","template":"","meta":{"_acf_changed":false},"product_brand":[],"product_cat":[16,24],"product_tag":[],"class_list":{"0":"post-621","1":"product","2":"type-product","3":"status-publish","4":"has-post-thumbnail","6":"product_cat-bespoke-living-room-furniture","7":"product_cat-bespoke-coffee-table","9":"first","10":"instock","11":"shipping-taxable","12":"product-type-simple"},"acf":[],"_links":{"self":[{"href":"https:\/\/www.chicasafurniture.com\/fr\/wp-json\/wp\/v2\/product\/621","targetHints":{"allow":["GET"]}}],"collection":[{"href":"https:\/\/www.chicasafurniture.com\/fr\/wp-json\/wp\/v2\/product"}],"about":[{"href":"https:\/\/www.chicasafurniture.com\/fr\/wp-json\/wp\/v2\/types\/product"}],"replies":[{"embeddable":true,"href":"https:\/\/www.chicasafurniture.com\/fr\/wp-json\/wp\/v2\/comments?post=621"}],"wp:featuredmedia":[{"embeddable":true,"href":"https:\/\/www.chicasafurniture.com\/fr\/wp-json\/wp\/v2\/media\/623"}],"wp:attachment":[{"href":"https:\/\/www.chicasafurniture.com\/fr\/wp-json\/wp\/v2\/media?parent=621"}],"wp:term":[{"taxonomy":"product_brand","embeddable":true,"href":"https:\/\/www.chicasafurniture.com\/fr\/wp-json\/wp\/v2\/product_brand?post=621"},{"taxonomy":"product_cat","embeddable":true,"href":"https:\/\/www.chicasafurniture.com\/fr\/wp-json\/wp\/v2\/product_cat?post=621"},{"taxonomy":"product_tag","embeddable":true,"href":"https:\/\/www.chicasafurniture.com\/fr\/wp-json\/wp\/v2\/product_tag?post=621"}],"curies":[{"name":"wp","href":"https:\/\/api.w.org\/{rel}","templated":true}]}}