{"id":626,"date":"2026-02-28T06:34:45","date_gmt":"2026-02-28T06:34:45","guid":{"rendered":"https:\/\/www.chicasafurniture.com\/?post_type=product&#038;p=626"},"modified":"2026-02-28T06:42:29","modified_gmt":"2026-02-28T06:42:29","slug":"custom-coffee-table-set","status":"publish","type":"product","link":"https:\/\/www.chicasafurniture.com\/fr\/product\/custom-coffee-table-set\/","title":{"rendered":"Table basse moderne sur mesure au design m\u00e9tallique sculptural"},"content":{"rendered":"<h2 class=\"wp-block-heading\">Sp\u00e9cifications des produits de l'ensemble de tables basses personnalis\u00e9es<\/h2>\n\n\n\n<figure class=\"wp-block-table\"><table class=\"has-fixed-layout\"><tbody><tr><td>Cadre<\/td><td>Mat\u00e9riau de couverture<\/td><td>Mat\u00e9riau de remplissage<\/td><td>Jambes<\/td><td>Couleur<\/td><td>Taille<\/td><td>Poids<\/td><\/tr><tr><td>M\u00e9tal<\/td><td>\/<\/td><td>\/<\/td><td>M\u00e9tal<\/td><td>Sur mesure<\/td><td>Sur mesure<\/td><td>50-100kg<\/td><\/tr><\/tbody><\/table><\/figure>\n\n\n\n<div class=\"wp-block-columns is-layout-flex wp-container-core-columns-is-layout-9d6595d7 wp-block-columns-is-layout-flex\">\n<div class=\"wp-block-column is-layout-flow wp-block-column-is-layout-flow\">\n<h2 class=\"wp-block-heading\">Premium Custom Coffee Table Set Caract\u00e9ristiques :<\/h2>\n\n\n\n<ul class=\"wp-block-list\">\n<li><strong>Formes g\u00e9om\u00e9triques minimalistes : <\/strong>Cet ensemble de tables basses sur mesure pr\u00e9sente un cadre sculptural construit \u00e0 partir de lignes m\u00e9talliques \u00e9pur\u00e9es. Le design en quinconce et en couches conf\u00e8re \u00e0 l'ensemble une esth\u00e9tique l\u00e9g\u00e8re et moderne.<\/li>\n\n\n\n<li><strong>Finitions m\u00e9talliques exquises :<\/strong> Ces tables basses sur mesure sont dot\u00e9es d'un rev\u00eatement en poudre mat de haute qualit\u00e9 ou d'une galvanoplastie bross\u00e9e d\u00e9licate, ce qui conf\u00e8re au m\u00e9tal une texture chaleureuse et non brillante qui s'harmonise avec la d\u00e9coration int\u00e9rieure des r\u00e9sidences haut de gamme.<\/li>\n\n\n\n<li><strong>Un m\u00e9lange harmonieux de force et de souplesse :<\/strong> La structure m\u00e9tallique de cet ensemble de tables basses sur mesure fait preuve d'une excellente r\u00e9sistance structurelle, tandis que le soudage pr\u00e9cis et sans soudure pr\u00e9serve la simplicit\u00e9 et l'int\u00e9grit\u00e9 de l'apparence du produit, refl\u00e9tant ainsi un niveau \u00e9lev\u00e9 de design industriel.<\/li>\n\n\n\n<li><strong>Combinaisons flexibles et multifonctionnelles : <\/strong>Cet ensemble de tables basses sur mesure adopte un concept modulaire, ce qui permet de le combiner ou de le d\u00e9sassembler pour l'adapter aux diff\u00e9rentes tailles de salon. Elle sert \u00e0 la fois de plateforme de rangement pratique et de pi\u00e8ce d\u00e9corative qui rehausse le style artistique de la maison.<\/li>\n<\/ul>\n<\/div>\n\n\n\n<div class=\"wp-block-column is-layout-flow wp-block-column-is-layout-flow\">\n<figure class=\"wp-block-image size-full\"><img decoding=\"async\" width=\"1000\" height=\"1000\" src=\"https:\/\/www.chicasafurniture.com\/wp-content\/uploads\/2026\/02\/Modern-Custom-Coffee-Table-Set-with-Sculptural-Metal-Design-1.webp\" alt=\"Table basse moderne personnalis\u00e9e avec design sculptural en m\u00e9tal-1\" class=\"wp-image-627\" srcset=\"https:\/\/www.chicasafurniture.com\/wp-content\/uploads\/2026\/02\/Modern-Custom-Coffee-Table-Set-with-Sculptural-Metal-Design-1.webp 1000w, https:\/\/www.chicasafurniture.com\/wp-content\/uploads\/2026\/02\/Modern-Custom-Coffee-Table-Set-with-Sculptural-Metal-Design-1-300x300.webp 300w, https:\/\/www.chicasafurniture.com\/wp-content\/uploads\/2026\/02\/Modern-Custom-Coffee-Table-Set-with-Sculptural-Metal-Design-1-150x150.webp 150w, https:\/\/www.chicasafurniture.com\/wp-content\/uploads\/2026\/02\/Modern-Custom-Coffee-Table-Set-with-Sculptural-Metal-Design-1-768x768.webp 768w, https:\/\/www.chicasafurniture.com\/wp-content\/uploads\/2026\/02\/Modern-Custom-Coffee-Table-Set-with-Sculptural-Metal-Design-1-600x600.webp 600w, https:\/\/www.chicasafurniture.com\/wp-content\/uploads\/2026\/02\/Modern-Custom-Coffee-Table-Set-with-Sculptural-Metal-Design-1-100x100.webp 100w\" sizes=\"(max-width: 1000px) 100vw, 1000px\" \/><\/figure>\n<\/div>\n<\/div>\n\n\n\n<div class=\"wp-block-columns is-layout-flex wp-container-core-columns-is-layout-9d6595d7 wp-block-columns-is-layout-flex\">\n<div class=\"wp-block-column is-layout-flow wp-block-column-is-layout-flow\">\n<figure class=\"wp-block-gallery has-nested-images columns-default is-cropped wp-block-gallery-1 is-layout-flex wp-block-gallery-is-layout-flex\">\n<figure class=\"wp-block-image size-large\"><img decoding=\"async\" width=\"522\" height=\"766\" data-id=\"629\" src=\"https:\/\/www.chicasafurniture.com\/wp-content\/uploads\/2026\/02\/Modern-Custom-Coffee-Table-Set-with-Sculptural-Metal-Design-3.jpg\" alt=\"Table basse moderne personnalis\u00e9e avec design sculptural en m\u00e9tal-3\" class=\"wp-image-629\" srcset=\"https:\/\/www.chicasafurniture.com\/wp-content\/uploads\/2026\/02\/Modern-Custom-Coffee-Table-Set-with-Sculptural-Metal-Design-3.jpg 522w, https:\/\/www.chicasafurniture.com\/wp-content\/uploads\/2026\/02\/Modern-Custom-Coffee-Table-Set-with-Sculptural-Metal-Design-3-204x300.jpg 204w\" sizes=\"(max-width: 522px) 100vw, 522px\" \/><\/figure>\n\n\n\n<figure class=\"wp-block-image size-large\"><img decoding=\"async\" width=\"2000\" height=\"1750\" data-id=\"630\" src=\"https:\/\/www.chicasafurniture.com\/wp-content\/uploads\/2026\/02\/Modern-Custom-Coffee-Table-Set-with-Sculptural-Metal-Design-4.png\" alt=\"Table basse moderne personnalis\u00e9e avec design sculptural en m\u00e9tal-4\" class=\"wp-image-630\" srcset=\"https:\/\/www.chicasafurniture.com\/wp-content\/uploads\/2026\/02\/Modern-Custom-Coffee-Table-Set-with-Sculptural-Metal-Design-4.png 2000w, https:\/\/www.chicasafurniture.com\/wp-content\/uploads\/2026\/02\/Modern-Custom-Coffee-Table-Set-with-Sculptural-Metal-Design-4-300x263.png 300w, https:\/\/www.chicasafurniture.com\/wp-content\/uploads\/2026\/02\/Modern-Custom-Coffee-Table-Set-with-Sculptural-Metal-Design-4-768x672.png 768w, https:\/\/www.chicasafurniture.com\/wp-content\/uploads\/2026\/02\/Modern-Custom-Coffee-Table-Set-with-Sculptural-Metal-Design-4-1200x1050.png 1200w, https:\/\/www.chicasafurniture.com\/wp-content\/uploads\/2026\/02\/Modern-Custom-Coffee-Table-Set-with-Sculptural-Metal-Design-4-600x525.png 600w\" sizes=\"(max-width: 2000px) 100vw, 2000px\" \/><\/figure>\n<\/figure>\n<\/div>\n<\/div>","protected":false},"excerpt":{"rendered":"<p>Bienvenue sur le site d'achat de tables basses sur mesure. Am\u00e9liorez votre espace de vie avec cet ensemble de tables basses sur mesure. Dot\u00e9 d'une structure en m\u00e9tal durable et d'une finition haut de gamme, il offre une esth\u00e9tique sophistiqu\u00e9e et minimaliste.<\/p>\n<table style=\"border-collapse: collapse; width: 222.03pt;\" border=\"0\" width=\"222\" cellspacing=\"0\" cellpadding=\"0\">\n<tbody>\n<tr style=\"height: 15.20pt;\">\n<td class=\"et2\" style=\"height: 15.20pt; width: 81.65pt;\" width=\"81\" height=\"15\">Fabricant<\/td>\n<td class=\"et2\" style=\"width: 140.80pt;\" width=\"140\">ChiCasa<\/td>\n<\/tr>\n<tr style=\"height: 15.20pt;\">\n<td class=\"et2\" style=\"height: 15.20pt;\" height=\"15\">Cat\u00e9gorie<\/td>\n<td class=\"et2\">Table basse<\/td>\n<\/tr>\n<tr style=\"height: 15.20pt;\">\n<td class=\"et2\" style=\"height: 15.20pt;\" height=\"15\">Application<\/td>\n<td class=\"et2\">Salle de s\u00e9jour<\/td>\n<\/tr>\n<tr style=\"height: 15.20pt;\">\n<td class=\"et2\" style=\"height: 15.20pt;\" height=\"15\">Style<\/td>\n<td class=\"et2\">Luxe raffin\u00e9<\/td>\n<\/tr>\n<tr style=\"height: 15.20pt;\">\n<td class=\"et2\" style=\"height: 15.20pt;\" height=\"15\">Mod\u00e8le<\/td>\n<td class=\"et2\">QMY-CT009<\/td>\n<\/tr>\n<tr style=\"height: 15.20pt;\">\n<td class=\"et2\" style=\"height: 15.20pt;\" height=\"15\">Personnalisation<\/td>\n<td class=\"et2\">Couleur, taille, mat\u00e9riau<\/td>\n<\/tr>\n<tr style=\"height: 15.20pt;\">\n<td class=\"et2\" style=\"height: 15.20pt;\" height=\"15\">MOQ<\/td>\n<td class=\"et2\">1pcs<\/td>\n<\/tr>\n<\/tbody>\n<\/table>","protected":false},"featured_media":628,"comment_status":"closed","ping_status":"closed","template":"","meta":{"_acf_changed":false},"product_brand":[],"product_cat":[16,24],"product_tag":[],"class_list":{"0":"post-626","1":"product","2":"type-product","3":"status-publish","4":"has-post-thumbnail","6":"product_cat-bespoke-living-room-furniture","7":"product_cat-bespoke-coffee-table","9":"first","10":"instock","11":"shipping-taxable","12":"product-type-simple"},"acf":[],"_links":{"self":[{"href":"https:\/\/www.chicasafurniture.com\/fr\/wp-json\/wp\/v2\/product\/626","targetHints":{"allow":["GET"]}}],"collection":[{"href":"https:\/\/www.chicasafurniture.com\/fr\/wp-json\/wp\/v2\/product"}],"about":[{"href":"https:\/\/www.chicasafurniture.com\/fr\/wp-json\/wp\/v2\/types\/product"}],"replies":[{"embeddable":true,"href":"https:\/\/www.chicasafurniture.com\/fr\/wp-json\/wp\/v2\/comments?post=626"}],"wp:featuredmedia":[{"embeddable":true,"href":"https:\/\/www.chicasafurniture.com\/fr\/wp-json\/wp\/v2\/media\/628"}],"wp:attachment":[{"href":"https:\/\/www.chicasafurniture.com\/fr\/wp-json\/wp\/v2\/media?parent=626"}],"wp:term":[{"taxonomy":"product_brand","embeddable":true,"href":"https:\/\/www.chicasafurniture.com\/fr\/wp-json\/wp\/v2\/product_brand?post=626"},{"taxonomy":"product_cat","embeddable":true,"href":"https:\/\/www.chicasafurniture.com\/fr\/wp-json\/wp\/v2\/product_cat?post=626"},{"taxonomy":"product_tag","embeddable":true,"href":"https:\/\/www.chicasafurniture.com\/fr\/wp-json\/wp\/v2\/product_tag?post=626"}],"curies":[{"name":"wp","href":"https:\/\/api.w.org\/{rel}","templated":true}]}}