{"id":631,"date":"2026-02-28T06:43:51","date_gmt":"2026-02-28T06:43:51","guid":{"rendered":"https:\/\/www.chicasafurniture.com\/?post_type=product&#038;p=631"},"modified":"2026-02-28T07:10:49","modified_gmt":"2026-02-28T07:10:49","slug":"custom-marble-coffee-tables","status":"publish","type":"product","link":"https:\/\/www.chicasafurniture.com\/fr\/product\/custom-marble-coffee-tables\/","title":{"rendered":"Tables basses de luxe en marbre sur mesure avec base g\u00e9om\u00e9trique en m\u00e9tal"},"content":{"rendered":"<h2 class=\"wp-block-heading\">Sp\u00e9cifications produit des tables basses en marbre sur mesure<\/h2>\n\n\n\n<figure class=\"wp-block-table\"><table class=\"has-fixed-layout\"><tbody><tr><td>Cadre<\/td><td>Mat\u00e9riau de couverture<\/td><td>Mat\u00e9riau de remplissage<\/td><td>Jambes<\/td><td>Couleur<\/td><td>Taille<\/td><td>Poids<\/td><\/tr><tr><td>M\u00e9tal<\/td><td>\/<\/td><td>\/<\/td><td>M\u00e9tal<\/td><td>Sur mesure<\/td><td>Sur mesure<\/td><td>50-100kg<\/td><\/tr><\/tbody><\/table><\/figure>\n\n\n\n<div class=\"wp-block-columns is-layout-flex wp-container-core-columns-is-layout-9d6595d7 wp-block-columns-is-layout-flex\">\n<div class=\"wp-block-column is-layout-flow wp-block-column-is-layout-flow\">\n<h2 class=\"wp-block-heading\">Tables basses en marbre de qualit\u00e9 sup\u00e9rieure Caract\u00e9ristiques :<\/h2>\n\n\n\n<ul class=\"wp-block-list\">\n<li><strong>Base g\u00e9om\u00e9trique en m\u00e9tal robuste :<\/strong> Nos tables basses en marbre sont fabriqu\u00e9es en m\u00e9tal tr\u00e8s r\u00e9sistant, avec une structure g\u00e9om\u00e9trique stable cr\u00e9\u00e9e par un soudage pr\u00e9cis, ce qui leur conf\u00e8re une durabilit\u00e9 et une esth\u00e9tique structurelle exceptionnelles.<\/li>\n\n\n\n<li><strong>Personnalisable Finition marbre :<\/strong> Le plateau de cette table basse moderne sur mesure pr\u00e9sente une finition en marbre, ce qui permet aux clients de choisir la texture de la pierre en fonction de la palette de couleurs de leur maison. Cette table allie la beaut\u00e9 naturelle de la pierre \u00e0 la douceur et \u00e0 la l\u00e9g\u00e8ret\u00e9 d'une finition en marbre.<\/li>\n\n\n\n<li><strong>Contraste des mat\u00e9riaux :<\/strong> La finition mate ou bross\u00e9e de la structure m\u00e9tallique de ces tables basses en marbre personnalis\u00e9es cr\u00e9e un contraste visuel saisissant avec les tons chauds et froids du marbre. Cette combinaison de mat\u00e9riaux rehausse le style luxueux et le niveau artistique du produit.<\/li>\n\n\n\n<li><strong>Conception l\u00e9g\u00e8re et flottante :<\/strong> Gr\u00e2ce \u00e0 la solidit\u00e9 structurelle du m\u00e9tal, cette table basse moderne sur mesure pr\u00e9sente des lignes \u00e9pur\u00e9es, ce qui r\u00e9duit la sensation d'oppression des meubles lourds traditionnels et fait para\u00eetre l'espace du salon plus ouvert et plus moderne.<\/li>\n<\/ul>\n<\/div>\n\n\n\n<div class=\"wp-block-column is-layout-flow wp-block-column-is-layout-flow\">\n<figure class=\"wp-block-image size-full\"><img decoding=\"async\" width=\"1000\" height=\"1000\" src=\"https:\/\/www.chicasafurniture.com\/wp-content\/uploads\/2026\/02\/Luxury-Custom-Marble-Coffee-Tables-with-Metal-Geometric-Base-2.webp\" alt=\"Luxury Custom Marble Coffee Tables with Metal Geometric Base-2 (Tables basses en marbre avec base g\u00e9om\u00e9trique en m\u00e9tal)\" class=\"wp-image-639\" srcset=\"https:\/\/www.chicasafurniture.com\/wp-content\/uploads\/2026\/02\/Luxury-Custom-Marble-Coffee-Tables-with-Metal-Geometric-Base-2.webp 1000w, https:\/\/www.chicasafurniture.com\/wp-content\/uploads\/2026\/02\/Luxury-Custom-Marble-Coffee-Tables-with-Metal-Geometric-Base-2-300x300.webp 300w, https:\/\/www.chicasafurniture.com\/wp-content\/uploads\/2026\/02\/Luxury-Custom-Marble-Coffee-Tables-with-Metal-Geometric-Base-2-150x150.webp 150w, https:\/\/www.chicasafurniture.com\/wp-content\/uploads\/2026\/02\/Luxury-Custom-Marble-Coffee-Tables-with-Metal-Geometric-Base-2-768x768.webp 768w, https:\/\/www.chicasafurniture.com\/wp-content\/uploads\/2026\/02\/Luxury-Custom-Marble-Coffee-Tables-with-Metal-Geometric-Base-2-600x600.webp 600w, https:\/\/www.chicasafurniture.com\/wp-content\/uploads\/2026\/02\/Luxury-Custom-Marble-Coffee-Tables-with-Metal-Geometric-Base-2-100x100.webp 100w\" sizes=\"(max-width: 1000px) 100vw, 1000px\" \/><\/figure>\n<\/div>\n<\/div>\n\n\n\n<figure class=\"wp-block-image size-full\"><img decoding=\"async\" width=\"1200\" height=\"851\" src=\"https:\/\/www.chicasafurniture.com\/wp-content\/uploads\/2026\/02\/Luxury-Custom-Marble-Coffee-Tables-with-Metal-Geometric-Base-4.webp\" alt=\"Luxury Custom Marble Coffee Tables with Metal Geometric Base-4\" class=\"wp-image-641\" srcset=\"https:\/\/www.chicasafurniture.com\/wp-content\/uploads\/2026\/02\/Luxury-Custom-Marble-Coffee-Tables-with-Metal-Geometric-Base-4.webp 1200w, https:\/\/www.chicasafurniture.com\/wp-content\/uploads\/2026\/02\/Luxury-Custom-Marble-Coffee-Tables-with-Metal-Geometric-Base-4-300x213.webp 300w, https:\/\/www.chicasafurniture.com\/wp-content\/uploads\/2026\/02\/Luxury-Custom-Marble-Coffee-Tables-with-Metal-Geometric-Base-4-768x545.webp 768w, https:\/\/www.chicasafurniture.com\/wp-content\/uploads\/2026\/02\/Luxury-Custom-Marble-Coffee-Tables-with-Metal-Geometric-Base-4-600x426.webp 600w\" sizes=\"(max-width: 1200px) 100vw, 1200px\" \/><\/figure>","protected":false},"excerpt":{"rendered":"<p>Bienvenue sur le site d'achat de tables basses sur mesure. Rehaussez votre int\u00e9rieur avec nos tables basses en marbre personnalis\u00e9es. Dot\u00e9es d'une structure m\u00e9tallique durable et de plateaux en pierre personnalisables, elles allient parfaitement luxe et modernit\u00e9.<\/p>\n<table style=\"border-collapse: collapse; width: 222.03pt;\" border=\"0\" width=\"222\" cellspacing=\"0\" cellpadding=\"0\">\n<tbody>\n<tr style=\"height: 15.20pt;\">\n<td class=\"et2\" style=\"height: 15.20pt; width: 81.65pt;\" width=\"81\" height=\"15\">Fabricant<\/td>\n<td class=\"et2\" style=\"width: 140.80pt;\" width=\"140\">ChiCasa<\/td>\n<\/tr>\n<tr style=\"height: 15.20pt;\">\n<td class=\"et2\" style=\"height: 15.20pt;\" height=\"15\">Cat\u00e9gorie<\/td>\n<td class=\"et2\">Table basse<\/td>\n<\/tr>\n<tr style=\"height: 15.20pt;\">\n<td class=\"et2\" style=\"height: 15.20pt;\" height=\"15\">Application<\/td>\n<td class=\"et2\">Salle de s\u00e9jour<\/td>\n<\/tr>\n<tr style=\"height: 15.20pt;\">\n<td class=\"et2\" style=\"height: 15.20pt;\" height=\"15\">Style<\/td>\n<td class=\"et2\">Luxe raffin\u00e9<\/td>\n<\/tr>\n<tr style=\"height: 15.20pt;\">\n<td class=\"et2\" style=\"height: 15.20pt;\" height=\"15\">Mod\u00e8le<\/td>\n<td class=\"et2\">QMY-CT032<\/td>\n<\/tr>\n<tr style=\"height: 15.20pt;\">\n<td class=\"et2\" style=\"height: 15.20pt;\" height=\"15\">Personnalisation<\/td>\n<td class=\"et2\">Couleur, taille, mat\u00e9riau<\/td>\n<\/tr>\n<tr style=\"height: 15.20pt;\">\n<td class=\"et2\" style=\"height: 15.20pt;\" height=\"15\">MOQ<\/td>\n<td class=\"et2\">1pcs<\/td>\n<\/tr>\n<\/tbody>\n<\/table>","protected":false},"featured_media":640,"comment_status":"closed","ping_status":"closed","template":"","meta":{"_acf_changed":false},"product_brand":[],"product_cat":[16,24],"product_tag":[],"class_list":{"0":"post-631","1":"product","2":"type-product","3":"status-publish","4":"has-post-thumbnail","6":"product_cat-bespoke-living-room-furniture","7":"product_cat-bespoke-coffee-table","9":"first","10":"instock","11":"shipping-taxable","12":"product-type-simple"},"acf":[],"_links":{"self":[{"href":"https:\/\/www.chicasafurniture.com\/fr\/wp-json\/wp\/v2\/product\/631","targetHints":{"allow":["GET"]}}],"collection":[{"href":"https:\/\/www.chicasafurniture.com\/fr\/wp-json\/wp\/v2\/product"}],"about":[{"href":"https:\/\/www.chicasafurniture.com\/fr\/wp-json\/wp\/v2\/types\/product"}],"replies":[{"embeddable":true,"href":"https:\/\/www.chicasafurniture.com\/fr\/wp-json\/wp\/v2\/comments?post=631"}],"wp:featuredmedia":[{"embeddable":true,"href":"https:\/\/www.chicasafurniture.com\/fr\/wp-json\/wp\/v2\/media\/640"}],"wp:attachment":[{"href":"https:\/\/www.chicasafurniture.com\/fr\/wp-json\/wp\/v2\/media?parent=631"}],"wp:term":[{"taxonomy":"product_brand","embeddable":true,"href":"https:\/\/www.chicasafurniture.com\/fr\/wp-json\/wp\/v2\/product_brand?post=631"},{"taxonomy":"product_cat","embeddable":true,"href":"https:\/\/www.chicasafurniture.com\/fr\/wp-json\/wp\/v2\/product_cat?post=631"},{"taxonomy":"product_tag","embeddable":true,"href":"https:\/\/www.chicasafurniture.com\/fr\/wp-json\/wp\/v2\/product_tag?post=631"}],"curies":[{"name":"wp","href":"https:\/\/api.w.org\/{rel}","templated":true}]}}