{"id":632,"date":"2026-02-28T06:47:55","date_gmt":"2026-02-28T06:47:55","guid":{"rendered":"https:\/\/www.chicasafurniture.com\/?post_type=product&#038;p=632"},"modified":"2026-02-28T06:54:44","modified_gmt":"2026-02-28T06:54:44","slug":"custom-makeup-vanity","status":"publish","type":"product","link":"https:\/\/www.chicasafurniture.com\/fr\/product\/custom-makeup-vanity\/","title":{"rendered":"Meuble de maquillage sur mesure, design art d\u00e9co minimaliste en m\u00e9tal"},"content":{"rendered":"<h2 class=\"wp-block-heading\">Sp\u00e9cifications des produits du meuble de maquillage sur mesure<\/h2>\n\n\n\n<figure class=\"wp-block-table\"><table class=\"has-fixed-layout\"><tbody><tr><td>Cadre<\/td><td>Mat\u00e9riau de couverture<\/td><td>Mat\u00e9riau de remplissage<\/td><td>Jambes<\/td><td>Couleur<\/td><td>Taille<\/td><td>Poids<\/td><\/tr><tr><td>Bois<\/td><td>Tissu<\/td><td>\/<\/td><td>M\u00e9tal<\/td><td>Sur mesure<\/td><td>Sur mesure<\/td><td>50-75kg<\/td><\/tr><\/tbody><\/table><\/figure>\n\n\n\n<div class=\"wp-block-columns is-layout-flex wp-container-core-columns-is-layout-9d6595d7 wp-block-columns-is-layout-flex\">\n<div class=\"wp-block-column is-layout-flow wp-block-column-is-layout-flow\">\n<h2 class=\"wp-block-heading\">Vanit\u00e9 de maquillage haut de gamme sur mesure Caract\u00e9ristiques :<\/h2>\n\n\n\n<ul class=\"wp-block-list\">\n<li><strong>Cadre m\u00e9tallique sculptural : <\/strong>Ce meuble de maquillage personnalis\u00e9 est fabriqu\u00e9 \u00e0 partir d'un alliage d'aluminium tr\u00e8s r\u00e9sistant ou d'acier inoxydable, avec une base g\u00e9om\u00e9trique \u00e9l\u00e9gante construite \u00e0 l'aide de techniques pr\u00e9cises de soudage sans soudure. Cette base conf\u00e8re au meuble une stabilit\u00e9 exceptionnelle et une esth\u00e9tique sculpturale moderne.<\/li>\n\n\n\n<li><strong>M\u00e9tal raffin\u00e9 Finition de la surface :<\/strong> La surface de cette coiffeuse sur mesure est soumise \u00e0 un processus de pulv\u00e9risation mate de haute qualit\u00e9 ou de galvanoplastie bross\u00e9e, pr\u00e9sentant un lustre chaud et d\u00e9licat tout en offrant une excellente r\u00e9sistance aux empreintes digitales et \u00e0 l'usure, soulignant ainsi sa qualit\u00e9 de produit personnalis\u00e9 haut de gamme.<\/li>\n\n\n\n<li><strong>Conception ergonomique et l\u00e9g\u00e8re :<\/strong> Ce meuble de maquillage sur mesure pr\u00e9sente un design flottant, pr\u00e9servant l'ouverture visuelle tout en offrant un large espace pour les jambes, \u00e9quilibrant ainsi le confort et l'impression d'espace.<\/li>\n\n\n\n<li><strong>Espace de stockage personnalis\u00e9 : <\/strong>Notre coiffeuse sur mesure est \u00e9quip\u00e9e de glissi\u00e8res de tiroirs en m\u00e9tal sur mesure, garantissant une ouverture en douceur et silencieuse. L'int\u00e9rieur peut \u00eatre divis\u00e9 de mani\u00e8re modulaire en fonction de la taille de vos produits cosm\u00e9tiques, refl\u00e9tant ainsi les consid\u00e9rations fonctionnelles du mobilier sur mesure.<\/li>\n<\/ul>\n<\/div>\n\n\n\n<div class=\"wp-block-column is-layout-flow wp-block-column-is-layout-flow\">\n<figure class=\"wp-block-image size-full\"><img decoding=\"async\" width=\"1439\" height=\"1920\" src=\"https:\/\/www.chicasafurniture.com\/wp-content\/uploads\/2026\/02\/Custom-Makeup-Vanity-Table-Minimalist-Metal-Art-Deco-Design-4.webp\" alt=\"Meuble de maquillage sur mesure, Minimalist Metal Art Deco Design-4\" class=\"wp-image-636\" srcset=\"https:\/\/www.chicasafurniture.com\/wp-content\/uploads\/2026\/02\/Custom-Makeup-Vanity-Table-Minimalist-Metal-Art-Deco-Design-4.webp 1439w, https:\/\/www.chicasafurniture.com\/wp-content\/uploads\/2026\/02\/Custom-Makeup-Vanity-Table-Minimalist-Metal-Art-Deco-Design-4-225x300.webp 225w, https:\/\/www.chicasafurniture.com\/wp-content\/uploads\/2026\/02\/Custom-Makeup-Vanity-Table-Minimalist-Metal-Art-Deco-Design-4-768x1025.webp 768w, https:\/\/www.chicasafurniture.com\/wp-content\/uploads\/2026\/02\/Custom-Makeup-Vanity-Table-Minimalist-Metal-Art-Deco-Design-4-1200x1601.webp 1200w, https:\/\/www.chicasafurniture.com\/wp-content\/uploads\/2026\/02\/Custom-Makeup-Vanity-Table-Minimalist-Metal-Art-Deco-Design-4-600x801.webp 600w\" sizes=\"(max-width: 1439px) 100vw, 1439px\" \/><\/figure>\n<\/div>\n<\/div>\n\n\n\n<figure class=\"wp-block-image size-full\"><img decoding=\"async\" width=\"1200\" height=\"917\" src=\"https:\/\/www.chicasafurniture.com\/wp-content\/uploads\/2026\/02\/Custom-Makeup-Vanity-Table-Minimalist-Metal-Art-Deco-Design-3.webp\" alt=\"Vanity Table de maquillage sur mesure, Minimalist Metal Art Deco Design-3\" class=\"wp-image-635\" srcset=\"https:\/\/www.chicasafurniture.com\/wp-content\/uploads\/2026\/02\/Custom-Makeup-Vanity-Table-Minimalist-Metal-Art-Deco-Design-3.webp 1200w, https:\/\/www.chicasafurniture.com\/wp-content\/uploads\/2026\/02\/Custom-Makeup-Vanity-Table-Minimalist-Metal-Art-Deco-Design-3-300x229.webp 300w, https:\/\/www.chicasafurniture.com\/wp-content\/uploads\/2026\/02\/Custom-Makeup-Vanity-Table-Minimalist-Metal-Art-Deco-Design-3-768x587.webp 768w, https:\/\/www.chicasafurniture.com\/wp-content\/uploads\/2026\/02\/Custom-Makeup-Vanity-Table-Minimalist-Metal-Art-Deco-Design-3-600x459.webp 600w\" sizes=\"(max-width: 1200px) 100vw, 1200px\" \/><\/figure>","protected":false},"excerpt":{"rendered":"<p>Bienvenue sur le site de commande de coiffeuses sur mesure. Am\u00e9liorez votre routine beaut\u00e9 avec notre meuble de maquillage sur mesure. Avec sa structure m\u00e9tallique \u00e9l\u00e9gante, sa finition haut de gamme et son design ergonomique, ce meuble pr\u00e9sente un style moderne et sophistiqu\u00e9.<\/p>\n<table style=\"border-collapse: collapse; width: 222.03pt;\" border=\"0\" width=\"222\" cellspacing=\"0\" cellpadding=\"0\">\n<tbody>\n<tr style=\"height: 15.20pt;\">\n<td class=\"et2\" style=\"height: 15.20pt; width: 81.65pt;\" width=\"81\" height=\"15\">Fabricant<\/td>\n<td class=\"et2\" style=\"width: 140.80pt;\" width=\"140\">ChiCasa<\/td>\n<\/tr>\n<tr style=\"height: 15.20pt;\">\n<td class=\"et2\" style=\"height: 15.20pt;\" height=\"15\">Cat\u00e9gorie<\/td>\n<td class=\"et2\">Coiffeuse<\/td>\n<\/tr>\n<tr style=\"height: 15.20pt;\">\n<td class=\"et2\" style=\"height: 15.20pt;\" height=\"15\">Application<\/td>\n<td class=\"et2\">Chambre \u00e0 coucher<\/td>\n<\/tr>\n<tr style=\"height: 15.20pt;\">\n<td class=\"et2\" style=\"height: 15.20pt;\" height=\"15\">Style<\/td>\n<td class=\"et2\">Luxe raffin\u00e9<\/td>\n<\/tr>\n<tr style=\"height: 15.20pt;\">\n<td class=\"et2\" style=\"height: 15.20pt;\" height=\"15\">Mod\u00e8le<\/td>\n<td class=\"et2\">QMY-DR004<\/td>\n<\/tr>\n<tr style=\"height: 15.20pt;\">\n<td class=\"et2\" style=\"height: 15.20pt;\" height=\"15\">Personnalisation<\/td>\n<td class=\"et2\">Couleur, taille, mat\u00e9riau<\/td>\n<\/tr>\n<tr style=\"height: 15.20pt;\">\n<td class=\"et2\" style=\"height: 15.20pt;\" height=\"15\">MOQ<\/td>\n<td class=\"et2\">1pcs<\/td>\n<\/tr>\n<\/tbody>\n<\/table>","protected":false},"featured_media":633,"comment_status":"closed","ping_status":"closed","template":"","meta":{"_acf_changed":false},"product_brand":[],"product_cat":[18,35],"product_tag":[],"class_list":{"0":"post-632","1":"product","2":"type-product","3":"status-publish","4":"has-post-thumbnail","6":"product_cat-bespoke-bedroom-furniture","7":"product_cat-custom-makeup-vanities","9":"first","10":"instock","11":"shipping-taxable","12":"product-type-simple"},"acf":[],"_links":{"self":[{"href":"https:\/\/www.chicasafurniture.com\/fr\/wp-json\/wp\/v2\/product\/632","targetHints":{"allow":["GET"]}}],"collection":[{"href":"https:\/\/www.chicasafurniture.com\/fr\/wp-json\/wp\/v2\/product"}],"about":[{"href":"https:\/\/www.chicasafurniture.com\/fr\/wp-json\/wp\/v2\/types\/product"}],"replies":[{"embeddable":true,"href":"https:\/\/www.chicasafurniture.com\/fr\/wp-json\/wp\/v2\/comments?post=632"}],"wp:featuredmedia":[{"embeddable":true,"href":"https:\/\/www.chicasafurniture.com\/fr\/wp-json\/wp\/v2\/media\/633"}],"wp:attachment":[{"href":"https:\/\/www.chicasafurniture.com\/fr\/wp-json\/wp\/v2\/media?parent=632"}],"wp:term":[{"taxonomy":"product_brand","embeddable":true,"href":"https:\/\/www.chicasafurniture.com\/fr\/wp-json\/wp\/v2\/product_brand?post=632"},{"taxonomy":"product_cat","embeddable":true,"href":"https:\/\/www.chicasafurniture.com\/fr\/wp-json\/wp\/v2\/product_cat?post=632"},{"taxonomy":"product_tag","embeddable":true,"href":"https:\/\/www.chicasafurniture.com\/fr\/wp-json\/wp\/v2\/product_tag?post=632"}],"curies":[{"name":"wp","href":"https:\/\/api.w.org\/{rel}","templated":true}]}}